{"id":20854,"date":"2018-01-02T00:59:15","date_gmt":"2018-01-02T00:59:15","guid":{"rendered":"http:\/\/biblian.is\/videy\/fyrsta-mosebok-5-kafli\/"},"modified":"2018-01-02T00:59:15","modified_gmt":"2018-01-02T00:59:15","slug":"fyrsta-mosebok-5-kafli","status":"publish","type":"page","link":"https:\/\/biblian.is\/videy\/fyrsta-mosebok-5-kafli\/","title":{"rendered":"Fyrsta M\u00f3seb\u00f3k 5. kafli"},"content":{"rendered":"<div class=\"fyrirsognVidey\">\u00c6ttart\u00f6lur fr\u00e1 Adam til N\u00f3a.<\/div>\n<p><a name=\"1\"><span class=\"versanumer\">1<\/span><\/a>\u00deetta er Adams \u00e6ttart\u00f6lusaga. \u00deegar Gu\u00f0 skapa\u00f0i manninn, svo gj\u00f6r\u00f0i hann manninn eftir Gu\u00f0s l\u00edkingu.<a name=\"2\"><span class=\"versanumer\">2<\/span><\/a>Hann sk\u00f3p \u00feau mann og konu og blessa\u00f0i \u00feau, og \u00fe\u00e1 hann skapa\u00f0i \u00feau, nefndi hann \u00feau: menn.<a name=\"3\"><span class=\"versanumer\">3<\/span><\/a>Og Adam lif\u00f0i hundra\u00f0 og \u00ferj\u00e1t\u00edu \u00e1r, \u00fe\u00e1 gat hann son eftir sinni l\u00edking og mynd, og nefndi nafn hans: Set.<a name=\"4\"><span class=\"versanumer\">4<\/span><\/a>Og dagar Adams voru, eftir getna\u00f0 Sets, \u00e1tta hundru\u00f0 \u00e1r, og hann gat syni og d\u00e6tur.<a name=\"5\"><span class=\"versanumer\">5<\/span><\/a>Og allir dagar Adams sem hann lif\u00f0i, voru n\u00edu hundru\u00f0 og \u00ferj\u00e1t\u00edu \u00e1r. \u00de\u00e1 d\u00f3 hann.<a name=\"6\"><span class=\"versanumer\">6<\/span><\/a>Og Set var hundra\u00f0 og fimm \u00e1ra gamall \u00fe\u00e1 hann gat Enos;<a name=\"7\"><span class=\"versanumer\">7<\/span><\/a>eftir \u00fea\u00f0 lif\u00f0i hann \u00e1tta hundru\u00f0 og sj\u00f6 \u00e1r, og \u00e1tti sonu og d\u00e6tur.<a name=\"8\"><span class=\"versanumer\">8<\/span><\/a>Og allir dagar Sets voru: n\u00edu hundru\u00f0 og t\u00f3lf \u00e1r; og hann anda\u00f0ist.<a name=\"9\"><span class=\"versanumer\">9<\/span><\/a>Og Enos var n\u00edut\u00edu \u00e1ra, \u00fe\u00e1 hann gat Kenan,<a name=\"10\"><span class=\"versanumer\">10<\/span><\/a>og lif\u00f0i eftir \u00fea\u00f0 \u00e1tta hundru\u00f0 og fimmt\u00e1n \u00e1r, og \u00e1tti sonu og d\u00e6tur;<a name=\"11\"><span class=\"versanumer\">11<\/span><\/a>svo a\u00f0 allur hans aldur var\u00f0: n\u00edu hundru\u00f0 og fimm \u00e1r, og hann anda\u00f0ist.<a name=\"12\"><span class=\"versanumer\">12<\/span><\/a>Kenan var sj\u00f6t\u00edu \u00e1ra, \u00fe\u00e1 hann gat Mahalalel;<a name=\"13\"><span class=\"versanumer\">13<\/span><\/a>og Kenan lif\u00f0i eftir getna\u00f0 Mahalalels \u00e1tta hundru\u00f0 og fj\u00f6rut\u00edu \u00e1r, og \u00e1tti sonu og d\u00e6tur.<a name=\"14\"><span class=\"versanumer\">14<\/span><\/a>Og allir dagar Kenans ur\u00f0u, n\u00edu hundru\u00f0 og t\u00edu \u00e1r; og hann anda\u00f0ist.<a name=\"15\"><span class=\"versanumer\">15<\/span><\/a>Mahalalel var fimm og sj\u00f6t\u00edu \u00e1ra, \u00fe\u00e1 hann gat Jare\u00f0.<a name=\"16\"><span class=\"versanumer\">16<\/span><\/a>Og Mahalalel lif\u00f0i eftir getna\u00f0 Jare\u00f0s, \u00e1tta hundru\u00f0 og \u00ferj\u00e1t\u00edu \u00e1r, og gat sonu og d\u00e6tur.<a name=\"17\"><span class=\"versanumer\">17<\/span><\/a>Og allur aldur Mahalalels var\u00f0 \u00e1tta hundru\u00f0 og n\u00edut\u00edu og fimm \u00e1r, og hann anda\u00f0ist.<a name=\"18\"><span class=\"versanumer\">18<\/span><\/a>Og Jare\u00f0 var hundra\u00f0 sext\u00edu og tveggja \u00e1ra, \u00fe\u00e1 hann gat Enok,<a name=\"19\"><span class=\"versanumer\">19<\/span><\/a>og Jare\u00f0 lif\u00f0i eftir \u00fea\u00f0 hann gat Enok, \u00e1tta hundru\u00f0 \u00e1r, og \u00e1tti sonu og d\u00e6tur.<a name=\"20\"><span class=\"versanumer\">20<\/span><\/a>Og allir dagar Jare\u00f0s voru: n\u00edu hundru\u00f0 sext\u00edu og tv\u00f6 \u00e1r; og hann anda\u00f0ist.<a name=\"21\"><span class=\"versanumer\">21<\/span><\/a>Og Enok lif\u00f0i sext\u00edu og fimm \u00e1r, og \u00fe\u00e1 gat hann Metusala,<a name=\"22\"><span class=\"versanumer\">22<\/span><\/a>og eftir a\u00f0 Enok gat Metusala, gekk hann me\u00f0 Gu\u00f0i, og \u00e1tti sonu og d\u00e6tur.<a name=\"23\"><span class=\"versanumer\">23<\/span><\/a>Og allur hans aldur var\u00f0 \u00ferj\u00fa hundru\u00f0 sext\u00edu og fimm \u00e1r.<a name=\"24\"><span class=\"versanumer\">24<\/span><\/a>Og Enok gekk me\u00f0 Gu\u00f0i, og var ekki framar <span class='VideyAth'>(h\u00e9r)<\/span> \u00fev\u00ed Gu\u00f0 t\u00f3k hann.<a name=\"25\"><span class=\"versanumer\">25<\/span><\/a>Metusala var hundra\u00f0 \u00e1ttat\u00edu og sj\u00f6 \u00e1ra, \u00fe\u00e1 hann gat Lamek.<a name=\"26\"><span class=\"versanumer\">26<\/span><\/a>Og Metusala lif\u00f0i eftir a\u00f0 hann gat Lamek, sj\u00f6 hundru\u00f0 \u00e1ttat\u00edu og tv\u00f6 \u00e1r; og \u00e1tti sonu og d\u00e6tur,<a name=\"27\"><span class=\"versanumer\">27<\/span><\/a>svo a\u00f0 allur hans aldur var\u00f0 n\u00edu hundru\u00f0 sext\u00edu og n\u00edu \u00e1r; og hann anda\u00f0ist.<a name=\"28\"><span class=\"versanumer\">28<\/span><\/a>Og Lamek var hundra\u00f0 \u00e1ttat\u00edu og tveggja \u00e1ra, \u00fe\u00e1 hann gat son, og \u00feennan son kalla\u00f0i hann N\u00f3a og m\u00e6lti:<a name=\"29\"><span class=\"versanumer\">29<\/span><\/a>\u00feessi mun hugga oss \u00ed vorri arm\u00e6\u00f0u og erfi\u00f0i vorra handa, \u00e1 \u00feeirri j\u00f6r\u00f0u, sem Drottinn b\u00f6lva\u00f0i.<a name=\"30\"><span class=\"versanumer\">30<\/span><\/a>Og Lamek lif\u00f0i eftir a\u00f0 hann gat N\u00f3a fimm hundru\u00f0 n\u00edut\u00edu og fimm \u00e1r, og \u00e1tti sonu og d\u00e6tur.<a name=\"31\"><span class=\"versanumer\">31<\/span><\/a>Og allur hans aldur var\u00f0 sj\u00f6 hundru\u00f0 sj\u00f6t\u00edu og sj\u00f6 \u00e1r; og hann anda\u00f0ist.<a name=\"32\"><span class=\"versanumer\">32<\/span><\/a>Og N\u00f3i var fimm hundru\u00f0 \u00e1ra og gat: Sem, Kam og Jafet.<\/p>\n<div class=\"footnoteVidey\">V. 21. gekk me\u00f0 Gu\u00f0i: lif\u00f0i gu\u00f0r\u00e6kilega. Hebr. 11,5.  V. 27. \u00e1ri\u00f0 sem fl\u00f3\u00f0i\u00f0 kom, eftir l\u00e6r\u00f0ra \u00fatreikningi.<\/div>\n","protected":false},"excerpt":{"rendered":"<p>\u00c6ttart\u00f6lur fr\u00e1 Adam til N\u00f3a. 1\u00deetta er Adams \u00e6ttart\u00f6lusaga. \u00deegar Gu\u00f0 skapa\u00f0i manninn, svo gj\u00f6r\u00f0i hann manninn eftir Gu\u00f0s l\u00edkingu.2Hann sk\u00f3p \u00feau mann og konu og blessa\u00f0i \u00feau, og \u00fe\u00e1 hann skapa\u00f0i \u00feau, nefndi hann \u00feau: menn.3Og Adam lif\u00f0i hundra\u00f0 og \u00ferj\u00e1t\u00edu \u00e1r, \u00fe\u00e1 gat hann son eftir sinni l\u00edking og mynd, og nefndi nafn hans: Set.4Og dagar Adams voru, eftir getna\u00f0 Sets, \u00e1tta hundru\u00f0 \u00e1r, og hann gat syni og d\u00e6tur.5Og allir dagar Adams sem hann lif\u00f0i, voru n\u00edu hundru\u00f0 og \u00ferj\u00e1t\u00edu \u00e1r. \u00de\u00e1 d\u00f3 hann.6Og Set var hundra\u00f0 og fimm \u00e1ra gamall \u00fe\u00e1 hann gat Enos;7eftir \u00fea\u00f0 lif\u00f0i <a href=\"https:\/\/biblian.is\/videy\/fyrsta-mosebok-5-kafli\/\"> [&#8230;]<\/a><\/p>\n","protected":false},"author":1,"featured_media":0,"parent":0,"menu_order":0,"comment_status":"open","ping_status":"open","template":"bibliukaflar.php","meta":{"footnotes":""},"class_list":["post-20854","page","type-page","status-publish","hentry"],"_links":{"self":[{"href":"https:\/\/biblian.is\/videy\/wp-json\/wp\/v2\/pages\/20854","targetHints":{"allow":["GET"]}}],"collection":[{"href":"https:\/\/biblian.is\/videy\/wp-json\/wp\/v2\/pages"}],"about":[{"href":"https:\/\/biblian.is\/videy\/wp-json\/wp\/v2\/types\/page"}],"author":[{"embeddable":true,"href":"https:\/\/biblian.is\/videy\/wp-json\/wp\/v2\/users\/1"}],"replies":[{"embeddable":true,"href":"https:\/\/biblian.is\/videy\/wp-json\/wp\/v2\/comments?post=20854"}],"version-history":[{"count":0,"href":"https:\/\/biblian.is\/videy\/wp-json\/wp\/v2\/pages\/20854\/revisions"}],"wp:attachment":[{"href":"https:\/\/biblian.is\/videy\/wp-json\/wp\/v2\/media?parent=20854"}],"curies":[{"name":"wp","href":"https:\/\/api.w.org\/{rel}","templated":true}]}}