{"id":20853,"date":"2018-01-02T00:59:15","date_gmt":"2018-01-02T00:59:15","guid":{"rendered":"http:\/\/biblian.is\/videy\/fyrsta-mosebok-4-kafli\/"},"modified":"2018-01-02T00:59:15","modified_gmt":"2018-01-02T00:59:15","slug":"fyrsta-mosebok-4-kafli","status":"publish","type":"page","link":"https:\/\/biblian.is\/videy\/fyrsta-mosebok-4-kafli\/","title":{"rendered":"Fyrsta M\u00f3seb\u00f3k 4. kafli"},"content":{"rendered":"<div class=\"fyrirsognVidey\">1.) Kain myr\u00f0ir sinn br\u00f3\u00f0ur. 2.) Kains \u00e6ttleggur. 3.) sem f\u00e6\u00f0ist.<\/div>\n<p><a name=\"1\"><span class=\"versanumer\">1<\/span><\/a><span style='font-weight:bold;padding-left:10px'>1.)<\/span> Og Adam kenndi konu sinnar Evu, og h\u00fan var\u00f0 \u00feungu\u00f0, og f\u00e6ddi Kain, og m\u00e6lti: mann hefi eg fengi\u00f0 af Drottni. <span class='VideyAth'>(49,25.)<\/span><a name=\"2\"><span class=\"versanumer\">2<\/span><\/a>Og h\u00fan f\u00e6ddi \u00ed anna\u00f0 sinn br\u00f3\u00f0ur hans Abel. Og Abel var\u00f0 fj\u00e1rhir\u00f0ir, og Kain jar\u00f0yrkjuma\u00f0ur.<a name=\"3\"><span class=\"versanumer\">3<\/span><\/a>Og \u00fea\u00f0 ske\u00f0i \u00fe\u00e1 framli\u00f0u stundir, a\u00f0 Kain f\u00e6r\u00f0i Drottni f\u00f3rn, gr\u00f3\u00f0a jar\u00f0arinnar;<a name=\"4\"><span class=\"versanumer\">4<\/span><\/a>en Abel kom og me\u00f0 af frumbur\u00f0um sinnar hjar\u00f0ar, og af \u00feeirra feiti.<a name=\"5\"><span class=\"versanumer\">5<\/span><\/a>Og Drottinn leit til Abels og hans f\u00f3rnar; en til Kains og hans f\u00f3rnar leit hann ekki; \u00fe\u00e1 reiddist Kain \u00e1kaflega og hans andlit var\u00f0 ni\u00f0url\u00fatt.<a name=\"6\"><span class=\"versanumer\">6<\/span><\/a>\u00de\u00e1 sag\u00f0i Drottinn til Kains: \u00fev\u00ed reiddist \u00fe\u00fa svo, og \u00fev\u00ed ertu svo ni\u00f0url\u00fatur?<a name=\"7\"><span class=\"versanumer\">7<\/span><\/a>Er ekki svo? Ef \u00fe\u00fa hefur r\u00e9tt gj\u00f6rt <span class='VideyAth'>(offra\u00f0 gu\u00f0r\u00e6kilega)<\/span> \u00fe\u00e1 \u00fearftu ei a\u00f0 vera ni\u00f0url\u00fatur; en ef \u00fe\u00fa gj\u00f6rir ekki r\u00e9tt, \u00fe\u00e1 liggur syndin vi\u00f0 dyrnar, og langar til a\u00f0 st\u00f6kkva \u00e1 \u00feig, en drottna \u00fe\u00fa yfir henni!<a name=\"8\"><span class=\"versanumer\">8<\/span><\/a>Eftir \u00feetta kom Kain a\u00f0 m\u00e1li vi\u00f0 Abel br\u00f3\u00f0ur sinn, og \u00fea\u00f0 ske\u00f0i, \u00fe\u00e1 \u00feeir voru \u00e1 akri, a\u00f0 Kain reis \u00e1 m\u00f3ti br\u00f3\u00f0ur s\u00ednum Abel og drap hann.<a name=\"9\"><span class=\"versanumer\">9<\/span><\/a>\u00de\u00e1 sag\u00f0i Drottinn vi\u00f0 Kain: hvar er Abel br\u00f3\u00f0ir \u00feinn?<a name=\"10\"><span class=\"versanumer\">10<\/span><\/a>Og hann m\u00e6lti: \u00fea\u00f0 veit eg ekki; \u00e1 eg a\u00f0 vakta <span class='VideyAth'>(hann)<\/span> br\u00f3\u00f0ur minn? Og hann sag\u00f0i: hva\u00f0 hefur \u00fe\u00fa gj\u00f6rt? r\u00f6dd \u00fe\u00edns br\u00f3\u00f0ur hr\u00f3par til m\u00edn af j\u00f6r\u00f0unni;<a name=\"11\"><span class=\"versanumer\">11<\/span><\/a>og s\u00e9rtu n\u00fa b\u00f6lva\u00f0ur \u00e1 j\u00f6r\u00f0unni, sem opna\u00f0i sinn munn til a\u00f0 taka \u00e1 m\u00f3ti bl\u00f3\u00f0i br\u00f3\u00f0ur \u00fe\u00edns af \u00feinni hendi.<a name=\"12\"><span class=\"versanumer\">12<\/span><\/a>\u00deegar \u00fe\u00fa erjar j\u00f6r\u00f0ina skal h\u00fan h\u00e9r eftir ekki gefa \u00fe\u00e9r sinn gr\u00f3\u00f0a, landfl\u00f3tta og flakkandi skaltu vera \u00e1 j\u00f6r\u00f0unni.<a name=\"13\"><span class=\"versanumer\">13<\/span><\/a>Og Kain sag\u00f0i til Drottins: m\u00edn synd er st\u00e6rri en svo, a\u00f0 eg geti hana bori\u00f0!<a name=\"14\"><span class=\"versanumer\">14<\/span><\/a>sj\u00e1! \u00fe\u00fa hefir \u00ed dag reki\u00f0 mig \u00ed \u00fatleg\u00f0, og eg ver\u00f0 a\u00f0 felast fyrir \u00fe\u00ednu augliti, og vera \u00fatlagi, \u00e1 s\u00edfelldu flakki. Hver sem hittir mig mun drepa mig.<a name=\"15\"><span class=\"versanumer\">15<\/span><\/a>Og Drottinn sag\u00f0i til hans: \u00fea\u00f0 skal ekki ske, hver sem drepur Kain, \u00feess skal hefnt ver\u00f0a sj\u00f6faldlega. Og Drottinn gaf Kain teikn, a\u00f0 enginn sem hitti hann skyldi hann drepa.<a name=\"16\"><span class=\"versanumer\">16<\/span><\/a>Og svo gekk Kain burt fr\u00e1 Drottins augliti, og bj\u00f3 \u00ed landinu No\u00f0 <span class='VideyAth'>(\u00fatleg\u00f0)<\/span> fyrir austan Eden. <br \/><a name=\"17\"><span class=\"versanumer\">17<\/span><\/a><span style='font-weight:bold;padding-left:10px'>2.)<\/span> Og Kain kenndi sinnar konu, og h\u00fan var\u00f0 \u00f3l\u00e9tt, og f\u00e6ddi Henok; og hann bygg\u00f0i sta\u00f0, og kalla\u00f0i nafn sta\u00f0arins eftir nafni sonar s\u00edns: Hanok.<a name=\"18\"><span class=\"versanumer\">18<\/span><\/a>Og Hanoki f\u00e6ddist Ira\u00f0, og Ira\u00f0 gat Mahujael, og Mahujael gat Metusael og Metusael gat Lamek.<a name=\"19\"><span class=\"versanumer\">19<\/span><\/a>Og Lamek t\u00f3k s\u00e9r tv\u00e6r konur; h\u00e9t \u00f6nnur Ada, en hin Silla.<a name=\"20\"><span class=\"versanumer\">20<\/span><\/a>Ada f\u00e6ddi Jabal; s\u00e1 hinn sami var fa\u00f0ir \u00feeirra sem bjuggu \u00ed tj\u00f6ldum og fj\u00e1rhir\u00f0ara.<a name=\"21\"><span class=\"versanumer\">21<\/span><\/a>Og nafn br\u00f3\u00f0ur hans var Jubal; hann hinn sami var fa\u00f0ir allra sem f\u00f3ru me\u00f0 h\u00f6rpur og hlj\u00f3\u00f0p\u00edpur.<a name=\"22\"><span class=\"versanumer\">22<\/span><\/a>Og Silla \u00f3l l\u00edka Tubalkain, sem sm\u00ed\u00f0a\u00f0i \u00far kopar og j\u00e1rni alls lags t\u00f3l, og systir Tubalkains, Naema.<a name=\"23\"><span class=\"versanumer\">23<\/span><\/a>En Lamek sag\u00f0i vi\u00f0 konur s\u00ednar Adu og Sillu: heyri\u00f0 m\u00edn or\u00f0, \u00fei\u00f0 Lameks konur! gefi\u00f0 gaum a\u00f0 m\u00ednu tali! sannarlega drep eg hvern mann sem s\u00e6rir mig, og hvert ungmenni sem mei\u00f0ir mig.<a name=\"24\"><span class=\"versanumer\">24<\/span><\/a>Kains skyldi hefnt ver\u00f0a sj\u00f6 sinnum, en Lameks sj\u00f6 og sj\u00f6t\u00edu sinnum.<br \/><a name=\"25\"><span class=\"versanumer\">25<\/span><\/a><span style='font-weight:bold;padding-left:10px'>3.)<\/span>Og Adam kenndi enn \u00e1 n\u00fd sinnar konu, og h\u00fan \u00f3l son og kalla\u00f0i hann Set; \u00fev\u00ed n\u00fa hefir Gu\u00f0, sag\u00f0i h\u00fan, gefi\u00f0 m\u00e9r afkv\u00e6mi, \u00ed sta\u00f0 Abels sem Kain drap.<a name=\"26\"><span class=\"versanumer\">26<\/span><\/a>En Set f\u00e6ddist og sonur; hann var nefndur Enos. Um \u00fea\u00f0 leyti byrju\u00f0u menn a\u00f0 \u00e1kalla nafn Drottins.<\/p>\n<div class=\"footnoteVidey\"><\/div>\n","protected":false},"excerpt":{"rendered":"<p>1.) Kain myr\u00f0ir sinn br\u00f3\u00f0ur. 2.) Kains \u00e6ttleggur. 3.) sem f\u00e6\u00f0ist. 11.) Og Adam kenndi konu sinnar Evu, og h\u00fan var\u00f0 \u00feungu\u00f0, og f\u00e6ddi Kain, og m\u00e6lti: mann hefi eg fengi\u00f0 af Drottni. (49,25.)2Og h\u00fan f\u00e6ddi \u00ed anna\u00f0 sinn br\u00f3\u00f0ur hans Abel. Og Abel var\u00f0 fj\u00e1rhir\u00f0ir, og Kain jar\u00f0yrkjuma\u00f0ur.3Og \u00fea\u00f0 ske\u00f0i \u00fe\u00e1 framli\u00f0u stundir, a\u00f0 Kain f\u00e6r\u00f0i Drottni f\u00f3rn, gr\u00f3\u00f0a jar\u00f0arinnar;4en Abel kom og me\u00f0 af frumbur\u00f0um sinnar hjar\u00f0ar, og af \u00feeirra feiti.5Og Drottinn leit til Abels og hans f\u00f3rnar; en til Kains og hans f\u00f3rnar leit hann ekki; \u00fe\u00e1 reiddist Kain \u00e1kaflega og hans andlit var\u00f0 ni\u00f0url\u00fatt.6\u00de\u00e1 sag\u00f0i Drottinn <a href=\"https:\/\/biblian.is\/videy\/fyrsta-mosebok-4-kafli\/\"> [&#8230;]<\/a><\/p>\n","protected":false},"author":1,"featured_media":0,"parent":0,"menu_order":0,"comment_status":"open","ping_status":"open","template":"bibliukaflar.php","meta":{"footnotes":""},"class_list":["post-20853","page","type-page","status-publish","hentry"],"_links":{"self":[{"href":"https:\/\/biblian.is\/videy\/wp-json\/wp\/v2\/pages\/20853","targetHints":{"allow":["GET"]}}],"collection":[{"href":"https:\/\/biblian.is\/videy\/wp-json\/wp\/v2\/pages"}],"about":[{"href":"https:\/\/biblian.is\/videy\/wp-json\/wp\/v2\/types\/page"}],"author":[{"embeddable":true,"href":"https:\/\/biblian.is\/videy\/wp-json\/wp\/v2\/users\/1"}],"replies":[{"embeddable":true,"href":"https:\/\/biblian.is\/videy\/wp-json\/wp\/v2\/comments?post=20853"}],"version-history":[{"count":0,"href":"https:\/\/biblian.is\/videy\/wp-json\/wp\/v2\/pages\/20853\/revisions"}],"wp:attachment":[{"href":"https:\/\/biblian.is\/videy\/wp-json\/wp\/v2\/media?parent=20853"}],"curies":[{"name":"wp","href":"https:\/\/api.w.org\/{rel}","templated":true}]}}