{"id":20851,"date":"2018-01-02T00:59:15","date_gmt":"2018-01-02T00:59:15","guid":{"rendered":"http:\/\/biblian.is\/videy\/fyrsta-mosebok-2-kafli\/"},"modified":"2018-01-02T00:59:15","modified_gmt":"2018-01-02T00:59:15","slug":"fyrsta-mosebok-2-kafli","status":"publish","type":"page","link":"https:\/\/biblian.is\/videy\/fyrsta-mosebok-2-kafli\/","title":{"rendered":"Fyrsta M\u00f3seb\u00f3k 2. kafli"},"content":{"rendered":"<div class=\"fyrirsognVidey\">1.) Hv\u00edldadagurinn. 2.) Betur l\u00fdst sk\u00f6pun mannsins. 3.) Parad\u00eds l\u00fdst. 4.) Konan sk\u00f6pu\u00f0 og skepnunum gefin n\u00f6fn.<\/div>\n<p><a name=\"1\"><span class=\"versanumer\">1<\/span><\/a><span style='font-weight:bold;padding-left:10px'>1.)<\/span> \u00deannig algj\u00f6r\u00f0ist n\u00fa himin og j\u00f6r\u00f0, og allur \u00feeirra her.<a name=\"2\"><span class=\"versanumer\">2<\/span><\/a>Og svo fullkomna\u00f0i Gu\u00f0 \u00e1 \u00feeim sj\u00f6unda degi s\u00edn verk, sem hann haf\u00f0i gj\u00f6rt, og hv\u00edldist \u00feann sj\u00f6unda dag, af \u00f6llu s\u00ednu verki, sem hann haf\u00f0i gj\u00f6rt.<a name=\"3\"><span class=\"versanumer\">3<\/span><\/a>Og hann blessa\u00f0i \u00feann sj\u00f6unda dag og helga\u00f0i hann; af \u00fev\u00ed hann hv\u00edldist \u00e1 \u00feeim sama degi, af s\u00ednu verki sem hann haf\u00f0i skapa\u00f0 og gj\u00f6rt. <br \/><a name=\"4\"><span class=\"versanumer\">4<\/span><\/a><span style='font-weight:bold;padding-left:10px'>2.)<\/span> \u00deetta er saga um sk\u00f6pun himins og jar\u00f0ar: \u00deegar Gu\u00f0 Drottinn skapa\u00f0i j\u00f6r\u00f0ina og himininn, \u00fe\u00e1 voru enn engin tr\u00e9 merkurinnar \u00e1 j\u00f6r\u00f0unni;<a name=\"5\"><span class=\"versanumer\">5<\/span><\/a>og engar jurtir spruttu enn n\u00fa \u00e1 landinu; \u00fev\u00ed Gu\u00f0 Drottinn haf\u00f0i en ekki l\u00e1ti\u00f0 rigna \u00e1 j\u00f6r\u00f0ina og \u00fear var enginn ma\u00f0ur, sem yrkti j\u00f6r\u00f0ina.<a name=\"6\"><span class=\"versanumer\">6<\/span><\/a>En \u00feoka gekk upp af j\u00f6r\u00f0unni, og v\u00f6kva\u00f0i alla j\u00f6r\u00f0ina.<a name=\"7\"><span class=\"versanumer\">7<\/span><\/a>Og Gu\u00f0 Drottinn mynda\u00f0i manninn af jar\u00f0ar leiri og bl\u00e9s lifandi anda \u00ed hans nasir, og svo var\u00f0 ma\u00f0urinn a\u00f0 lifandi s\u00e1lu. <br \/><a name=\"8\"><span class=\"versanumer\">8<\/span><\/a><span style='font-weight:bold;padding-left:10px'>3.)<\/span> Og Gu\u00f0 Drottinn planta\u00f0i aldingar\u00f0 \u00ed Eden, m\u00f3t austri og setti \u00feanga\u00f0 manninn sem hann haf\u00f0i skapa\u00f0.<a name=\"9\"><span class=\"versanumer\">9<\/span><\/a>Og Gu\u00f0 Drottinn l\u00e9t uppvaxa af j\u00f6r\u00f0unni allra handa tr\u00e9, sem f\u00f6gur voru a\u00f0 sj\u00e1, og girnilegt var a\u00f0 eta af, og l\u00edfsins tr\u00e9\u00f0 \u00ed mi\u00f0jum aldingar\u00f0inum, og skilningstr\u00e9\u00f0 g\u00f3\u00f0s og ills.<a name=\"10\"><span class=\"versanumer\">10<\/span><\/a>Og \u00e1 rann fr\u00e1 Eden til a\u00f0 v\u00f6kva aldingar\u00f0inn, og \u00fea\u00f0an skiptist h\u00fan, svo \u00fear ur\u00f0u fj\u00f6gur vatnsf\u00f6ll.<a name=\"11\"><span class=\"versanumer\">11<\/span><\/a>\u00dea\u00f0 fyrsta heitir: P\u00edson; \u00fea\u00f0 fellur um allt landi\u00f0, Kevila, og \u00fear finnst gull.<a name=\"12\"><span class=\"versanumer\">12<\/span><\/a>Og gull \u00feess lands er \u00e1g\u00e6tt. \u00dear finnst kristallur og steinninn onyx.<a name=\"13\"><span class=\"versanumer\">13<\/span><\/a>\u00dea\u00f0 anna\u00f0 vatnsfall heitir: G\u00edkon, \u00fea\u00f0 fellur um allt landi\u00f0: K\u00fas.<a name=\"14\"><span class=\"versanumer\">14<\/span><\/a>Hi\u00f0 \u00feri\u00f0ja vatnsfalli\u00f0 heitir: K\u00eddekel. \u00dea\u00f0 fellur fyrir austan Assyr\u00edu. Hi\u00f0 fj\u00f3r\u00f0a vatnsfalli\u00f0 er: Frat.<a name=\"15\"><span class=\"versanumer\">15<\/span><\/a>Og Gu\u00f0 Drottinn t\u00f3k manninn og setti hann \u00ed aldingar\u00f0inn, \u00ed Eden, a\u00f0 hann skyldi yrkja hann og vakta.<a name=\"16\"><span class=\"versanumer\">16<\/span><\/a>Og Gu\u00f0 Drottinn bau\u00f0 manninum og sag\u00f0i: af \u00f6llum trj\u00e1m \u00ed aldingar\u00f0inum skaltu eta;<a name=\"17\"><span class=\"versanumer\">17<\/span><\/a>en af skilningstr\u00e9nu g\u00f3\u00f0s og ills skaltu ekki eta; \u00fev\u00ed \u00e1 hverjum degi sem \u00fe\u00fa etur af \u00fev\u00ed, skalt \u00fe\u00fa vissulega deyja. <br \/><a name=\"18\"><span class=\"versanumer\">18<\/span><\/a><span style='font-weight:bold;padding-left:10px'>4.)<\/span> Og Gu\u00f0 Drottinn sag\u00f0i: \u00fea\u00f0 er ekki gott a\u00f0 ma\u00f0urinn s\u00e9 einsamall, eg vil gj\u00f6ra honum me\u00f0hj\u00e1lp, eftir hans mynd;<a name=\"19\"><span class=\"versanumer\">19<\/span><\/a>\u00fev\u00ed \u00feegar Gu\u00f0 Drottinn haf\u00f0i skapa\u00f0 af j\u00f6r\u00f0unni allra handa d\u00fdr merkurinnar, og alls kyns fugla undir himninum, \u00fe\u00e1 l\u00e9t hann \u00feessar skepnur koma til mannsins, til a\u00f0 vita, hva\u00f0 hann kalla\u00f0i \u00fe\u00e6r; og hva\u00f0 helst nafn, sem ma\u00f0urinn gaf, hverri lifandi skepnu, \u00fea\u00f0 hi\u00f0 sama var\u00f0 hennar nafn.<a name=\"20\"><span class=\"versanumer\">20<\/span><\/a>Og ma\u00f0urinn gaf nafn \u00f6llum f\u00e9na\u00f0i og fuglum loftsins og allra handa d\u00fdrum \u00e1 j\u00f6r\u00f0unni, s\u00e9rhverju sitt nafn; og \u00fear fannst engin me\u00f0hj\u00e1lp fyrir manninn eftir hans mynd.<a name=\"21\"><span class=\"versanumer\">21<\/span><\/a>\u00de\u00e1 l\u00e9t Gu\u00f0 Drottinn fastan svefn falla \u00e1 manninn, og \u00e1 me\u00f0an hann svaf, t\u00f3k hann eitt af hans rifjum, og fyllti aftur me\u00f0 holdi;<a name=\"22\"><span class=\"versanumer\">22<\/span><\/a>og Gu\u00f0 Drottinn mynda\u00f0i konu af \u00fev\u00ed rifbeini sem hann t\u00f3k af manninum, og leiddi hana til hans.<a name=\"23\"><span class=\"versanumer\">23<\/span><\/a>\u00de\u00e1 sag\u00f0i ma\u00f0urinn: \u00feetta er bein af m\u00ednum beinum og hold af m\u00ednu holdi; \u00fear fyrir skal h\u00fan karlinna kallast, af \u00fev\u00ed h\u00fan er af karlmanni tekin.<a name=\"24\"><span class=\"versanumer\">24<\/span><\/a>Og \u00feess vegna skal ma\u00f0urinn yfirgefa f\u00f6\u00f0ur sinn og m\u00f3\u00f0ur s\u00edna, og b\u00faa vi\u00f0 s\u00edna eigin konu.<a name=\"25\"><span class=\"versanumer\">25<\/span><\/a>Og \u00feau voru b\u00e6\u00f0i nakin, ma\u00f0urinn og hans kona, og sk\u00f6mmu\u00f0ust s\u00edn ekki.<\/p>\n<div class=\"footnoteVidey\">V. 4. Me\u00f0 \u00feessu versi s\u00fdnist byrja n\u00fd saga um heimsins sk\u00f6pun. Og h\u00e9r kemur fyrst fyrir Jeh\u00f3va, sem er \u00e1\u00f0ur \u00fat lagt: drottinn. 2. M\u00f3sb. 3,14. Opb. b. 1,8.  V. 8. Eden \u00fe\u00fd\u00f0ir: una\u00f0semd.<\/div>\n","protected":false},"excerpt":{"rendered":"<p>1.) Hv\u00edldadagurinn. 2.) Betur l\u00fdst sk\u00f6pun mannsins. 3.) Parad\u00eds l\u00fdst. 4.) Konan sk\u00f6pu\u00f0 og skepnunum gefin n\u00f6fn. 11.) \u00deannig algj\u00f6r\u00f0ist n\u00fa himin og j\u00f6r\u00f0, og allur \u00feeirra her.2Og svo fullkomna\u00f0i Gu\u00f0 \u00e1 \u00feeim sj\u00f6unda degi s\u00edn verk, sem hann haf\u00f0i gj\u00f6rt, og hv\u00edldist \u00feann sj\u00f6unda dag, af \u00f6llu s\u00ednu verki, sem hann haf\u00f0i gj\u00f6rt.3Og hann blessa\u00f0i \u00feann sj\u00f6unda dag og helga\u00f0i hann; af \u00fev\u00ed hann hv\u00edldist \u00e1 \u00feeim sama degi, af s\u00ednu verki sem hann haf\u00f0i skapa\u00f0 og gj\u00f6rt. 42.) \u00deetta er saga um sk\u00f6pun himins og jar\u00f0ar: \u00deegar Gu\u00f0 Drottinn skapa\u00f0i j\u00f6r\u00f0ina og himininn, \u00fe\u00e1 voru enn engin tr\u00e9 <a href=\"https:\/\/biblian.is\/videy\/fyrsta-mosebok-2-kafli\/\"> [&#8230;]<\/a><\/p>\n","protected":false},"author":1,"featured_media":0,"parent":0,"menu_order":0,"comment_status":"open","ping_status":"open","template":"bibliukaflar.php","meta":{"footnotes":""},"class_list":["post-20851","page","type-page","status-publish","hentry"],"_links":{"self":[{"href":"https:\/\/biblian.is\/videy\/wp-json\/wp\/v2\/pages\/20851","targetHints":{"allow":["GET"]}}],"collection":[{"href":"https:\/\/biblian.is\/videy\/wp-json\/wp\/v2\/pages"}],"about":[{"href":"https:\/\/biblian.is\/videy\/wp-json\/wp\/v2\/types\/page"}],"author":[{"embeddable":true,"href":"https:\/\/biblian.is\/videy\/wp-json\/wp\/v2\/users\/1"}],"replies":[{"embeddable":true,"href":"https:\/\/biblian.is\/videy\/wp-json\/wp\/v2\/comments?post=20851"}],"version-history":[{"count":0,"href":"https:\/\/biblian.is\/videy\/wp-json\/wp\/v2\/pages\/20851\/revisions"}],"wp:attachment":[{"href":"https:\/\/biblian.is\/videy\/wp-json\/wp\/v2\/media?parent=20851"}],"curies":[{"name":"wp","href":"https:\/\/api.w.org\/{rel}","templated":true}]}}