{"id":305,"date":"2026-01-22T15:00:20","date_gmt":"2026-01-22T15:00:20","guid":{"rendered":"https:\/\/biblian.is\/verslun\/?post_type=product&#038;p=305"},"modified":"2026-04-14T20:46:36","modified_gmt":"2026-04-14T20:46:36","slug":"biblian-raud-mjuk-spjold-12x18-sm","status":"publish","type":"product","link":"https:\/\/biblian.is\/verslun\/vara\/biblian-raud-mjuk-spjold-12x18-sm\/","title":{"rendered":"Bibl\u00edan RAU\u00d0 &#8211; mj\u00fak spj\u00f6ld 12&#215;18 sm"},"content":{"rendered":"<p>Bibl\u00edan skiptist \u00ed tvo a\u00f0alhluta, Gamla testamenti\u00f0 og N\u00fdja testamenti\u00f0. \u00cd Gamla testamentinu eru 39 rit sem ur\u00f0u til \u00e1 m\u00f6rgum \u00f6ldum, en sumt af efni \u00feeirra var\u00f0veittist \u00ed munnlegri geymd \u00e1\u00f0ur en \u00fea\u00f0 var f\u00e6rt \u00ed letur. Gamla testamenti\u00f0 rekur s\u00f6gu Gy\u00f0inga\u00fej\u00f3\u00f0arinnar og greinir fr\u00e1 tr\u00fa hennar og menningu, en varpar jafnframt lj\u00f3si \u00e1 s\u00f6gu annarra fornra menningar\u00fej\u00f3\u00f0a \u00ed Mi\u00f0-Austurl\u00f6ndum.<\/p>\n<p>\u00deessi \u00fatg\u00e1fa Bibl\u00edunnar inniheldur einnig 11 vi\u00f0b\u00f3tarrit, svokalla\u00f0ar ap\u00f3kr\u00fdfar b\u00e6kur Gamla testamentisins, sem hafa tilheyrt helgisafni kristinna manna fr\u00e1 upphafi kristni.<\/p>\n<p>\u00cd N\u00fdja testamentinu eru 27 b\u00e6kur, sem hafa a\u00f0 geyma s\u00f6gur af Jes\u00fa sag\u00f0ar af l\u00e6risveinum hans, \u00fe.e. gu\u00f0spj\u00f6llin, en hi\u00f0 elsta \u00feeirra er tali\u00f0 rita\u00f0 um 80 e. Kr. Auk \u00feess inniheldur N\u00fdja testamenti\u00f0 br\u00e9f postulanna til kristinna safna\u00f0a v\u00ed\u00f0svegar \u00ed r\u00f3mverska r\u00edkinu og er hi\u00f0 elsta \u00feeirra rita\u00f0 um 56 e. Kr.<\/p>\n<p>\u00deessi Bibl\u00eda er 1872 s\u00ed\u00f0ur og inniheldur \u00e1tta bla\u00f0s\u00ed\u00f0ur me\u00f0 litprentu\u00f0um kortum. \u00deessi Bibl\u00edu\u00fatg\u00e1fa var fyrst gefin \u00fat af JPV\/Forlagi 2007, en er n\u00fa gefin \u00fat af Hinu \u00edslenska bibl\u00eduf\u00e9lagi. Um er um a\u00f0 r\u00e6\u00f0a \u00feri\u00f0ju prentun me\u00f0 l\u00edtilsh\u00e1ttar lei\u00f0r\u00e9ttingum fr\u00e1 fyrri prentunum.<\/p>\n","protected":false},"excerpt":{"rendered":"<p>Bibl\u00eduf\u00e9lagi\u00f0 hefur teki\u00f0 vi\u00f0 \u00fatg\u00e1fu Bibl\u00edunnar af JPV\/Forlaginu. \u00deetta er \u00feri\u00f0ja prentun \u00e1 Bibl\u00edunni \u00ed mj\u00faku bandi, me\u00f0 gylltum s\u00ed\u00f0uendum og litprentu\u00f0um landakortum. \u00deessi \u00fatg\u00e1fa er f\u00e1anleg \u00ed \u00feremur litum rau\u00f0u, sv\u00f6rtu og hv\u00edtu.<\/p>\n","protected":false},"featured_media":17,"template":"","meta":{"wds_primary_product_brand":0,"wds_primary_product_cat":0},"product_brand":[],"product_cat":[16],"product_tag":[],"class_list":{"0":"post-305","1":"product","2":"type-product","3":"status-publish","4":"has-post-thumbnail","6":"product_cat-bibliur","8":"first","9":"instock","10":"taxable","11":"shipping-taxable","12":"purchasable","13":"product-type-simple"},"_links":{"self":[{"href":"https:\/\/biblian.is\/verslun\/wp-json\/wp\/v2\/product\/305","targetHints":{"allow":["GET"]}}],"collection":[{"href":"https:\/\/biblian.is\/verslun\/wp-json\/wp\/v2\/product"}],"about":[{"href":"https:\/\/biblian.is\/verslun\/wp-json\/wp\/v2\/types\/product"}],"wp:featuredmedia":[{"embeddable":true,"href":"https:\/\/biblian.is\/verslun\/wp-json\/wp\/v2\/media\/17"}],"wp:attachment":[{"href":"https:\/\/biblian.is\/verslun\/wp-json\/wp\/v2\/media?parent=305"}],"wp:term":[{"taxonomy":"product_brand","embeddable":true,"href":"https:\/\/biblian.is\/verslun\/wp-json\/wp\/v2\/product_brand?post=305"},{"taxonomy":"product_cat","embeddable":true,"href":"https:\/\/biblian.is\/verslun\/wp-json\/wp\/v2\/product_cat?post=305"},{"taxonomy":"product_tag","embeddable":true,"href":"https:\/\/biblian.is\/verslun\/wp-json\/wp\/v2\/product_tag?post=305"}],"curies":[{"name":"wp","href":"https:\/\/api.w.org\/{rel}","templated":true}]}}