{"id":151,"date":"2023-08-28T16:44:33","date_gmt":"2023-08-28T16:44:33","guid":{"rendered":"https:\/\/biblian.is\/verslun\/?post_type=product&#038;p=151"},"modified":"2026-01-27T20:38:41","modified_gmt":"2026-01-27T20:38:41","slug":"altarisbiblian-hefdbundin","status":"publish","type":"product","link":"https:\/\/biblian.is\/verslun\/vara\/altarisbiblian-hefdbundin\/","title":{"rendered":"Altarisbibl\u00edan (har\u00f0spjalda &#8211; rau\u00f0) &#8211; 24&#215;32 sm"},"content":{"rendered":"<p>Altarisbibl\u00edan er \u00ed mj\u00f6g st\u00f3ru broti og kemur \u00ed tveimur \u00fatg\u00e1fum. \u00d3d\u00fdrari \u00fatg\u00e1fan er \u00feessi h\u00e9r og er me\u00f0 hef\u00f0bundna dumbrau\u00f0a (burgundy) b\u00f3kak\u00e1pu og <strong>ekki<\/strong> me\u00f0 gyllingu \u00e1 bla\u00f0s\u00ed\u00f0uendum. B\u00f3kin er h\u00f6nnu\u00f0 me\u00f0 \u00fea\u00f0 \u00ed huga a\u00f0 vera notu\u00f0 \u00ed helgihaldi safna\u00f0a og er \u00fev\u00ed me\u00f0 st\u00f3rum og l\u00e6silegum texta, en jafnframt l\u00e9tt mi\u00f0a\u00f0 vi\u00f0 st\u00e6r\u00f0. Bibl\u00edan hefur fj\u00f3ra lesbor\u00f0a og kemur \u00fat \u00ed mj\u00f6g takm\u00f6rku\u00f0u upplagi.<\/p>\n<p>Bibl\u00edan skiptist \u00ed tvo a\u00f0alhluta, Gamla testamenti\u00f0 og N\u00fdja testamenti\u00f0. \u00cd Gamla testamentinu eru 39 rit sem ur\u00f0u til \u00e1 m\u00f6rgum \u00f6ldum, en sumt af efni \u00feeirra var\u00f0veittist \u00ed munnlegri geymd \u00e1\u00f0ur en \u00fea\u00f0 var f\u00e6rt \u00ed letur. Gamla testamenti\u00f0 rekur s\u00f6gu Gy\u00f0inga\u00fej\u00f3\u00f0arinnar og greinir fr\u00e1 tr\u00fa hennar og menningu, en varpar jafnframt lj\u00f3si \u00e1 s\u00f6gu annarra fornra menningar\u00fej\u00f3\u00f0a \u00ed Mi\u00f0-Austurl\u00f6ndum. \u00deessi \u00fatg\u00e1fa Bibl\u00edunnar inniheldur einnig 11 vi\u00f0b\u00f3tarrit, svokalla\u00f0ar ap\u00f3kr\u00fdfar b\u00e6kur Gamla testamentisins, sem hafa tilheyrt helgisafni kristinna manna fr\u00e1 upphafi kristni.<\/p>\n<p>\u00cd N\u00fdja testamentinu eru 27 b\u00e6kur, sem hafa a\u00f0 geyma s\u00f6gur af Jes\u00fa sag\u00f0ar af l\u00e6risveinum hans, \u00fe.e. gu\u00f0spj\u00f6llin, en hi\u00f0 elsta \u00feeirra er tali\u00f0 rita\u00f0 um 80 e. Kr. Auk \u00feess inniheldur N\u00fdja testamenti\u00f0 br\u00e9f postulanna til kristinna safna\u00f0a v\u00ed\u00f0svegar \u00ed r\u00f3mverska r\u00edkinu og er hi\u00f0 elsta \u00feeirra rita\u00f0 um 56 e. Kr.<\/p>\n<p>Bibl\u00edan er 1028 s\u00ed\u00f0ur.<\/p>\n<p>Hi\u00f0 \u00edslenska Bibl\u00eduf\u00e9lag gaf \u00feessa Bibl\u00edu \u00fat 2023.<\/p>\n","protected":false},"excerpt":{"rendered":"<p>Altarisbibl\u00eda Bibl\u00eduf\u00e9lagsins kemur \u00ed tveimur \u00fatg\u00e1fum. \u00d3d\u00fdrari \u00fatg\u00e1fan er \u00feessi h\u00e9r og er me\u00f0 hef\u00f0bundna dumbrau\u00f0a (burgundy) b\u00f3kak\u00e1pu og er <strong>ekki<\/strong> me\u00f0 gyllingu \u00e1 bla\u00f0s\u00ed\u00f0uendum. B\u00f3kin er h\u00f6nnu\u00f0 me\u00f0 \u00fea\u00f0 \u00ed huga a\u00f0 vera notu\u00f0 \u00ed helgihaldi safna\u00f0a og er \u00fev\u00ed me\u00f0 st\u00f3rum og l\u00e6silegum texta, en jafnframt l\u00e9tt mi\u00f0a\u00f0 vi\u00f0 st\u00e6r\u00f0. Bibl\u00edan hefur fj\u00f3ra lesbor\u00f0a og kemur \u00fat \u00ed mj\u00f6g takm\u00f6rku\u00f0u upplagi.<\/p>\n","protected":false},"featured_media":158,"template":"","meta":{"wds_primary_product_brand":0,"wds_primary_product_cat":0},"product_brand":[],"product_cat":[16],"product_tag":[],"class_list":{"0":"post-151","1":"product","2":"type-product","3":"status-publish","4":"has-post-thumbnail","6":"product_cat-bibliur","8":"first","9":"instock","10":"taxable","11":"shipping-taxable","12":"purchasable","13":"product-type-simple"},"_links":{"self":[{"href":"https:\/\/biblian.is\/verslun\/wp-json\/wp\/v2\/product\/151","targetHints":{"allow":["GET"]}}],"collection":[{"href":"https:\/\/biblian.is\/verslun\/wp-json\/wp\/v2\/product"}],"about":[{"href":"https:\/\/biblian.is\/verslun\/wp-json\/wp\/v2\/types\/product"}],"wp:featuredmedia":[{"embeddable":true,"href":"https:\/\/biblian.is\/verslun\/wp-json\/wp\/v2\/media\/158"}],"wp:attachment":[{"href":"https:\/\/biblian.is\/verslun\/wp-json\/wp\/v2\/media?parent=151"}],"wp:term":[{"taxonomy":"product_brand","embeddable":true,"href":"https:\/\/biblian.is\/verslun\/wp-json\/wp\/v2\/product_brand?post=151"},{"taxonomy":"product_cat","embeddable":true,"href":"https:\/\/biblian.is\/verslun\/wp-json\/wp\/v2\/product_cat?post=151"},{"taxonomy":"product_tag","embeddable":true,"href":"https:\/\/biblian.is\/verslun\/wp-json\/wp\/v2\/product_tag?post=151"}],"curies":[{"name":"wp","href":"https:\/\/api.w.org\/{rel}","templated":true}]}}