{"id":43,"date":"2022-01-22T02:56:37","date_gmt":"2022-01-22T02:56:37","guid":{"rendered":"https:\/\/biblian.is\/verslun\/?page_id=43"},"modified":"2026-04-07T00:00:33","modified_gmt":"2026-04-07T00:00:33","slug":"personuvernd","status":"publish","type":"page","link":"https:\/\/biblian.is\/verslun\/personuvernd\/","title":{"rendered":"Pers\u00f3nuvernd"},"content":{"rendered":"<h1>Skilm\u00e1lar<\/h1>\n<p><em>Hi\u00f0 \u00edslenska bibl\u00eduf\u00e9lag, Borgart\u00fani 26, 105 Reykjav\u00edk.\u00a0<\/em><\/p>\n<p><em>Kennitala: 620169-7739<\/em><\/p>\n<h3>Pers\u00f3nuvernd<\/h3>\n<p>Vefsv\u00e6\u00f0i Hins \u00edslenska bibl\u00eduf\u00e9lags notast vi\u00f0 vafrak\u00f6kur (e. cookies) til a\u00f0 vefsv\u00e6\u00f0i\u00f0 n\u00fdtist notendum sem best. \u00deessar vafrak\u00f6kur eru nau\u00f0synlegar til a\u00f0 vefs\u00ed\u00f0an virki og \u00fev\u00ed er ekki h\u00e6gt a\u00f0 sl\u00f6kkva \u00e1 \u00feeim. Vafrak\u00f6kurnar safna \u00ed einhverjum tilfellum uppl\u00fdsingum um hva\u00f0an sv\u00e6\u00f0i\u00f0 er heims\u00f3tt, um hva\u00f0a t\u00e6ki og vafrar eru nota\u00f0ir til a\u00f0 heims\u00e6kja vefsv\u00e6\u00f0i\u00f0 \u00e1samt uppl\u00fdsingum um hva\u00f0a sv\u00e6\u00f0i eru heims\u00f3tt. Uppl\u00fdsingarnar au\u00f0kenna notendur ekki me\u00f0 beinum h\u00e6tti. Hi\u00f0 \u00edslenska bibl\u00eduf\u00e9lag notar uppl\u00fdsingar fr\u00e1 vafrak\u00f6kum einv\u00f6r\u00f0ungu til a\u00f0 b\u00e6ta vefupplifun og greina hvernig h\u00e6gt er a\u00f0 b\u00e6ta uppl\u00fdsingagj\u00f6f um starfi\u00f0 til notenda. \u00de<\/p>\n<div id=\"volvo-cookie-policy\">\n<div class=\"optanon-cookie-policy-group\">\n<p class=\"optanon-cookie-policy-group-description\">\u00deegar notendur s\u00ed\u00f0unnar fylla \u00fat ey\u00f0ubl\u00f6\u00f0 me\u00f0 pers\u00f3nugreinanlegum uppl\u00fdsingum, \u00fe\u00e1 eru \u00fe\u00e6r uppl\u00fdsingar a\u00f0eins a\u00f0gengilegar stj\u00f3rn og starfsf\u00f3lki Hins \u00edslenska bibl\u00eduf\u00e9lags.<\/p>\n<h3>Um vefverslun<\/h3>\n<p>Vefverslun Hins \u00edslenska bibl\u00eduf\u00e9lags heldur utan um n\u00f6fn kaupenda og safnar nau\u00f0synlegum g\u00f6gnum til a\u00f0 h\u00e6gt s\u00e9 a\u00f0 ganga fr\u00e1 grei\u00f0slu til f\u00e9lagsins og ganga fr\u00e1 afgrei\u00f0slu pantanna. Kortan\u00famerum og \u00f6\u00f0rum tengdum fj\u00e1rhagsuppl\u00fdsingum er ekki safna\u00f0 af Hinu \u00edslenska bibl\u00eduf\u00e9lagi, heldur er notast vi\u00f0 grei\u00f0slus\u00ed\u00f0u Straums og annarra grei\u00f0slumi\u00f0lanna til a\u00f0 ganga fr\u00e1 grei\u00f0slu. Ef \u00feess er \u00f3ska\u00f0 er h\u00e6gt er a\u00f0 leita til Hins \u00edslenska bibl\u00eduf\u00e9lags og fara fram \u00e1 a\u00f0 \u00f6llum pers\u00f3nugreinanlegum g\u00f6gnum af vef Bibl\u00eduf\u00e9lagsins s\u00e9 eytt. Uppl\u00fdsingar, svo h\u00e6gt s\u00e9 a\u00f0 ganga fr\u00e1 p\u00f6ntunum til vi\u00f0skiptavina, eru \u00e1framsendar til G\u00f3rilla v\u00f6ruh\u00fass, sem s\u00e9r um dreifingu \u00e1 v\u00f6rum fyrir Bibl\u00eduf\u00e9lagi\u00f0.<\/p>\n<p>A\u00f0 \u00f6\u00f0ru j\u00f6fnu er 14 daga skilafrestur \u00e1 v\u00f6rum sem keyptar eru \u00e1 vefnum. Ef vara er skemmd e\u00f0a g\u00f6llu\u00f0, mun Bibl\u00eduf\u00e9lagi\u00f0 skipta v\u00f6runni \u00fat fyrir n\u00fdja. Um v\u00f6rus\u00f6lu Bibl\u00eduf\u00e9lagsins \u00e1 vefnum gilda l\u00f6g um h\u00fasg\u00f6ngu og fjars\u00f6lusamninga nr.46\/2000 og l\u00f6g um neytendakaup.<\/p>\n<h3>Skilm\u00e1lar um vefsafnanir<\/h3>\n<p>Bibl\u00eduf\u00e9lagi\u00f0 notar vefsv\u00e6\u00f0i sitt til a\u00f0 \u00f3ska eftir stu\u00f0ningi vi\u00f0 starfsemi f\u00e9lagsins. \u00c1skilinn er r\u00e9ttur til a\u00f0 sta\u00f0festa stu\u00f0ning vi\u00f0 f\u00e9lagi\u00f0 s\u00edmlei\u00f0is.<\/p>\n<p><b>Um stu\u00f0ningsgrei\u00f0slur<\/b><\/p>\n<p>Allur stu\u00f0ningur sem greiddur er me\u00f0 grei\u00f0slukorti \u00ed gegnum vefs\u00ed\u00f0una er afgreiddur af grei\u00f0slus\u00ed\u00f0u \u00fej\u00f3nustua\u00f0ila. H\u00e6gt er a\u00f0 draga stu\u00f0ningsgrei\u00f0slu til baka \u00ed allt a\u00f0 14 daga fr\u00e1 \u00fev\u00ed a\u00f0 grei\u00f0slan var innt af hendi.<\/p>\n<p>Stu\u00f0ningsgrei\u00f0slur til Hins \u00edslenska bibl\u00eduf\u00e9lags bera ekki vir\u00f0isaukaskatt, enda er ekki um a\u00f0 r\u00e6\u00f0a grei\u00f0slu fyrir v\u00f6ru e\u00f0a \u00fej\u00f3nustu.<\/p>\n<p><strong>Bakhjarl Bibl\u00edunnar<\/strong><br \/>\n<a href=\"https:\/\/biblian.is\/2020\/02\/09\/bakhjarlar-bibliunnar\/\">Bakhjarlar Bibl\u00edunnar<\/a> sty\u00f0ja vi\u00f0 starf f\u00e9lagsins me\u00f0 f\u00f6stum m\u00e1na\u00f0arlegum grei\u00f0slum. Ef \u00fe\u00fa \u00fearft a\u00f0 breyta e\u00f0a h\u00e6tta stu\u00f0ningi af einhverjum \u00e1st\u00e6\u00f0um, er au\u00f0velt a\u00f0 senda t\u00f6lvup\u00f3st \u00e1 hib@biblian.is og vi\u00f0 munum \u00fe\u00e1 snarlega fella ni\u00f0ur m\u00e1na\u00f0arlegar skuldf\u00e6rslu.<\/p>\n<p><strong>F\u00e9lagsgjald Bibl\u00eduf\u00e9lagsins<\/strong><br \/>\nF\u00e9lagsgjald Bibl\u00eduf\u00e9lagsins er \u00e1kve\u00f0i\u00f0 \u00e1rlega \u00e1 a\u00f0alfundi f\u00e9lagsins. Ef \u00fe\u00fa vilt segja \u00feig \u00far f\u00e9laginu af einhverjum \u00e1st\u00e6\u00f0um, er au\u00f0velt a\u00f0 senda t\u00f6lvup\u00f3st \u00e1 hib@biblian.is og vi\u00f0 munum \u00fe\u00e1 snarlega fella ni\u00f0ur \u00e1rlega skuldf\u00e6rslu f\u00e9lagsgjalds.<\/p>\n<p><strong>Tr\u00fana\u00f0ur<\/strong><\/p>\n<p>F\u00e9lagi\u00f0 mun ekki afhenda uppl\u00fdsingar sem styrkveitandi gefur upp \u00ed tengslum vi\u00f0 stu\u00f0ninginn \u00e1n samr\u00e1\u00f0s vi\u00f0 styrkveitanda.<\/p>\n<p><b>L\u00f6g og varnar\u00feing <\/b><\/p>\n<p>Samningur \u00feessi er \u00ed samr\u00e6mi vi\u00f0 \u00edslensk l\u00f6g. R\u00edsi m\u00e1l vegna hans skal \u00fea\u00f0 reki\u00f0 fyrir H\u00e9ra\u00f0sd\u00f3mi Reykjavikur.<\/p>\n<p><b><i>Governing law \/ Jurisdiction <\/i><\/b><i>These Terms and Conditions are in accordance with Icelandic law. <\/i><\/p>\n<\/div>\n<\/div>\n","protected":false},"excerpt":{"rendered":"<p>Skilm\u00e1lar Hi\u00f0 \u00edslenska bibl\u00eduf\u00e9lag, Borgart\u00fani 26, 105 Reykjav\u00edk.\u00a0 Kennitala: 620169-7739 <a href=\"https:\/\/biblian.is\/verslun\/personuvernd\/\"> [&#8230;]<\/a><\/p>\n","protected":false},"author":1,"featured_media":0,"parent":0,"menu_order":0,"comment_status":"closed","ping_status":"closed","template":"","meta":{"footnotes":""},"class_list":["post-43","page","type-page","status-publish","hentry"],"_links":{"self":[{"href":"https:\/\/biblian.is\/verslun\/wp-json\/wp\/v2\/pages\/43","targetHints":{"allow":["GET"]}}],"collection":[{"href":"https:\/\/biblian.is\/verslun\/wp-json\/wp\/v2\/pages"}],"about":[{"href":"https:\/\/biblian.is\/verslun\/wp-json\/wp\/v2\/types\/page"}],"author":[{"embeddable":true,"href":"https:\/\/biblian.is\/verslun\/wp-json\/wp\/v2\/users\/1"}],"replies":[{"embeddable":true,"href":"https:\/\/biblian.is\/verslun\/wp-json\/wp\/v2\/comments?post=43"}],"version-history":[{"count":0,"href":"https:\/\/biblian.is\/verslun\/wp-json\/wp\/v2\/pages\/43\/revisions"}],"wp:attachment":[{"href":"https:\/\/biblian.is\/verslun\/wp-json\/wp\/v2\/media?parent=43"}],"curies":[{"name":"wp","href":"https:\/\/api.w.org\/{rel}","templated":true}]}}