{"id":4040,"date":"2017-12-18T18:35:30","date_gmt":"2017-12-18T18:35:30","guid":{"rendered":"http:\/\/biblian.is\/gudbrandsbiblia\/opinberunarbok-johannesar-22-kafli\/"},"modified":"2017-12-18T18:35:30","modified_gmt":"2017-12-18T18:35:30","slug":"opinberunarbok-johannesar-22-kafli","status":"publish","type":"page","link":"https:\/\/biblian.is\/gudbrandsbiblia\/opinberunarbok-johannesar-22-kafli\/","title":{"rendered":"Opinberunarb\u00f3k J\u00f3hannesar 22. kafli"},"content":{"rendered":"<p>XXII.<\/p>\n<p>Og hann s\u00fdndi m\u00e9r hreint vatsfall lifanda vats, so sk\u00e6rt sem christallus, framflj\u00f3tandi af st\u00f3li Gu\u00f0s og lambsins mitt \u00e1 hennar str\u00e6ti. Og b\u00e1\u00f0umegin vatsins st\u00f3\u00f0 l\u00edfsins tr\u00e9 og \u00fea\u00f0 bar t\u00f3lfh\u00e1tta\u00f0an \u00e1v\u00f6xt og f\u00e6r\u00f0i sinn \u00e1v\u00f6xt \u00e1 s\u00e9rhverjum m\u00e1na\u00f0i og laufbl\u00f6\u00f0 tr\u00e9sins dug\u00f0u til beilsub\u00f3tar hei\u00f0inna \u00fej\u00f3\u00f0a. Og \u00fear man ekkert b\u00f6lvanlegt meir vera og st\u00f3ll Gu\u00f0s og lambsins mun \u00fear inni vera og hans \u00fej\u00f3nar munu honum \u00fej\u00f3na og hans andlit sj\u00e1 og hans nafn man \u00ed \u00feeirra ennum vera. Og eigi mun \u00fear n\u00f3tt vera og eigi vi\u00f0 \u00feurfa nokkurar l\u00fdsingar e\u00f0ur lj\u00f3ss s\u00f3lar \u00fev\u00ed a\u00f0 Gu\u00f0 Drottinn mun sj\u00e1lfur l\u00fdsa \u00feeim og \u00feeir munu r\u00edkja um aldir og a\u00f0 eil\u00edfu. <span class=\"athugasemd\" title=\"Esa. 6\">[<\/span><\/p>\n<p>\tOg hann sag\u00f0i til m\u00edn: &#8222;\u00deessi or\u00f0 eru traust og s\u00f6nn. Og Drottinn Gu\u00f0 heilagra sp\u00e1manna hefur sent sinn engil til a\u00f0 kunngj\u00f6ra s\u00ednum \u00fej\u00f3num hva\u00f0 snarlega hl\u00fdtur a\u00f0 ske. Sj\u00e1i\u00f0, eg kem snart. S\u00e6ll er s\u00e1 sem var\u00f0veitir or\u00f0in sp\u00e1d\u00f3msins \u00ed \u00feessari b\u00f3k.&#8220; Og eg em J\u00f3hannes sem \u00feetta s\u00e9\u00f0 og heyrt hefur. Og \u00fe\u00e1 eg haf\u00f0a \u00fea\u00f0 heyrt og s\u00e9\u00f0 f\u00e9ll eg fram a\u00f0 tilbi\u00f0ja fyrir f\u00e6tur engilsins \u00feess m\u00e9r s\u00fdndi \u00feetta. Og hann sag\u00f0i til m\u00edn: &#8222;G\u00e6t a\u00f0 a\u00f0 \u00fe\u00fa gj\u00f6r eigi \u00feetta \u00fev\u00ed a\u00f0 eg em \u00feinn sam\u00fej\u00f3n og \u00feinna br\u00e6\u00f0ra, sp\u00e1mannanna, og \u00feeirra sem var\u00f0veita or\u00f0 \u00feessarar b\u00f3kar. Tilbi\u00f0 \u00fe\u00fa Gu\u00f0.&#8220;<\/p>\n<p>\tOg hann segir til m\u00edn: &#8222;Innsigla ekki or\u00f0 sp\u00e1d\u00f3msins \u00ed \u00feessari b\u00f3k \u00fev\u00ed a\u00f0 t\u00edminn er \u00ed n\u00e1nd. Hver ska\u00f0samur er s\u00e1 s\u00e9 ska\u00f0samur, hver \u00f3hreinn er s\u00e1 s\u00e9 \u00f3hreinn en hver r\u00e9ttv\u00eds er s\u00e1 ver\u00f0i enn r\u00e9ttv\u00edsari og hver heilagur er s\u00e1 ver\u00f0i enn heilagri. Og sj\u00e1\u00f0u, eg kem snarlega og m\u00edn ver\u00f0laun me\u00f0ur m\u00e9r a\u00f0 eg gjaldi hverjum sem einum eftir s\u00ednum verkum. Eg em A og \u00d6, upphaf og endir, fyrstur og s\u00ed\u00f0astur. S\u00e6lir eru \u00feeir sem hans bo\u00f0or\u00f0 var\u00f0veita upp \u00e1 \u00fea\u00f0 a\u00f0 \u00feeirra magt s\u00e9 \u00e1 l\u00edfstr\u00e9nu og um hli\u00f0in inngangi \u00ed borgina. \u00dev\u00ed a\u00f0 \u00fear fyrir utan eru hundarnir, fj\u00f6lkynngismenn og saurlifna\u00f0ar og manndr\u00e1parar og sk\u00fargo\u00f0ad\u00fdrkendur og allir \u00feeir sem elska og gj\u00f6ra lygina. <\/p>\n<p>\tEg, Jes\u00fas, \u00fatsendi minn engil a\u00f0 hann vitna\u00f0i y\u00f0ur \u00feetta \u00ed samkundunum. Eg em r\u00f3t og kyn Dav\u00ed\u00f0s, sk\u00e6r morgunstjarna.&#8220; Og andinn og br\u00fa\u00f0urinm s\u00f6g\u00f0u: &#8222;Kom.&#8220; Og hver e\u00f0 heyrir s\u00e1 segi: &#8222;Kom.&#8220; Og hver hann \u00feyrstir s\u00e1 komi og hver a\u00f0 vill s\u00e1 me\u00f0taki vatni\u00f0 l\u00edfsins fyrir ekki.<\/p>\n<p>\tEn eg vitna \u00f6llum \u00feeim sem heyra or\u00f0 sp\u00e1d\u00f3msins \u00feessarar b\u00f3kar a\u00f0 ef einhver setur \u00fear nokku\u00f0 til \u00fe\u00e1 mun Gu\u00f0 til setja yfir hann allar pl\u00e1gur sem skrifa\u00f0ar eru \u00ed \u00feessari b\u00f3k. <span class=\"athugasemd\" title=\"Esa. 55 \/ J\u00f3h. 7\">[<\/span> Og ef einhver tekur \u00fear nokku\u00f0 \u00ed fr\u00e1 \u00fat af or\u00f0um b\u00f3karinnar \u00feessarar sp\u00e1s\u00f6gu \u00fe\u00e1 mun Gu\u00f0 afm\u00e1 hans deild af l\u00edfsb\u00f3kinni og af hinni heil\u00f6gu borg og af \u00fev\u00ed sem \u00ed \u00feessari b\u00f3k skrifa\u00f0 er. \u00deetta segir s\u00e1 sem \u00feessu ber vitni: &#8222;J\u00e1, eg kem snarlega.&#8220; Amen. J\u00e1, kom \u00fe\u00fa Drottinn Jes\u00fas. N\u00e1\u00f0 vors Drottins Jes\u00fa Christi s\u00e9 me\u00f0 y\u00f0ur \u00f6llum. A M E N.<\/p>\n<p>Endir hins n\u00fdja testamentis<\/p>\n","protected":false},"excerpt":{"rendered":"<p>XXII. Og hann s\u00fdndi m\u00e9r hreint vatsfall lifanda vats, so sk\u00e6rt sem christallus, framflj\u00f3tandi af st\u00f3li Gu\u00f0s og lambsins mitt \u00e1 hennar str\u00e6ti. Og b\u00e1\u00f0umegin vatsins st\u00f3\u00f0 l\u00edfsins tr\u00e9 og \u00fea\u00f0 bar t\u00f3lfh\u00e1tta\u00f0an \u00e1v\u00f6xt og f\u00e6r\u00f0i sinn \u00e1v\u00f6xt \u00e1 s\u00e9rhverjum m\u00e1na\u00f0i og laufbl\u00f6\u00f0 tr\u00e9sins dug\u00f0u til beilsub\u00f3tar hei\u00f0inna \u00fej\u00f3\u00f0a. Og \u00fear man ekkert b\u00f6lvanlegt meir vera og st\u00f3ll Gu\u00f0s og lambsins mun \u00fear inni vera og hans \u00fej\u00f3nar munu honum \u00fej\u00f3na og hans andlit sj\u00e1 og hans nafn man \u00ed \u00feeirra ennum vera. Og eigi mun \u00fear n\u00f3tt vera og eigi vi\u00f0 \u00feurfa nokkurar l\u00fdsingar e\u00f0ur lj\u00f3ss s\u00f3lar \u00fev\u00ed a\u00f0 <a href=\"https:\/\/biblian.is\/gudbrandsbiblia\/opinberunarbok-johannesar-22-kafli\/\"> [&#8230;]<\/a><\/p>\n","protected":false},"author":1,"featured_media":0,"parent":0,"menu_order":0,"comment_status":"open","ping_status":"open","template":"bibliukaflar.php","meta":{"footnotes":""},"class_list":["post-4040","page","type-page","status-publish","hentry"],"_links":{"self":[{"href":"https:\/\/biblian.is\/gudbrandsbiblia\/wp-json\/wp\/v2\/pages\/4040","targetHints":{"allow":["GET"]}}],"collection":[{"href":"https:\/\/biblian.is\/gudbrandsbiblia\/wp-json\/wp\/v2\/pages"}],"about":[{"href":"https:\/\/biblian.is\/gudbrandsbiblia\/wp-json\/wp\/v2\/types\/page"}],"author":[{"embeddable":true,"href":"https:\/\/biblian.is\/gudbrandsbiblia\/wp-json\/wp\/v2\/users\/1"}],"replies":[{"embeddable":true,"href":"https:\/\/biblian.is\/gudbrandsbiblia\/wp-json\/wp\/v2\/comments?post=4040"}],"version-history":[{"count":0,"href":"https:\/\/biblian.is\/gudbrandsbiblia\/wp-json\/wp\/v2\/pages\/4040\/revisions"}],"wp:attachment":[{"href":"https:\/\/biblian.is\/gudbrandsbiblia\/wp-json\/wp\/v2\/media?parent=4040"}],"curies":[{"name":"wp","href":"https:\/\/api.w.org\/{rel}","templated":true}]}}