{"id":4038,"date":"2017-12-18T18:35:26","date_gmt":"2017-12-18T18:35:26","guid":{"rendered":"http:\/\/biblian.is\/gudbrandsbiblia\/opinberunarbok-johannesar-20-kafli\/"},"modified":"2017-12-18T18:35:26","modified_gmt":"2017-12-18T18:35:26","slug":"opinberunarbok-johannesar-20-kafli","status":"publish","type":"page","link":"https:\/\/biblian.is\/gudbrandsbiblia\/opinberunarbok-johannesar-20-kafli\/","title":{"rendered":"Opinberunarb\u00f3k J\u00f3hannesar 20. kafli"},"content":{"rendered":"<p>XX.<\/p>\n<p>Og eg s\u00e1 engil ofan st\u00edga af himni. S\u00e1 haf\u00f0i lykil undirdj\u00fapsins og mikla hlekki \u00ed sinni hendi. Og hann h\u00f6ndla\u00f0i drekann, hinn gamla h\u00f6ggorm, hver a\u00f0 er dj\u00f6fullinn og andskotinn, og batt hann um \u00fe\u00fasund \u00e1r og fleyg\u00f0i honum \u00ed undirdj\u00fapi\u00f0 og innilukti hann og innsigla\u00f0i \u00fear ofan yfir a\u00f0 hann skyldi eigi meir villa hei\u00f0nar \u00fej\u00f3\u00f0ir \u00feanga\u00f0 til a\u00f0 \u00fatendu\u00f0 yr\u00f0i \u00fe\u00fasund <span class=\"athugasemd\" title=\"a \/ \u00deessi \u00fe\u00fasund \u00e1r skulu hefjast \u00fe\u00e1 \u00feessi b\u00f3k skrifu\u00f0 var. \u00dev\u00ed a\u00f0 Tyrkinn kom \u00fe\u00e1 e\u00f0 fyrsta eftir \u00fe\u00fasund \u00e1r. \u00deess \u00e1 milli voru \u00feeir kristnu og r\u00edktu dj\u00f6flinum a\u00f0 \u00feakkarlausu. En n\u00fa vill Tyrkinn hj\u00e1lpa p\u00e1fanum a\u00f0 uppr\u00e6ta \u00fe\u00e1 kristnu me\u00f0 \u00fev\u00ed ekki er annars sta\u00f0ar neitt fullting\">[<\/span> \u00e1r. Og eftir \u00fea\u00f0 skyldi hann laus ver\u00f0a um stutta stund.<\/p>\n<p>\tOg eg s\u00e1 st\u00f3la og \u00feeir s\u00e1tu \u00e1 \u00feeim og \u00feeim var\u00f0 d\u00f3mur gefinn og \u00feeirra s\u00e1lir sem afh\u00f6f\u00f0a\u00f0ir voru vegna vitnisbur\u00f0arins Jes\u00fa og fyrir Gu\u00f0s or\u00f0s sakir og \u00feeir sem ekki h\u00f6f\u00f0u tilbe\u00f0i\u00f0 d\u00fdri\u00f0 n\u00e9 \u00feess mynd og \u00feeir eigi me\u00f0teki\u00f0 h\u00f6f\u00f0u au\u00f0kenningarmerki \u00ed s\u00edn enni e\u00f0ur \u00e1 s\u00ednar hendur, \u00feessir lif\u00f0u og r\u00edktu me\u00f0 Christo \u00fe\u00fasund \u00e1ra. En hinir a\u00f0rir dau\u00f0u endurlifnu\u00f0u ekki \u00fear til a\u00f0 \u00fe\u00fasund \u00e1rin fullkomnu\u00f0ust. \u00deetta er hin fyrsta upprisa. S\u00e6ll er s\u00e1 og heilagur sem hlutdeild hefur \u00e1 hinni fyrstu upprisu. Yfir \u00fev\u00edl\u00edkum hefur s\u00e1 annar dau\u00f0i \u00f6ngva magt heldur ver\u00f0a \u00feeir kennimenn Gu\u00f0s og Christi og r\u00edkja me\u00f0 honum \u00fe\u00fasund \u00e1ra.<\/p>\n<p>\tOg n\u00e6r \u00feau \u00fe\u00fasund \u00e1r eru fullkomnu\u00f0 \u00fe\u00e1 man s\u00e1 andskoti laus ver\u00f0a af s\u00ednu fj\u00f6tri og mun \u00fatganga a\u00f0 villa hina hei\u00f0nu sem a\u00f0 eru \u00ed fj\u00f3rum \u00e1ttum jar\u00f0arinnar, <span class=\"athugasemd\" title=\"b \/ \u00deetta eru Tyrkjar komnir af \u00feeim Tartaris, \u00feeir e\u00f0 kallast rau\u00f0u Gy\u00f0ingar\">[<\/span> G\u00f3g og Mag\u00f3g, a\u00f0 samansafna \u00feeim til bar\u00e1ttu, hverra tala er sem sj\u00e1varsandur. Og \u00feeir uppstigu yfir v\u00eddd jar\u00f0ar og umkringdu herb\u00fa\u00f0ir heilagra og hina elskulega borg. Og eldur kom a\u00f0 ofan fr\u00e1 Gu\u00f0i af himninum og svelgdi \u00fe\u00e1. Og dj\u00f6fullinn s\u00e1 \u00fe\u00e1 villti var\u00f0 kasta\u00f0ur \u00ed d\u00edki eldsins og brennisteins \u00fear e\u00f0 d\u00fdri\u00f0 og s\u00e1 falski sp\u00e1ma\u00f0ur var og ver\u00f0a kvaldir dag og n\u00f3tt um aldur og \u00e6vi a\u00f0 eil\u00edfu.<\/p>\n<p>\tOg eg s\u00e1 mikin st\u00f3l sk\u00ednanda og \u00fean sem \u00fear upp \u00e1 sat, fyrir hvers augliti a\u00f0 fl\u00fdr himinn og j\u00f6r\u00f0 og \u00feeim var enginn sta\u00f0ur fundinn. Og eg s\u00e1 hina dau\u00f0u, b\u00e6\u00f0i st\u00f3ra og sm\u00e1, standa fyrir Gu\u00f0s augliti og b\u00e6kurnar ur\u00f0u uppl\u00e1tnar. Og \u00f6nnur b\u00f3k var\u00f0 opnu\u00f0 hver a\u00f0 er l\u00edfsins og hinir dau\u00f0u ur\u00f0u d\u00e6mdir eftir \u00fev\u00ed sem skrifa\u00f0 er \u00e1 b\u00f3kunum, eftir \u00feeirra verkum. Og sj\u00f3rinn gaf fram \u00fe\u00e1 dau\u00f0u sem \u00ed honum voru og dua\u00f0i og helv\u00edti g\u00e1fu upp \u00fe\u00e1 dau\u00f0u sem \u00ed \u00feeim voru og \u00feeir ur\u00f0u d\u00e6mdir, hver einn eftir s\u00ednum verkum. Og dau\u00f0i og helv\u00edti ur\u00f0u k\u00f6stu\u00f0 \u00ed eldsins d\u00edki. \u00dea\u00f0 er s\u00e1 annar dau\u00f0i. Og ef nokkur finnst eigi skrifa\u00f0ur \u00e1 l\u00edfsb\u00f3kinni s\u00e1 ver\u00f0ur kasta\u00f0ur \u00ed eldsins d\u00edki.<\/p>\n","protected":false},"excerpt":{"rendered":"<p>XX. Og eg s\u00e1 engil ofan st\u00edga af himni. S\u00e1 haf\u00f0i lykil undirdj\u00fapsins og mikla hlekki \u00ed sinni hendi. Og hann h\u00f6ndla\u00f0i drekann, hinn gamla h\u00f6ggorm, hver a\u00f0 er dj\u00f6fullinn og andskotinn, og batt hann um \u00fe\u00fasund \u00e1r og fleyg\u00f0i honum \u00ed undirdj\u00fapi\u00f0 og innilukti hann og innsigla\u00f0i \u00fear ofan yfir a\u00f0 hann skyldi eigi meir villa hei\u00f0nar \u00fej\u00f3\u00f0ir \u00feanga\u00f0 til a\u00f0 \u00fatendu\u00f0 yr\u00f0i \u00fe\u00fasund [ \u00e1r. Og eftir \u00fea\u00f0 skyldi hann laus ver\u00f0a um stutta stund. Og eg s\u00e1 st\u00f3la og \u00feeir s\u00e1tu \u00e1 \u00feeim og \u00feeim var\u00f0 d\u00f3mur gefinn og \u00feeirra s\u00e1lir sem afh\u00f6f\u00f0a\u00f0ir voru vegna vitnisbur\u00f0arins Jes\u00fa <a href=\"https:\/\/biblian.is\/gudbrandsbiblia\/opinberunarbok-johannesar-20-kafli\/\"> [&#8230;]<\/a><\/p>\n","protected":false},"author":1,"featured_media":0,"parent":0,"menu_order":0,"comment_status":"open","ping_status":"open","template":"bibliukaflar.php","meta":{"footnotes":""},"class_list":["post-4038","page","type-page","status-publish","hentry"],"_links":{"self":[{"href":"https:\/\/biblian.is\/gudbrandsbiblia\/wp-json\/wp\/v2\/pages\/4038","targetHints":{"allow":["GET"]}}],"collection":[{"href":"https:\/\/biblian.is\/gudbrandsbiblia\/wp-json\/wp\/v2\/pages"}],"about":[{"href":"https:\/\/biblian.is\/gudbrandsbiblia\/wp-json\/wp\/v2\/types\/page"}],"author":[{"embeddable":true,"href":"https:\/\/biblian.is\/gudbrandsbiblia\/wp-json\/wp\/v2\/users\/1"}],"replies":[{"embeddable":true,"href":"https:\/\/biblian.is\/gudbrandsbiblia\/wp-json\/wp\/v2\/comments?post=4038"}],"version-history":[{"count":0,"href":"https:\/\/biblian.is\/gudbrandsbiblia\/wp-json\/wp\/v2\/pages\/4038\/revisions"}],"wp:attachment":[{"href":"https:\/\/biblian.is\/gudbrandsbiblia\/wp-json\/wp\/v2\/media?parent=4038"}],"curies":[{"name":"wp","href":"https:\/\/api.w.org\/{rel}","templated":true}]}}