{"id":4037,"date":"2017-12-18T18:35:26","date_gmt":"2017-12-18T18:35:26","guid":{"rendered":"http:\/\/biblian.is\/gudbrandsbiblia\/opinberunarbok-johannesar-19-kafli\/"},"modified":"2017-12-18T18:35:26","modified_gmt":"2017-12-18T18:35:26","slug":"opinberunarbok-johannesar-19-kafli","status":"publish","type":"page","link":"https:\/\/biblian.is\/gudbrandsbiblia\/opinberunarbok-johannesar-19-kafli\/","title":{"rendered":"Opinberunarb\u00f3k J\u00f3hannesar 19. kafli"},"content":{"rendered":"<p>XIX.<\/p>\n<p>Eftir \u00feetta heyr\u00f0i eg mikla r\u00f6dd mikils fj\u00f6lda \u00e1 himni segjandi: &#8222;Halel\u00faja! Heilsa og hei\u00f0ur, d\u00fdr\u00f0 og kraftur s\u00e9 Gu\u00f0i vorum Drottni \u00fev\u00ed a\u00f0 sannir og r\u00e9ttv\u00edsir eru hans d\u00f3mar \u00fea\u00f0 hann ford\u00e6mdi hina miklu h\u00f3rkonu sem j\u00f6r\u00f0ina me\u00f0ur sinni h\u00f3ran fordjarfa\u00f0i og bl\u00f3\u00f0s sinna \u00fej\u00f3na af hennar hendi hefur hann hefnt.&#8220; Og \u00feeir s\u00f6g\u00f0u enn aftur \u00ed anna\u00f0 sinn: &#8222;Halel\u00faja!&#8220; Og hennar reykur gekk upp eil\u00edflega. Og \u00feeir fj\u00f3rir og tuttugu \u00f6ldungar og \u00feau fj\u00f6gur d\u00fdrin f\u00e9lllu fram og tilb\u00e1\u00f0u Gu\u00f0 hver e\u00f0 \u00e1 st\u00f3lnum situr og s\u00f6g\u00f0u: &#8222;Amen. Halel\u00faja!&#8220; Og ein r\u00f6dd gekk \u00fat af st\u00f3lnum sem sag\u00f0i: &#8222;Lofi\u00f0 vorn Gu\u00f0, allir hans \u00fej\u00f3nar og \u00feeir hann \u00f3ttast, b\u00e6\u00f0i sm\u00e1ir og st\u00f3rir.&#8220;<\/p>\n<p>\tOg eg heyr\u00f0a r\u00f6dd mikils skara og sem ni\u00f0 mikilla vatna og svo sem r\u00f6dd megnrar rei\u00f0ar\u00ferumu. \u00deeir s\u00f6g\u00f0u: &#8222;Halel\u00faja! \u00dev\u00ed a\u00f0 Gu\u00f0 alm\u00e1ttigur hefur r\u00edki\u00f0 undir sig lagt. F\u00f6gnum og verum gla\u00f0ir og gefum honum d\u00fdr\u00f0 \u00fev\u00ed a\u00f0 br\u00fa\u00f0kaup lamsbsins er komi\u00f0 og \u00feess h\u00fasfr\u00fa hefur sig tilreitt. Og henni var\u00f0 gefi\u00f0 \u00fea\u00f0 h\u00fan skyldi umkl\u00e6\u00f0a sig me\u00f0 hreinu og sk\u00ednandi silki. En \u00fea\u00f0 silki eru r\u00e9ttl\u00e6tingar heilagra.&#8220; Og hann sag\u00f0i til m\u00edn: &#8222;S\u00e6lir eru \u00feeir sem til kveldm\u00e1lt\u00ed\u00f0ar lambsins eru kalla\u00f0ir.&#8220; Og hann sag\u00f0i til m\u00edn: &#8222;\u00deetta eru sannarleg Gu\u00f0s or\u00f0.&#8220; Og eg f\u00e9ll ni\u00f0ur fyrir onum til f\u00f3ta hans a\u00f0 eg tilb\u00e6\u00f0i hann. Og hann sag\u00f0i til m\u00edn: &#8222;Sj\u00e1 til a\u00f0 \u00fe\u00fa gj\u00f6rir \u00fea\u00f0 ei. Eg em \u00feinn sam\u00fej\u00f3n og \u00feinna br\u00e6\u00f0ra og \u00feeirra sem hafa Jes\u00fa vitnisbur\u00f0. Tilbi\u00f0 \u00fe\u00fa Gu\u00f0. En vitnisbur\u00f0ur Jes\u00fa er andi sp\u00e1d\u00f3msins.&#8220;<\/p>\n<p>\tOg eg s\u00e1 himinninn opinn og sj\u00e1, a\u00f0 hv\u00edtur hestur og s\u00e1 sem \u00fear sat \u00e1 h\u00e9t Tr\u00far og Sannarlegur og d\u00e6mir og str\u00ed\u00f0ir me\u00f0ur r\u00e9ttl\u00e6ti. <span class=\"athugasemd\" title=\"Gu\u00f0s or\u00f0 vinnur sigurinn \u00ed gegn verndurum p\u00e1fans og \u00fear sto\u00f0ar enginn magt \u00ed m\u00f3ti\">[<\/span> Og hans augu eru sem eldslogi og \u00e1 hans h\u00f6f\u00f0i margar k\u00f3r\u00f3nur og hann haf\u00f0i nafn skrifa\u00f0 \u00fea\u00f0 enginn \u00feekkti nema sj\u00e1lfur hann og var kl\u00e6ddur \u00fev\u00ed kl\u00e6\u00f0i sem me\u00f0 bl\u00f3\u00f0i var dreift og hans nafn h\u00e9t Gu\u00f0s or\u00f0. Og honum eftir fylgdi allur her s\u00e1 \u00e1 himni er \u00e1 hv\u00edtum hestum, kl\u00e6ddir \u00ed hv\u00edtu og hreinu silki. Og af hans munni framgekk tv\u00edeggja\u00f0 sver\u00f0 \u00fea\u00f0 hann sl\u00e6gi \u00fear me\u00f0 hei\u00f0nar \u00fej\u00f3\u00f0ir og hann mun stj\u00f3rna \u00feeim me\u00f0ur j\u00e1rnvendi. Og hann f\u00f3ttre\u00f0ur \u00fer\u00faguna v\u00ednsins br\u00e6\u00f0innar og rei\u00f0i Gu\u00f0s alm\u00e1ttugs og hefur nafn skrifa\u00f0 \u00e1 s\u00ednu fati \u00e1 s\u00ednum lendum so l\u00e1tanda: &#8222;K\u00f3ngur allra k\u00f3nga og Drottinn allra drottna.&#8220;<\/p>\n<p>\tOg eg s\u00e1 einn engil standa \u00ed s\u00f3lunni og hann kalla\u00f0i h\u00e1rri r\u00f6dd og sag\u00f0i til allra fugla sem undir himni flj\u00faga: &#8222;Komi\u00f0 og samansafni\u00f0 y\u00f0ur til kveldver\u00f0ar hins mikla Gu\u00f0s a\u00f0 \u00fe\u00e9r eti\u00f0 hold konunganna og landsstj\u00f3rnaranna og hold \u00f6flugra og hestanna og \u00feeirra sem \u00fear upp \u00e1 sitja og hold allra frelsingja og \u00fer\u00e6lanna, b\u00e6\u00f0i sm\u00e1rra og st\u00f3rra.&#8220; Og eg s\u00e1 d\u00fdri\u00f0 og konunga jar\u00f0arinnar og \u00feeirra li\u00f0 samansafna\u00f0 til a\u00f0 halda str\u00ed\u00f0 vi\u00f0 \u00feann sem \u00e1 hestinum sat og vi\u00f0 hans her.<\/p>\n<p>\tOg d\u00fdri\u00f0 var\u00f0 h\u00f6ndla\u00f0 og me\u00f0 \u00fev\u00ed s\u00e1 falski sp\u00e1ma\u00f0ur sem teiknin gj\u00f6r\u00f0i fyrir \u00fev\u00ed, af hverjum hann villti \u00fe\u00e1 sem au\u00f0kenningarmerki d\u00fdrsins me\u00f0t\u00f3ku og \u00fe\u00e1 er mynd d\u00fdrsins tilb\u00e1\u00f0u. \u00deessir b\u00e1\u00f0ir tveir ur\u00f0u lifandi fleyg\u00f0ir \u00ed eldsins d\u00edki \u00fea\u00f0 me\u00f0 brennisteini logar. Og \u00feeir a\u00f0rir ur\u00f0u \u00ed hel slegnir me\u00f0 sver\u00f0i \u00feess sem \u00e1 hestinum sat \u00fea\u00f0 \u00fat af hans munni gekk og allir fuglar ur\u00f0u saddir af \u00feeirra holdi.<\/p>\n","protected":false},"excerpt":{"rendered":"<p>XIX. Eftir \u00feetta heyr\u00f0i eg mikla r\u00f6dd mikils fj\u00f6lda \u00e1 himni segjandi: &#8222;Halel\u00faja! Heilsa og hei\u00f0ur, d\u00fdr\u00f0 og kraftur s\u00e9 Gu\u00f0i vorum Drottni \u00fev\u00ed a\u00f0 sannir og r\u00e9ttv\u00edsir eru hans d\u00f3mar \u00fea\u00f0 hann ford\u00e6mdi hina miklu h\u00f3rkonu sem j\u00f6r\u00f0ina me\u00f0ur sinni h\u00f3ran fordjarfa\u00f0i og bl\u00f3\u00f0s sinna \u00fej\u00f3na af hennar hendi hefur hann hefnt.&#8220; Og \u00feeir s\u00f6g\u00f0u enn aftur \u00ed anna\u00f0 sinn: &#8222;Halel\u00faja!&#8220; Og hennar reykur gekk upp eil\u00edflega. Og \u00feeir fj\u00f3rir og tuttugu \u00f6ldungar og \u00feau fj\u00f6gur d\u00fdrin f\u00e9lllu fram og tilb\u00e1\u00f0u Gu\u00f0 hver e\u00f0 \u00e1 st\u00f3lnum situr og s\u00f6g\u00f0u: &#8222;Amen. Halel\u00faja!&#8220; Og ein r\u00f6dd gekk \u00fat af st\u00f3lnum sem <a href=\"https:\/\/biblian.is\/gudbrandsbiblia\/opinberunarbok-johannesar-19-kafli\/\"> [&#8230;]<\/a><\/p>\n","protected":false},"author":1,"featured_media":0,"parent":0,"menu_order":0,"comment_status":"open","ping_status":"open","template":"bibliukaflar.php","meta":{"footnotes":""},"class_list":["post-4037","page","type-page","status-publish","hentry"],"_links":{"self":[{"href":"https:\/\/biblian.is\/gudbrandsbiblia\/wp-json\/wp\/v2\/pages\/4037","targetHints":{"allow":["GET"]}}],"collection":[{"href":"https:\/\/biblian.is\/gudbrandsbiblia\/wp-json\/wp\/v2\/pages"}],"about":[{"href":"https:\/\/biblian.is\/gudbrandsbiblia\/wp-json\/wp\/v2\/types\/page"}],"author":[{"embeddable":true,"href":"https:\/\/biblian.is\/gudbrandsbiblia\/wp-json\/wp\/v2\/users\/1"}],"replies":[{"embeddable":true,"href":"https:\/\/biblian.is\/gudbrandsbiblia\/wp-json\/wp\/v2\/comments?post=4037"}],"version-history":[{"count":0,"href":"https:\/\/biblian.is\/gudbrandsbiblia\/wp-json\/wp\/v2\/pages\/4037\/revisions"}],"wp:attachment":[{"href":"https:\/\/biblian.is\/gudbrandsbiblia\/wp-json\/wp\/v2\/media?parent=4037"}],"curies":[{"name":"wp","href":"https:\/\/api.w.org\/{rel}","templated":true}]}}