{"id":4036,"date":"2017-12-18T18:35:26","date_gmt":"2017-12-18T18:35:26","guid":{"rendered":"http:\/\/biblian.is\/gudbrandsbiblia\/opinberunarbok-johannesar-18-kafli\/"},"modified":"2017-12-18T18:35:26","modified_gmt":"2017-12-18T18:35:26","slug":"opinberunarbok-johannesar-18-kafli","status":"publish","type":"page","link":"https:\/\/biblian.is\/gudbrandsbiblia\/opinberunarbok-johannesar-18-kafli\/","title":{"rendered":"Opinberunarb\u00f3k J\u00f3hannesar 18. kafli"},"content":{"rendered":"<p>XVIII.<\/p>\n<p>Og eftir \u00fea\u00f0 s\u00e1 eg annan engil ofan fara af himni. S\u00e1 haf\u00f0i mikla magt og j\u00f6r\u00f0in uppl\u00fdstist af hans birti. Og hann kalla\u00f0i af valdi me\u00f0 h\u00e1rri r\u00f6ddu og sag\u00f0i: &#8222;H\u00fan er fallin, h\u00fan er fallin, Bab\u00fdlon hin mikla, og er dj\u00f6flanna heimili or\u00f0in og hirsla alls \u00f3hreins anda og hirsla alls \u00f3hreins og \u00f3\u00feakkn\u00e6milegs fugls. \u00dev\u00ed a\u00f0 af rei\u00f0innar v\u00edni hennar h\u00f3ranar hafa allar \u00fej\u00f3\u00f0ir drukki\u00f0 og konungar jar\u00f0arinnar hafa me\u00f0 henni h\u00f3ranir dr\u00fdgt og hennar kaupmenn eru au\u00f0igir or\u00f0nir af hennar miklum muna\u00f0semdum.&#8220;<\/p>\n<p>\tOg eg heyr\u00f0a a\u00f0ra r\u00f6dd af himni segja: &#8222;\u00datgangi\u00f0 af henni, mitt f\u00f3lk, so a\u00f0 \u00fe\u00e9r ver\u00f0i\u00f0 eigi hluttakarar hennar synda upp \u00e1 \u00fea\u00f0 \u00fe\u00e9r me\u00f0taki\u00f0 eigi nokku\u00f0 af hennar pl\u00e1gum. \u00dev\u00ed a\u00f0 hennar syndir n\u00e1 allt til himins og Drottinn huglei\u00f0ir hennar rangl\u00e6ti. Gjaldi\u00f0 henni svo sem h\u00fan hefur goldi\u00f0 y\u00f0ur og tvefaldi\u00f0 henni \u00fea\u00f0 tvefalt aftur eftir hennar verkum. Og me\u00f0 hverjum bikar \u00fea\u00f0 h\u00fan byrla\u00f0i y\u00f0ur, byrli\u00f0 henni \u00fear \u00ed tvefalt aftur. Hve miki\u00f0 sem \u00fea\u00f0 h\u00fan d\u00fdrka\u00f0i sig og \u00ed s\u00ednu muna\u00f0l\u00edfi var so miki\u00f0 innbyrli\u00f0 henni kvalir og ekka. \u00dev\u00ed a\u00f0 h\u00fan segir \u00ed s\u00ednu hjarta: Eg sit og em drottning og eigi mun eg ekkja ver\u00f0a og \u00f6ngvan trega mun eg l\u00edta. \u00dear fyrir munu hennar pl\u00e1gur \u00e1 einum degi koma, dau\u00f0i, harmur og hungur og me\u00f0 eldi mun h\u00fan brennd ver\u00f0a \u00fev\u00ed a\u00f0 \u00f6flugur er Drottinn Gu\u00f0 s\u00e1 er hana mun d\u00e6ma.&#8220;<\/p>\n<p>\tOg konungar jar\u00f0arinnar \u00feeir sem me\u00f0ur henni hafa h\u00f3ranir dr\u00fdgt og \u00ed muna\u00f0semd lifa\u00f0 munu gr\u00e1ta hana og kveina s\u00e9r yfir henni n\u00e6r \u00feeir sj\u00e1 reyk af hennar bruna. \u00deeir \u00ed fjarl\u00e6g\u00f0 standa fyrir hr\u00e6\u00f0slu sakir hennar kvala og segja: &#8222;Vei, vei Bab\u00fdlon, hin mikla borg, s\u00fa hin sterka borg! \u00c1 einnri stundu er kominn hennar d\u00f3mur!&#8220; Og kaupmenn jar\u00f0ar munu gr\u00e1ta og harma yfir henni \u00fea\u00f0 \u00feeirra kaupeyri man enginn kaupa meir, kaupeyri gulls og silfurs og gimsteina og perlur og silki og purpura og skarlat og allsh\u00e1tta\u00f0an d\u00fdrindis vi\u00f0 og allsh\u00e1ttu\u00f0 ker af f\u00edlabeinum og allra handa ker af d\u00fdrm\u00e6tum vi\u00f0i og af eiri og af j\u00e1rni og marmara og jurtir og smyrsl, reykelsi og v\u00edn og vi\u00f0smj\u00f6r, similiu og hveiti, kvikf\u00e9 og sau\u00f0i, hesta og vagna og l\u00edkama og s\u00e1lir mannanna.<\/p>\n<p>\tOg \u00fea\u00f0 aldini \u00fear \u00fe\u00edn s\u00e1la haf\u00f0i girnd \u00e1 er fr\u00e1 \u00fe\u00e9r viki\u00f0 og allt hva\u00f0 feitt og frj\u00e1lslegt var \u00fea\u00f0 er fr\u00e1 \u00fe\u00e9r viki\u00f0 og \u00fe\u00fa munt \u00fea\u00f0 eigi lengur finna. Kaupmenn \u00feessarar v\u00f6ru hverjir af henni au\u00f0igir or\u00f0nir eru munu fjarl\u00e6gt standa af hr\u00e6\u00f0slu hennar kvala, gr\u00e1tandi og harmandi, og segja: &#8222;Vei, vei, hin mikla borg, sem me\u00f0 silki, purpura og skarlati var kl\u00e6dd og me\u00f0 gulli var f\u00e1gu\u00f0 og gimsteinum og perlum! \u00dev\u00ed a\u00f0 \u00e1 einni stundu er sl\u00edkur r\u00edkd\u00f3mur a\u00f0 \u00f6ngu or\u00f0inn!&#8220;<\/p>\n<p>\tOg allir skipstj\u00f3rnarmenn og allur s\u00e1 skari sem \u00e1 skipum handt\u00e9rar og skipverjar \u00feeir \u00e1 sj\u00f3num handt\u00e9ra st\u00f3\u00f0u \u00ed fjarska og k\u00f6llu\u00f0u \u00fe\u00e1 \u00feeir s\u00e1u reykinn af hennar bruna og s\u00f6g\u00f0u: &#8222;Hver er l\u00edkur \u00feessari hinni miklu borg?&#8220; Og \u00feeir jusu moldu yfir h\u00f6fu\u00f0 s\u00e9r og k\u00f6llu\u00f0u gr\u00e1tandi og harmandi og s\u00f6g\u00f0u: &#8222;Vei, vei, s\u00fa hin mikla borg, \u00ed hverri au\u00f0igir eru or\u00f0nimr allir \u00feeir sem skipin h\u00f6f\u00f0u \u00e1 sj\u00f3num me\u00f0 hennar v\u00f6ru \u00fev\u00ed a\u00f0 \u00ed einni stundu er h\u00fan \u00ed ey\u00f0i l\u00f6g\u00f0!&#8220;<\/p>\n<p>\tGle\u00f0 \u00feig yfir henni, himinn, og \u00fe\u00e9r heilgair, postular og sp\u00e1menn! \u00dev\u00ed a\u00f0 Gu\u00f0 hefur y\u00f0varn d\u00f3m \u00e1 henni d\u00e6mt. Og einn \u00f6flugur engill t\u00f3k upp stein, st\u00f3ran sem kvarnarstein, og kasta\u00f0i honum \u00ed sj\u00f3inn og sag\u00f0i: &#8222;So mun me\u00f0 einum gn\u00fd \u00fatkastast hin mikla Bab\u00fdlon og eigi meir fundin ver\u00f0a. Og s\u00f6ngmannar\u00f6dd og h\u00f6rpusl\u00e1ttara- og \u00feeirra \u00ed p\u00edpur bl\u00e1sa og \u00ed l\u00fa\u00f0ra \u00feeyta skal eigi meir heyrast \u00ed \u00fe\u00e9r og enginn emb\u00e6ttisma\u00f0ur hvers sem helst emb\u00e6ttis hann er skal meir \u00ed \u00fe\u00e9r fundinn ver\u00f0a, kvernarhlj\u00f3\u00f0 skal eigi meir \u00ed \u00fe\u00e9r heyrt ver\u00f0a og r\u00f6dd br\u00fa\u00f0gumans og br\u00fa\u00f0urinnar skal eigi meir \u00ed \u00fe\u00e9r heyr\u00f0 ver\u00f0a. \u00dev\u00ed \u00fe\u00ednir kaupmenn voru h\u00f6f\u00f0ingjar \u00e1 j\u00f6r\u00f0u. \u00dev\u00ed a\u00f0 fyrir \u00fe\u00edna fj\u00f6lkynngi f\u00f3ru villar allar \u00fej\u00f3\u00f0ir og bl\u00f3\u00f0i\u00f0 sp\u00e1mannanna og heilagra er \u00ed henni fundi\u00f0 og allra \u00feeirra sem \u00e1 j\u00f6r\u00f0u eru \u00ed hel slegnir.&#8220;<\/p>\n","protected":false},"excerpt":{"rendered":"<p>XVIII. Og eftir \u00fea\u00f0 s\u00e1 eg annan engil ofan fara af himni. S\u00e1 haf\u00f0i mikla magt og j\u00f6r\u00f0in uppl\u00fdstist af hans birti. Og hann kalla\u00f0i af valdi me\u00f0 h\u00e1rri r\u00f6ddu og sag\u00f0i: &#8222;H\u00fan er fallin, h\u00fan er fallin, Bab\u00fdlon hin mikla, og er dj\u00f6flanna heimili or\u00f0in og hirsla alls \u00f3hreins anda og hirsla alls \u00f3hreins og \u00f3\u00feakkn\u00e6milegs fugls. \u00dev\u00ed a\u00f0 af rei\u00f0innar v\u00edni hennar h\u00f3ranar hafa allar \u00fej\u00f3\u00f0ir drukki\u00f0 og konungar jar\u00f0arinnar hafa me\u00f0 henni h\u00f3ranir dr\u00fdgt og hennar kaupmenn eru au\u00f0igir or\u00f0nir af hennar miklum muna\u00f0semdum.&#8220; Og eg heyr\u00f0a a\u00f0ra r\u00f6dd af himni segja: &#8222;\u00datgangi\u00f0 af henni, mitt f\u00f3lk, <a href=\"https:\/\/biblian.is\/gudbrandsbiblia\/opinberunarbok-johannesar-18-kafli\/\"> [&#8230;]<\/a><\/p>\n","protected":false},"author":1,"featured_media":0,"parent":0,"menu_order":0,"comment_status":"open","ping_status":"open","template":"bibliukaflar.php","meta":{"footnotes":""},"class_list":["post-4036","page","type-page","status-publish","hentry"],"_links":{"self":[{"href":"https:\/\/biblian.is\/gudbrandsbiblia\/wp-json\/wp\/v2\/pages\/4036","targetHints":{"allow":["GET"]}}],"collection":[{"href":"https:\/\/biblian.is\/gudbrandsbiblia\/wp-json\/wp\/v2\/pages"}],"about":[{"href":"https:\/\/biblian.is\/gudbrandsbiblia\/wp-json\/wp\/v2\/types\/page"}],"author":[{"embeddable":true,"href":"https:\/\/biblian.is\/gudbrandsbiblia\/wp-json\/wp\/v2\/users\/1"}],"replies":[{"embeddable":true,"href":"https:\/\/biblian.is\/gudbrandsbiblia\/wp-json\/wp\/v2\/comments?post=4036"}],"version-history":[{"count":0,"href":"https:\/\/biblian.is\/gudbrandsbiblia\/wp-json\/wp\/v2\/pages\/4036\/revisions"}],"wp:attachment":[{"href":"https:\/\/biblian.is\/gudbrandsbiblia\/wp-json\/wp\/v2\/media?parent=4036"}],"curies":[{"name":"wp","href":"https:\/\/api.w.org\/{rel}","templated":true}]}}