{"id":4033,"date":"2017-12-18T18:35:26","date_gmt":"2017-12-18T18:35:26","guid":{"rendered":"http:\/\/biblian.is\/gudbrandsbiblia\/opinberunarbok-johannesar-15-kafli\/"},"modified":"2017-12-18T18:35:26","modified_gmt":"2017-12-18T18:35:26","slug":"opinberunarbok-johannesar-15-kafli","status":"publish","type":"page","link":"https:\/\/biblian.is\/gudbrandsbiblia\/opinberunarbok-johannesar-15-kafli\/","title":{"rendered":"Opinberunarb\u00f3k J\u00f3hannesar 15. kafli"},"content":{"rendered":"<p>XV.<\/p>\n<p>Og eg s\u00e1 anna\u00f0 teikn \u00e1 himni, \u00fea\u00f0 var miki\u00f0 og undarlegt: Sj\u00f6 englar h\u00f6f\u00f0u sj\u00f6 inar s\u00ed\u00f0ustu pl\u00e1gur \u00fea\u00f0 me\u00f0 \u00feeim s\u00f6mum er fullkomnu\u00f0 rei\u00f0i Gu\u00f0s. Og eg s\u00e1 so sem glersj\u00f3 eldi menga\u00f0an og \u00fe\u00e1 sem sigra\u00f0 h\u00f6f\u00f0u d\u00fdri\u00f0 og \u00feess mynd og \u00feess teikn og t\u00f6lu \u00feess nafns \u00fea\u00f0 \u00feeir st\u00f3\u00f0u \u00e1 glersj\u00f3num og h\u00f6f\u00f0u h\u00f6rpur Gu\u00f0s og sungu lofs\u00f6ng M\u00f3ses, Gu\u00f0s \u00fe\u00e9nustumanns, og lofs\u00f6ng lambsins, segjandi: <span class=\"athugasemd\" title=\"\u00deetta eru allir pr\u00e9dikarar \u00feeir sem styrkja Gu\u00f0s evangelii framgang\">[<\/span> &#8222;Mikil og undarleg eru \u00fe\u00edn verk, Drottinn Gu\u00f0 alm\u00e1ttigur, r\u00e9ttv\u00edsir og sannarlegir eru \u00fe\u00ednir vegir, \u00fe\u00fa konungur heilagra. Hver skyldi eigi hr\u00e6\u00f0ast, Drottinn, og mikla \u00feitt nafn? \u00dea\u00f0 \u00fe\u00fa ert einn heilagur. Af \u00fev\u00ed munu allar \u00fej\u00f3\u00f0ir koma og tilbi\u00f0ja fyrir \u00fe\u00e9r \u00fev\u00ed \u00fe\u00ednir d\u00f3mar eru opinberir or\u00f0nir.&#8220;<\/p>\n<p>\tOg eftir \u00fea\u00f0 s\u00e1 eg og sj\u00e1, a\u00f0 upploki\u00f0 var\u00f0 musteri vitnisbur\u00f0arins tjaldb\u00fa\u00f0ar \u00e1 himni og \u00fat af musterinu gengu \u00feeir sj\u00f6 englar sem \u00fe\u00e6r sj\u00f6 pl\u00e1gur h\u00f6f\u00f0u, kl\u00e6ddir hreinu sk\u00ednanda l\u00edni og gyrtir um brj\u00f3sti\u00f0 gulllindum. Og eitt af fj\u00f3rum d\u00fdrunum gaf \u00feeim sj\u00f6 englunum sj\u00f6 gullsk\u00e1lir fullar Gu\u00f0s rei\u00f0i, \u00feess er lifir um aldur og a\u00f0 eil\u00edfu. Og musteri\u00f0 var\u00f0 fullt af reyk af vegsemd Gu\u00f0s og hans krafti. Og enginn kunni a\u00f0 ganga \u00ed musteri\u00f0 \u00fear til \u00fea\u00f0 \u00fe\u00e6r sj\u00f6 pl\u00e1gur \u00feeirra sj\u00f6 engla fullkomna\u00f0ar ur\u00f0u.<\/p>\n","protected":false},"excerpt":{"rendered":"<p>XV. Og eg s\u00e1 anna\u00f0 teikn \u00e1 himni, \u00fea\u00f0 var miki\u00f0 og undarlegt: Sj\u00f6 englar h\u00f6f\u00f0u sj\u00f6 inar s\u00ed\u00f0ustu pl\u00e1gur \u00fea\u00f0 me\u00f0 \u00feeim s\u00f6mum er fullkomnu\u00f0 rei\u00f0i Gu\u00f0s. Og eg s\u00e1 so sem glersj\u00f3 eldi menga\u00f0an og \u00fe\u00e1 sem sigra\u00f0 h\u00f6f\u00f0u d\u00fdri\u00f0 og \u00feess mynd og \u00feess teikn og t\u00f6lu \u00feess nafns \u00fea\u00f0 \u00feeir st\u00f3\u00f0u \u00e1 glersj\u00f3num og h\u00f6f\u00f0u h\u00f6rpur Gu\u00f0s og sungu lofs\u00f6ng M\u00f3ses, Gu\u00f0s \u00fe\u00e9nustumanns, og lofs\u00f6ng lambsins, segjandi: [ &#8222;Mikil og undarleg eru \u00fe\u00edn verk, Drottinn Gu\u00f0 alm\u00e1ttigur, r\u00e9ttv\u00edsir og sannarlegir eru \u00fe\u00ednir vegir, \u00fe\u00fa konungur heilagra. Hver skyldi eigi hr\u00e6\u00f0ast, Drottinn, og mikla \u00feitt nafn? \u00dea\u00f0 <a href=\"https:\/\/biblian.is\/gudbrandsbiblia\/opinberunarbok-johannesar-15-kafli\/\"> [&#8230;]<\/a><\/p>\n","protected":false},"author":1,"featured_media":0,"parent":0,"menu_order":0,"comment_status":"open","ping_status":"open","template":"bibliukaflar.php","meta":{"footnotes":""},"class_list":["post-4033","page","type-page","status-publish","hentry"],"_links":{"self":[{"href":"https:\/\/biblian.is\/gudbrandsbiblia\/wp-json\/wp\/v2\/pages\/4033","targetHints":{"allow":["GET"]}}],"collection":[{"href":"https:\/\/biblian.is\/gudbrandsbiblia\/wp-json\/wp\/v2\/pages"}],"about":[{"href":"https:\/\/biblian.is\/gudbrandsbiblia\/wp-json\/wp\/v2\/types\/page"}],"author":[{"embeddable":true,"href":"https:\/\/biblian.is\/gudbrandsbiblia\/wp-json\/wp\/v2\/users\/1"}],"replies":[{"embeddable":true,"href":"https:\/\/biblian.is\/gudbrandsbiblia\/wp-json\/wp\/v2\/comments?post=4033"}],"version-history":[{"count":0,"href":"https:\/\/biblian.is\/gudbrandsbiblia\/wp-json\/wp\/v2\/pages\/4033\/revisions"}],"wp:attachment":[{"href":"https:\/\/biblian.is\/gudbrandsbiblia\/wp-json\/wp\/v2\/media?parent=4033"}],"curies":[{"name":"wp","href":"https:\/\/api.w.org\/{rel}","templated":true}]}}