{"id":4032,"date":"2017-12-18T18:35:26","date_gmt":"2017-12-18T18:35:26","guid":{"rendered":"http:\/\/biblian.is\/gudbrandsbiblia\/opinberunarbok-johannesar-14-kafli\/"},"modified":"2017-12-18T18:35:26","modified_gmt":"2017-12-18T18:35:26","slug":"opinberunarbok-johannesar-14-kafli","status":"publish","type":"page","link":"https:\/\/biblian.is\/gudbrandsbiblia\/opinberunarbok-johannesar-14-kafli\/","title":{"rendered":"Opinberunarb\u00f3k J\u00f3hannesar 14. kafli"},"content":{"rendered":"<p>XIIII.<\/p>\n<p>Eg s\u00e1 og lamb standa \u00e1 fjallinu S\u00edon og me\u00f0 \u00fev\u00ed hundra\u00f0 og fj\u00f3rar og fj\u00f6rut\u00edgu \u00fe\u00fasundir. <span class=\"athugasemd\" title=\"H\u00e9r huggar hann \u00fe\u00e1 kristnu a\u00f0 sl\u00edkt vei og sl\u00edkar sv\u00edvir\u00f0ingar skuli fyrir evangelii l\u00e6rd\u00f3m umturnast\">[<\/span> \u00deeir h\u00f6f\u00f0u n\u00f6fn f\u00f6\u00f0ur s\u00edns skrifu\u00f0 \u00ed s\u00ednum ennum. Og eg heyr\u00f0a r\u00f6dd af himni svo sem mikils vatsfalls og svo sem r\u00f6dd mikillar rei\u00f0ar\u00ferumu og r\u00f6ddin sem eg heyr\u00f0i var sem h\u00f6rpuslagara \u00feeir e\u00f0 sl\u00e1 s\u00ednar h\u00f6rpu. Og sungu svo sem n\u00fdja lofs\u00f6ngva fyrir st\u00f3lnum og fyrir \u00feeim fj\u00f3rum d\u00fdrunum og fyrir \u00f6ldungunum og enginn gat \u00feann lofs\u00f6ng numi\u00f0 utan einasta \u00feeir hundra\u00f0 og fj\u00f3rir og fj\u00f6rut\u00edgir \u00fe\u00fasundir sem keyptir eru af j\u00f6r\u00f0unni. \u00deessir eru og \u00feeir hverjir eigi flekka\u00f0ir eru me\u00f0ur konum \u00fev\u00ed a\u00f0 \u00feeir eru meyjar og fylgja lambinu eftir hvert \u00fea\u00f0 gengur. \u00deessir eru og keyptir \u00fat af m\u00f6nnum Gu\u00f0i til frumbur\u00f0a og lambinu og \u00ed \u00feeirra munni er engin lygi fundin \u00fev\u00ed a\u00f0 \u00feeir eru utan flekkan frammi fyrir st\u00f3li Gu\u00f0s.<\/p>\n<p>\tOg eg s\u00e1 annan engil flj\u00faga um mi\u00f0jan himininn. S\u00e1 haf\u00f0i \u00e6vinlegt evangelium til a\u00f0 kunngj\u00f6ra \u00feeim sem \u00e1 j\u00f6r\u00f0u sitja og byggja og allum \u00fej\u00f3\u00f0um og kyn\u00fe\u00e1ttum og tungum\u00e1li og f\u00f3lki og sag\u00f0i me\u00f0 h\u00e1rri r\u00f6ddu: <span class=\"athugasemd\" title=\"Psal. 154\">[<\/span> &#8222;\u00d3ttist Gu\u00f0 og gefi\u00f0 honum d\u00fdr\u00f0ina \u00fev\u00ed a\u00f0 kominn er t\u00edmi hans d\u00f3ms og tilbi\u00f0ji\u00f0 \u00feann sem gj\u00f6rt hefur himin og j\u00f6r\u00f0 og sj\u00f3in og vatsbrunnana.&#8220;<\/p>\n<p>\tOg annar engill eftirfylgdi. S\u00e1 sag\u00f0i: &#8222;Fallin er h\u00fan, fallin er h\u00fan, Bab\u00fdlon hin mikla borg \u00fev\u00ed a\u00f0 h\u00fan hefur me\u00f0 v\u00edni s\u00edns saurl\u00edfis drykkja\u00f0 allar \u00fej\u00f3\u00f0ir.&#8220;<\/p>\n<p>\tOg hinn \u00feri\u00f0ji engill fylgdi honum eftir og sag\u00f0i me\u00f0 h\u00e1rri raust: &#8222;Ef nokkur tilbi\u00f0ur d\u00fdri\u00f0 og \u00feess mynd og me\u00f0tekur \u00fea\u00f0 au\u00f0kenningarmerki \u00ed sitt enni e\u00f0ur \u00e1 s\u00edna h\u00f6nd, s\u00e1 man drekka af v\u00edni rei\u00f0innar Gu\u00f0s sem innbyrla\u00f0 og sk\u00e6rt er \u00ed bikar hans br\u00e6\u00f0i og mun kvaldur ver\u00f0a \u00ed eldi og brennisteini \u00ed augliti heilagra engla og fyrir augliti lambsins. Og reykur \u00feeirra p\u00edsla man uppst\u00edga um aldir og a\u00f0 eil\u00edfu og \u00feeir hafa eigi neina hv\u00edld dag og n\u00f3tt sem d\u00fdri\u00f0 hafa tilbe\u00f0i\u00f0 og \u00feess mynd og ef nokkur hefur \u00feess au\u00f0kenningarmerki me\u00f0teki\u00f0. H\u00e9r er \u00feolinm\u00e6\u00f0i heilagra, h\u00e9r eru \u00feeir sem var\u00f0veita bo\u00f0or\u00f0in og tr\u00fana \u00e1 Jes\u00fam.&#8220;<\/p>\n<p>\tOg eg heyr\u00f0a r\u00f6dd af himni til m\u00edn segja: &#8222;Skrifa: S\u00e6lir eru \u00feeir framli\u00f0nu sem \u00ed Drottni deyja \u00ed fr\u00e1 \u00feessu. J\u00e1, andinn segir: \u00deeir hv\u00edlast af s\u00ednu erfi\u00f0i \u00fev\u00ed a\u00f0 \u00feeirra verk fylgja \u00feeim eftir.&#8220;<\/p>\n<p>\tOg eg leit og sj\u00e1, a\u00f0 hv\u00edtt sk\u00fd og \u00e1 sk\u00fdinu sitja \u00feann l\u00edkur var mannsins syni. S\u00e1 haf\u00f0i gullk\u00f3r\u00f3nu \u00e1 s\u00ednu h\u00f6f\u00f0i og \u00ed sinni hendi hvassan sig\u00f0. <span class=\"athugasemd\" title=\"Fyrirmynd d\u00f3msins\">[<\/span> Og annar engill gekk \u00fat af musterinu. S\u00e1 kalla\u00f0i me\u00f0 h\u00e1rri raust til \u00feess sem \u00e1 sk\u00fdinu sat: &#8222;Sl\u00e1 til me\u00f0 sig\u00f0 \u00fe\u00ednum og sker upp \u00fev\u00ed kornskerut\u00edminn er kominn af \u00fev\u00ed a\u00f0 haustyrkjan jar\u00f0arinnar er \u00feornu\u00f0.&#8220; Og s\u00e1 er \u00e1 sk\u00fdinu sat hj\u00f3 til me\u00f0 s\u00ednum sig\u00f0i \u00e1 j\u00f6r\u00f0ina og j\u00f6r\u00f0in var haustunnin. <span class=\"athugasemd\" title=\"J\u00f3el 3\">[<\/span><\/p>\n<p>\tOg annar engill gekk \u00fat af musterinu \u00e1 himni. S\u00e1 haf\u00f0i einnin hvassan sig\u00f0. Og annar engill gekk \u00fat af altarinu. S\u00e1 haf\u00f0i magt yfir eldinum og hr\u00f3pa\u00f0i me\u00f0 miklu kalli til hans sem hvassan sig\u00f0inn haf\u00f0i og sag\u00f0i: &#8222;H\u00f6gg til me\u00f0 \u00fe\u00ednum hvassa sig\u00f0 og sn\u00ed\u00f0 af v\u00ednvi\u00f0arkvistu jar\u00f0arinnar \u00fea\u00f0 \u00feeirra ber eru fullvaxin.&#8220; Og engillinn hj\u00f3 til me\u00f0 s\u00ednum hvassa sig\u00f0 \u00e1 j\u00f6r\u00f0ina og snei\u00f0 af v\u00ednkvistu jar\u00f0arinnar og snara\u00f0i \u00feeim \u00ed hina miklu v\u00edn\u00fer\u00fagu Gu\u00f0s rei\u00f0i. Og v\u00edn\u00fer\u00fagan var\u00f0 utan borgar ferg\u00f0 og bl\u00f3\u00f0i\u00f0 gekk \u00fat af \u00fer\u00fagunni allt til beisltauma hestanna, um \u00fe\u00fasund og sex hundru\u00f0 renniskei\u00f0a.<\/p>\n","protected":false},"excerpt":{"rendered":"<p>XIIII. Eg s\u00e1 og lamb standa \u00e1 fjallinu S\u00edon og me\u00f0 \u00fev\u00ed hundra\u00f0 og fj\u00f3rar og fj\u00f6rut\u00edgu \u00fe\u00fasundir. [ \u00deeir h\u00f6f\u00f0u n\u00f6fn f\u00f6\u00f0ur s\u00edns skrifu\u00f0 \u00ed s\u00ednum ennum. Og eg heyr\u00f0a r\u00f6dd af himni svo sem mikils vatsfalls og svo sem r\u00f6dd mikillar rei\u00f0ar\u00ferumu og r\u00f6ddin sem eg heyr\u00f0i var sem h\u00f6rpuslagara \u00feeir e\u00f0 sl\u00e1 s\u00ednar h\u00f6rpu. Og sungu svo sem n\u00fdja lofs\u00f6ngva fyrir st\u00f3lnum og fyrir \u00feeim fj\u00f3rum d\u00fdrunum og fyrir \u00f6ldungunum og enginn gat \u00feann lofs\u00f6ng numi\u00f0 utan einasta \u00feeir hundra\u00f0 og fj\u00f3rir og fj\u00f6rut\u00edgir \u00fe\u00fasundir sem keyptir eru af j\u00f6r\u00f0unni. \u00deessir eru og \u00feeir hverjir eigi flekka\u00f0ir <a href=\"https:\/\/biblian.is\/gudbrandsbiblia\/opinberunarbok-johannesar-14-kafli\/\"> [&#8230;]<\/a><\/p>\n","protected":false},"author":1,"featured_media":0,"parent":0,"menu_order":0,"comment_status":"open","ping_status":"open","template":"bibliukaflar.php","meta":{"footnotes":""},"class_list":["post-4032","page","type-page","status-publish","hentry"],"_links":{"self":[{"href":"https:\/\/biblian.is\/gudbrandsbiblia\/wp-json\/wp\/v2\/pages\/4032","targetHints":{"allow":["GET"]}}],"collection":[{"href":"https:\/\/biblian.is\/gudbrandsbiblia\/wp-json\/wp\/v2\/pages"}],"about":[{"href":"https:\/\/biblian.is\/gudbrandsbiblia\/wp-json\/wp\/v2\/types\/page"}],"author":[{"embeddable":true,"href":"https:\/\/biblian.is\/gudbrandsbiblia\/wp-json\/wp\/v2\/users\/1"}],"replies":[{"embeddable":true,"href":"https:\/\/biblian.is\/gudbrandsbiblia\/wp-json\/wp\/v2\/comments?post=4032"}],"version-history":[{"count":0,"href":"https:\/\/biblian.is\/gudbrandsbiblia\/wp-json\/wp\/v2\/pages\/4032\/revisions"}],"wp:attachment":[{"href":"https:\/\/biblian.is\/gudbrandsbiblia\/wp-json\/wp\/v2\/media?parent=4032"}],"curies":[{"name":"wp","href":"https:\/\/api.w.org\/{rel}","templated":true}]}}