{"id":4031,"date":"2017-12-18T18:35:26","date_gmt":"2017-12-18T18:35:26","guid":{"rendered":"http:\/\/biblian.is\/gudbrandsbiblia\/opinberunarbok-johannesar-13-kafli\/"},"modified":"2017-12-18T18:35:26","modified_gmt":"2017-12-18T18:35:26","slug":"opinberunarbok-johannesar-13-kafli","status":"publish","type":"page","link":"https:\/\/biblian.is\/gudbrandsbiblia\/opinberunarbok-johannesar-13-kafli\/","title":{"rendered":"Opinberunarb\u00f3k J\u00f3hannesar 13. kafli"},"content":{"rendered":"<p>XIII.<\/p>\n<p>Og eg st\u00f3\u00f0 \u00e1 sj\u00e1varsandi og eg s\u00e1 d\u00fdr uppst\u00edga \u00far sj\u00f3num. <span class=\"athugasemd\" title=\"\u00dea\u00f0 \u00feri\u00f0ja vei \/ P\u00e1fad\u00f3msins sv\u00edvir\u00f0ing \u00ed veraldlegri ath\u00f6fn\">[<\/span> \u00dea\u00f0 haf\u00f0i sj\u00f6 h\u00f6fu\u00f0 og t\u00edu horn og \u00e1 s\u00ednum hornum sj\u00f6 k\u00f3r\u00f3nur og \u00e1 \u00feess h\u00f6f\u00f0um n\u00f6fn h\u00e1\u00f0ungarinnar. Og \u00fea\u00f0 d\u00fdr sem eg s\u00e1 var l\u00edkt pardelo og \u00feess f\u00e6tur sem bj\u00f6rnaf\u00e6tur og \u00feess kraftur sem le\u00f3nakraftur. Og drekinn gaf \u00fev\u00ed sinn kraft og sinn st\u00f3l og mikla magt. Og eg s\u00e1 eitt af \u00feess h\u00f6f\u00f0um svo sem v\u00e6ri \u00fea\u00f0 s\u00e6rt til dau\u00f0a og \u00feess hin banv\u00e6na und var\u00f0 heil. <span class=\"athugasemd\" title=\"Imperium Romanum desertum a Graecis translatum ad Germanos per Papam \/ \u00deetta d\u00fdr er \u00fea\u00f0 r\u00f3mverska r\u00edki og gj\u00f6r\u00f0i sl\u00edkt \u00e1 me\u00f0an \u00fea\u00f0 var hei\u00f0i\u00f0\">[<\/span> Og \u00f6ll veraldarkringlan undra\u00f0ist \u00fea\u00f0 d\u00fdri\u00f0 og tilb\u00e1\u00f0u drekann \u00feann sem d\u00fdrinu gaf magtina og tilb\u00e1\u00f0u \u00fea\u00f0 d\u00fdr og s\u00f6g\u00f0u: &#8222;Hver er d\u00fdrinu l\u00edkur og hver kann a\u00f0 str\u00ed\u00f0a vi\u00f0 \u00fea\u00f0?&#8220;<\/p>\n<p>\tOg \u00fev\u00ed var\u00f0 gefinn munnur til a\u00f0 tala mikla hluti og h\u00e1\u00f0ungar og \u00fev\u00ed var\u00f0 m\u00e1ttur gefinn til a\u00f0 h\u00f6ndla \u00ed tvo og fj\u00f6rut\u00edgi m\u00e1na\u00f0i. Og \u00fea\u00f0 upplauk s\u00ednum munni til a\u00f0 h\u00e6\u00f0a \u00ed m\u00f3ti Gu\u00f0i og a\u00f0 lasta hans nafn og hans tjaldb\u00fa\u00f0 og \u00fe\u00e1 \u00e1 himnum byggja. Og \u00fev\u00ed var\u00f0 gefi\u00f0 a\u00f0 str\u00ed\u00f0a vi\u00f0 heilaga og yfirvinna \u00fe\u00e1. Og \u00fev\u00ed var\u00f0 gefin magt yfir allar kynkv\u00edslir og tungum\u00e1l og \u00fej\u00f3\u00f0ir. Og allir sem \u00e1 j\u00f6r\u00f0u byggja tilb\u00e1\u00f0u \u00fea\u00f0, hverra n\u00f6fn eigi eru skrifu\u00f0 \u00e1 l\u00edfsb\u00f3kinni lambsins, hvert l\u00edfl\u00e1ti\u00f0 er af upphafi veraldar. <span class=\"athugasemd\" title=\"Gen. 9\">[<\/span> Hefur nokkur eyru, s\u00e1 heyri. Ef einhver \u00ed herlei\u00f0ing lei\u00f0ir s\u00e1 man \u00ed herlei\u00f0ingu ganga. Ef nokkur \u00ed hel sl\u00e6r me\u00f0 sver\u00f0i, s\u00e1 hl\u00fdtur me\u00f0 ver\u00f0i \u00ed hel sleginn a\u00f0 ver\u00f0a. <span class=\"athugasemd\" title=\"Ebre. 13 \/ Math. 26\">[<\/span> H\u00e9r er \u00feolinm\u00e6\u00f0i og tr\u00fa heilagra.<\/p>\n<p>\tOg eg s\u00e1 anna\u00f0 d\u00fdr uppst\u00edga af j\u00f6r\u00f0unni. <span class=\"athugasemd\" title=\"P\u00e1finn uppreisir hi\u00f0 fallna R\u00f3mar\u00edki upp aftur\">[<\/span> \u00dea\u00f0 haf\u00f0i tv\u00f6 horn l\u00edka sem lamb og tala\u00f0i svo sem drekinn. Og \u00fea\u00f0 gj\u00f6rir alla magt hins fyrra d\u00fdrsins \u00ed \u00feess augliti. Og \u00fea\u00f0 gj\u00f6r\u00f0i a\u00f0 j\u00f6r\u00f0in og \u00feeir sem \u00fear \u00e1 b\u00faa tilb\u00e1\u00f0u \u00fea\u00f0 fyrra d\u00fdri\u00f0, hvers dau\u00f0leg und heil var or\u00f0in. Og \u00fea\u00f0 gj\u00f6rir st\u00f3r t\u00e1kn svo a\u00f0 \u00fea\u00f0 gj\u00f6rir einnin eld af himni a\u00f0 falla \u00ed mannanna augs\u00fdn og villir \u00fe\u00e1 sem \u00e1 j\u00f6r\u00f0u b\u00faa fyrir sakir \u00feeirra teikna sem \u00fev\u00ed eru gefin til a\u00f0 gj\u00f6ra \u00ed augliti d\u00fdrsins, segjandi \u00feeim \u00e1 j\u00f6r\u00f0u byggja a\u00f0 \u00feeir gj\u00f6ri mynd d\u00fdrinu \u00fev\u00ed sem undina af sver\u00f0inu haf\u00f0i og lifna\u00f0i. <span class=\"athugasemd\" title=\"Andi og m\u00e1l merkir a\u00f0 \u00fea\u00f0 er kr\u00f6ftugt og ekki dautt l\u00edkneski heldur hafandi valdst\u00e9ttir og lagar\u00e9tt\">[<\/span><\/p>\n<p>\tOg \u00fev\u00ed var\u00f0 gefi\u00f0 a\u00f0 \u00fea\u00f0 g\u00e6fi myndinni d\u00fdrsins anda svo \u00fea\u00f0 myndin d\u00fdrsins tala\u00f0i. Og \u00fea\u00f0 gj\u00f6r\u00f0i a\u00f0 hver sem helst eigi tilba\u00f0 mynd d\u00fdrsins s\u00e1 var\u00f0 \u00ed hel sleginn. Og \u00fea\u00f0 gj\u00f6rir alla, sm\u00e1 og st\u00f3ra, r\u00edka og f\u00e1t\u00e6ka, frelsingja og \u00fer\u00e6la, a\u00f0 me\u00f0taka \u00fea\u00f0 au\u00f0kenningarteikn \u00ed s\u00edna h\u00e6gri h\u00f6nd elligar \u00ed s\u00edn enni svo \u00fea\u00f0 enginn f\u00e6r a\u00f0 selja e\u00f0ur a\u00f0 kaupa utan hann haf\u00f0i \u00fea\u00f0 au\u00f0kenningarmerki e\u00f0ur nafn d\u00fdrsins e\u00f0ur t\u00f6lu \u00feess nafns. H\u00e9r er speki. Hver skilning hefur s\u00e1 samanreikni t\u00f6lu d\u00fdrsins \u00fev\u00ed a\u00f0 \u00fea\u00f0 er mannsins tala og \u00feess tala er sex hundru\u00f0 sex og sext\u00edgi. <span class=\"athugasemd\" title=\"(666) \/ \u00dea\u00f0 er sex c lxvi \u00e1r. So lengi st\u00f3\u00f0 s\u00e1 veraldlegi p\u00e1fad\u00f3mur\">[<\/span><\/p>\n","protected":false},"excerpt":{"rendered":"<p>XIII. Og eg st\u00f3\u00f0 \u00e1 sj\u00e1varsandi og eg s\u00e1 d\u00fdr uppst\u00edga \u00far sj\u00f3num. [ \u00dea\u00f0 haf\u00f0i sj\u00f6 h\u00f6fu\u00f0 og t\u00edu horn og \u00e1 s\u00ednum hornum sj\u00f6 k\u00f3r\u00f3nur og \u00e1 \u00feess h\u00f6f\u00f0um n\u00f6fn h\u00e1\u00f0ungarinnar. Og \u00fea\u00f0 d\u00fdr sem eg s\u00e1 var l\u00edkt pardelo og \u00feess f\u00e6tur sem bj\u00f6rnaf\u00e6tur og \u00feess kraftur sem le\u00f3nakraftur. Og drekinn gaf \u00fev\u00ed sinn kraft og sinn st\u00f3l og mikla magt. Og eg s\u00e1 eitt af \u00feess h\u00f6f\u00f0um svo sem v\u00e6ri \u00fea\u00f0 s\u00e6rt til dau\u00f0a og \u00feess hin banv\u00e6na und var\u00f0 heil. [ Og \u00f6ll veraldarkringlan undra\u00f0ist \u00fea\u00f0 d\u00fdri\u00f0 og tilb\u00e1\u00f0u drekann \u00feann sem d\u00fdrinu gaf magtina <a href=\"https:\/\/biblian.is\/gudbrandsbiblia\/opinberunarbok-johannesar-13-kafli\/\"> [&#8230;]<\/a><\/p>\n","protected":false},"author":1,"featured_media":0,"parent":0,"menu_order":0,"comment_status":"open","ping_status":"open","template":"bibliukaflar.php","meta":{"footnotes":""},"class_list":["post-4031","page","type-page","status-publish","hentry"],"_links":{"self":[{"href":"https:\/\/biblian.is\/gudbrandsbiblia\/wp-json\/wp\/v2\/pages\/4031","targetHints":{"allow":["GET"]}}],"collection":[{"href":"https:\/\/biblian.is\/gudbrandsbiblia\/wp-json\/wp\/v2\/pages"}],"about":[{"href":"https:\/\/biblian.is\/gudbrandsbiblia\/wp-json\/wp\/v2\/types\/page"}],"author":[{"embeddable":true,"href":"https:\/\/biblian.is\/gudbrandsbiblia\/wp-json\/wp\/v2\/users\/1"}],"replies":[{"embeddable":true,"href":"https:\/\/biblian.is\/gudbrandsbiblia\/wp-json\/wp\/v2\/comments?post=4031"}],"version-history":[{"count":0,"href":"https:\/\/biblian.is\/gudbrandsbiblia\/wp-json\/wp\/v2\/pages\/4031\/revisions"}],"wp:attachment":[{"href":"https:\/\/biblian.is\/gudbrandsbiblia\/wp-json\/wp\/v2\/media?parent=4031"}],"curies":[{"name":"wp","href":"https:\/\/api.w.org\/{rel}","templated":true}]}}