{"id":4030,"date":"2017-12-18T18:35:26","date_gmt":"2017-12-18T18:35:26","guid":{"rendered":"http:\/\/biblian.is\/gudbrandsbiblia\/opinberunarbok-johannesar-12-kafli\/"},"modified":"2017-12-18T18:35:26","modified_gmt":"2017-12-18T18:35:26","slug":"opinberunarbok-johannesar-12-kafli","status":"publish","type":"page","link":"https:\/\/biblian.is\/gudbrandsbiblia\/opinberunarbok-johannesar-12-kafli\/","title":{"rendered":"Opinberunarb\u00f3k J\u00f3hannesar 12. kafli"},"content":{"rendered":"<p>XII.<\/p>\n<p>Og hinn sj\u00f6undi engill b\u00e1s\u00fana\u00f0i og \u00fear gj\u00f6r\u00f0ust miklar raddir \u00e1 himnum. <span class=\"athugasemd\" title=\"H\u00e9r kemur s\u00e1 veraldlegi p\u00e1fad\u00f3mur. En \u00e1\u00f0ur fyrirfram huggar hann enn \u00ed \u00f6\u00f0ru sinni kristind\u00f3minn \u00ed gegn sl\u00edkum sv\u00edvir\u00f0ingum\">[<\/span> \u00de\u00e6r s\u00f6g\u00f0u: &#8222;R\u00edkin \u00feessarar veraldar eru vor\u00f0in vors Drottins og hans Krists og hann mun r\u00edkja um aldir og a\u00f0 eil\u00edfu.&#8220; Og \u00feeir fj\u00f3rir og tuttugu \u00f6ldungar sem sitja fyrir Gu\u00f0s augliti \u00e1 s\u00ednum st\u00f3lum f\u00e9llu fram \u00e1 s\u00ednar \u00e1sj\u00f3nur, tilb\u00e1\u00f0u Gu\u00f0 og s\u00f6g\u00f0u: &#8222;V\u00e9r \u00fe\u00f6kkum \u00fe\u00e9r, Drottinn Gu\u00f0 alm\u00e1ttugur, s\u00e1 \u00fe\u00fa ert og s\u00e1 \u00fe\u00fa vart og s\u00e1 \u00fe\u00fa tilkomandi ert, \u00fev\u00ed a\u00f0 \u00fe\u00fa hefur me\u00f0teki\u00f0 \u00feinn mikla kraft og r\u00edkir. Og hinar hei\u00f0nu \u00fej\u00f3\u00f0ir eru rei\u00f0ar vor\u00f0nar og \u00fe\u00edn rei\u00f0i er komin og t\u00edmi framli\u00f0inna \u00fea\u00f0 \u00feeir d\u00e6mist og laun a\u00f0 gefa \u00fe\u00ednum \u00fej\u00f3num, sp\u00e1m\u00f6nnum og heil\u00f6gum og \u00feeim er \u00feitt nafn \u00f3ttast, sm\u00e1um og st\u00f3rum, og a\u00f0 glata \u00feeim sem j\u00f6r\u00f0unni glata\u00f0 hafa.&#8220;<\/p>\n<p>\tOg musteri Gu\u00f0s var\u00f0 upploki\u00f0 \u00e1 himni og hans testaments\u00f6rk s\u00e1stt \u00ed hans musteri. Og \u00fear ur\u00f0u eldingar og raddir og rei\u00f0ar\u00ferumur og jar\u00f0skj\u00e1lftar og hagl miki\u00f0.<\/p>\n<p>\tOg \u00fear birtist teikn miki\u00f0 \u00e1 himni: Kona s\u00f3lunni umskr\u00fddd og tungli\u00f0 undir hennar f\u00f3tum og \u00e1 hennar h\u00f6f\u00f0i k\u00f3r\u00f3na af t\u00f3lf stj\u00f6rnum. Og h\u00fan var \u00feungu\u00f0, kalla\u00f0i og var\u00f0 j\u00f3\u00f0sj\u00fak og haf\u00f0i miklar f\u00e6\u00f0ingarhr\u00ed\u00f0ir.<\/p>\n<p>\tOg \u00fear birtist enn anna\u00f0 teikn \u00e1 himni og sj\u00e1, a\u00f0 mikill dreki rau\u00f0ur, s\u00e1 haf\u00f0i sj\u00f6 h\u00f6fu\u00f0 og t\u00edu horn og \u00e1 hans h\u00f6f\u00f0i sj\u00f6 k\u00f3r\u00f3nur. Og hans hali dr\u00f3 \u00feri\u00f0jung stjarnanna og fleyg\u00f0i \u00feeim \u00e1 j\u00f6r\u00f0.<\/p>\n<p>\tOg drekinn st\u00e9 fram fyrir konuna \u00fe\u00e1 sem f\u00e6\u00f0a skyldi svo a\u00f0 n\u00e6r h\u00fan hef\u00f0i f\u00e6tt a\u00f0 hann \u00e6ti hennar barn. Og h\u00fan f\u00e6ddi son, eitt sveinbarn, s\u00e1 er stj\u00f3rna skyldi \u00f6llum \u00fej\u00f3\u00f0um me\u00f0ur j\u00e1rnvendi. Og hennar barni var\u00f0 kippt til Gu\u00f0s af hans st\u00f3li. Og konan fl\u00fd\u00f0i \u00e1 ey\u00f0im\u00f6rk hvar h\u00fan haf\u00f0i fyrirb\u00fainn sta\u00f0 af Gu\u00f0i og h\u00fan f\u00e6ddist \u00fear \u00fe\u00fasund tv\u00f6 hundru\u00f0 og sext\u00edgi daga. <span class=\"athugasemd\" title=\"1260 dagar\">[<\/span><\/p>\n<p>\tOg \u00fear gj\u00f6r\u00f0ist str\u00ed\u00f0 miki\u00f0 \u00e1 himni. M\u00edkael og hans englar b\u00f6r\u00f0ust vi\u00f0 drekann. <span class=\"athugasemd\" title=\"M\u00edkael\">[<\/span> Drekinn bar\u00f0ist og hans englar og yfirunnu ekki. \u00deeirra sta\u00f0ur var\u00f0 einnin eigi meir fudninn \u00e1 himni. Og s\u00e1 mikli dreki og hinn gamli h\u00f6ggormur, s\u00e1 sem a\u00f0 heitir dj\u00f6full og andskoti, var\u00f0 \u00fatsnara\u00f0ur \u00e1 j\u00f6r\u00f0ina og hans englar ur\u00f0u og einnin \u00fatsnara\u00f0ir.<\/p>\n<p>\tOg eg heyr\u00f0i r\u00f6dd mikla \u00e1 himni segjandi: &#8222;N\u00fa er heilsa og kraftur og r\u00edki og m\u00e1ttur vors Gu\u00f0s or\u00f0inn hans Krists me\u00f0 \u00fev\u00ed hann er \u00fatsnara\u00f0ur sem \u00fe\u00e1 \u00e1saka\u00f0i dag og n\u00f3tt fyrir Gu\u00f0i. Og \u00feeir hafa hann yfirunni\u00f0 fyrir lambsins bl\u00f3\u00f0 og fyrir or\u00f0i\u00f0 \u00feeirra vitnisbur\u00f0ar og \u00feeir hafa ei elska\u00f0 sitt l\u00edf allt til dau\u00f0ans. \u00dear fyrir gle\u00f0jist, \u00fe\u00e9r himnar og \u00fe\u00e9r sem \u00fear inni byggi\u00f0! Vei \u00feeim \u00e1 j\u00f6r\u00f0u b\u00faa og \u00e1 sj\u00f3num, \u00fev\u00ed a\u00f0 dj\u00f6fullinn st\u00edgur ofan til y\u00f0ar, hafandi rei\u00f0i mikla, og veit \u00fea\u00f0 hann hefur stuttan t\u00edma.<\/p>\n<p>\tOg sem drekinn s\u00e1 \u00fea\u00f0 hann var \u00fatsnara\u00f0ur \u00e1 j\u00f6r\u00f0ina ofs\u00f3tti hann \u00fe\u00e1 konu sem sveininn haf\u00f0i f\u00e6tt. Og konunni ur\u00f0u tveir v\u00e6ngir gefnir l\u00edka sem mikillar arnar svo \u00fea\u00f0 h\u00fan flygi \u00e1 ey\u00f0im\u00f6rk \u00ed sinn sta\u00f0 \u00fear h\u00fan n\u00e6r\u00f0ist um einn t\u00edma og um tvo t\u00edma og um h\u00e1lfan t\u00edma fr\u00e1 augs\u00fdn drekans. Og drekinn gusa\u00f0i eftir konunni \u00far s\u00ednum munni vatni, l\u00edka sem vatsfl\u00f3\u00f0i, svo a\u00f0 h\u00fan drekktist \u00ed fl\u00f3\u00f0inu. <span class=\"athugasemd\" title=\"Dan. 7\">[<\/span> En j\u00f6r\u00f0in hj\u00e1lpa\u00f0i konunni og upplauk sinn munn og svelgdi fl\u00f3\u00f0i\u00f0 er drekinn gusa\u00f0i \u00far s\u00ednum munni. Og drekinn reiddist konunni og gekk burt a\u00f0 berjast vi\u00f0 \u00fe\u00e1 sem eftir voru af hennar s\u00e6\u00f0i, \u00feeir e\u00f0 Gu\u00f0s bo\u00f0or\u00f0 var\u00f0veita og hafa vitnisbur\u00f0 Jes\u00fa Christi.<\/p>\n","protected":false},"excerpt":{"rendered":"<p>XII. Og hinn sj\u00f6undi engill b\u00e1s\u00fana\u00f0i og \u00fear gj\u00f6r\u00f0ust miklar raddir \u00e1 himnum. [ \u00de\u00e6r s\u00f6g\u00f0u: &#8222;R\u00edkin \u00feessarar veraldar eru vor\u00f0in vors Drottins og hans Krists og hann mun r\u00edkja um aldir og a\u00f0 eil\u00edfu.&#8220; Og \u00feeir fj\u00f3rir og tuttugu \u00f6ldungar sem sitja fyrir Gu\u00f0s augliti \u00e1 s\u00ednum st\u00f3lum f\u00e9llu fram \u00e1 s\u00ednar \u00e1sj\u00f3nur, tilb\u00e1\u00f0u Gu\u00f0 og s\u00f6g\u00f0u: &#8222;V\u00e9r \u00fe\u00f6kkum \u00fe\u00e9r, Drottinn Gu\u00f0 alm\u00e1ttugur, s\u00e1 \u00fe\u00fa ert og s\u00e1 \u00fe\u00fa vart og s\u00e1 \u00fe\u00fa tilkomandi ert, \u00fev\u00ed a\u00f0 \u00fe\u00fa hefur me\u00f0teki\u00f0 \u00feinn mikla kraft og r\u00edkir. Og hinar hei\u00f0nu \u00fej\u00f3\u00f0ir eru rei\u00f0ar vor\u00f0nar og \u00fe\u00edn rei\u00f0i er komin og t\u00edmi <a href=\"https:\/\/biblian.is\/gudbrandsbiblia\/opinberunarbok-johannesar-12-kafli\/\"> [&#8230;]<\/a><\/p>\n","protected":false},"author":1,"featured_media":0,"parent":0,"menu_order":0,"comment_status":"open","ping_status":"open","template":"bibliukaflar.php","meta":{"footnotes":""},"class_list":["post-4030","page","type-page","status-publish","hentry"],"_links":{"self":[{"href":"https:\/\/biblian.is\/gudbrandsbiblia\/wp-json\/wp\/v2\/pages\/4030","targetHints":{"allow":["GET"]}}],"collection":[{"href":"https:\/\/biblian.is\/gudbrandsbiblia\/wp-json\/wp\/v2\/pages"}],"about":[{"href":"https:\/\/biblian.is\/gudbrandsbiblia\/wp-json\/wp\/v2\/types\/page"}],"author":[{"embeddable":true,"href":"https:\/\/biblian.is\/gudbrandsbiblia\/wp-json\/wp\/v2\/users\/1"}],"replies":[{"embeddable":true,"href":"https:\/\/biblian.is\/gudbrandsbiblia\/wp-json\/wp\/v2\/comments?post=4030"}],"version-history":[{"count":0,"href":"https:\/\/biblian.is\/gudbrandsbiblia\/wp-json\/wp\/v2\/pages\/4030\/revisions"}],"wp:attachment":[{"href":"https:\/\/biblian.is\/gudbrandsbiblia\/wp-json\/wp\/v2\/media?parent=4030"}],"curies":[{"name":"wp","href":"https:\/\/api.w.org\/{rel}","templated":true}]}}