{"id":4029,"date":"2017-12-18T18:35:26","date_gmt":"2017-12-18T18:35:26","guid":{"rendered":"http:\/\/biblian.is\/gudbrandsbiblia\/opinberunarbok-johannesar-11-kafli\/"},"modified":"2017-12-18T18:35:26","modified_gmt":"2017-12-18T18:35:26","slug":"opinberunarbok-johannesar-11-kafli","status":"publish","type":"page","link":"https:\/\/biblian.is\/gudbrandsbiblia\/opinberunarbok-johannesar-11-kafli\/","title":{"rendered":"Opinberunarb\u00f3k J\u00f3hannesar 11. kafli"},"content":{"rendered":"<p>XI.<\/p>\n<p>Og eg mun gefa m\u00ednum tveimur vottum og \u00feeir skulu sp\u00e1 \u00fe\u00fasund tv\u00f6 hundru\u00f0 og sext\u00edgu daga, kl\u00e6ddir sekkjum. <span class=\"athugasemd\" title=\"\u00deetta eru allir sannir og g\u00f3\u00f0ir Gu\u00f0s or\u00f0s \u00fe\u00e9narar \u00feeir e\u00f0 kenna hreint or\u00f0i\u00f0 \u00feeim kristnu til hugganar\">[<\/span> \u00deessi eru tv\u00f6 vi\u00f0smj\u00f6rstr\u00e9 og tveir lj\u00f3sastjakar, standandi fyrir augliti Gu\u00f0s jar\u00f0arinnar.<\/p>\n<p>\tOg ef nokkur vill \u00feeim granda \u00fe\u00e1 gengur eldur \u00fat af \u00feeirra munni og svelgir \u00f3vini \u00feeirra og ef nokkur vill \u00feeim granda s\u00e1 hl\u00fdtur so l\u00edfl\u00e1tinn a\u00f0 ver\u00f0a. \u00deessir hafa magt himininn aftur a\u00f0 l\u00faka a\u00f0 \u00fea\u00f0 rigni ekki \u00e1 d\u00f6gum \u00feeirra sp\u00e1sagna. Og \u00feeir hafa magt yfir vatninu til a\u00f0 umsn\u00faa \u00fev\u00ed \u00ed bl\u00f3\u00f0 og a\u00f0 sl\u00e1 j\u00f6r\u00f0ina me\u00f0 allsh\u00e1tta\u00f0ri pl\u00e1gu so oft sem \u00feeir vilja.<\/p>\n<p>\tOg n\u00e6r \u00feeir hafa sinn vitnisbur\u00f0 enda\u00f0 \u00fe\u00e1 mun <span class=\"athugasemd\" title=\"a \/ (D\u00fdri\u00f0) \/ R\u00f3mverski p\u00e1fad\u00f3mur \/ Dan. 7 \/ Math. 10 \/ J\u00f3h. 16\">[<\/span> d\u00fdri\u00f0 \u00fea\u00f0 \u00fat af undirdj\u00fapinu upp st\u00edgur halda str\u00ed\u00f0 vi\u00f0 \u00fe\u00e1 og mun yfirvinna \u00fe\u00e1 og \u00ed hel sl\u00e1. Og \u00feeirra l\u00edkamir munu liggja \u00e1 str\u00e6tum hinnar miklu borgar, hver e\u00f0 andlega kallast S\u00f3d\u00f3ma og Egyptus, \u00fear vor Drottinn er krossfestur. Og \u00feeirra l\u00edkami munu nokkrir af \u00fej\u00f3\u00f0unum og kynsl\u00f3\u00f0unum og tungum\u00e1lunum sj\u00e1 \u00ed \u00ferj\u00e1 daga og einn h\u00e1lfan og munu ekki \u00feeirra l\u00edkami leggja l\u00e1ta \u00ed lei\u00f0i framli\u00f0inna. Og \u00feeir er \u00e1 j\u00f6r\u00f0u b\u00faa munu gle\u00f0ja sig yfir \u00feeim og k\u00e1tir ver\u00f0a og gj\u00f6fum sendast innbyr\u00f0is \u00fev\u00ed a\u00f0 \u00feessir tveir sp\u00e1menn kv\u00f6ldu \u00fe\u00e1 sem \u00e1 j\u00f6r\u00f0u b\u00faa.&#8220;<\/p>\n<p>\tOg eftir \u00ferj\u00e1 daga og einn h\u00e1lfan f\u00f3r \u00ed \u00fe\u00e1 l\u00edfsins andi af Gu\u00f0i og \u00feeir st\u00f3\u00f0u \u00e1 s\u00edna f\u00e6tur og mikill \u00f3tti f\u00e9ll yfir \u00fe\u00e1 sem \u00fe\u00e1 s\u00e1u. Og \u00feeir heyr\u00f0u r\u00f6dd mikla af himni segja til \u00feeirra: &#8222;St\u00edgi\u00f0 upp hinga\u00f0!&#8220; Og \u00feeir stigu upp \u00ed himininn \u00ed sk\u00fdinu og \u00feeirra \u00f3vinir s\u00e1u \u00fe\u00e1. Og \u00e1 \u00feeirri samri stundu var\u00f0 mikill jar\u00f0skj\u00e1lfti og \u00feri\u00f0jungur borgarinnar hrapa\u00f0i og \u00fear ur\u00f0u \u00ed jar\u00f0skj\u00e1lftanum \u00ed hel slegnir sj\u00f6 \u00fe\u00fasund mannan\u00f6fn. Og hinir a\u00f0rir hr\u00e6ddust og g\u00e1fu d\u00fdr\u00f0 Gu\u00f0i himinsins. \u00dea\u00f0 anna\u00f0 vei er umli\u00f0i\u00f0, sj\u00e1, hi\u00f0 \u00feri\u00f0ja vei kemur snart.<\/p>\n","protected":false},"excerpt":{"rendered":"<p>XI. Og eg mun gefa m\u00ednum tveimur vottum og \u00feeir skulu sp\u00e1 \u00fe\u00fasund tv\u00f6 hundru\u00f0 og sext\u00edgu daga, kl\u00e6ddir sekkjum. [ \u00deessi eru tv\u00f6 vi\u00f0smj\u00f6rstr\u00e9 og tveir lj\u00f3sastjakar, standandi fyrir augliti Gu\u00f0s jar\u00f0arinnar. Og ef nokkur vill \u00feeim granda \u00fe\u00e1 gengur eldur \u00fat af \u00feeirra munni og svelgir \u00f3vini \u00feeirra og ef nokkur vill \u00feeim granda s\u00e1 hl\u00fdtur so l\u00edfl\u00e1tinn a\u00f0 ver\u00f0a. \u00deessir hafa magt himininn aftur a\u00f0 l\u00faka a\u00f0 \u00fea\u00f0 rigni ekki \u00e1 d\u00f6gum \u00feeirra sp\u00e1sagna. Og \u00feeir hafa magt yfir vatninu til a\u00f0 umsn\u00faa \u00fev\u00ed \u00ed bl\u00f3\u00f0 og a\u00f0 sl\u00e1 j\u00f6r\u00f0ina me\u00f0 allsh\u00e1tta\u00f0ri pl\u00e1gu so oft sem \u00feeir <a href=\"https:\/\/biblian.is\/gudbrandsbiblia\/opinberunarbok-johannesar-11-kafli\/\"> [&#8230;]<\/a><\/p>\n","protected":false},"author":1,"featured_media":0,"parent":0,"menu_order":0,"comment_status":"open","ping_status":"open","template":"bibliukaflar.php","meta":{"footnotes":""},"class_list":["post-4029","page","type-page","status-publish","hentry"],"_links":{"self":[{"href":"https:\/\/biblian.is\/gudbrandsbiblia\/wp-json\/wp\/v2\/pages\/4029","targetHints":{"allow":["GET"]}}],"collection":[{"href":"https:\/\/biblian.is\/gudbrandsbiblia\/wp-json\/wp\/v2\/pages"}],"about":[{"href":"https:\/\/biblian.is\/gudbrandsbiblia\/wp-json\/wp\/v2\/types\/page"}],"author":[{"embeddable":true,"href":"https:\/\/biblian.is\/gudbrandsbiblia\/wp-json\/wp\/v2\/users\/1"}],"replies":[{"embeddable":true,"href":"https:\/\/biblian.is\/gudbrandsbiblia\/wp-json\/wp\/v2\/comments?post=4029"}],"version-history":[{"count":0,"href":"https:\/\/biblian.is\/gudbrandsbiblia\/wp-json\/wp\/v2\/pages\/4029\/revisions"}],"wp:attachment":[{"href":"https:\/\/biblian.is\/gudbrandsbiblia\/wp-json\/wp\/v2\/media?parent=4029"}],"curies":[{"name":"wp","href":"https:\/\/api.w.org\/{rel}","templated":true}]}}