{"id":4028,"date":"2017-12-18T18:35:26","date_gmt":"2017-12-18T18:35:26","guid":{"rendered":"http:\/\/biblian.is\/gudbrandsbiblia\/opinberunarbok-johannesar-10-kafli\/"},"modified":"2017-12-18T18:35:26","modified_gmt":"2017-12-18T18:35:26","slug":"opinberunarbok-johannesar-10-kafli","status":"publish","type":"page","link":"https:\/\/biblian.is\/gudbrandsbiblia\/opinberunarbok-johannesar-10-kafli\/","title":{"rendered":"Opinberunarb\u00f3k J\u00f3hannesar 10. kafli"},"content":{"rendered":"<p>X.<\/p>\n<p>Og eg s\u00e1 annan engil af himnum ofan koma. <span class=\"athugasemd\" title=\"\u00deetta er s\u00e1 r\u00f3mverski Panen \u00ed sinni andlegri mynd\">[<\/span> Hann var sk\u00fdi umkl\u00e6ddur og regnbogi \u00e1 hans h\u00f6f\u00f0i og hans andlit var sem s\u00f3l og hans f\u00e6tur l\u00edka sem eldsst\u00f3lpar. Og hann haf\u00f0i \u00ed sinni hendi litla b\u00f3k opna. Og hann setti sinn h\u00e6gra f\u00f3t \u00e1 sj\u00f3inn og hinn vinstra \u00e1 j\u00f6r\u00f0ina og hann kalla\u00f0i h\u00e1rri r\u00f6dd, l\u00edka sem \u00fea\u00f0 le\u00f3n grenjar. Og \u00fe\u00e1 hann kalla\u00f0i t\u00f6lu\u00f0u sj\u00f6 rei\u00f0ar\u00ferumur s\u00ednar raustir. Og \u00fe\u00e1 \u00fe\u00e6r sj\u00f6 rei\u00f0ar\u00ferumur h\u00f6f\u00f0u tala\u00f0 s\u00ednar raustir vilda eg hafa skrifa\u00f0 \u00fe\u00e6r. \u00de\u00e1 heyr\u00f0a eg r\u00f6dd af himni segja til m\u00edn: &#8222;Merk \u00fe\u00fa hva\u00f0 \u00fe\u00e6r sj\u00f6 rei\u00f0ar\u00ferumur hafa tala\u00f0 og skrifa \u00fea\u00f0 ekki.&#8220;<\/p>\n<p>\tOg engillinn, hvern eg s\u00e1 standa \u00e1 sj\u00f3num og \u00e1 j\u00f6r\u00f0unni, h\u00f3f upp s\u00edna h\u00f6nd til himins og sv\u00f3r vi\u00f0 \u00feann lifanda um aldir a\u00f0 eil\u00edfu, hver himininn hefur skapa\u00f0 og hva\u00f0 \u00fear inni er og j\u00f6r\u00f0ina og hva\u00f0 \u00fear inni er og sj\u00f3inn og hva\u00f0 \u00fear inni er, \u00fea\u00f0 h\u00e9\u00f0an \u00ed fr\u00e1 engin t\u00ed\u00f0 meir vera skal heldur \u00e1 d\u00f6gum raddar \u00feess sj\u00f6unda engils, n\u00e6r hann mun b\u00e1s\u00fana, \u00fe\u00e1 skal fullkomna\u00f0ur ver\u00f0a leyndur d\u00f3mur Gu\u00f0s, so sem kunngj\u00f6r\u00f0i hann s\u00ednum \u00fej\u00f3num og sp\u00e1m\u00f6nnum.<\/p>\n<p>\tOg eg heyr\u00f0a r\u00f6dd af himni enn aftur vi\u00f0 mig tala og segja: &#8222;Gakk h\u00e9\u00f0an, tak \u00feann opna b\u00e6kling af hendi engilsins sem \u00e1 sj\u00f3num og \u00e1 j\u00f6r\u00f0unni stendur.&#8220; Og eg gekk burt til engilsins og sag\u00f0a: &#8222;Gef m\u00e9r b\u00e6klinginn.&#8220; <span class=\"athugasemd\" title=\"Merk: Manna l\u00e6rd\u00f3mur er s\u00e6tur hi\u00f0 ytra og \u00fe\u00e6gilegur en samviskurnar fordjarfar hann\">[<\/span> Og hann sag\u00f0i til m\u00edn: &#8222;Tak hann \u00ed burt og svelg hann og mun hann reyna \u00feinn kvi\u00f0 en \u00ed \u00fe\u00ednum munni mun hann s\u00e6tur vera sem hunang.&#8220; Og eg t\u00f3k b\u00e6klinginn af hendi engilsins og svelgdi hann. Og hann var s\u00e6tur \u00ed m\u00ednum munni sem hunang. Og \u00fe\u00e1 eg haf\u00f0a svelgt hann beiskva\u00f0ist kvi\u00f0ur minn og hann sag\u00f0i til m\u00edn: &#8222;\u00de\u00fa hl\u00fdtur enn a\u00f0 sp\u00e1 hei\u00f0num \u00fej\u00f3\u00f0um, f\u00f3lki og tungum\u00e1lum og m\u00f6rgum konungum.&#8220;<\/p>\n<p>\tOg m\u00e9r var\u00f0 gefinn reyrleggur, l\u00edka sem stafur, og sag\u00f0i: &#8222;Statt upp og m\u00e6l musteri Gu\u00f0s og altari\u00f0 og \u00fe\u00e1 sem \u00fear inni tilbi\u00f0ja. En \u00feann hinn innsta k\u00f3r musterisins kasta \u00fe\u00fa \u00fat og m\u00e6l hann eigi \u00fev\u00ed a\u00f0 hann er hei\u00f0ingjum gefinn og hina heil\u00f6gu borg munu \u00feeir f\u00f3tum tro\u00f0a tvo og fj\u00f6rut\u00edgi m\u00e1nu\u00f0i.<\/p>\n","protected":false},"excerpt":{"rendered":"<p>X. Og eg s\u00e1 annan engil af himnum ofan koma. [ Hann var sk\u00fdi umkl\u00e6ddur og regnbogi \u00e1 hans h\u00f6f\u00f0i og hans andlit var sem s\u00f3l og hans f\u00e6tur l\u00edka sem eldsst\u00f3lpar. Og hann haf\u00f0i \u00ed sinni hendi litla b\u00f3k opna. Og hann setti sinn h\u00e6gra f\u00f3t \u00e1 sj\u00f3inn og hinn vinstra \u00e1 j\u00f6r\u00f0ina og hann kalla\u00f0i h\u00e1rri r\u00f6dd, l\u00edka sem \u00fea\u00f0 le\u00f3n grenjar. Og \u00fe\u00e1 hann kalla\u00f0i t\u00f6lu\u00f0u sj\u00f6 rei\u00f0ar\u00ferumur s\u00ednar raustir. Og \u00fe\u00e1 \u00fe\u00e6r sj\u00f6 rei\u00f0ar\u00ferumur h\u00f6f\u00f0u tala\u00f0 s\u00ednar raustir vilda eg hafa skrifa\u00f0 \u00fe\u00e6r. \u00de\u00e1 heyr\u00f0a eg r\u00f6dd af himni segja til m\u00edn: &#8222;Merk \u00fe\u00fa hva\u00f0 \u00fe\u00e6r <a href=\"https:\/\/biblian.is\/gudbrandsbiblia\/opinberunarbok-johannesar-10-kafli\/\"> [&#8230;]<\/a><\/p>\n","protected":false},"author":1,"featured_media":0,"parent":0,"menu_order":0,"comment_status":"open","ping_status":"open","template":"bibliukaflar.php","meta":{"footnotes":""},"class_list":["post-4028","page","type-page","status-publish","hentry"],"_links":{"self":[{"href":"https:\/\/biblian.is\/gudbrandsbiblia\/wp-json\/wp\/v2\/pages\/4028","targetHints":{"allow":["GET"]}}],"collection":[{"href":"https:\/\/biblian.is\/gudbrandsbiblia\/wp-json\/wp\/v2\/pages"}],"about":[{"href":"https:\/\/biblian.is\/gudbrandsbiblia\/wp-json\/wp\/v2\/types\/page"}],"author":[{"embeddable":true,"href":"https:\/\/biblian.is\/gudbrandsbiblia\/wp-json\/wp\/v2\/users\/1"}],"replies":[{"embeddable":true,"href":"https:\/\/biblian.is\/gudbrandsbiblia\/wp-json\/wp\/v2\/comments?post=4028"}],"version-history":[{"count":0,"href":"https:\/\/biblian.is\/gudbrandsbiblia\/wp-json\/wp\/v2\/pages\/4028\/revisions"}],"wp:attachment":[{"href":"https:\/\/biblian.is\/gudbrandsbiblia\/wp-json\/wp\/v2\/media?parent=4028"}],"curies":[{"name":"wp","href":"https:\/\/api.w.org\/{rel}","templated":true}]}}