{"id":4027,"date":"2017-12-18T18:35:26","date_gmt":"2017-12-18T18:35:26","guid":{"rendered":"http:\/\/biblian.is\/gudbrandsbiblia\/opinberunarbok-johannesar-9-kafli\/"},"modified":"2017-12-18T18:35:26","modified_gmt":"2017-12-18T18:35:26","slug":"opinberunarbok-johannesar-9-kafli","status":"publish","type":"page","link":"https:\/\/biblian.is\/gudbrandsbiblia\/opinberunarbok-johannesar-9-kafli\/","title":{"rendered":"Opinberunarb\u00f3k J\u00f3hannesar 9. kafli"},"content":{"rendered":"<p>IX.<\/p>\n<p>Og hinn fimmti engill b\u00e1s\u00fana\u00f0i og eg s\u00e1 stj\u00f6rnu eina falla af himni \u00e1 j\u00f6r\u00f0ina og honum var\u00f0 gefinn lykill til pytts undirdj\u00fapsins. <span class=\"athugasemd\" title=\"\u00dea\u00f0 fyrsta vei er s\u00e1 h\u00f6fu\u00f0villuma\u00f0ur Ar\u00edus s\u00e1 e\u00f0 neita\u00f0i a\u00f0 Christus v\u00e6ri sannur Gu\u00f0 \/ Anno Christi cccxx\">[<\/span> Og hann lauk upp pytti undirdj\u00fapsins og \u00fear gekk upp reykur so sem mikils ofns og s\u00f3lin var\u00f0 myrk og ve\u00f0ri\u00f0 af reyknum pyttsins. Og \u00fat af \u00feeim reyk komu engisprettur \u00e1 j\u00f6r\u00f0ina og \u00feeim var\u00f0 magt gefin l\u00edka sem\u00fe a\u00f0 flugormar magt hafa \u00e1 j\u00f6r\u00f0u. Og \u00fear var\u00f0 til \u00feeirra sagt \u00fea\u00f0 \u00fe\u00e6r skyldu eigi granda grasi jar\u00f0ar n\u00e9 nokkurs h\u00e1ttar korni e\u00f0ur nokkurs konar vi\u00f0i, utan einasta \u00feeim m\u00f6nnum sem eigi hafa teikni\u00f0 \u00ed ennum s\u00ednum. Og \u00feeim var\u00f0 \u00fea\u00f0 gefi\u00f0 a\u00f0 \u00fe\u00e6r afl\u00edfu\u00f0u \u00fe\u00e1 eigi heldur \u00fea\u00f0 a\u00f0 \u00fe\u00e6r kveldu \u00fe\u00e1 \u00ed fimm m\u00e1nu\u00f0u. Og \u00feeirra kv\u00f6l var so sem flugormakv\u00f6l n\u00e6r \u00feeir sl\u00e1 manninn. Og \u00e1 \u00feeim s\u00f6mum d\u00f6gum munu mennirnir dau\u00f0ans leita og egi finna. \u00deeir munu girnast a\u00f0 deyja og dau\u00f0inn mun fr\u00e1 \u00feeim fl\u00fdja. <span class=\"athugasemd\" title=\"Sapi. 16\">[<\/span><\/p>\n<p>\tOg \u00fe\u00e6r engisprettur eru l\u00edkar \u00feeim hestum sem til bardaga eru b\u00fanir. Og \u00e1 \u00feeirra h\u00f6f\u00f0um sem k\u00f3r\u00f3nur gulli l\u00edkar og \u00feeirra andlit sem mannsandlit og h\u00f6f\u00f0u lokka sem konuh\u00e1r og tennur \u00feeirra voru sem le\u00f3natennur og h\u00f6f\u00f0u brynjur so sem j\u00e1rnbrynjur og \u00feytur \u00feeirra v\u00e6ngja so sem buldran vagna, \u00feeirra margra hesta sem \u00ed bard\u00f6gum hlaupa, og h\u00f6f\u00f0u hala l\u00edka sem flugormar og \u00fear voru broddar \u00e1 \u00feeirra h\u00f6lum og \u00feeirra magt var a\u00f0 granda m\u00f6nnum \u00ed fimm m\u00e1nu\u00f0i. Og h\u00f6f\u00f0u yfir s\u00e9r k\u00f3ng, engilinn undirdj\u00fapsins, hvers nafn er \u00e1 ebresku Abbad\u00f3n en \u00e1 gr\u00edsku Apoll\u00edon. <span class=\"athugasemd\" title=\"Abadd\u00f3n \/ Appoll\u00edon \/ Fordjarfari\">[<\/span> Eitt vei er umli\u00f0i\u00f0, sj\u00e1, \u00fear koma enn n\u00fa tv\u00f6 vei eftir \u00feetta.<\/p>\n<p>\tOg hinn sj\u00f6tti engill b\u00e1s\u00fana\u00f0i og eg heyr\u00f0a eina r\u00f6dd \u00fat af fj\u00f3rum hornum gyllinialtarisins fyrir Gu\u00f0i. <span class=\"athugasemd\" title=\"\u00dea\u00f0 anna\u00f0 vei er Mah\u00f3met og Saraceni \/ Anno Christi dcxx\">[<\/span> H\u00fan sag\u00f0i til hins sj\u00f6tta engilsins sem b\u00e1s\u00fani\u00f0 haf\u00f0i: &#8222;Leys \u00fe\u00fa upp \u00fe\u00e1 fj\u00f3ra engla sem b\u00fanir eru vi\u00f0 hi\u00f0 mikla vatni\u00f0 Euphrates.&#8220; Og \u00feeir fj\u00f3rri englar ur\u00f0u lausir, hverjir rei\u00f0ub\u00fanir voru \u00e1 stundu, \u00e1 degi og \u00e1 m\u00e1nu\u00f0i og \u00e1 \u00e1ri a\u00f0 \u00feeir \u00ed hel sl\u00e6gi \u00feri\u00f0jung mannanna. Og tala \u00feess r\u00ed\u00f0anda hers var m\u00f6rg \u00fe\u00fasund \u00fe\u00fasunda og eg heyr\u00f0a \u00feeirra t\u00f6lu. Og sem eg s\u00e1 hestana \u00ed s\u00fdn og \u00fe\u00e1 sem \u00fear upp \u00e1 s\u00e1tu \u00fea\u00f0 \u00feeir h\u00f6f\u00f0u gl\u00f3andi og gular og brennisteinslegar brynjur. Og h\u00f6fu\u00f0in hestanna voru svo sem le\u00f3nah\u00f6fu\u00f0 og \u00fat af \u00feeirra munni gekk eldur, reykur og brennisteinn. Af \u00feessu \u00ferennu er \u00ed hel sleginn \u00feri\u00f0jungur mannanna, af eldinum og reyknum og brennisteininum er \u00fat af \u00feeirra munni gekk. \u00dev\u00ed a\u00f0 \u00feeirra magt var \u00ed \u00feeirra munni. Og \u00feeirra halar voru h\u00f6ggormum l\u00edkir og h\u00f6f\u00f0u h\u00f6fu\u00f0in og me\u00f0ur \u00feeim s\u00f6mum gj\u00f6r\u00f0u \u00feeir ska\u00f0ann.<\/p>\n<p>\tOg \u00fear voru enn menn afgangs, \u00feeir sem eigi ur\u00f0u \u00ed hel slegnir af \u00feessum pl\u00e1gum, hverjir ekki yfirb\u00f3t gj\u00f6r\u00f0u af verkum sinna handa so a\u00f0 \u00feeir eigi tilb\u00e6\u00f0u dj\u00f6fulinn og gulls og silfurs og eirs og steina og tr\u00e9s afgu\u00f0i sem hverki sj\u00e1 n\u00e9 heyra n\u00e9 ganga kunna, hverjir einnin \u00f6ngva yfirb\u00f3t gj\u00f6r\u00f0u af s\u00ednum manndr\u00e1pum, fj\u00f6lkynngi, frillulifna\u00f0i og stuldi.<\/p>\n","protected":false},"excerpt":{"rendered":"<p>IX. Og hinn fimmti engill b\u00e1s\u00fana\u00f0i og eg s\u00e1 stj\u00f6rnu eina falla af himni \u00e1 j\u00f6r\u00f0ina og honum var\u00f0 gefinn lykill til pytts undirdj\u00fapsins. [ Og hann lauk upp pytti undirdj\u00fapsins og \u00fear gekk upp reykur so sem mikils ofns og s\u00f3lin var\u00f0 myrk og ve\u00f0ri\u00f0 af reyknum pyttsins. Og \u00fat af \u00feeim reyk komu engisprettur \u00e1 j\u00f6r\u00f0ina og \u00feeim var\u00f0 magt gefin l\u00edka sem\u00fe a\u00f0 flugormar magt hafa \u00e1 j\u00f6r\u00f0u. Og \u00fear var\u00f0 til \u00feeirra sagt \u00fea\u00f0 \u00fe\u00e6r skyldu eigi granda grasi jar\u00f0ar n\u00e9 nokkurs h\u00e1ttar korni e\u00f0ur nokkurs konar vi\u00f0i, utan einasta \u00feeim m\u00f6nnum sem eigi hafa teikni\u00f0 <a href=\"https:\/\/biblian.is\/gudbrandsbiblia\/opinberunarbok-johannesar-9-kafli\/\"> [&#8230;]<\/a><\/p>\n","protected":false},"author":1,"featured_media":0,"parent":0,"menu_order":0,"comment_status":"open","ping_status":"open","template":"bibliukaflar.php","meta":{"footnotes":""},"class_list":["post-4027","page","type-page","status-publish","hentry"],"_links":{"self":[{"href":"https:\/\/biblian.is\/gudbrandsbiblia\/wp-json\/wp\/v2\/pages\/4027","targetHints":{"allow":["GET"]}}],"collection":[{"href":"https:\/\/biblian.is\/gudbrandsbiblia\/wp-json\/wp\/v2\/pages"}],"about":[{"href":"https:\/\/biblian.is\/gudbrandsbiblia\/wp-json\/wp\/v2\/types\/page"}],"author":[{"embeddable":true,"href":"https:\/\/biblian.is\/gudbrandsbiblia\/wp-json\/wp\/v2\/users\/1"}],"replies":[{"embeddable":true,"href":"https:\/\/biblian.is\/gudbrandsbiblia\/wp-json\/wp\/v2\/comments?post=4027"}],"version-history":[{"count":0,"href":"https:\/\/biblian.is\/gudbrandsbiblia\/wp-json\/wp\/v2\/pages\/4027\/revisions"}],"wp:attachment":[{"href":"https:\/\/biblian.is\/gudbrandsbiblia\/wp-json\/wp\/v2\/media?parent=4027"}],"curies":[{"name":"wp","href":"https:\/\/api.w.org\/{rel}","templated":true}]}}