{"id":4026,"date":"2017-12-18T18:35:26","date_gmt":"2017-12-18T18:35:26","guid":{"rendered":"http:\/\/biblian.is\/gudbrandsbiblia\/opinberunarbok-johannesar-8-kafli\/"},"modified":"2017-12-18T18:35:26","modified_gmt":"2017-12-18T18:35:26","slug":"opinberunarbok-johannesar-8-kafli","status":"publish","type":"page","link":"https:\/\/biblian.is\/gudbrandsbiblia\/opinberunarbok-johannesar-8-kafli\/","title":{"rendered":"Opinberunarb\u00f3k J\u00f3hannesar 8. kafli"},"content":{"rendered":"<p>VIII.<\/p>\n<p>Og \u00fe\u00e1 \u00fea\u00f0 opna\u00f0i hi\u00f0 sj\u00f6unda innsigli\u00f0 gj\u00f6r\u00f0ist kyrrleiki mikill \u00e1 himnum n\u00e6r um h\u00e1lfa stund. <span class=\"athugasemd\" title=\"H\u00e9r koma \u00feeir vii. villumenn hver eftir annan en huggan b\u00e6na\u00e1kallsins gengur undan\">[<\/span> Og eg s\u00e1 sj\u00f6 engla. \u00deeir gengu fyrir Gu\u00f0 og \u00feeim ur\u00f0u sj\u00f6 b\u00e1s\u00fanur gefnar. Og annar engill kom og st\u00f3\u00f0 vi\u00f0 altari\u00f0 og haf\u00f0i gulllegt reykelsisker og honum var\u00f0 miki\u00f0 reykelsi gefi\u00f0 \u00fea\u00f0 hann g\u00e6fi til b\u00e6na allra heilagra upp \u00e1 altari\u00f0 fyrir st\u00f3lnum og reykur reykelsisins gekk upp af hendi engilsins fyrir Gu\u00f0i. Og engillinn t\u00f3k reykelsiskeri\u00f0 og fyllti \u00fea\u00f0 me\u00f0 eldi af altarinu og hellti \u00fev\u00ed \u00e1 j\u00f6r\u00f0ina. Og \u00fe\u00e1 ur\u00f0u raddir og rei\u00f0ar\u00ferumur og eldingar og jar\u00f0skj\u00e1lftar.<\/p>\n<p>\tOg \u00feeir sj\u00f6 englar sem h\u00f6f\u00f0u \u00fe\u00e6r sj\u00f6 b\u00e1s\u00fanur tilbjuggu sig a\u00f0 b\u00e1s\u00fana. Og hinn fyrsti b\u00e1s\u00fana\u00f0i og \u00fe\u00e1 gj\u00f6r\u00f0ist hagl og eldur me\u00f0 bl\u00f3\u00f0i blanda\u00f0ur og f\u00e9ll \u00e1 j\u00f6r\u00f0ina og \u00feri\u00f0jungur trj\u00e1nna brann og allt gr\u00e6na grasi\u00f0 brann. <span class=\"athugasemd\" title=\"\u00deessi er Tatianus og \u00feeir Eucratitae \/ Anno Christi clxxv\">[<\/span><\/p>\n<p>\tOg hinn annar engill b\u00e1s\u00fana\u00f0i og \u00fe\u00e1 f\u00f3r l\u00edka sem bjarg miki\u00f0 eldi brennanda \u00ed sj\u00f3inn og \u00feri\u00f0jungur sj\u00e1varins gj\u00f6r\u00f0ist bl\u00f3\u00f0 og \u00feri\u00f0jungur lifandi skepna drapst og \u00feri\u00f0jungur skepnanna fyrirf\u00f3rst. <span class=\"athugasemd\" title=\"Martion Manicheus \/ Anno clxx\">[<\/span><\/p>\n<p>\tOg hinn \u00feri\u00f0ji engill b\u00e1s\u00fana\u00f0i og \u00fear f\u00e9ll st\u00f3r stjarna af himni og h\u00fan loga\u00f0i sem kveikur og f\u00e9ll yfir \u00feri\u00f0jung vatnanna og yfir vatsbrunnana og nafn stj\u00f6rnunnar h\u00e9t Remma \u00fev\u00ed a\u00f0 \u00feri\u00f0jungur snerist \u00ed remmu og margir menn d\u00f3u af v\u00f6tnunum \u00fev\u00ed a\u00f0 \u00feau voru so r\u00f6mm or\u00f0in. <span class=\"athugasemd\" title=\"\u00deetta er Origenes \/ Anno ccxl\">[<\/span><\/p>\n<p>\tOg hinn fj\u00f3r\u00f0i engill b\u00e1s\u00fana\u00f0i og \u00feri\u00f0jungur s\u00f3larinnar var\u00f0 sleginn og \u00feri\u00f0jungur tunglsins og \u00feri\u00f0jungur stjarnanna so \u00fea\u00f0 \u00feri\u00f0jungur \u00feeirra var\u00f0 myrkva\u00f0ur og \u00feri\u00f0jungur dagsins l\u00fdsti ekki, l\u00edka einnin n\u00e6turinnar. <span class=\"athugasemd\" title=\"Novatus og Cathari \/ Anno Christi ccliiii\">[<\/span> Og eg s\u00e1 einn engil flj\u00faga mitt \u00ed gegnum himininn og segja me\u00f0 h\u00e1rri raust: &#8222;Vei, vei, vei \u00feeim sem \u00e1 j\u00f6r\u00f0u b\u00faa fram yfir a\u00f0rar raddir b\u00e1s\u00fansins, \u00feeirra \u00feriggja engla sem enn skyldu b\u00e1s\u00fana!&#8220;<\/p>\n","protected":false},"excerpt":{"rendered":"<p>VIII. Og \u00fe\u00e1 \u00fea\u00f0 opna\u00f0i hi\u00f0 sj\u00f6unda innsigli\u00f0 gj\u00f6r\u00f0ist kyrrleiki mikill \u00e1 himnum n\u00e6r um h\u00e1lfa stund. [ Og eg s\u00e1 sj\u00f6 engla. \u00deeir gengu fyrir Gu\u00f0 og \u00feeim ur\u00f0u sj\u00f6 b\u00e1s\u00fanur gefnar. Og annar engill kom og st\u00f3\u00f0 vi\u00f0 altari\u00f0 og haf\u00f0i gulllegt reykelsisker og honum var\u00f0 miki\u00f0 reykelsi gefi\u00f0 \u00fea\u00f0 hann g\u00e6fi til b\u00e6na allra heilagra upp \u00e1 altari\u00f0 fyrir st\u00f3lnum og reykur reykelsisins gekk upp af hendi engilsins fyrir Gu\u00f0i. Og engillinn t\u00f3k reykelsiskeri\u00f0 og fyllti \u00fea\u00f0 me\u00f0 eldi af altarinu og hellti \u00fev\u00ed \u00e1 j\u00f6r\u00f0ina. Og \u00fe\u00e1 ur\u00f0u raddir og rei\u00f0ar\u00ferumur og eldingar og jar\u00f0skj\u00e1lftar. Og <a href=\"https:\/\/biblian.is\/gudbrandsbiblia\/opinberunarbok-johannesar-8-kafli\/\"> [&#8230;]<\/a><\/p>\n","protected":false},"author":1,"featured_media":0,"parent":0,"menu_order":0,"comment_status":"open","ping_status":"open","template":"bibliukaflar.php","meta":{"footnotes":""},"class_list":["post-4026","page","type-page","status-publish","hentry"],"_links":{"self":[{"href":"https:\/\/biblian.is\/gudbrandsbiblia\/wp-json\/wp\/v2\/pages\/4026","targetHints":{"allow":["GET"]}}],"collection":[{"href":"https:\/\/biblian.is\/gudbrandsbiblia\/wp-json\/wp\/v2\/pages"}],"about":[{"href":"https:\/\/biblian.is\/gudbrandsbiblia\/wp-json\/wp\/v2\/types\/page"}],"author":[{"embeddable":true,"href":"https:\/\/biblian.is\/gudbrandsbiblia\/wp-json\/wp\/v2\/users\/1"}],"replies":[{"embeddable":true,"href":"https:\/\/biblian.is\/gudbrandsbiblia\/wp-json\/wp\/v2\/comments?post=4026"}],"version-history":[{"count":0,"href":"https:\/\/biblian.is\/gudbrandsbiblia\/wp-json\/wp\/v2\/pages\/4026\/revisions"}],"wp:attachment":[{"href":"https:\/\/biblian.is\/gudbrandsbiblia\/wp-json\/wp\/v2\/media?parent=4026"}],"curies":[{"name":"wp","href":"https:\/\/api.w.org\/{rel}","templated":true}]}}