{"id":4025,"date":"2017-12-18T18:35:26","date_gmt":"2017-12-18T18:35:26","guid":{"rendered":"http:\/\/biblian.is\/gudbrandsbiblia\/opinberunarbok-johannesar-7-kafli\/"},"modified":"2017-12-18T18:35:26","modified_gmt":"2017-12-18T18:35:26","slug":"opinberunarbok-johannesar-7-kafli","status":"publish","type":"page","link":"https:\/\/biblian.is\/gudbrandsbiblia\/opinberunarbok-johannesar-7-kafli\/","title":{"rendered":"Opinberunarb\u00f3k J\u00f3hannesar 7. kafli"},"content":{"rendered":"<p>VII.<\/p>\n<p>Og eftir \u00fea\u00f0 s\u00e1 eg fj\u00f3ra engla standa \u00e1 fj\u00f3rum hornum jar\u00f0arinnar og \u00feeir h\u00e9ldu inni fj\u00f3rum vindum jar\u00f0arinnar so a\u00f0 enginn vindur bl\u00e9s \u00e1 j\u00f6r\u00f0ina n\u00e9 \u00e1 sj\u00f3inn n\u00e9 \u00e1 nokkurt. <span class=\"athugasemd\" title=\"H\u00e9r hefjast \u00fe\u00e6r andlegu h\u00f6rmungar og pl\u00e1gur, villud\u00f3marnir. En \u00e1\u00f0ur huggar hann \u00fe\u00e1 kristnu \u00fea\u00f0 \u00feeir skulu teikna\u00f0ir og var\u00f0veittir ver\u00f0a\">[<\/span><\/p>\n<p>\tOg eg s\u00e1 annan engil uppst\u00edga \u00fat af uppg\u00f6ngu s\u00f3larinnar. S\u00e1 haf\u00f0i teikn lifanda Gu\u00f0s og kalla\u00f0i h\u00e1rri r\u00f6ddu til hinna fj\u00f6gra englanna hverjum gefi\u00f0 er a\u00f0 granda j\u00f6r\u00f0unni og sj\u00f3num og sag\u00f0i: &#8222;Grandi\u00f0 ekki j\u00f6r\u00f0unni, eigi sj\u00f3num n\u00e9 trj\u00e1num, so lengi \u00fea\u00f0 v\u00e9r teiknum \u00fej\u00f3na Gu\u00f0s vors \u00ed \u00feeirra ennum!&#8220;<\/p>\n<p>\tOg eg heyr\u00f0i t\u00f6lu \u00feeirra sem teikna\u00f0ir ur\u00f0u: Hundra\u00f0 fj\u00f3rar og fj\u00f6rut\u00edgir \u00fe\u00fasundir sem teikna\u00f0ir voru af \u00f6llum kynkv\u00edslum \u00cdsraelssona. Af kyni J\u00fada t\u00f3lf \u00fe\u00fasundir teikna\u00f0ir. Af kyni R\u00faben t\u00f3lf \u00fe\u00fasund teikna\u00f0ir. Af kyni Ga\u00f0 t\u00f3lf \u00fe\u00fasund teikna\u00f0ir. Af kyni Aser t\u00f3lf \u00fe\u00fasund teikna\u00f0ir. Af kyni Neftal\u00edm t\u00f3lf \u00fe\u00fasund teikna\u00f0ir. Af kyni Manasse t\u00f3lf \u00fe\u00fasund teikna\u00f0ir. Af kyni S\u00edmeon t\u00f3lf \u00fe\u00fasund teikna\u00f0ir. Af kyni Lev\u00ed t\u00f3lf \u00fe\u00fasund teikna\u00f0ir. Af kyni \u00cdsaskar t\u00f3lf \u00fe\u00fasund teikna\u00f0ir. Af kyni Sab\u00falon t\u00f3lf \u00fe\u00fasund teikna\u00f0ir. Af kyni J\u00f3sef t\u00f3lf \u00fe\u00fasund teikna\u00f0ir. Af kyni Benjam\u00edn t\u00f3lf \u00fe\u00fasund teikna\u00f0ir.<\/p>\n<p>\tOg eftir \u00fea\u00f0 leit eg og sj\u00e1, a\u00f0 skari mikill, hvern enginn gat tali\u00f0, af \u00f6llum \u00fej\u00f3\u00f0um og f\u00f3lki og tungum\u00e1lum standa frammi fyrir st\u00f3lnum og frammi fyrir lambinu og umskr\u00fdddir hv\u00edtum skr\u00fa\u00f0a og p\u00e1lmavi\u00f0ur \u00ed \u00feeirra h\u00f6ndum og k\u00f6llu\u00f0u h\u00e1rri r\u00f6ddu og s\u00f6g\u00f0u: &#8222;Heilsa s\u00e9 \u00feeim sem \u00e1 st\u00f3lnum situr, vorum Gu\u00f0i og lambinu.&#8220; Og allir englar st\u00f3\u00f0u umhverfis st\u00f3linn og kringum \u00f6ldungana og um kring \u00feau fj\u00f6gur d\u00fdrin og f\u00e9llu fyrir st\u00f3lnum fram \u00e1 \u00feeirra \u00e1sj\u00f3nur og tilb\u00e1\u00f0u Gu\u00f0 og s\u00f6g\u00f0u: &#8222;Amen. Lof og d\u00fdr\u00f0 og speki og \u00feakkir og hei\u00f0ur og kraftur og styrkleiki s\u00e9 vorum Gu\u00f0i um aldir og a\u00f0 eil\u00edfu. Amen.&#8220;<\/p>\n<p>\tOg einn af \u00f6ldungunum andsvara\u00f0i og sag\u00f0i til m\u00edn: &#8222;Hverjir eru \u00feessir sem umskr\u00fdddir eru hv\u00edtum skr\u00fa\u00f0a og hva\u00f0an eru \u00feeir komnir?&#8220; Og eg sag\u00f0a til hans: &#8222;Herra, \u00fe\u00fa veist \u00fea\u00f0.&#8220; Og hann sag\u00f0i til m\u00edn: &#8222;\u00deessir eru \u00feeir sem komnir eru \u00far miklum harmkv\u00e6lum og sinn skr\u00fa\u00f0a \u00fevegi\u00f0 hafa og hv\u00edtf\u00e1ga\u00f0 \u00ed bl\u00f3\u00f0i lambsins. Af \u00fev\u00ed eru \u00feeir frammi fyrir st\u00f3li Gu\u00f0s og \u00fej\u00f3na honum dag og n\u00f3tt \u00ed hans musteri. Og s\u00e1 upp \u00e1 st\u00f3lnum situr mun b\u00faa yfir \u00feeim. Eigi mun \u00fe\u00e1 h\u00e9r eftir hungra n\u00e9 \u00feyrsta og eigi mun yfir \u00fe\u00e1 falla s\u00f3larinnar n\u00e9 nokkurs konar hiti \u00fev\u00ed a\u00f0 lambi\u00f0 mitt \u00e1 st\u00f3lnum mun stj\u00f3rna \u00feeim og lei\u00f0a \u00fe\u00e1 til lifandi vatsbrunna og Gu\u00f0 mun af \u00fev\u00f3 allan gr\u00e1t af \u00feeirra augum.&#8220; <span class=\"athugasemd\" title=\"Esa. 4 \/ Esa. 25\">[<\/span><\/p>\n","protected":false},"excerpt":{"rendered":"<p>VII. Og eftir \u00fea\u00f0 s\u00e1 eg fj\u00f3ra engla standa \u00e1 fj\u00f3rum hornum jar\u00f0arinnar og \u00feeir h\u00e9ldu inni fj\u00f3rum vindum jar\u00f0arinnar so a\u00f0 enginn vindur bl\u00e9s \u00e1 j\u00f6r\u00f0ina n\u00e9 \u00e1 sj\u00f3inn n\u00e9 \u00e1 nokkurt. [ Og eg s\u00e1 annan engil uppst\u00edga \u00fat af uppg\u00f6ngu s\u00f3larinnar. S\u00e1 haf\u00f0i teikn lifanda Gu\u00f0s og kalla\u00f0i h\u00e1rri r\u00f6ddu til hinna fj\u00f6gra englanna hverjum gefi\u00f0 er a\u00f0 granda j\u00f6r\u00f0unni og sj\u00f3num og sag\u00f0i: &#8222;Grandi\u00f0 ekki j\u00f6r\u00f0unni, eigi sj\u00f3num n\u00e9 trj\u00e1num, so lengi \u00fea\u00f0 v\u00e9r teiknum \u00fej\u00f3na Gu\u00f0s vors \u00ed \u00feeirra ennum!&#8220; Og eg heyr\u00f0i t\u00f6lu \u00feeirra sem teikna\u00f0ir ur\u00f0u: Hundra\u00f0 fj\u00f3rar og fj\u00f6rut\u00edgir \u00fe\u00fasundir sem teikna\u00f0ir <a href=\"https:\/\/biblian.is\/gudbrandsbiblia\/opinberunarbok-johannesar-7-kafli\/\"> [&#8230;]<\/a><\/p>\n","protected":false},"author":1,"featured_media":0,"parent":0,"menu_order":0,"comment_status":"open","ping_status":"open","template":"bibliukaflar.php","meta":{"footnotes":""},"class_list":["post-4025","page","type-page","status-publish","hentry"],"_links":{"self":[{"href":"https:\/\/biblian.is\/gudbrandsbiblia\/wp-json\/wp\/v2\/pages\/4025","targetHints":{"allow":["GET"]}}],"collection":[{"href":"https:\/\/biblian.is\/gudbrandsbiblia\/wp-json\/wp\/v2\/pages"}],"about":[{"href":"https:\/\/biblian.is\/gudbrandsbiblia\/wp-json\/wp\/v2\/types\/page"}],"author":[{"embeddable":true,"href":"https:\/\/biblian.is\/gudbrandsbiblia\/wp-json\/wp\/v2\/users\/1"}],"replies":[{"embeddable":true,"href":"https:\/\/biblian.is\/gudbrandsbiblia\/wp-json\/wp\/v2\/comments?post=4025"}],"version-history":[{"count":0,"href":"https:\/\/biblian.is\/gudbrandsbiblia\/wp-json\/wp\/v2\/pages\/4025\/revisions"}],"wp:attachment":[{"href":"https:\/\/biblian.is\/gudbrandsbiblia\/wp-json\/wp\/v2\/media?parent=4025"}],"curies":[{"name":"wp","href":"https:\/\/api.w.org\/{rel}","templated":true}]}}