{"id":4022,"date":"2017-12-18T18:35:26","date_gmt":"2017-12-18T18:35:26","guid":{"rendered":"http:\/\/biblian.is\/gudbrandsbiblia\/opinberunarbok-johannesar-4-kafli\/"},"modified":"2017-12-18T18:35:26","modified_gmt":"2017-12-18T18:35:26","slug":"opinberunarbok-johannesar-4-kafli","status":"publish","type":"page","link":"https:\/\/biblian.is\/gudbrandsbiblia\/opinberunarbok-johannesar-4-kafli\/","title":{"rendered":"Opinberunarb\u00f3k J\u00f3hannesar 4. kafli"},"content":{"rendered":"<p>IIII.<\/p>\n<p>Eftir \u00fea\u00f0 s\u00e1 eg og sj\u00e1, a\u00f0 dyr upplukust \u00e1 himni og hin fyrsta r\u00f6ddin hverja eg haf\u00f0i heyrt vi\u00f0 mig tala sem annars l\u00fa\u00f0urs, h\u00fan sag\u00f0i: <span class=\"athugasemd\" title=\"\u00deessi mynd merkir kristind\u00f3minn h\u00e9r \u00e1 j\u00f6r\u00f0u \u00ed sinni r\u00e9ttri mynd og fri\u00f0samlegri skikkan yfir hvern sl\u00edkar eftirkomandi pl\u00e1gur eiga a\u00f0 koma. En samt skal h\u00fan \u00fe\u00f3 bl\u00edfa\">[<\/span> &#8222;Far \u00fe\u00fa upp hinga\u00f0 og mun eg s\u00fdna \u00fe\u00e9r hva\u00f0 h\u00e9r eftir skal ske.&#8220; Og jafnsnart var eg \u00ed anda og sj\u00e1, a\u00f0 st\u00f3ll var settur \u00e1 himnum og \u00e1 st\u00f3lnum sat nokkur. Og s\u00e1 sem \u00fear sat hann var l\u00edka \u00e1lits sem steinninn jaspis og sardis. Og regnbogi var kringum st\u00f3linn l\u00edka \u00e1lits sem smaragdus. Og umhverfis st\u00f3linn voru fj\u00f3rir og tuttugu st\u00f3lar og \u00e1 \u00feeim st\u00f3lum s\u00e1tu fj\u00f3rir og tuttugu \u00f6ldungar, skr\u00fdddir hv\u00edtum skr\u00fa\u00f0a og b\u00e1ru \u00e1 s\u00ednum h\u00f6f\u00f0um gulllegar k\u00f3r\u00f3nur.<\/p>\n<p>\tOg af st\u00f3lnum \u00fatgengu eldingar, rei\u00f0ar\u00ferumur og raddir. Sj\u00f6 eldslampar brunnu fyrir st\u00f3lnum, hverjir a\u00f0 eru sj\u00f6 andar Gu\u00f0s. Og fyrir st\u00f3lnum var glersj\u00f3r l\u00edka sem christallus. Og mitt \u00ed st\u00f3lnum og kringum st\u00f3linn fj\u00f6gur d\u00fdr full augna \u00e1 bak og \u00ed fyrir. Og hi\u00f0 fyrsta d\u00fdri\u00f0 var l\u00edkt le\u00f3ni og hi\u00f0 anna\u00f0 l\u00edkt k\u00e1lfi og hi\u00f0 \u00feri\u00f0ja d\u00fdri\u00f0 haf\u00f0i \u00e1sj\u00e1n sem ma\u00f0ur og hi\u00f0 fj\u00f3r\u00f0a var l\u00edkt flj\u00faganda erni. Og hvert \u00feeirra fj\u00f6gra d\u00fdranna haf\u00f0i sex v\u00e6ngi og utan um kring og innan full augna og h\u00f6f\u00f0u eigi hv\u00edld dag og n\u00f3tt, segandi: &#8222;Heilagur, heilagur, heilagur er Gu\u00f0 Drottinn alm\u00e1ttugur, s\u00e1 sem var og s\u00e1 sem er og s\u00e1 sem koma mun.&#8220; <span class=\"athugasemd\" title=\"Esa. 6\">[<\/span><\/p>\n<p>\tOg \u00fe\u00e1 d\u00fdrin g\u00e1fu d\u00fdr\u00f0 og hei\u00f0ran og \u00feakkir \u00feeim er \u00e1 st\u00f3lnum sat, s\u00e1 er lifir um aldir a\u00f0 eil\u00edfu, \u00fe\u00e1 f\u00e9llu fram fj\u00f3rir og tuttugu \u00f6ldungar fyrir \u00feann sem \u00e1 st\u00f3lnum sat og tilb\u00e1\u00f0u \u00feann sem lifir um aldur og a\u00f0 eil\u00edfu og sn\u00f6ru\u00f0u s\u00ednum k\u00f3r\u00f3num fram fyrir st\u00f3linn og s\u00f6g\u00f0u: &#8222;\u00de\u00fa Drottinn, ert ver\u00f0ugur a\u00f0 me\u00f0taka d\u00fdr\u00f0 og hei\u00f0ran og kraft \u00fev\u00ed a\u00f0 \u00fe\u00fa hefur alla hluti skapa\u00f0 og fyrir \u00feinn vilja ur\u00f0u \u00feeir og eru skapa\u00f0ir.&#8220;<\/p>\n","protected":false},"excerpt":{"rendered":"<p>IIII. Eftir \u00fea\u00f0 s\u00e1 eg og sj\u00e1, a\u00f0 dyr upplukust \u00e1 himni og hin fyrsta r\u00f6ddin hverja eg haf\u00f0i heyrt vi\u00f0 mig tala sem annars l\u00fa\u00f0urs, h\u00fan sag\u00f0i: [ &#8222;Far \u00fe\u00fa upp hinga\u00f0 og mun eg s\u00fdna \u00fe\u00e9r hva\u00f0 h\u00e9r eftir skal ske.&#8220; Og jafnsnart var eg \u00ed anda og sj\u00e1, a\u00f0 st\u00f3ll var settur \u00e1 himnum og \u00e1 st\u00f3lnum sat nokkur. Og s\u00e1 sem \u00fear sat hann var l\u00edka \u00e1lits sem steinninn jaspis og sardis. Og regnbogi var kringum st\u00f3linn l\u00edka \u00e1lits sem smaragdus. Og umhverfis st\u00f3linn voru fj\u00f3rir og tuttugu st\u00f3lar og \u00e1 \u00feeim st\u00f3lum s\u00e1tu fj\u00f3rir og <a href=\"https:\/\/biblian.is\/gudbrandsbiblia\/opinberunarbok-johannesar-4-kafli\/\"> [&#8230;]<\/a><\/p>\n","protected":false},"author":1,"featured_media":0,"parent":0,"menu_order":0,"comment_status":"open","ping_status":"open","template":"bibliukaflar.php","meta":{"footnotes":""},"class_list":["post-4022","page","type-page","status-publish","hentry"],"_links":{"self":[{"href":"https:\/\/biblian.is\/gudbrandsbiblia\/wp-json\/wp\/v2\/pages\/4022","targetHints":{"allow":["GET"]}}],"collection":[{"href":"https:\/\/biblian.is\/gudbrandsbiblia\/wp-json\/wp\/v2\/pages"}],"about":[{"href":"https:\/\/biblian.is\/gudbrandsbiblia\/wp-json\/wp\/v2\/types\/page"}],"author":[{"embeddable":true,"href":"https:\/\/biblian.is\/gudbrandsbiblia\/wp-json\/wp\/v2\/users\/1"}],"replies":[{"embeddable":true,"href":"https:\/\/biblian.is\/gudbrandsbiblia\/wp-json\/wp\/v2\/comments?post=4022"}],"version-history":[{"count":0,"href":"https:\/\/biblian.is\/gudbrandsbiblia\/wp-json\/wp\/v2\/pages\/4022\/revisions"}],"wp:attachment":[{"href":"https:\/\/biblian.is\/gudbrandsbiblia\/wp-json\/wp\/v2\/media?parent=4022"}],"curies":[{"name":"wp","href":"https:\/\/api.w.org\/{rel}","templated":true}]}}