{"id":4021,"date":"2017-12-18T18:35:26","date_gmt":"2017-12-18T18:35:26","guid":{"rendered":"http:\/\/biblian.is\/gudbrandsbiblia\/opinberunarbok-johannesar-3-kafli\/"},"modified":"2017-12-18T18:35:26","modified_gmt":"2017-12-18T18:35:26","slug":"opinberunarbok-johannesar-3-kafli","status":"publish","type":"page","link":"https:\/\/biblian.is\/gudbrandsbiblia\/opinberunarbok-johannesar-3-kafli\/","title":{"rendered":"Opinberunarb\u00f3k J\u00f3hannesar 3. kafli"},"content":{"rendered":"<p>III.<\/p>\n<p>Og \u00feeim engli samkundunnar til Sarden skrifa \u00fe\u00fa: <span class=\"athugasemd\" title=\"5 \/ Engillinn \u00ed Sarden \/ 1. Tess. 5 \/ 2. Pet. 3\">[<\/span> \u00deetta segir s\u00e1 sem hefur sj\u00f6 anda Gu\u00f0s og stj\u00f6rnurnar sj\u00f6: Eg veit \u00fe\u00edn verk \u00fev\u00ed a\u00f0 \u00fe\u00fa hefur \u00fea\u00f0 nafn a\u00f0 \u00fe\u00fa lifir og ert dau\u00f0ur. Vert vakandi og styrk hi\u00f0 anna\u00f0 hva\u00f0 deyja vill \u00fev\u00ed \u00fe\u00edn verk hefi eg ei fullkomleg fundi\u00f0 fyrir Gu\u00f0i. \u00dev\u00ed legg \u00ed minni hva\u00f0 \u00fe\u00fa hefur me\u00f0teki\u00f0 og heyrt og var\u00f0veit \u00fea\u00f0 og gj\u00f6r i\u00f0ruan. \u00dev\u00ed ef \u00fe\u00fa mant eigi vaka \u00fe\u00e1 mun eg yfir \u00feig koma sem \u00fej\u00f3fur og eigi munt \u00fe\u00fa vita \u00e1 hverri stundu er eg mun koma yfir \u00feig. \u00de\u00fa hefur f\u00e1ein n\u00f6fn til Sarden er eigi hafa saurga\u00f0 s\u00edn kl\u00e6\u00f0i og \u00feeir munu me\u00f0ur m\u00e9r ganga \u00ed hv\u00edtum kl\u00e6\u00f0um \u00fev\u00ed a\u00f0 \u00feeir eru \u00feess ver\u00f0ugir. Hver yfirvinnur s\u00e1 skal me\u00f0ur hv\u00edtum kl\u00e6\u00f0um kl\u00e6ddur ver\u00f0a og eigi mun eg hans nafn \u00fatplana af l\u00edfsb\u00f3kinni. Og eg mun j\u00e1ta hans nafn fyrir m\u00ednum f\u00f6\u00f0ur og fyrir hans englum. Hver eyru hefur s\u00e1 heyri hva\u00f0 andinn segir samkundunum.<\/p>\n<p>\tOg \u00feeim engli samkundunnar \u00ed Philadelphia skrifa \u00fe\u00fa: <span class=\"athugasemd\" title=\"6 \/ Engillinn \u00ed Philadelphia\">[<\/span> \u00deetta segir hinn heilagi og sannarlegi, s\u00e1 sem hefur lykilinn Dav\u00ed\u00f0s, hver e\u00f0 uppl\u00e6tur og enginn innibyrgir, s\u00e1 er innibyrgir og enginn uppl\u00e6tur: Eg veit \u00fe\u00edn verk. Sj\u00e1, eg l\u00e9t fyrir \u00fe\u00e9r opnar dyr og enginn f\u00e6r \u00fe\u00e6r aftur l\u00e1ti\u00f0. \u00dev\u00ed \u00fe\u00fa hefur nokkurn l\u00edtinn kraft og hefur var\u00f0veitt mitt or\u00f0 og hefur ekki mitt nafn afneita\u00f0. Sj\u00e1, eg mun gefa \u00fat af Satans safna\u00f0i, \u00fe\u00e1 sem segja sig Gy\u00f0inga vera og eru ekki heldur lj\u00faga, sj\u00e1, eg mun \u00feeim gj\u00f6ra \u00fea\u00f0 \u00feeir skulu koma og tilbi\u00f0ja fyrir \u00fe\u00ednum f\u00f3tum og vi\u00f0urkenna \u00fea\u00f0 eg hefi \u00feig elska\u00f0.<\/p>\n<p>\tMe\u00f0 \u00fev\u00ed \u00fe\u00fa hefur var\u00f0veitt or\u00f0 minnar \u00feolinm\u00e6\u00f0i mun eg einnin var\u00f0veita \u00feig fr\u00e1 freistingart\u00edma sem koma mun yfir alla heimsins kringlu til a\u00f0 freista \u00feeirra sem \u00e1 j\u00f6r\u00f0u byggja. Sj\u00e1, eg kem snarlega. Halt hva\u00f0 \u00fe\u00fa hefur so \u00fea\u00f0 enginn taki \u00fe\u00edna k\u00f3r\u00f3nu. Hver yfirvinnur \u00feann mun eg gj\u00f6ra a\u00f0 st\u00f3lpa \u00ed musteri Gu\u00f0s m\u00edns og hann skal eigi meir \u00fati ganga og yfir honum mun eg skrifa nafn Gu\u00f0s m\u00edns og nafn hinnar n\u00fdju Jer\u00fasalem sem er borg m\u00edns Gu\u00f0s s\u00fa af himnum ofan kemur fr\u00e1 m\u00ednum Gu\u00f0i og mitt hi\u00f0 n\u00fdja nafn. Hver eyru hefur hann heyri hva\u00f0 andinn segir samkundunum. <\/p>\n<p>\tOg \u00feeim engli samkundunnar til Laodicea skrifa \u00fe\u00fa: <span class=\"athugasemd\" title=\"7 \/ Engill \u00ed Laodicea\">[<\/span> \u00deetta segir Amen, tr\u00far og sannarlegur vottur, hver a\u00f0 upphaf er skepnunnar Gu\u00f0s: Eg veit \u00fe\u00edn verk \u00fea\u00f0 \u00fe\u00fa ert hverki kaldur n\u00e9 heitur. Eg kj\u00f6ra \u00fe\u00fa v\u00e6rir anna\u00f0 hvort heitur e\u00f0a kaldur. En me\u00f0 \u00fev\u00ed \u00fe\u00fa ert volgur og hvorki kaldur n\u00e9 heitur mun eg \u00fatskyrpa \u00fe\u00e9r af m\u00ednum munni. \u00dev\u00ed a\u00f0 \u00fe\u00fa segir: Eg em r\u00edkur og au\u00f0igur n\u00f3g og \u00fearf einskis og veist ekki \u00fea\u00f0 \u00fe\u00fa ert vesall, aumur og vola\u00f0ur, blindur og fatlaus. Eg r\u00e6\u00f0 \u00fe\u00e9r a\u00f0 \u00fe\u00fa kaupir gull af m\u00e9r \u00fea\u00f0 \u00ed eldi er reynt so \u00fe\u00fa au\u00f0igur ver\u00f0ir og \u00fe\u00fa \u00edkl\u00e6\u00f0ist hv\u00edtum kl\u00e6\u00f0um svo a\u00f0 ekki uppbirtist vanvir\u00f0ing \u00feinnar fatleysi og smyr \u00fe\u00edn augu me\u00f0ur augnasmyrslum so a\u00f0 \u00fe\u00fa sj\u00e1ir.<\/p>\n<p>\tHverja eg elska \u00fe\u00e1 straffa eg og tyfta. <span class=\"athugasemd\" title=\"Proverb. 3 \/ Ebre. 12\">[<\/span> \u00dev\u00ed vert kostg\u00e6finn og gj\u00f6r i\u00f0ran. Sj\u00e1, eg stend fyrir dyrum og klappar upp \u00e1. Ef nokkur heyrir m\u00edna r\u00f6dd og uppl\u00fdkur dyrunum, til hans mun eg innganga og kveldver\u00f0 me\u00f0 honum sn\u00e6\u00f0a og hann me\u00f0ur m\u00e9r. Hver yfirvinnur honum mun eg gefa me\u00f0ur m\u00e9r a\u00f0 sitja \u00e1 m\u00ednum st\u00f3li l\u00edka sem eg yfirunni\u00f0 hefi og seti\u00f0 me\u00f0 m\u00ednum f\u00f6\u00f0ur \u00e1 hans st\u00f3li. Hver eyru hefur s\u00e1 heyri hva\u00f0 andinn segir samkundunum.&#8220;<\/p>\n","protected":false},"excerpt":{"rendered":"<p>III. Og \u00feeim engli samkundunnar til Sarden skrifa \u00fe\u00fa: [ \u00deetta segir s\u00e1 sem hefur sj\u00f6 anda Gu\u00f0s og stj\u00f6rnurnar sj\u00f6: Eg veit \u00fe\u00edn verk \u00fev\u00ed a\u00f0 \u00fe\u00fa hefur \u00fea\u00f0 nafn a\u00f0 \u00fe\u00fa lifir og ert dau\u00f0ur. Vert vakandi og styrk hi\u00f0 anna\u00f0 hva\u00f0 deyja vill \u00fev\u00ed \u00fe\u00edn verk hefi eg ei fullkomleg fundi\u00f0 fyrir Gu\u00f0i. \u00dev\u00ed legg \u00ed minni hva\u00f0 \u00fe\u00fa hefur me\u00f0teki\u00f0 og heyrt og var\u00f0veit \u00fea\u00f0 og gj\u00f6r i\u00f0ruan. \u00dev\u00ed ef \u00fe\u00fa mant eigi vaka \u00fe\u00e1 mun eg yfir \u00feig koma sem \u00fej\u00f3fur og eigi munt \u00fe\u00fa vita \u00e1 hverri stundu er eg mun koma yfir \u00feig. <a href=\"https:\/\/biblian.is\/gudbrandsbiblia\/opinberunarbok-johannesar-3-kafli\/\"> [&#8230;]<\/a><\/p>\n","protected":false},"author":1,"featured_media":0,"parent":0,"menu_order":0,"comment_status":"open","ping_status":"open","template":"bibliukaflar.php","meta":{"footnotes":""},"class_list":["post-4021","page","type-page","status-publish","hentry"],"_links":{"self":[{"href":"https:\/\/biblian.is\/gudbrandsbiblia\/wp-json\/wp\/v2\/pages\/4021","targetHints":{"allow":["GET"]}}],"collection":[{"href":"https:\/\/biblian.is\/gudbrandsbiblia\/wp-json\/wp\/v2\/pages"}],"about":[{"href":"https:\/\/biblian.is\/gudbrandsbiblia\/wp-json\/wp\/v2\/types\/page"}],"author":[{"embeddable":true,"href":"https:\/\/biblian.is\/gudbrandsbiblia\/wp-json\/wp\/v2\/users\/1"}],"replies":[{"embeddable":true,"href":"https:\/\/biblian.is\/gudbrandsbiblia\/wp-json\/wp\/v2\/comments?post=4021"}],"version-history":[{"count":0,"href":"https:\/\/biblian.is\/gudbrandsbiblia\/wp-json\/wp\/v2\/pages\/4021\/revisions"}],"wp:attachment":[{"href":"https:\/\/biblian.is\/gudbrandsbiblia\/wp-json\/wp\/v2\/media?parent=4021"}],"curies":[{"name":"wp","href":"https:\/\/api.w.org\/{rel}","templated":true}]}}