{"id":4019,"date":"2017-12-18T18:35:22","date_gmt":"2017-12-18T18:35:22","guid":{"rendered":"http:\/\/biblian.is\/gudbrandsbiblia\/opinberunarbok-johannesar-1-kafli\/"},"modified":"2017-12-18T18:35:22","modified_gmt":"2017-12-18T18:35:22","slug":"opinberunarbok-johannesar-1-kafli","status":"publish","type":"page","link":"https:\/\/biblian.is\/gudbrandsbiblia\/opinberunarbok-johannesar-1-kafli\/","title":{"rendered":"Opinberunarb\u00f3k J\u00f3hannesar 1. kafli"},"content":{"rendered":"<p>Opinberanir S. Johannis theologi<\/p>\n<p>I. <\/p>\n<p>\u00deetta er opinberan Jes\u00fa Christi hverja Gu\u00f0 gaf honum til a\u00f0 kunngj\u00f6ra s\u00ednum \u00fej\u00f3num hva\u00f0 ske skal snarlega og tilteikna\u00f0 og sent hefur fyrir sinn engil til s\u00edns \u00fe\u00e9nara J\u00f3hannes, hver vitna\u00f0 hefur Gu\u00f0s or\u00f0 og vitnisbur\u00f0inn af Jes\u00fa Christo, hva\u00f0 helst hann hefur s\u00e9\u00f0. <span class=\"athugasemd\" title=\"1. J\u00f3h. 1\">[<\/span> S\u00e6ll er s\u00e1 sem les og s\u00e1 sem heyrir or\u00f0i\u00f0 sp\u00e1d\u00f3msins og var\u00f0veitir hva\u00f0 \u00ed honum skrifa\u00f0 er \u00fev\u00ed a\u00f0 t\u00edminn er n\u00e1l\u00e6gur. <\/p>\n<p>\tJ\u00f3hannes \u00feeim sj\u00f6 samkundum sem \u00ed Asia eru: N\u00e1\u00f0 s\u00e9 me\u00f0 y\u00f0ur og fri\u00f0ur af \u00feeim sem er og \u00feeim sem var og \u00feeim sem koma mun og af \u00feeim sj\u00f6 \u00f6ndum sem eru fyrir hans st\u00f3li og af Jes\u00fa Christo, s\u00e1 sem er tr\u00far vottur og frumgetningur framli\u00f0inna og h\u00f6f\u00f0ingi jar\u00f0arinnar konunga. Hver oss hefur elska\u00f0 og \u00fevegi\u00f0 af syndunum \u00ed s\u00ednu bl\u00f3\u00f0i og hefur gj\u00f6rt oss til konunga og kennimanna fyrir Gu\u00f0i og s\u00ednum f\u00f6\u00f0ur. <span class=\"athugasemd\" title=\"1. Pet. 2\">[<\/span> \u00deeim hinum sama s\u00e9 d\u00fdr\u00f0 vald um aldir alda a\u00f0 eil\u00edfu. Amen. Sj\u00e1i\u00f0, hann kemur me\u00f0 sk\u00fdinu og \u00f6ll augu munu hann sj\u00e1 og \u00feeir e\u00f0 hann stungi\u00f0 hafa og allar kynkv\u00edslir jar\u00f0arinnar munu kveina. <span class=\"athugasemd\" title=\"Esa. 3 \/ Math. 24\">[<\/span> J\u00e1, amen. Eg em A og \u00d6, upphaf og endir, segir Drottinn, s\u00e1 sem er og s\u00e1 sem var og s\u00e1 sem koma mun, hinn alm\u00e1ttugi.<\/p>\n<p>\tEg J\u00f3hannes, y\u00f0ar br\u00f3\u00f0ir og hluttakari \u00ed h\u00f6rmunginni og r\u00edkinu og \u00feolinm\u00e6\u00f0i Jes\u00fa Christi, var \u00ed eynni Patmos fyrir Gu\u00f0s or\u00f0s sakir og vitnisbur\u00f0ar Jes\u00fa Christi. <span class=\"athugasemd\" title=\"Patmos\">[<\/span> Eg var \u00ed anda \u00e1 sunnudegi og heyr\u00f0i \u00e1 bak m\u00e9r aftur raust mikla sem l\u00fa\u00f0urs, so segjandi: Eg em A og \u00d6, fyrstur og s\u00ed\u00f0astur. Og hva\u00f0 \u00fe\u00fa s\u00e9r \u00fea\u00f0 skrifa \u00ed b\u00f3k og send \u00fea\u00f0 til samkundanna \u00ed Asia: Til Epheso og til Smyrnem, til Pergamum og til Thyatiras, til Sarden og til Philadelphiam og til Laodiceam. <\/p>\n<p>\tOg eg snera m\u00e9r vi\u00f0 \u00fea\u00f0 eg lita \u00fe\u00e1 raust sem vi\u00f0 mig tala\u00f0i. Og sem eg snera m\u00e9r vi\u00f0 s\u00e1 eg sj\u00f6 lj\u00f3sastikur gulllegar og milli gulllegra stjakanna \u00feann l\u00edkur var mannsins syni. <span class=\"athugasemd\" title=\"Sj\u00f6 gulllegar lj\u00f3sastikur\">[<\/span> S\u00e1 var kl\u00e6ddur s\u00ed\u00f0ri slyppu og spenntur um bringuna gulllegum linda. En hans h\u00f6fu\u00f0 og h\u00e1r voru hv\u00edt, sem hv\u00edt ull og l\u00edka sem snj\u00e1r, og hans augu sem eldsins logi og hans f\u00e6tur sem \u00fea\u00f0 l\u00e1tun er gl\u00f3ar \u00ed afli og hans r\u00f6dd sem ni\u00f0ur mikilla vatna og haf\u00f0i sj\u00f6 stj\u00f6rnur \u00ed sinni h\u00e6gri hendi og \u00fat af hans munni gekk hvasst tv\u00edeggja\u00f0 sver\u00f0 og hans andlit l\u00fdsti sem sk\u00ednanda s\u00f3l.<\/p>\n<p>\tOg sem eg s\u00e1 hann f\u00e9ll eg til f\u00f3ta hans so sem dau\u00f0ur. Og hann lag\u00f0i s\u00edna h\u00e6gri h\u00f6nd yfir mig og sag\u00f0i til m\u00edn: &#8222;Hr\u00e6\u00f0stu ekki. Eg em fyrstur og s\u00ed\u00f0astur og lifandi. Eg var dau\u00f0ur og sj\u00e1, a\u00f0 eg em lifandi um aldir a\u00f0 eil\u00edfu og hefi lykla helv\u00edtanna og dau\u00f0ans. Skrifa hva\u00f0 \u00fe\u00fa s\u00e9\u00f0 hefur og hva\u00f0 \u00fear er og hva\u00f0 \u00fear eftir \u00e1 ske skal, leyndard\u00f3m \u00feeirra sj\u00f6 stjarna sem \u00fe\u00fa hefur s\u00e9\u00f0 \u00ed minni h\u00e6gri hendi og \u00fe\u00e6r sj\u00f6 gulllegar stikur. \u00deessar sj\u00f6 stj\u00f6rnur eru englar sj\u00f6 samkundna og \u00fe\u00e6r sj\u00f6 lj\u00f3sastikur sem \u00fe\u00fa hefur s\u00e9\u00f0 eru sj\u00f6 samkundur. <span class=\"athugasemd\" title=\"Stj\u00f6rnur \/ Lj\u00f3sastjakar\">[<\/span><\/p>\n","protected":false},"excerpt":{"rendered":"<p>Opinberanir S. Johannis theologi I. \u00deetta er opinberan Jes\u00fa Christi hverja Gu\u00f0 gaf honum til a\u00f0 kunngj\u00f6ra s\u00ednum \u00fej\u00f3num hva\u00f0 ske skal snarlega og tilteikna\u00f0 og sent hefur fyrir sinn engil til s\u00edns \u00fe\u00e9nara J\u00f3hannes, hver vitna\u00f0 hefur Gu\u00f0s or\u00f0 og vitnisbur\u00f0inn af Jes\u00fa Christo, hva\u00f0 helst hann hefur s\u00e9\u00f0. [ S\u00e6ll er s\u00e1 sem les og s\u00e1 sem heyrir or\u00f0i\u00f0 sp\u00e1d\u00f3msins og var\u00f0veitir hva\u00f0 \u00ed honum skrifa\u00f0 er \u00fev\u00ed a\u00f0 t\u00edminn er n\u00e1l\u00e6gur. J\u00f3hannes \u00feeim sj\u00f6 samkundum sem \u00ed Asia eru: N\u00e1\u00f0 s\u00e9 me\u00f0 y\u00f0ur og fri\u00f0ur af \u00feeim sem er og \u00feeim sem var og \u00feeim sem koma <a href=\"https:\/\/biblian.is\/gudbrandsbiblia\/opinberunarbok-johannesar-1-kafli\/\"> [&#8230;]<\/a><\/p>\n","protected":false},"author":1,"featured_media":0,"parent":0,"menu_order":0,"comment_status":"open","ping_status":"open","template":"bibliukaflar.php","meta":{"footnotes":""},"class_list":["post-4019","page","type-page","status-publish","hentry"],"_links":{"self":[{"href":"https:\/\/biblian.is\/gudbrandsbiblia\/wp-json\/wp\/v2\/pages\/4019","targetHints":{"allow":["GET"]}}],"collection":[{"href":"https:\/\/biblian.is\/gudbrandsbiblia\/wp-json\/wp\/v2\/pages"}],"about":[{"href":"https:\/\/biblian.is\/gudbrandsbiblia\/wp-json\/wp\/v2\/types\/page"}],"author":[{"embeddable":true,"href":"https:\/\/biblian.is\/gudbrandsbiblia\/wp-json\/wp\/v2\/users\/1"}],"replies":[{"embeddable":true,"href":"https:\/\/biblian.is\/gudbrandsbiblia\/wp-json\/wp\/v2\/comments?post=4019"}],"version-history":[{"count":0,"href":"https:\/\/biblian.is\/gudbrandsbiblia\/wp-json\/wp\/v2\/pages\/4019\/revisions"}],"wp:attachment":[{"href":"https:\/\/biblian.is\/gudbrandsbiblia\/wp-json\/wp\/v2\/media?parent=4019"}],"curies":[{"name":"wp","href":"https:\/\/api.w.org\/{rel}","templated":true}]}}