{"id":4018,"date":"2017-12-18T18:35:22","date_gmt":"2017-12-18T18:35:22","guid":{"rendered":"http:\/\/biblian.is\/gudbrandsbiblia\/judasarbrefid-1-kafli\/"},"modified":"2017-12-18T18:35:22","modified_gmt":"2017-12-18T18:35:22","slug":"judasarbrefid-1-kafli","status":"publish","type":"page","link":"https:\/\/biblian.is\/gudbrandsbiblia\/judasarbrefid-1-kafli\/","title":{"rendered":"J\u00fadasarbr\u00e9fi\u00f0 1. kafli"},"content":{"rendered":"<p>Pistillinn hins heilaga Jude<\/p>\n<p>I.<\/p>\n<p>J\u00fadas, \u00fej\u00f3n Jes\u00fa Christi en br\u00f3\u00f0ir Jacobi<\/p>\n<p>\t\u00feeim k\u00f6llu\u00f0um sem helga\u00f0ir eru \u00ed Gu\u00f0i f\u00f6\u00f0ur og var\u00f0veittir \u00ed Jes\u00fa Christo: Miskunnsemi, fri\u00f0ur og k\u00e6rleiki Gu\u00f0s margfaldist y\u00f0ur.<\/p>\n<p>\tHinir k\u00e6rustu, me\u00f0 \u00fev\u00ed eg haf\u00f0a allan setning \u00e1 y\u00f0ur a\u00f0 skrifa \u00fat af almennilegu voru hj\u00e1lpr\u00e6\u00f0i virtist m\u00e9r nau\u00f0s\u00fdnilegt me\u00f0 skrifi a\u00f0 \u00e1minna \u00fea\u00f0 \u00fe\u00e9r yfir \u00feeirri tr\u00fa str\u00ed\u00f0i\u00f0 sem hinum heil\u00f6gu er eitt sinn ofurgefin. \u00dev\u00ed a\u00f0 \u00fear eru nokkrir menn \u00feeir jafnframt inn hafa l\u00e6\u00f0st, \u00fat af hverjum for\u00f0um t\u00ed\u00f0 skrifa\u00f0 er til \u00feessa d\u00f3ms\u00e1fellis. \u00deeir eru \u00f3mildir og umvenda n\u00e1\u00f0 Gu\u00f0s vors \u00ed muna\u00f0l\u00edfi og afneita Gu\u00f0i og vorn Drottni Jes\u00fa Christo, \u00feeim einka drottnara.<\/p>\n<p>\tEn eg vil undirv\u00edsa y\u00f0ur a\u00f0 \u00fe\u00e9r eitt sinn viti\u00f0 \u00fea\u00f0 Drottinn \u00feann t\u00ed\u00f0 hann frelsa\u00f0i f\u00f3lki\u00f0 af Egyptalandi a\u00f0 \u00ed anna\u00f0 sinn glata\u00f0i hann \u00feeim sem ekki tr\u00fa\u00f0u. L\u00edka einnin englana hverjir ekki geymdu \u00feeirra h\u00f6f\u00f0ingjad\u00f3m heldur forl\u00e9tu sitt heimili hefur hann var\u00f0veitt til d\u00f3ms \u00feess hins mikla dags undir \u00e6vinlegum b\u00f6ndum myrkursins. So sem einnin S\u00f3d\u00f3ma og G\u00f3morra og umliggjandi borgir er me\u00f0 sama h\u00e6tti og \u00fe\u00e6r \u00fath\u00f3rast h\u00f6f\u00f0u og eftir <span class=\"athugasemd\" title=\"(\u00f6\u00f0ru holdi) \/ \u00dea\u00f0 er me\u00f0 \u00f3n\u00e1tt\u00farlegum h\u00e6tti m\u00f3ti holdinu a\u00f0 syndgast so sem \u00ed Sodoma ske\u00f0i\">[<\/span> \u00f6\u00f0ru holdi gengnar eru og settar eru til eftird\u00e6mis og \u00feola kv\u00f6l eil\u00edfs elds. Sl\u00edkt hi\u00f0 sama eru einnin \u00feessi draumf\u00edfl hverjir holdi\u00f0 saurga en herrast\u00e9ttina forsm\u00e1 og tignina h\u00e6\u00f0a.<\/p>\n<p>\tEn M\u00edkael, s\u00e1 h\u00f6fu\u00f0engill, \u00fe\u00e1 hann vi\u00f0 dj\u00f6fulinn \u00fer\u00e1tta\u00f0i og vi\u00f0 hann tala\u00f0i um l\u00edkama Moysi dirf\u00f0ist hann ekki d\u00f3msatkv\u00e6\u00f0i h\u00e1\u00f0ungarinnar \u00e1 a\u00f0 fella heldur sag\u00f0i hann: &#8222;Drottinn straffi \u00feig.&#8220; En \u00feessir lasta \u00fear \u00feeir ekkert af vita. En hva\u00f0 \u00feeir af n\u00e1tt\u00faru so sem \u00f6nnur skynlaus d\u00fdr vita \u00fea spilla \u00feeir sj\u00e1lfir \u00fear inni. Vei \u00feeim, \u00fev\u00ed a\u00f0 \u00feeir ganga veg Kains og falla \u00ed villud\u00f3m Balaams fyrir \u00e1vinnings sakir og fyrirfarast \u00ed m\u00f3tm\u00f6glan Chore! <\/p>\n<p>\t\u00deeir eru \u00f3\u00feekktir, bramlandi s\u00edn af y\u00f0ar \u00f6lm\u00f6su \u00e1n \u00f3tta, f\u00e6\u00f0andi sig sj\u00e1lfa. \u00deeir eru vatslaus sk\u00fd sem af vindi um ver\u00f0a drifin. \u00deeir eru haustvi\u00f0ur visinn, \u00f3frj\u00f3s\u00f6m tr\u00e9, tvisvar dau\u00f0ir og uppr\u00e6ttir, grimmar sj\u00e1varbylgjur \u00fatl\u00f6\u00f0randi s\u00ednar eiginlegar vansemdir, villar stj\u00f6rnur hverjum a\u00f0 var\u00f0veitt er \u00feokan myrkranna a\u00f0 eil\u00edfu.<\/p>\n<p>\tEn Enok, hinn sj\u00f6undi fr\u00e1 Adam, hefur einnin af \u00feessum sp\u00e1\u00f0 og sagt: <span class=\"athugasemd\" title=\"Apoc. 1 \/ Esa. 31\">[<\/span> &#8222;Sj\u00e1i\u00f0, Drottinn kemur me\u00f0 m\u00f6rg \u00fe\u00fasund heilagra d\u00f3m a\u00f0 halda yfir \u00f6llum og a\u00f0 straffa alla \u00fe\u00e1 sem \u00f3gu\u00f0legir eru af \u00f6llum gj\u00f6r\u00f0um sem \u00feeir \u00f3gu\u00f0legir dr\u00fdg\u00f0u og af \u00f6llu h\u00f6r\u00f0u sem \u00f3gu\u00f0legir hafa \u00ed m\u00f3t honum tala\u00f0. <\/p>\n<p>\t\u00deeir eru m\u00f6glendur og \u00e1t\u00f6lusamir, eftir s\u00ednum girndum gangandi og \u00feeirra munnur talar hrokyr\u00f0i og \u00feeir d\u00e1st a\u00f0 manngreinar\u00e1litinu fyrir gagnsemdar sakir. En \u00fe\u00e9r elskulegir, veri\u00f0 minnugir \u00feeirra or\u00f0a sem h\u00e9r \u00e1\u00f0ur fyrri s\u00f6g\u00f0 hafa veri\u00f0 af postulum Drottins vors Jes\u00fa Christi \u00fea\u00f0 \u00feeir s\u00f6g\u00f0u y\u00f0ur a\u00f0 \u00e1 s\u00ed\u00f0ustu t\u00edmum munu spottarar koma hverjir eftir s\u00ednum girndum ganga munu \u00ed \u00f3gu\u00f0legu l\u00edferni. <span class=\"athugasemd\" title=\"2. Pet. 2\">[<\/span> \u00deeir eru hverjir tv\u00eddr\u00e6gni gj\u00f6ra, hverjir l\u00edkamlegir eru, \u00feeir \u00f6ngvan anda hafa.<\/p>\n<p>\tEn \u00fe\u00e9r \u00e1stsamlegir, uppbyggi\u00f0 y\u00f0ur yfir y\u00f0ra allra heil\u00f6gustu tr\u00fa fyrir heilagan anda og bi\u00f0ji\u00f0 og var\u00f0veiti\u00f0 y\u00f0ur \u00ed Gu\u00f0s k\u00e6rleika. Og v\u00e6nti\u00f0 \u00feeirrar miskunnar Drottins vors Jes\u00fa Christi til eil\u00edfs l\u00edfs. Og haldi\u00f0 \u00feennan mismun \u00fea\u00f0 \u00fe\u00e9r sambarmi\u00f0 y\u00f0ur \u00feessum en \u00fe\u00e1 <span class=\"athugasemd\" title=\"a \/ (a\u00f0ra) \/ \u00dea\u00f0 er huggi\u00f0 suma, straffi\u00f0 suma, \u00fe\u00f3 me\u00f0 hr\u00e6\u00f0slu en ei me\u00f0 s\u00e9rg\u00e6\u00f0ismetna\u00f0i so a\u00f0 \u00fe\u00e9r g\u00e6tu\u00f0 \u00feeim burt rykkt \u00far h\u00e1ska eil\u00edfs bruna og fyrird\u00e6mingar\">[<\/span> a\u00f0ra fyrir hr\u00e6\u00f0lu sakir hj\u00e1lplega gj\u00f6ri\u00f0 og rykki\u00f0 \u00feeim \u00far b\u00e1linu og a\u00f0 hatri hafi\u00f0 \u00feann flekka\u00f0a holdsins kyrtil.<\/p>\n<p>\tEn \u00feeim sem y\u00f0ur kann a\u00f0 var\u00f0veita utan vansa og a\u00f0 skikka fyrir augliti sinnar d\u00fdr\u00f0ar \u00f3flekka\u00f0a me\u00f0ur f\u00f6gnu\u00f0i, \u00feeim Gu\u00f0i sem alleina er vitur, vorum lausnara, s\u00e9 d\u00fdr\u00f0 og miklan og vald og magt, n\u00fa og um allar aldir a\u00f0 eil\u00edfu. Amen.<\/p>\n","protected":false},"excerpt":{"rendered":"<p>Pistillinn hins heilaga Jude I. J\u00fadas, \u00fej\u00f3n Jes\u00fa Christi en br\u00f3\u00f0ir Jacobi \u00feeim k\u00f6llu\u00f0um sem helga\u00f0ir eru \u00ed Gu\u00f0i f\u00f6\u00f0ur og var\u00f0veittir \u00ed Jes\u00fa Christo: Miskunnsemi, fri\u00f0ur og k\u00e6rleiki Gu\u00f0s margfaldist y\u00f0ur. Hinir k\u00e6rustu, me\u00f0 \u00fev\u00ed eg haf\u00f0a allan setning \u00e1 y\u00f0ur a\u00f0 skrifa \u00fat af almennilegu voru hj\u00e1lpr\u00e6\u00f0i virtist m\u00e9r nau\u00f0s\u00fdnilegt me\u00f0 skrifi a\u00f0 \u00e1minna \u00fea\u00f0 \u00fe\u00e9r yfir \u00feeirri tr\u00fa str\u00ed\u00f0i\u00f0 sem hinum heil\u00f6gu er eitt sinn ofurgefin. \u00dev\u00ed a\u00f0 \u00fear eru nokkrir menn \u00feeir jafnframt inn hafa l\u00e6\u00f0st, \u00fat af hverjum for\u00f0um t\u00ed\u00f0 skrifa\u00f0 er til \u00feessa d\u00f3ms\u00e1fellis. \u00deeir eru \u00f3mildir og umvenda n\u00e1\u00f0 Gu\u00f0s vors \u00ed muna\u00f0l\u00edfi <a href=\"https:\/\/biblian.is\/gudbrandsbiblia\/judasarbrefid-1-kafli\/\"> [&#8230;]<\/a><\/p>\n","protected":false},"author":1,"featured_media":0,"parent":0,"menu_order":0,"comment_status":"open","ping_status":"open","template":"bibliukaflar.php","meta":{"footnotes":""},"class_list":["post-4018","page","type-page","status-publish","hentry"],"_links":{"self":[{"href":"https:\/\/biblian.is\/gudbrandsbiblia\/wp-json\/wp\/v2\/pages\/4018","targetHints":{"allow":["GET"]}}],"collection":[{"href":"https:\/\/biblian.is\/gudbrandsbiblia\/wp-json\/wp\/v2\/pages"}],"about":[{"href":"https:\/\/biblian.is\/gudbrandsbiblia\/wp-json\/wp\/v2\/types\/page"}],"author":[{"embeddable":true,"href":"https:\/\/biblian.is\/gudbrandsbiblia\/wp-json\/wp\/v2\/users\/1"}],"replies":[{"embeddable":true,"href":"https:\/\/biblian.is\/gudbrandsbiblia\/wp-json\/wp\/v2\/comments?post=4018"}],"version-history":[{"count":0,"href":"https:\/\/biblian.is\/gudbrandsbiblia\/wp-json\/wp\/v2\/pages\/4018\/revisions"}],"wp:attachment":[{"href":"https:\/\/biblian.is\/gudbrandsbiblia\/wp-json\/wp\/v2\/media?parent=4018"}],"curies":[{"name":"wp","href":"https:\/\/api.w.org\/{rel}","templated":true}]}}