{"id":4010,"date":"2017-12-18T18:35:22","date_gmt":"2017-12-18T18:35:22","guid":{"rendered":"http:\/\/biblian.is\/gudbrandsbiblia\/hebreabrefid-11-kafli\/"},"modified":"2017-12-18T18:35:22","modified_gmt":"2017-12-18T18:35:22","slug":"hebreabrefid-11-kafli","status":"publish","type":"page","link":"https:\/\/biblian.is\/gudbrandsbiblia\/hebreabrefid-11-kafli\/","title":{"rendered":"Hebreabr\u00e9fi\u00f0 11. kafli"},"content":{"rendered":"<p>XI.<\/p>\n<p>En tr\u00faan er \u00f6ruggt traust \u00feeirra hluta sem v\u00e9r vonum og efum eigi hva\u00f0 v\u00e9r sj\u00e1um ekki. Fyrir hana fengu \u00feeir hinir g\u00f6mlu vitnisbur\u00f0inn. Fyrir tr\u00fana undirst\u00f6ndum v\u00e9r heiminn gj\u00f6r\u00f0an vera me\u00f0 Gu\u00f0s or\u00f0i og \u00fea\u00f0 hva\u00f0 s\u00fdnilegt er \u00fat af hinu \u00f3s\u00fdnilego vor\u00f0i\u00f0. <span class=\"athugasemd\" title=\"Gen. 1\">[<\/span><\/p>\n<p>\tFyrir tr\u00fana hefur Abel Gu\u00f0i meiri offran gj\u00f6rt en Kain, fyrir hverja hann hefur vitnisbur\u00f0inn fengi\u00f0 \u00fea\u00f0 hann r\u00e9ttl\u00e1tur s\u00e9, \u00fe\u00e1 Gu\u00f0 gaf vitnan af hans gj\u00f6fum. <span class=\"athugasemd\" title=\"Gen. 4\">[<\/span> Og um \u00fe\u00e1 s\u00f6mu talar hann enn \u00fe\u00f3tt hann s\u00e9 l\u00e1tinn.<\/p>\n<p>\tFyrir tr\u00fana var\u00f0 Enok burt numinn a\u00f0 hann s\u00e6i eigi dau\u00f0ann og var\u00f0 eigi fundinn af \u00fev\u00ed \u00fea\u00f0 Gu\u00f0 t\u00f3k hann \u00e1 burt. <span class=\"athugasemd\" title=\"Gen. 5\">[<\/span> \u00dev\u00ed \u00e1\u00f0ur fyrri en hann var \u00ed burt numinn hefur hann vitnisbur\u00f0inn haft \u00fea\u00f0 hann \u00fe\u00f3kna\u00f0ist Gu\u00f0i. En \u00e1n tr\u00faarinnar er \u00f3m\u00f6gulegt Gu\u00f0i a\u00f0 \u00fe\u00f3knast. \u00dev\u00ed hver hann vill koma til Gu\u00f0s s\u00e1 hl\u00fdtur a\u00f0 tr\u00faa \u00fea\u00f0 a\u00f0 hann s\u00e9 og \u00fea\u00f0 hann muni endurgjaldari ver\u00f0a \u00feeirra sem hans leita.<\/p>\n<p>\tFyrir tr\u00fana hefur N\u00f3i vegsama\u00f0 Gu\u00f0 og \u00f6rkina fyrirb\u00fai\u00f0 til hj\u00e1lpr\u00e6\u00f0is s\u00ednu h\u00fasi \u00fe\u00e1 hann me\u00f0t\u00f3k gu\u00f0legan b\u00edfalning um \u00fea\u00f0 hva\u00f0 eigi var ske\u00f0, fyrir hvert hann ver\u00f6ldina ford\u00e6mdi og er erfingi vor\u00f0inn \u00feess r\u00e9ttl\u00e6tis sem fyrir tr\u00fana kemur. <span class=\"athugasemd\" title=\"Gen. 6\">[<\/span><\/p>\n<p>\tFyrir tr\u00fana var\u00f0 Abraham hl\u00fd\u00f0inn \u00fe\u00e1 hann kalla\u00f0ur var\u00f0 \u00fat a\u00f0 ganga \u00e1 \u00fe\u00e1 j\u00f6r\u00f0 sem hann erfa skyldi. Og hann gekk \u00fat og vissi eigi hvert \u00fat hann mundi koma. <span class=\"athugasemd\" title=\"Gen. 12\">[<\/span><\/p>\n<p>\tFyrir tr\u00fana er hann framandi verinn \u00e1 fyrirheitsj\u00f6r\u00f0unni so sem \u00e1 annarlegri og b\u00fai\u00f0 \u00ed tjaldb\u00fa\u00f0 me\u00f0 \u00cdsaak og Jakob, me\u00f0 erfingjum sama fyrirheitsins. \u00dev\u00ed a\u00f0 hann vona\u00f0i upp \u00e1 \u00fe\u00e1 borgina sem grundv\u00f6llinn haf\u00f0i, hverrar uppbyggingarsmi\u00f0ur og skapari er Gu\u00f0.<\/p>\n<p>\tFyrir tr\u00fana me\u00f0t\u00f3k hin \u00f3byrja Sara kraft \u00fea\u00f0 h\u00fan var\u00f0 frj\u00f3fs\u00f6m og f\u00e6ddi fram yfir t\u00edma hennar aldurs. \u00dev\u00ed a\u00f0 h\u00fan h\u00e9lt hann tr\u00fafastan sem henni haf\u00f0i \u00fea\u00f0 til sagt. <span class=\"athugasemd\" title=\"Gen. 25\">[<\/span> Fyrir hva\u00f0 a\u00f0 margir eru upprunnir af einum, \u00fe\u00f3 a\u00f0 d\u00e1ins l\u00edkama v\u00e6ri, l\u00edka sem stj\u00f6rnur himins og so sem sandur vi\u00f0 sj\u00e1varstr\u00f6nd, hva\u00f0 \u00f3teljanlegt er. <span class=\"athugasemd\" title=\"Gen. 25\">[<\/span><\/p>\n<p>\t\u00deessir allir eru \u00ed tr\u00fanni undir lok li\u00f0nir og hafa ekki fyrirheiti\u00f0 me\u00f0teki\u00f0 heldur \u00fea\u00f0 af fjarska til s\u00e9\u00f0 og hafa \u00fear \u00e1 treyst og s\u00e9r n\u00e6gja l\u00e1ti\u00f0 og vi\u00f0urkennt \u00fea\u00f0 \u00feeir v\u00e6ri \u00e1 j\u00f6r\u00f0u gestir og framandi. \u00dev\u00ed a\u00f0 \u00feeir sem \u00feetta segja \u00feeir gefa til a\u00f0 skilja \u00fea\u00f0 \u00feeir annarrar f\u00f6\u00f0urleif\u00f0ar leiti. Og a\u00f0 s\u00f6nnu, ef \u00feeir hef\u00f0u meint hana af hverri \u00feeir voru \u00fatfarnir hef\u00f0i \u00feeir n\u00f3gan t\u00edma til aftur a\u00f0 sn\u00faa. En n\u00fa girntust \u00feeir a\u00f0ra betri, \u00fea\u00f0 er himneska. Fyrir \u00fev\u00ed \u00f3vir\u00f0ist ekki Gu\u00f0 a\u00f0 nefnast \u00feeirra Gu\u00f0 \u00fev\u00ed a\u00f0 hann hefur \u00feeim borg fyrirb\u00fai\u00f0. <span class=\"athugasemd\" title=\"Exo. 3\">[<\/span><\/p>\n<p>\tFyrir tr\u00fana f\u00f3rnf\u00e6r\u00f0i Abraham \u00cdsaak \u00fe\u00e1 hann var\u00f0 freista\u00f0ur og fram gaf hinn eingetna, \u00feann sem hann haf\u00f0i \u00fe\u00f3 \u00ed fyrirheitinu me\u00f0teki\u00f0, \u00fat af hverjum e\u00f0 sagt var: &#8222;\u00cd \u00cdsaak skal \u00fe\u00e9r \u00feitt s\u00e6\u00f0i kalla\u00f0 ver\u00f0a&#8220;, \u00edhugandi \u00fea\u00f0 Gu\u00f0 kynni af dau\u00f0a up a\u00f0 vekja, fyrir hva\u00f0 hann einnin aftur f\u00e9kk hann til fyrirl\u00edkingar. <span class=\"athugasemd\" title=\"Gen. 22\">[<\/span><\/p>\n<p>\tFyrir tr\u00fana blessa\u00f0i \u00cdsaak af \u00fev\u00ed hva\u00f0 eftirkomandi var Jakob og Esa\u00fa. <span class=\"athugasemd\" title=\"Gen. 27\">[<\/span> Fyrir tr\u00fana blessa\u00f0i Jakob \u00fe\u00e1 hann dey\u00f0i b\u00e1\u00f0a sonu J\u00f3sefs og gj\u00f6r\u00f0i lotning \u00fev\u00ed fremsta \u00e1 hans r\u00edkissprota. <span class=\"athugasemd\" title=\"Gen. 47\">[<\/span><\/p>\n<p>\tFyrir tr\u00fana tala\u00f0i J\u00f3sef \u00fat af g\u00f6ngu \u00cdsraelssona \u00fe\u00e1 hann dey\u00f0i og b\u00edfalning gj\u00f6r\u00f0i um s\u00edn bein. <span class=\"athugasemd\" title=\"Gen. 50\">[<\/span><\/p>\n<p>\tFyrir tr\u00fana var\u00f0 Moyses \u00fe\u00e1 hann var f\u00e6ddur \u00ed \u00ferj\u00e1 m\u00e1nu\u00f0i falin af s\u00ednum foreldrum fyrir \u00fev\u00ed \u00feau s\u00e1u \u00fea\u00f0 hann var \u00e1g\u00e6tlegt barn og hr\u00e6ddunst ekki k\u00f3ngsins b\u00edfalning. <span class=\"athugasemd\" title=\"Exo. 2\">[<\/span><\/p>\n<p>\tFyrir tr\u00fana afneita\u00f0i Moyses \u00fe\u00e1 hann gj\u00f6r\u00f0ist st\u00f3r sig a\u00f0 vera d\u00f3tturson pharaonis og kj\u00f6ri miklu heldur me\u00f0ur f\u00f3lki Gu\u00f0s \u00f3mak a\u00f0 \u00feola en a\u00f0 hafa stundlegt eftirl\u00e6ti syndarinnar og h\u00e9lt vanvir\u00f0ing Christi fyrir st\u00e6rra r\u00edkd\u00f3m en f\u00e9sj\u00f3\u00f0u egypskra \u00fev\u00ed a\u00f0 hann leit \u00e1 ver\u00f0launin.<\/p>\n<p>\tFyrir tr\u00fana forl\u00e9t hann Egyptaland og \u00f3tta\u00f0ist ekki k\u00f3ngsins grimmd. \u00dev\u00ed a\u00f0 hann h\u00e9lt sig a\u00f0 \u00feeim hvern hann s\u00e1 ekki, l\u00edka so sem a\u00f0 hann s\u00e6i hann.<\/p>\n<p>\tFyrir tr\u00fana h\u00e9lt hann p\u00e1skana og bl\u00f3\u00f0s\u00fathellingina upp \u00e1 \u00fea\u00f0 a\u00f0 eigi snyrti \u00fe\u00e1 s\u00e1 sem frumbur\u00f0ina drap. <span class=\"athugasemd\" title=\"Exo. 12\">[<\/span><\/p>\n<p>\tFyrir tr\u00fana gengu \u00feeir \u00ed gegnum Hafi\u00f0 rau\u00f0a svo sem um \u00feurrlendi, hvers einnin hinir egypsku freistu\u00f0u og drekktust. <span class=\"athugasemd\" title=\"Exo. 14\">[<\/span><\/p>\n<p>\tFyrir tr\u00fana ni\u00f0urhrundu m\u00farveggir H\u00e9r\u00edk\u00f3 \u00fe\u00e1 er \u00feeir h\u00f6f\u00f0u \u00ed sj\u00f6 daga um kring hana gengi\u00f0. <span class=\"athugasemd\" title=\"Josu. 6\">[<\/span><\/p>\n<p>\tFyrir tr\u00fana var\u00f0 Rahab, s\u00fa h\u00f3rkona, ei fort\u00f6pu\u00f0 me\u00f0ur vantr\u00fau\u00f0um \u00fe\u00e1 h\u00fan me\u00f0t\u00f3k \u00fe\u00e1 nj\u00f3snarmenn vinsamlega. <span class=\"athugasemd\" title=\"Josu. 2\">[<\/span><\/p>\n<p>\tOg hva\u00f0 skal eg meir segja? T\u00edminn ver\u00f0ur m\u00e9r of stuttur n\u00e6r eg skylda fram\u00feylja af Gideon, Barak, Samson, Jephtahe, Dav\u00ed\u00f0 og Sam\u00fael og sp\u00e1m\u00f6nnunum, hverjir e\u00f0 hafa fyrir tr\u00fana k\u00f3ngar\u00edki yfirunni\u00f0, r\u00e9ttl\u00e6ti\u00f0 verka\u00f0, fyrirheiti\u00f0 \u00f6\u00f0last, le\u00f3namunnana tilbyrgt, eldsins magn \u00fatsl\u00f6kkt, sver\u00f0sins eggjar umfl\u00fd\u00f0, kr\u00f6ftugir vor\u00f0nir \u00far breyskleikanum, \u00f6flgir gj\u00f6rst \u00ed str\u00ed\u00f0inu, annarlegra herb\u00fa\u00f0um umvelt. Kvinnurnar hafa s\u00edna framli\u00f0na af upprisunni aftur fengi\u00f0.<\/p>\n<p>\tEn hinir a\u00f0rir eru lemstra\u00f0ir og gabba\u00f0ir og hafa \u00f6ngva frelsan me\u00f0teki\u00f0 so a\u00f0 \u00feeir \u00f6\u00f0lu\u00f0ust hina betri upprisuna. Sumir hafa h\u00e1\u00f0ung og h\u00fa\u00f0strokur li\u00f0i\u00f0, \u00fear ofan \u00e1 b\u00f6nd og fj\u00f6tranir. \u00deeir eru steinum gr\u00fdttir, skammh\u00f6ggnir, \u00ed gegnumstungnir, fyrir sver\u00f0i vegnir. \u00deeir e\u00f0 um hafa fari\u00f0 \u00ed sau\u00f0afeldum og geitskinnum, me\u00f0 eymdum, me\u00f0 harmkv\u00e6lum, me\u00f0 \u00f3maki, hverra heimurinn var eigi ver\u00f0ugur, hafa og villir gengi\u00f0 \u00e1 ey\u00f0im\u00f6rkum, \u00e1 fj\u00f6llum, um fylsni og hella jar\u00f0arinnar.<\/p>\n<p>\t\u00deessir allir fengu vitnisbur\u00f0inn fyrir tr\u00fana og hafa ekki me\u00f0teki\u00f0 fyrirheiti\u00f0 fyrir \u00fev\u00ed \u00fea\u00f0 Gu\u00f0 hefur eitthva\u00f0 betra \u00e1\u00f0ur til forna um oss fyrirhuga\u00f0 so a\u00f0 \u00feeir fyrir utan oss yr\u00f0i ekki fullkomnir gj\u00f6r\u00f0ir.<\/p>\n","protected":false},"excerpt":{"rendered":"<p>XI. En tr\u00faan er \u00f6ruggt traust \u00feeirra hluta sem v\u00e9r vonum og efum eigi hva\u00f0 v\u00e9r sj\u00e1um ekki. Fyrir hana fengu \u00feeir hinir g\u00f6mlu vitnisbur\u00f0inn. Fyrir tr\u00fana undirst\u00f6ndum v\u00e9r heiminn gj\u00f6r\u00f0an vera me\u00f0 Gu\u00f0s or\u00f0i og \u00fea\u00f0 hva\u00f0 s\u00fdnilegt er \u00fat af hinu \u00f3s\u00fdnilego vor\u00f0i\u00f0. [ Fyrir tr\u00fana hefur Abel Gu\u00f0i meiri offran gj\u00f6rt en Kain, fyrir hverja hann hefur vitnisbur\u00f0inn fengi\u00f0 \u00fea\u00f0 hann r\u00e9ttl\u00e1tur s\u00e9, \u00fe\u00e1 Gu\u00f0 gaf vitnan af hans gj\u00f6fum. [ Og um \u00fe\u00e1 s\u00f6mu talar hann enn \u00fe\u00f3tt hann s\u00e9 l\u00e1tinn. Fyrir tr\u00fana var\u00f0 Enok burt numinn a\u00f0 hann s\u00e6i eigi dau\u00f0ann og var\u00f0 eigi fundinn <a href=\"https:\/\/biblian.is\/gudbrandsbiblia\/hebreabrefid-11-kafli\/\"> [&#8230;]<\/a><\/p>\n","protected":false},"author":1,"featured_media":0,"parent":0,"menu_order":0,"comment_status":"open","ping_status":"open","template":"bibliukaflar.php","meta":{"footnotes":""},"class_list":["post-4010","page","type-page","status-publish","hentry"],"_links":{"self":[{"href":"https:\/\/biblian.is\/gudbrandsbiblia\/wp-json\/wp\/v2\/pages\/4010","targetHints":{"allow":["GET"]}}],"collection":[{"href":"https:\/\/biblian.is\/gudbrandsbiblia\/wp-json\/wp\/v2\/pages"}],"about":[{"href":"https:\/\/biblian.is\/gudbrandsbiblia\/wp-json\/wp\/v2\/types\/page"}],"author":[{"embeddable":true,"href":"https:\/\/biblian.is\/gudbrandsbiblia\/wp-json\/wp\/v2\/users\/1"}],"replies":[{"embeddable":true,"href":"https:\/\/biblian.is\/gudbrandsbiblia\/wp-json\/wp\/v2\/comments?post=4010"}],"version-history":[{"count":0,"href":"https:\/\/biblian.is\/gudbrandsbiblia\/wp-json\/wp\/v2\/pages\/4010\/revisions"}],"wp:attachment":[{"href":"https:\/\/biblian.is\/gudbrandsbiblia\/wp-json\/wp\/v2\/media?parent=4010"}],"curies":[{"name":"wp","href":"https:\/\/api.w.org\/{rel}","templated":true}]}}