{"id":4007,"date":"2017-12-18T18:35:22","date_gmt":"2017-12-18T18:35:22","guid":{"rendered":"http:\/\/biblian.is\/gudbrandsbiblia\/hebreabrefid-8-kafli\/"},"modified":"2017-12-18T18:35:22","modified_gmt":"2017-12-18T18:35:22","slug":"hebreabrefid-8-kafli","status":"publish","type":"page","link":"https:\/\/biblian.is\/gudbrandsbiblia\/hebreabrefid-8-kafli\/","title":{"rendered":"Hebreabr\u00e9fi\u00f0 8. kafli"},"content":{"rendered":"<p>VIII.<\/p>\n<p>\u00dea\u00f0 er n\u00fa upph\u00e6\u00f0in \u00feess \u00fea\u00f0 v\u00e9r afsegjum: V\u00e9r h\u00f6fum \u00feann biskup sem situr til h\u00e6gri handar \u00ed tignarst\u00f3lnum \u00e1 himnum og heilagra au\u00f0\u00e6fa og sannarlegrar tjaldb\u00fa\u00f0ar handdverksma\u00f0ur er hverja Gu\u00f0 hefur uppbyggt og eigi ma\u00f0urinn. \u00dev\u00ed a\u00f0 hver biskup ver\u00f0ur tilsettur a\u00f0 offra gjafir og f\u00f3rnir. Fyrir \u00fev\u00ed hl\u00fdtur \u00feessi einnin nokku\u00f0 a\u00f0 hafa \u00fea\u00f0 hann offri. Og ef v\u00e6ri hann n\u00fa \u00e1 j\u00f6r\u00f0u \u00fe\u00e1 v\u00e6ri hann n\u00fa ei prestur \u00e1 me\u00f0an \u00fear eru nokkrir sem eftir l\u00f6gm\u00e1linu gjafir offra, hverjir a\u00f0 \u00fej\u00f3na \u00feeirri fyrirmynd og skugga himneskra au\u00f0\u00e6fa so sem \u00fea\u00f0 gu\u00f0lega andsvar til Moysen sag\u00f0i \u00fe\u00e1 hann tjaldb\u00fa\u00f0ina fullkomna skyldi: <span class=\"athugasemd\" title=\"Exo. 15 \/ Exo. 25\">[<\/span>&#8222;Sj\u00e1 til&#8220; sag\u00f0i hann &#8222;a\u00f0 \u00fe\u00fa alla hluti gj\u00f6rir eftir \u00feeirri fyrirmynd sem \u00fe\u00e9r er \u00e1 fjallinu s\u00fdnd.&#8220;<\/p>\n<p>\tEn n\u00fa hefur hann \u00e6\u00f0ra emb\u00e6tti \u00f6\u00f0last so sem hann annars miklu \u00e6\u00f0ra testamentis me\u00f0alg\u00f6nguma\u00f0ur er, hvert einnin \u00e1 \u00e6\u00f0ra fyrirheiti stendur. \u00dev\u00ed ef hitt fyrra hef\u00f0i \u00f3straffanlegt veri\u00f0 \u00fe\u00e1 hef\u00f0i ekkert r\u00fam leita\u00f0 veri\u00f0 hinu \u00f6\u00f0ru. \u00dev\u00ed a\u00f0 hann straffar \u00fea\u00f0, so segjandi: <span class=\"athugasemd\" title=\"Jere. 31\">[<\/span> &#8222;Sj\u00e1i\u00f0, \u00feeir dagar munu koma, segir Drottinn, \u00fea\u00f0 eg mun yfir h\u00fas \u00cdsraels og yfir h\u00fas J\u00fada setja n\u00fdtt testament, eigi eftir \u00fev\u00ed testamento eg gj\u00f6r\u00f0i vi\u00f0 fe\u00f0ur \u00feeirra \u00e1 \u00feeim degi \u00fe\u00e1 eg t\u00f3k \u00ed \u00feeirra h\u00f6nd \u00ed \u00feann t\u00ed\u00f0 eg \u00fatleidda \u00fe\u00e1 af Egyptalandi. Og me\u00f0 \u00fev\u00ed \u00feeir blifu ekki \u00ed m\u00ednu testamenti \u00fe\u00e1 hefi eg \u00fe\u00e1 \u00far minni l\u00ed\u00f0a l\u00e1ti\u00f0, segir Drottinn.<\/p>\n<p>\t\u00dev\u00ed a\u00f0 \u00feetta er \u00fea\u00f0 testament \u00fea\u00f0 eg n\u00fa mun setja h\u00fasi \u00cdsraels eftir \u00feessa daga, segir Drottinn: Minn anda mun eg gefa \u00ed \u00feeirra hugskot og \u00ed \u00feeirra hj\u00f6rtu mun eg \u00feau skrifa og eg mun \u00feeirra Gu\u00f0 vera og \u00feeir skulu mitt f\u00f3lk vera og eigi skal nokkur \u00feurfa sinn n\u00e1unga a\u00f0 l\u00e6ra n\u00e9 sinn br\u00f3\u00f0ur og segja: Vi\u00f0urkenn \u00fe\u00fa Drottin. \u00dev\u00ed a\u00f0 \u00feeir skulu mig allir kenna, \u00ed fr\u00e1 hinum minnsta til hins st\u00e6rsta. \u00dev\u00ed a\u00f0 eg mun l\u00edknsamur vera \u00feeirra afgj\u00f6r\u00f0um og syndir \u00feeirra og rangl\u00e6ti vil eg ekki \u00ed minni leggja.&#8220; \u00cd \u00fev\u00ed sem hann sag\u00f0i &#8222;hi\u00f0 n\u00fdja&#8220; gj\u00f6r\u00f0i hann \u00fea\u00f0 fyrra gamalt. En hva\u00f0 gamalt og aldra\u00f0 er \u00fea\u00f0 er n\u00e6rri s\u00ednum \u00e6vilokum.<\/p>\n","protected":false},"excerpt":{"rendered":"<p>VIII. \u00dea\u00f0 er n\u00fa upph\u00e6\u00f0in \u00feess \u00fea\u00f0 v\u00e9r afsegjum: V\u00e9r h\u00f6fum \u00feann biskup sem situr til h\u00e6gri handar \u00ed tignarst\u00f3lnum \u00e1 himnum og heilagra au\u00f0\u00e6fa og sannarlegrar tjaldb\u00fa\u00f0ar handdverksma\u00f0ur er hverja Gu\u00f0 hefur uppbyggt og eigi ma\u00f0urinn. \u00dev\u00ed a\u00f0 hver biskup ver\u00f0ur tilsettur a\u00f0 offra gjafir og f\u00f3rnir. Fyrir \u00fev\u00ed hl\u00fdtur \u00feessi einnin nokku\u00f0 a\u00f0 hafa \u00fea\u00f0 hann offri. Og ef v\u00e6ri hann n\u00fa \u00e1 j\u00f6r\u00f0u \u00fe\u00e1 v\u00e6ri hann n\u00fa ei prestur \u00e1 me\u00f0an \u00fear eru nokkrir sem eftir l\u00f6gm\u00e1linu gjafir offra, hverjir a\u00f0 \u00fej\u00f3na \u00feeirri fyrirmynd og skugga himneskra au\u00f0\u00e6fa so sem \u00fea\u00f0 gu\u00f0lega andsvar til Moysen sag\u00f0i \u00fe\u00e1 <a href=\"https:\/\/biblian.is\/gudbrandsbiblia\/hebreabrefid-8-kafli\/\"> [&#8230;]<\/a><\/p>\n","protected":false},"author":1,"featured_media":0,"parent":0,"menu_order":0,"comment_status":"open","ping_status":"open","template":"bibliukaflar.php","meta":{"footnotes":""},"class_list":["post-4007","page","type-page","status-publish","hentry"],"_links":{"self":[{"href":"https:\/\/biblian.is\/gudbrandsbiblia\/wp-json\/wp\/v2\/pages\/4007","targetHints":{"allow":["GET"]}}],"collection":[{"href":"https:\/\/biblian.is\/gudbrandsbiblia\/wp-json\/wp\/v2\/pages"}],"about":[{"href":"https:\/\/biblian.is\/gudbrandsbiblia\/wp-json\/wp\/v2\/types\/page"}],"author":[{"embeddable":true,"href":"https:\/\/biblian.is\/gudbrandsbiblia\/wp-json\/wp\/v2\/users\/1"}],"replies":[{"embeddable":true,"href":"https:\/\/biblian.is\/gudbrandsbiblia\/wp-json\/wp\/v2\/comments?post=4007"}],"version-history":[{"count":0,"href":"https:\/\/biblian.is\/gudbrandsbiblia\/wp-json\/wp\/v2\/pages\/4007\/revisions"}],"wp:attachment":[{"href":"https:\/\/biblian.is\/gudbrandsbiblia\/wp-json\/wp\/v2\/media?parent=4007"}],"curies":[{"name":"wp","href":"https:\/\/api.w.org\/{rel}","templated":true}]}}