{"id":4005,"date":"2017-12-18T18:35:22","date_gmt":"2017-12-18T18:35:22","guid":{"rendered":"http:\/\/biblian.is\/gudbrandsbiblia\/hebreabrefid-6-kafli\/"},"modified":"2017-12-18T18:35:22","modified_gmt":"2017-12-18T18:35:22","slug":"hebreabrefid-6-kafli","status":"publish","type":"page","link":"https:\/\/biblian.is\/gudbrandsbiblia\/hebreabrefid-6-kafli\/","title":{"rendered":"Hebreabr\u00e9fi\u00f0 6. kafli"},"content":{"rendered":"<p>VI.<\/p>\n<p>Fyrir \u00fev\u00ed vilju v\u00e9r \u00feann l\u00e6rd\u00f3m af upphafi kristilegs l\u00edfernis n\u00fa fara l\u00e1ta og til algj\u00f6rleiksins gr\u00edpa, eigi aftur a\u00f0 n\u00fdju grundv\u00f6ll leggjandi i\u00f0runarinnar dau\u00f0ra verka og tr\u00faarinnar \u00e1 Gu\u00f0, sk\u00edrnarinnar, l\u00e6rd\u00f3msins handa uppleggingunnar, upprisunnar framli\u00f0inna, eil\u00edfs d\u00f3ms. Og \u00feetta vilju v\u00e9r gj\u00f6ra ef Gu\u00f0 vill annars til ste\u00f0ja.<\/p>\n<p>\t\u00dev\u00ed a\u00f0 \u00fea\u00f0 er \u00f3m\u00f6gulegt a\u00f0 hinir s\u00f6mu sem eitt sinn uppbirtir eru og smakka\u00f0 hafa himneska g\u00e1fu og hluttakarar eru vor\u00f0nir heilags anda og smakka\u00f0 hafa hi\u00f0 g\u00f3\u00f0a Gu\u00f0s or\u00f0 og kraft eftirkomanda veraldar og ef \u00feeir af falla aftur a\u00f0 n\u00fdju og krossfesta \u00e1 sj\u00e1lfum s\u00e9r son Gu\u00f0s og fyrir skimp halda a\u00f0 \u00feeir skyldu aftur endurn\u00fdja\u00f0ir ver\u00f0a til yfirb\u00f3tar.<\/p>\n<p>\t\u00dev\u00ed a\u00f0 j\u00f6r\u00f0in sem regni\u00f0 drekkur \u00fea\u00f0 oftsinnis \u00e1 hana kemur og hagkv\u00e6milegt gras ber \u00feeim sem hana yrkja me\u00f0tekur blessan af Gu\u00f0i. En h\u00fan sem \u00feistla og \u00feyrna ber h\u00fan dugir ekki og er b\u00f6lvaninni n\u00e6rst hver a\u00f0 s\u00ed\u00f0ustu uppbrennd ver\u00f0ur. En v\u00e9r treystum, elskulegir, nokkru betur til y\u00f0ar \u00fea\u00f0 \u00fe\u00e9r s\u00e1luhj\u00e1lpinni n\u00e1nari s\u00e9u\u00f0 \u00fe\u00f3 a\u00f0 v\u00e9r t\u00f6lum so. \u00dev\u00ed a\u00f0 Gu\u00f0 er ekki rangl\u00e1tur \u00fea\u00f0 hann gleymi y\u00f0vars gj\u00f6rnings og k\u00e6rleikans erfi\u00f0is sem \u00fe\u00e9r au\u00f0s\u00fdndu\u00f0 vi\u00f0 hans nafn \u00fe\u00e1 \u00fe\u00e9r \u00fej\u00f3nu\u00f0u\u00f0 heil\u00f6gum og enn \u00fej\u00f3ni\u00f0. En v\u00e9r bigerum a\u00f0 hver einn y\u00f0vara au\u00f0s\u00fdni \u00fe\u00e1 s\u00f6mu kostg\u00e6fni \u00ed voninni fast a\u00f0 halda allt til enda a\u00f0 \u00fe\u00e9r letjist eigi heldur s\u00e9u\u00f0 eftirfylgjarar \u00feeirra sem fyrir tr\u00fana og \u00feolinm\u00e6\u00f0i fyrirheit erfa.<\/p>\n<p>\t\u00dev\u00ed l\u00edka sem Gu\u00f0 fyrirh\u00e9t Abraham \u00fe\u00e1 hann vi\u00f0 \u00f6ngvan annan st\u00e6rra haf\u00f0i a\u00f0 sverja s\u00f3r hann vi\u00f0 sj\u00e1lfan sig og sag\u00f0i: &#8222;Sannlega skal eg blessa og margfalda \u00feig.&#8220; Og me\u00f0 \u00fev\u00ed hann bar \u00feolinm\u00f3\u00f0lega bi\u00f0lund \u00f6\u00f0la\u00f0ist hann fyrirheiti\u00f0. Mennirnir sverja vi\u00f0 enn \u00e6\u00f0ra en \u00feeir eru og s\u00e1 ei\u00f0ur gj\u00f6rir enda allrar sundur\u00feykkju so a\u00f0 tr\u00fatt bl\u00edfur milli \u00feeirra. En \u00fe\u00e1 Gu\u00f0 vildi yfirgn\u00e6fanlega au\u00f0s\u00fdna erfingjum fyrirheitsins a\u00f0 sitt r\u00e1\u00f0 er \u00f3umskiptilegt hefur hann \u00fear til ei\u00f0 \u00e1 lagt upp \u00e1 \u00fea\u00f0 v\u00e9r hef\u00f0um fyrir tv\u00e6r greinir \u00fe\u00e6r \u00f3umskiptilegar eru (\u00fev\u00ed \u00fea\u00f0 er \u00f3m\u00f6gulegt a\u00f0 Gu\u00f0 lj\u00fagi) \u00f6ruggt traust, v\u00e9r sem til flukt h\u00f6fum og fastlega h\u00f6ldum \u00feeirri fyrirsettri von hverja v\u00e9r h\u00f6fum sem anna\u00f0 fast og \u00f6ruggt akkeri s\u00e1larinnar s\u00fa einnin inngengur \u00ed hi\u00f0 innra fortjaldsins \u00fear e\u00f0 fyrirrennarinn er fyrir oss inngenginn, Jes\u00fas, a\u00f0 eil\u00edfu biskup vor\u00f0inn eftir skikkan Melk\u00edsedek. <span class=\"athugasemd\" title=\"Gen. 14\">[<\/span><\/p>\n","protected":false},"excerpt":{"rendered":"<p>VI. Fyrir \u00fev\u00ed vilju v\u00e9r \u00feann l\u00e6rd\u00f3m af upphafi kristilegs l\u00edfernis n\u00fa fara l\u00e1ta og til algj\u00f6rleiksins gr\u00edpa, eigi aftur a\u00f0 n\u00fdju grundv\u00f6ll leggjandi i\u00f0runarinnar dau\u00f0ra verka og tr\u00faarinnar \u00e1 Gu\u00f0, sk\u00edrnarinnar, l\u00e6rd\u00f3msins handa uppleggingunnar, upprisunnar framli\u00f0inna, eil\u00edfs d\u00f3ms. Og \u00feetta vilju v\u00e9r gj\u00f6ra ef Gu\u00f0 vill annars til ste\u00f0ja. \u00dev\u00ed a\u00f0 \u00fea\u00f0 er \u00f3m\u00f6gulegt a\u00f0 hinir s\u00f6mu sem eitt sinn uppbirtir eru og smakka\u00f0 hafa himneska g\u00e1fu og hluttakarar eru vor\u00f0nir heilags anda og smakka\u00f0 hafa hi\u00f0 g\u00f3\u00f0a Gu\u00f0s or\u00f0 og kraft eftirkomanda veraldar og ef \u00feeir af falla aftur a\u00f0 n\u00fdju og krossfesta \u00e1 sj\u00e1lfum s\u00e9r son Gu\u00f0s <a href=\"https:\/\/biblian.is\/gudbrandsbiblia\/hebreabrefid-6-kafli\/\"> [&#8230;]<\/a><\/p>\n","protected":false},"author":1,"featured_media":0,"parent":0,"menu_order":0,"comment_status":"open","ping_status":"open","template":"bibliukaflar.php","meta":{"footnotes":""},"class_list":["post-4005","page","type-page","status-publish","hentry"],"_links":{"self":[{"href":"https:\/\/biblian.is\/gudbrandsbiblia\/wp-json\/wp\/v2\/pages\/4005","targetHints":{"allow":["GET"]}}],"collection":[{"href":"https:\/\/biblian.is\/gudbrandsbiblia\/wp-json\/wp\/v2\/pages"}],"about":[{"href":"https:\/\/biblian.is\/gudbrandsbiblia\/wp-json\/wp\/v2\/types\/page"}],"author":[{"embeddable":true,"href":"https:\/\/biblian.is\/gudbrandsbiblia\/wp-json\/wp\/v2\/users\/1"}],"replies":[{"embeddable":true,"href":"https:\/\/biblian.is\/gudbrandsbiblia\/wp-json\/wp\/v2\/comments?post=4005"}],"version-history":[{"count":0,"href":"https:\/\/biblian.is\/gudbrandsbiblia\/wp-json\/wp\/v2\/pages\/4005\/revisions"}],"wp:attachment":[{"href":"https:\/\/biblian.is\/gudbrandsbiblia\/wp-json\/wp\/v2\/media?parent=4005"}],"curies":[{"name":"wp","href":"https:\/\/api.w.org\/{rel}","templated":true}]}}