{"id":4004,"date":"2017-12-18T18:35:22","date_gmt":"2017-12-18T18:35:22","guid":{"rendered":"http:\/\/biblian.is\/gudbrandsbiblia\/hebreabrefid-5-kafli\/"},"modified":"2017-12-18T18:35:22","modified_gmt":"2017-12-18T18:35:22","slug":"hebreabrefid-5-kafli","status":"publish","type":"page","link":"https:\/\/biblian.is\/gudbrandsbiblia\/hebreabrefid-5-kafli\/","title":{"rendered":"Hebreabr\u00e9fi\u00f0 5. kafli"},"content":{"rendered":"<p>V.<\/p>\n<p>Me\u00f0 \u00fev\u00ed v\u00e9r h\u00f6fum maktan biskup Jes\u00fam son Gu\u00f0s hver til himins er farinn so l\u00e1tum oss halda fast \u00feeirri vi\u00f0urkenning. \u00dev\u00ed a\u00f0 v\u00e9r h\u00f6fum eigi \u00feann biskup sem ekki kann samp\u00edning hafa me\u00f0 vorum breyskleika heldur s\u00e1 sem freista\u00f0ur er \u00e1 allan h\u00e1tt l\u00edka so sem a\u00f0 v\u00e9r, \u00fe\u00f3 \u00e1n synda. Fyrir \u00fev\u00ed l\u00e1tum oss \u00fear a\u00f0 ganga me\u00f0 hugarhreysti til \u00feess n\u00e1\u00f0arinnar st\u00f3ls so a\u00f0 v\u00e9r au\u00f0lumst miskunnsemi og n\u00e1\u00f0 finnum \u00e1 \u00feeim t\u00edma n\u00e6r v\u00e9r \u00feurfum fulltings vi\u00f0.<\/p>\n<p>\t\u00dev\u00ed a\u00f0 hver biskup af m\u00f6nnum tilkj\u00f6rinn s\u00e1 ver\u00f0ur fyrir mennina settur \u00ed \u00feeim hlutum sem a\u00f0 eru fyrir Gu\u00f0i upp \u00e1 \u00fea\u00f0 hann f\u00f3rnf\u00e6ri g\u00e1fur og helgioffur fyrir syndirnar, s\u00e1 sem samharma kann \u00feeim sem f\u00e1v\u00edsir eru og villir fara me\u00f0 \u00fev\u00ed hann er sj\u00e1lfur umgefinn me\u00f0 breyskleika. Fyrir \u00fea\u00f0 hl\u00fdtur hann jafnt l\u00edka sem fyrir f\u00f3lki\u00f0 einnin fyrir sig sj\u00e1lfan a\u00f0 offra fyrir syndirnar. Og enginn tekur s\u00e9r sj\u00e1lfum hei\u00f0ur til heldur hann sem kalla\u00f0ur ver\u00f0ur af Gu\u00f0i, so sem Aaron.<\/p>\n<p>\tSo hefur Kristur ekki einnin sig sj\u00e1lfan innsett \u00ed hei\u00f0urinn \u00fea\u00f0 hann yr\u00f0i biskup heldur s\u00e1 sem til hans hefur sagt: <span class=\"athugasemd\" title=\"Psal. 2\">[<\/span> &#8222;\u00de\u00fa ert minn sonur, \u00ed dag \u00f3l eg \u00feig.&#8220; Sem hann einnin enn \u00ed \u00f6\u00f0rum sta\u00f0 segir: <span class=\"athugasemd\" title=\"Psal. 110\">[<\/span> &#8222;\u00de\u00fa ert eil\u00edflega kennima\u00f0ur eftir skikkam Melk\u00edsedek.&#8220; Og hann hefur \u00e1 degi s\u00edns holds b\u00e6nir og bei\u00f0ni me\u00f0 \u00f6flugu kalli og t\u00e1rf\u00f6llum offra\u00f0 til hans sem af dau\u00f0anum bjarga kunni og er einnin b\u00e6nheyr\u00f0ur fyrir \u00fea\u00f0 hann vegsama\u00f0i Gu\u00f0. Og \u00fe\u00f3tt hann v\u00e6ri Gu\u00f0s son hefur hann \u00fe\u00f3 \u00ed \u00fev\u00ed hann lei\u00f0 hl\u00fd\u00f0ni l\u00e6rt. Og \u00fe\u00e1 hann fullkomna\u00f0ur er er hann or\u00f0inn \u00f6llum, hverjir honum hl\u00fd\u00f0ugir eru, tilefni eil\u00edfrar s\u00e1luhj\u00e1lpar, af Gu\u00f0i biskup kalla\u00f0ur eftir skikkan Melk\u00edsedek.<\/p>\n<p>\t\u00dear \u00fat af h\u00f6f\u00f0u v\u00e9r margt a\u00f0 segja. En \u00fea\u00f0 er \u00feungt \u00e1 me\u00f0an \u00fe\u00e9r so skilningslausir eru\u00f0. Og \u00fe\u00e9r sem fyrir l\u00f6ngu skyldu\u00f0 meistarar vera \u00feurfi\u00f0 n\u00fa vi\u00f0 aftur \u00fea\u00f0 v\u00e9r l\u00e6rum y\u00f0ur \u00feann fyrsta b\u00f3kstaf gu\u00f0legs or\u00f0s og \u00fea\u00f0 v\u00e9r gefum y\u00f0ur mj\u00f3lk og \u00f6ngvan megnan mat. \u00dev\u00ed a\u00f0 hverjum v\u00e9r hlj\u00f3tum mj\u00f3lk a\u00f0 gefa, s\u00e1 er \u00f3reyndur \u00ed or\u00f0i r\u00e9ttl\u00e6tisins \u00fev\u00ed a\u00f0 hann er ungberni, en hinum fullkomnum heyrir megn matur sem af si\u00f0vana hafa i\u00f0ka\u00f0 sinni til fr\u00e1greiningar g\u00f3\u00f0s og ills.<\/p>\n","protected":false},"excerpt":{"rendered":"<p>V. Me\u00f0 \u00fev\u00ed v\u00e9r h\u00f6fum maktan biskup Jes\u00fam son Gu\u00f0s hver til himins er farinn so l\u00e1tum oss halda fast \u00feeirri vi\u00f0urkenning. \u00dev\u00ed a\u00f0 v\u00e9r h\u00f6fum eigi \u00feann biskup sem ekki kann samp\u00edning hafa me\u00f0 vorum breyskleika heldur s\u00e1 sem freista\u00f0ur er \u00e1 allan h\u00e1tt l\u00edka so sem a\u00f0 v\u00e9r, \u00fe\u00f3 \u00e1n synda. Fyrir \u00fev\u00ed l\u00e1tum oss \u00fear a\u00f0 ganga me\u00f0 hugarhreysti til \u00feess n\u00e1\u00f0arinnar st\u00f3ls so a\u00f0 v\u00e9r au\u00f0lumst miskunnsemi og n\u00e1\u00f0 finnum \u00e1 \u00feeim t\u00edma n\u00e6r v\u00e9r \u00feurfum fulltings vi\u00f0. \u00dev\u00ed a\u00f0 hver biskup af m\u00f6nnum tilkj\u00f6rinn s\u00e1 ver\u00f0ur fyrir mennina settur \u00ed \u00feeim hlutum sem a\u00f0 eru <a href=\"https:\/\/biblian.is\/gudbrandsbiblia\/hebreabrefid-5-kafli\/\"> [&#8230;]<\/a><\/p>\n","protected":false},"author":1,"featured_media":0,"parent":0,"menu_order":0,"comment_status":"open","ping_status":"open","template":"bibliukaflar.php","meta":{"footnotes":""},"class_list":["post-4004","page","type-page","status-publish","hentry"],"_links":{"self":[{"href":"https:\/\/biblian.is\/gudbrandsbiblia\/wp-json\/wp\/v2\/pages\/4004","targetHints":{"allow":["GET"]}}],"collection":[{"href":"https:\/\/biblian.is\/gudbrandsbiblia\/wp-json\/wp\/v2\/pages"}],"about":[{"href":"https:\/\/biblian.is\/gudbrandsbiblia\/wp-json\/wp\/v2\/types\/page"}],"author":[{"embeddable":true,"href":"https:\/\/biblian.is\/gudbrandsbiblia\/wp-json\/wp\/v2\/users\/1"}],"replies":[{"embeddable":true,"href":"https:\/\/biblian.is\/gudbrandsbiblia\/wp-json\/wp\/v2\/comments?post=4004"}],"version-history":[{"count":0,"href":"https:\/\/biblian.is\/gudbrandsbiblia\/wp-json\/wp\/v2\/pages\/4004\/revisions"}],"wp:attachment":[{"href":"https:\/\/biblian.is\/gudbrandsbiblia\/wp-json\/wp\/v2\/media?parent=4004"}],"curies":[{"name":"wp","href":"https:\/\/api.w.org\/{rel}","templated":true}]}}