{"id":4000,"date":"2017-12-18T18:35:22","date_gmt":"2017-12-18T18:35:22","guid":{"rendered":"http:\/\/biblian.is\/gudbrandsbiblia\/hebreabrefid-1-kafli\/"},"modified":"2017-12-18T18:35:22","modified_gmt":"2017-12-18T18:35:22","slug":"hebreabrefid-1-kafli","status":"publish","type":"page","link":"https:\/\/biblian.is\/gudbrandsbiblia\/hebreabrefid-1-kafli\/","title":{"rendered":"Hebreabr\u00e9fi\u00f0 1. kafli"},"content":{"rendered":"<p>Pistillinn til Ebreos<\/p>\n<p>I.<\/p>\n<p>Me\u00f0 \u00fev\u00ed a\u00f0 Gu\u00f0 hefur for\u00f0um m\u00f6rgu sinni og margh\u00e1tta\u00f0lega tala\u00f0 til fe\u00f0ranna fyrir sp\u00e1mennina hefur hann allra s\u00ed\u00f0ast \u00e1 \u00feessum d\u00f6gum til vor tala\u00f0 fyrir soninn, \u00feann hann setti til erfingja yfir alla hluti, fyrir hvern hann hefur einnin ver\u00f6ldina skapa\u00f0. Hver helst (me\u00f0 \u00fev\u00ed hann er lj\u00f3mi hans d\u00fdr\u00f0ar og \u00edmynd hans sta\u00f0festu) a\u00f0 ber alla hluti me\u00f0 or\u00f0i s\u00edns kraftar og gj\u00f6rir hreinsan vorra synda fyrir sig sj\u00e1lfan, setti sig til h\u00e6gri handar tigninni \u00e1 h\u00e6\u00f0unum. Svo miklu \u00e6\u00f0ri gj\u00f6r\u00f0ur englunum sem hann hefur miklu framar \u00feeim erft eitt h\u00e6rra nafn.<\/p>\n<p>\t\u00dev\u00ed a\u00f0 til hvers engils \u00fe\u00e1 hefur hann nokkurt sinni \u00fea\u00f0 sagt: <span class=\"athugasemd\" title=\"Psal. 2\">[<\/span> &#8222;\u00de\u00fa ert minn sonur, \u00ed dag \u00f3l eg \u00feig&#8220;? Og enn anna\u00f0 sinn: <span class=\"athugasemd\" title=\"Psal. 89\">[<\/span> &#8222;Eg mun hans fa\u00f0ir vera og hann mun minn sonur vera.&#8220; Og enn aftur, sem hann innlei\u00f0ir \u00feann frumgetna \u00ed heiminn segir hann: <span class=\"athugasemd\" title=\"Psal. 96\">[<\/span> &#8222;Og hann skulu allir englar tilbi\u00f0ja.&#8220; Af englunum segir hann a\u00f0 s\u00f6nnu: <span class=\"athugasemd\" title=\"Psal. 103\">[<\/span> &#8222;S\u00edna engla gj\u00f6rir hann anda og s\u00edna \u00fe\u00e9nara eldsloga.&#8220; En af syninum: <span class=\"athugasemd\" title=\"Psal. 44\">[<\/span> &#8222;Gu\u00f0, \u00feitt s\u00e6ti er \u00e6 og a\u00f0 eil\u00edfu, stj\u00f3rnarv\u00f6ndur \u00fe\u00edns r\u00edkis er r\u00e9ttl\u00e6tisv\u00f6ndur, \u00fe\u00fa hefur elska\u00f0 r\u00e9ttl\u00e6ti\u00f0 en hata\u00f0 rangl\u00e6ti\u00f0. Fyrir \u00fev\u00ed hefur Gu\u00f0, \u00feinn Gu\u00f0, smurt \u00feig me\u00f0ur vi\u00f0smj\u00f6ri fagna\u00f0arins fram yfir \u00fe\u00edna hluttakendur.&#8220;<\/p>\n<p>\t&#8222;Og \u00fe\u00fa, Drottinn, hefur af upphafi j\u00f6r\u00f0ina grundvalla\u00f0 og himnarnir eru \u00fe\u00edn handaverk. <span class=\"athugasemd\" title=\"Psal. 10. 40\">[<\/span> \u00deeir s\u00f6mu munu forganga en \u00fe\u00fa munt bl\u00edfa og allir munu \u00feeir eldast sem anna\u00f0 fat. Og so sem kl\u00e6\u00f0i muntu \u00feeim umhverfa og \u00feeir munu umhverfast. En \u00fe\u00fa ert sj\u00e1lfur hinn sami og \u00fe\u00edn \u00e1r munu ekki \u00ferotna.&#8220; En til hvers engils hefur hann nokkurn t\u00edma sagt: <span class=\"athugasemd\" title=\"Psal. 109\">[<\/span> &#8222;Set \u00feig til minnar h\u00e6gri handar \u00fear til \u00fea\u00f0 eg \u00fe\u00edna \u00f3vini legg til skarar \u00feinna f\u00f3ta&#8220;? Eru \u00feeir ekki allir \u00fej\u00f3nustusamlegir andar, \u00fatsendir til \u00fej\u00f3nustu vegna \u00feeirra sem erfa skulu s\u00e1luhj\u00e1lpina?<\/p>\n","protected":false},"excerpt":{"rendered":"<p>Pistillinn til Ebreos I. Me\u00f0 \u00fev\u00ed a\u00f0 Gu\u00f0 hefur for\u00f0um m\u00f6rgu sinni og margh\u00e1tta\u00f0lega tala\u00f0 til fe\u00f0ranna fyrir sp\u00e1mennina hefur hann allra s\u00ed\u00f0ast \u00e1 \u00feessum d\u00f6gum til vor tala\u00f0 fyrir soninn, \u00feann hann setti til erfingja yfir alla hluti, fyrir hvern hann hefur einnin ver\u00f6ldina skapa\u00f0. Hver helst (me\u00f0 \u00fev\u00ed hann er lj\u00f3mi hans d\u00fdr\u00f0ar og \u00edmynd hans sta\u00f0festu) a\u00f0 ber alla hluti me\u00f0 or\u00f0i s\u00edns kraftar og gj\u00f6rir hreinsan vorra synda fyrir sig sj\u00e1lfan, setti sig til h\u00e6gri handar tigninni \u00e1 h\u00e6\u00f0unum. Svo miklu \u00e6\u00f0ri gj\u00f6r\u00f0ur englunum sem hann hefur miklu framar \u00feeim erft eitt h\u00e6rra nafn. \u00dev\u00ed a\u00f0 <a href=\"https:\/\/biblian.is\/gudbrandsbiblia\/hebreabrefid-1-kafli\/\"> [&#8230;]<\/a><\/p>\n","protected":false},"author":1,"featured_media":0,"parent":0,"menu_order":0,"comment_status":"open","ping_status":"open","template":"bibliukaflar.php","meta":{"footnotes":""},"class_list":["post-4000","page","type-page","status-publish","hentry"],"_links":{"self":[{"href":"https:\/\/biblian.is\/gudbrandsbiblia\/wp-json\/wp\/v2\/pages\/4000","targetHints":{"allow":["GET"]}}],"collection":[{"href":"https:\/\/biblian.is\/gudbrandsbiblia\/wp-json\/wp\/v2\/pages"}],"about":[{"href":"https:\/\/biblian.is\/gudbrandsbiblia\/wp-json\/wp\/v2\/types\/page"}],"author":[{"embeddable":true,"href":"https:\/\/biblian.is\/gudbrandsbiblia\/wp-json\/wp\/v2\/users\/1"}],"replies":[{"embeddable":true,"href":"https:\/\/biblian.is\/gudbrandsbiblia\/wp-json\/wp\/v2\/comments?post=4000"}],"version-history":[{"count":0,"href":"https:\/\/biblian.is\/gudbrandsbiblia\/wp-json\/wp\/v2\/pages\/4000\/revisions"}],"wp:attachment":[{"href":"https:\/\/biblian.is\/gudbrandsbiblia\/wp-json\/wp\/v2\/media?parent=4000"}],"curies":[{"name":"wp","href":"https:\/\/api.w.org\/{rel}","templated":true}]}}