{"id":3999,"date":"2017-12-18T18:35:19","date_gmt":"2017-12-18T18:35:19","guid":{"rendered":"http:\/\/biblian.is\/gudbrandsbiblia\/thridja-johannesarbref-1-kafli\/"},"modified":"2017-12-18T18:35:19","modified_gmt":"2017-12-18T18:35:19","slug":"thridja-johannesarbref-1-kafli","status":"publish","type":"page","link":"https:\/\/biblian.is\/gudbrandsbiblia\/thridja-johannesarbref-1-kafli\/","title":{"rendered":"\u00deri\u00f0ja J\u00f3hannesarbr\u00e9f 1. kafli"},"content":{"rendered":"<p>Hinn III. S. Johannis pistill<\/p>\n<p>I.<\/p>\n<p>S\u00e1 eldri Gajo hinum elskulega hvern eg elska \u00ed sannleika. Minn elskulegi, eg \u00e6ski \u00ed \u00f6llum greinum \u00fea\u00f0 a\u00f0 \u00fe\u00e9r vel vegni og heilbrig\u00f0ur s\u00e9rt so sem \u00fea\u00f0 n\u00e6r \u00feinni s\u00e1lu vel vegnar. Eg gladdist n\u00e6rsta \u00fe\u00e1 br\u00e6\u00f0urnir komu og g\u00e1fu vitnisbur\u00f0 af \u00fe\u00ednum sannleika hvernin \u00fe\u00fa gengur \u00ed sannleiknum. Eg hefi eigi nokkurn f\u00f6gnu\u00f0 meiri en \u00feann \u00fea\u00f0 eg heyri \u00fea\u00f0 m\u00edn b\u00f6rn ganga \u00ed sannleikanum.<\/p>\n<p>\tMinn \u00e1stsamlegi, \u00fe\u00fa gj\u00f6rir tr\u00falega hva\u00f0 \u00fe\u00fa gj\u00f6rir vi\u00f0 br\u00e6\u00f0urna og gestina, hverjir af \u00fe\u00ednum k\u00e6rleika hafa vitnisbur\u00f0 gefi\u00f0 fyrir s\u00f6fnu\u00f0inum. Og \u00fea\u00f0 hefur \u00fe\u00fa velgj\u00f6rt a\u00f0 \u00fe\u00fa hefur \u00fe\u00e1 fyrir Gu\u00f0i ver\u00f0ulega \u00e1 veg leitt. \u00dev\u00ed fyrir hans nafns sakir eru \u00feeir \u00fatfarnir og hafa af hei\u00f0ingjum ekkert teki\u00f0. \u00dev\u00ed skulu v\u00e9r \u00feess h\u00e1ttar me\u00f0taka upp \u00e1 \u00fea\u00f0 v\u00e9r s\u00e9um samverkendur sannleiksins.<\/p>\n<p>\tEg skrifa\u00f0i safna\u00f0inum en D\u00ed\u00f3trefes s\u00e1 me\u00f0al \u00feeirra vill mikils metinn vera me\u00f0tekur oss eigi. Fyrir \u00fev\u00ed n\u00e6r eg kem vil eg \u00e1minna hann sinna verka er hann gj\u00f6rir og \u00fev\u00e6ttir me\u00f0 vondum or\u00f0um \u00ed gegn oss og l\u00e6tur s\u00e9r ekki n\u00e6gja \u00fea\u00f0 hann me\u00f0tekur eigi sj\u00e1lfur br\u00e6\u00f0urna og fyrirb\u00fd\u00f0ur \u00feeim sem \u00fea\u00f0 vilja gj\u00f6ra og \u00fatrekur \u00fe\u00e1 af s\u00f6fnu\u00f0inum.<\/p>\n<p>\tMinn k\u00e6rasti, eftirfylg ei hinu vonda heldur \u00fev\u00ed hinu g\u00f3\u00f0a. Hver gott gj\u00f6rir hann er af Gu\u00f0i. Hver illa gj\u00f6rir s\u00e1 s\u00e9r eigi Gu\u00f0. Demetr\u00edus hann hefur vitnisbur\u00f0 af hverjum manni og af sannleiknum sj\u00e1lfum og v\u00e9r berum einnin vitni og \u00fe\u00e9r viti\u00f0 \u00fea\u00f0 vor vitnisbur\u00f0ur er sannur. Eg hef\u00f0a vel margt a\u00f0 skrifa en eg vilda eigi me\u00f0 bleki og penna til \u00fe\u00edn skrifa. En eg v\u00e6nti \u00fea\u00f0 eg muni snarlega sj\u00e1 \u00feig og mun \u00fe\u00e1 munnur vi\u00f0 munn m\u00e6la. Fri\u00f0ur s\u00e9 me\u00f0 \u00fe\u00e9r. \u00de\u00e9r heilsa vinirnir. Heilsa \u00fe\u00fa vinunum me\u00f0 nafni.<\/p>\n","protected":false},"excerpt":{"rendered":"<p>Hinn III. S. Johannis pistill I. S\u00e1 eldri Gajo hinum elskulega hvern eg elska \u00ed sannleika. Minn elskulegi, eg \u00e6ski \u00ed \u00f6llum greinum \u00fea\u00f0 a\u00f0 \u00fe\u00e9r vel vegni og heilbrig\u00f0ur s\u00e9rt so sem \u00fea\u00f0 n\u00e6r \u00feinni s\u00e1lu vel vegnar. Eg gladdist n\u00e6rsta \u00fe\u00e1 br\u00e6\u00f0urnir komu og g\u00e1fu vitnisbur\u00f0 af \u00fe\u00ednum sannleika hvernin \u00fe\u00fa gengur \u00ed sannleiknum. Eg hefi eigi nokkurn f\u00f6gnu\u00f0 meiri en \u00feann \u00fea\u00f0 eg heyri \u00fea\u00f0 m\u00edn b\u00f6rn ganga \u00ed sannleikanum. Minn \u00e1stsamlegi, \u00fe\u00fa gj\u00f6rir tr\u00falega hva\u00f0 \u00fe\u00fa gj\u00f6rir vi\u00f0 br\u00e6\u00f0urna og gestina, hverjir af \u00fe\u00ednum k\u00e6rleika hafa vitnisbur\u00f0 gefi\u00f0 fyrir s\u00f6fnu\u00f0inum. Og \u00fea\u00f0 hefur \u00fe\u00fa velgj\u00f6rt a\u00f0 <a href=\"https:\/\/biblian.is\/gudbrandsbiblia\/thridja-johannesarbref-1-kafli\/\"> [&#8230;]<\/a><\/p>\n","protected":false},"author":1,"featured_media":0,"parent":0,"menu_order":0,"comment_status":"open","ping_status":"open","template":"bibliukaflar.php","meta":{"footnotes":""},"class_list":["post-3999","page","type-page","status-publish","hentry"],"_links":{"self":[{"href":"https:\/\/biblian.is\/gudbrandsbiblia\/wp-json\/wp\/v2\/pages\/3999","targetHints":{"allow":["GET"]}}],"collection":[{"href":"https:\/\/biblian.is\/gudbrandsbiblia\/wp-json\/wp\/v2\/pages"}],"about":[{"href":"https:\/\/biblian.is\/gudbrandsbiblia\/wp-json\/wp\/v2\/types\/page"}],"author":[{"embeddable":true,"href":"https:\/\/biblian.is\/gudbrandsbiblia\/wp-json\/wp\/v2\/users\/1"}],"replies":[{"embeddable":true,"href":"https:\/\/biblian.is\/gudbrandsbiblia\/wp-json\/wp\/v2\/comments?post=3999"}],"version-history":[{"count":0,"href":"https:\/\/biblian.is\/gudbrandsbiblia\/wp-json\/wp\/v2\/pages\/3999\/revisions"}],"wp:attachment":[{"href":"https:\/\/biblian.is\/gudbrandsbiblia\/wp-json\/wp\/v2\/media?parent=3999"}],"curies":[{"name":"wp","href":"https:\/\/api.w.org\/{rel}","templated":true}]}}