{"id":3998,"date":"2017-12-18T18:35:19","date_gmt":"2017-12-18T18:35:19","guid":{"rendered":"http:\/\/biblian.is\/gudbrandsbiblia\/annad-johannesarbref-1-kafli\/"},"modified":"2017-12-18T18:35:19","modified_gmt":"2017-12-18T18:35:19","slug":"annad-johannesarbref-1-kafli","status":"publish","type":"page","link":"https:\/\/biblian.is\/gudbrandsbiblia\/annad-johannesarbref-1-kafli\/","title":{"rendered":"Anna\u00f0 J\u00f3hannesarbr\u00e9f 1. kafli"},"content":{"rendered":"<p>Hinn annar S. Johannis pistill<\/p>\n<p>I. <\/p>\n<p>Hinn eldri \u00feeirri \u00fatvaldri fr\u00fa og hennar b\u00f6rnum hver eg elska \u00ed sannleika. Og eigi einasta eg heldur einnin allir \u00feeir sem vi\u00f0urkennt hafa sannleikinn fyrir sannleikans sakir sem \u00ed oss bl\u00edfur og \u00ed hj\u00e1 oss mun vera a\u00f0 eil\u00edfu.<\/p>\n<p>\tN\u00e1\u00f0, miskunn, fri\u00f0ur, af Gu\u00f0i f\u00f6\u00f0ur og af Drottni Jes\u00fa Christo syni f\u00f6\u00f0ursins \u00ed sannleika og k\u00e6rleika s\u00e9 me\u00f0 y\u00f0ur.<\/p>\n<p>\tN\u00e6sta gla\u00f0ur em eg \u00fea\u00f0 eg hefi fundi\u00f0 me\u00f0al \u00feinna barna \u00fe\u00e1 \u00ed sannleiknum ganga svo sem \u00fea\u00f0 v\u00e9r h\u00f6fum bo\u00f0or\u00f0i\u00f0 af f\u00f6\u00f0urnum me\u00f0teki\u00f0. Og n\u00fa bi\u00f0 eg \u00feig, fr\u00faa, eigi sem skrifi eg \u00fe\u00e9r n\u00fdtt bo\u00f0or\u00f0 heldur \u00fea\u00f0 hva\u00f0 v\u00e9r h\u00f6fum haft fr\u00e1 upphafi, a\u00f0 v\u00e9r elskum oss innbyr\u00f0is. Og \u00fea\u00f0 er k\u00e6rleikurinn a\u00f0 v\u00e9r g\u00f6ngum eftir hans bo\u00f0or\u00f0i.<\/p>\n<p>\t\u00deetta er \u00fea\u00f0 bo\u00f0or\u00f0 sem \u00fe\u00e9r hafi\u00f0 heyrt af upphafi upp \u00e1 \u00fea\u00f0 \u00fe\u00e9r gangi\u00f0 \u00fear inni. \u00dev\u00ed a\u00f0 margir villumenn eru \u00fatfarnir \u00ed heiminn sem ekki vi\u00f0urkenna Jes\u00fam Christum \u00ed holdgan kominn vera. \u00deessi er s\u00e1 villuma\u00f0ur og Antakristur. Sj\u00e1i\u00f0 y\u00f0ur fyrir a\u00f0 \u00fe\u00e9r glati\u00f0 ekki \u00fev\u00ed hva\u00f0 \u00fe\u00e9r hafi\u00f0 verka\u00f0 heldur so a\u00f0 \u00fe\u00e9r me\u00f0taki\u00f0 full ver\u00f0laun. Hver hann skrikar og bl\u00edfur ekki \u00ed l\u00e6rd\u00f3mi Christi s\u00e1 hefur \u00f6ngvan Gu\u00f0. Hver e\u00f0 bl\u00edfur \u00ed l\u00e6rd\u00f3minum s\u00e1 hefur b\u00e6\u00f0i f\u00f6\u00f0urinn og soninn.<\/p>\n<p>\tEf einhver kemur til y\u00f0ar og me\u00f0 s\u00e9r flytur eigi \u00feennan l\u00e6rd\u00f3m \u00feann h\u00fdsi\u00f0 eigi og heilsi\u00f0 honum ekki. \u00dev\u00ed hver honum heilsar s\u00e1 gj\u00f6rir sig hluttakara hans vondra verka. Eg hefi margt a\u00f0 skrifa y\u00f0ur en eg vil eigi me\u00f0 b\u00f3kfelli og bleki heldur vona eg a\u00f0 koma til y\u00f0ar og munnlega vi\u00f0 y\u00f0ur a\u00f0 tala upp \u00e1 \u00fea\u00f0 vor f\u00f6gnu\u00f0ur fullkomlegur s\u00e9. <\/p>\n<p>\t\u00de\u00e9r heilsa b\u00f6rn systur \u00feinnar hinnar \u00fatv\u00f6ldu. A M E N.<\/p>\n","protected":false},"excerpt":{"rendered":"<p>Hinn annar S. Johannis pistill I. Hinn eldri \u00feeirri \u00fatvaldri fr\u00fa og hennar b\u00f6rnum hver eg elska \u00ed sannleika. Og eigi einasta eg heldur einnin allir \u00feeir sem vi\u00f0urkennt hafa sannleikinn fyrir sannleikans sakir sem \u00ed oss bl\u00edfur og \u00ed hj\u00e1 oss mun vera a\u00f0 eil\u00edfu. N\u00e1\u00f0, miskunn, fri\u00f0ur, af Gu\u00f0i f\u00f6\u00f0ur og af Drottni Jes\u00fa Christo syni f\u00f6\u00f0ursins \u00ed sannleika og k\u00e6rleika s\u00e9 me\u00f0 y\u00f0ur. N\u00e6sta gla\u00f0ur em eg \u00fea\u00f0 eg hefi fundi\u00f0 me\u00f0al \u00feinna barna \u00fe\u00e1 \u00ed sannleiknum ganga svo sem \u00fea\u00f0 v\u00e9r h\u00f6fum bo\u00f0or\u00f0i\u00f0 af f\u00f6\u00f0urnum me\u00f0teki\u00f0. Og n\u00fa bi\u00f0 eg \u00feig, fr\u00faa, eigi sem skrifi eg <a href=\"https:\/\/biblian.is\/gudbrandsbiblia\/annad-johannesarbref-1-kafli\/\"> [&#8230;]<\/a><\/p>\n","protected":false},"author":1,"featured_media":0,"parent":0,"menu_order":0,"comment_status":"open","ping_status":"open","template":"bibliukaflar.php","meta":{"footnotes":""},"class_list":["post-3998","page","type-page","status-publish","hentry"],"_links":{"self":[{"href":"https:\/\/biblian.is\/gudbrandsbiblia\/wp-json\/wp\/v2\/pages\/3998","targetHints":{"allow":["GET"]}}],"collection":[{"href":"https:\/\/biblian.is\/gudbrandsbiblia\/wp-json\/wp\/v2\/pages"}],"about":[{"href":"https:\/\/biblian.is\/gudbrandsbiblia\/wp-json\/wp\/v2\/types\/page"}],"author":[{"embeddable":true,"href":"https:\/\/biblian.is\/gudbrandsbiblia\/wp-json\/wp\/v2\/users\/1"}],"replies":[{"embeddable":true,"href":"https:\/\/biblian.is\/gudbrandsbiblia\/wp-json\/wp\/v2\/comments?post=3998"}],"version-history":[{"count":0,"href":"https:\/\/biblian.is\/gudbrandsbiblia\/wp-json\/wp\/v2\/pages\/3998\/revisions"}],"wp:attachment":[{"href":"https:\/\/biblian.is\/gudbrandsbiblia\/wp-json\/wp\/v2\/media?parent=3998"}],"curies":[{"name":"wp","href":"https:\/\/api.w.org\/{rel}","templated":true}]}}