{"id":3997,"date":"2017-12-18T18:35:19","date_gmt":"2017-12-18T18:35:19","guid":{"rendered":"http:\/\/biblian.is\/gudbrandsbiblia\/fyrsta-johannesarbref-5-kafli\/"},"modified":"2017-12-18T18:35:19","modified_gmt":"2017-12-18T18:35:19","slug":"fyrsta-johannesarbref-5-kafli","status":"publish","type":"page","link":"https:\/\/biblian.is\/gudbrandsbiblia\/fyrsta-johannesarbref-5-kafli\/","title":{"rendered":"Fyrsta J\u00f3hannesarbr\u00e9f 5. kafli"},"content":{"rendered":"<p>V.<\/p>\n<p>Hver hann tr\u00fair \u00fea\u00f0 Jes\u00fas s\u00e9 Kristur s\u00e1 er af Gu\u00f0i f\u00e6ddur. <span class=\"athugasemd\" title=\"Hva\u00f0 k\u00e6rleikur Gu\u00f0s hann er\">[<\/span> Og hver e\u00f0 elskar \u00feann sem hann hefur geti\u00f0 s\u00e1 elskar og einnin \u00feann sem af honum er f\u00e6ddur. \u00dear af \u00feekkjum v\u00e9r \u00fea\u00f0 v\u00e9r Gu\u00f0s b\u00f6rn elskum n\u00e6r v\u00e9r elskum Gu\u00f0 og h\u00f6ldum hans bo\u00f0or\u00f0. \u00dev\u00ed a\u00f0 \u00fea\u00f0 er k\u00e6rleiki til Gu\u00f0s \u00fea\u00f0 v\u00e9r var\u00f0veitum hans bo\u00f0or\u00f0 og hans bo\u00f0or\u00f0 eru eigi \u00feung. \u00dev\u00ed allt hva\u00f0 af Gu\u00f0i er f\u00e6tt \u00fea\u00f0 yfirvinnur heiminn. Og vor tr\u00faa er yfirvinningin hver ver\u00f6ldina hefur yfirunni\u00f0. En hver er hann sem ver\u00f6ldina yfirvinnur utan alleinasta s\u00e1 er tr\u00fair \u00fea\u00f0 Jes\u00fas s\u00e9 Gu\u00f0s sonur?<\/p>\n<p>\t\u00deessi er hann s\u00e1 sem kemur me\u00f0 vatni og bl\u00f3\u00f0i, Jes\u00fas Christus. Eigi me\u00f0 vatni alleinasta heldur me\u00f0 vatni og bl\u00f3\u00f0i. Og andinn eer s\u00e1 sem vitnar \u00fea\u00f0 andinn er sannleikinn. \u00dev\u00ed a\u00f0 \u00fer\u00edr eru sem vitnisbur\u00f0inn gefa \u00e1 himni: Fa\u00f0irinn, sonurinn og heilagur andi, og \u00feeir \u00fer\u00edr eru eitt. Og \u00fer\u00edr eru sem vitnisbur\u00f0inn gefa \u00e1 j\u00f6r\u00f0u: Andinn, vatni\u00f0 og bl\u00f3\u00f0i\u00f0 og \u00feau \u00ferj\u00fa eru eitt. Ef v\u00e9r me\u00f0t\u00f6kum mannanna vitnisbur\u00f0 \u00fe\u00e1 er \u00fe\u00f3 Gu\u00f0s vitnisbur\u00f0ur meiri. \u00dev\u00ed a\u00f0 Gu\u00f0s vitnisbur\u00f0ur er s\u00e1 \u00fea\u00f0 hann hefur vitna\u00f0 af s\u00ednum syni. Hver hann tr\u00fair \u00e1 Gu\u00f0s son s\u00e1 hefur \u00feennan vitnisbur\u00f0 \u00ed s\u00e9r. Hver hann tr\u00fair ekki Gu\u00f0i s\u00e1 gj\u00f6rir hann a\u00f0 lj\u00fagara \u00fev\u00ed a\u00f0 hann tr\u00fair ekki vitnisbur\u00f0inum \u00feeim Gu\u00f0 vitnar af s\u00ednum syni. Og \u00feetta er vitnisbur\u00f0urinn \u00fea\u00f0 Gu\u00f0 hefur gefi\u00f0 oss eil\u00edft l\u00edf og \u00feetta l\u00edf er \u00ed hans syni. Hver Gu\u00f0s son hefur s\u00e1 hefur l\u00edfi\u00f0, hver hann hefur eigi Gu\u00f0s son s\u00e1 hefur og eigi l\u00edfi\u00f0.<\/p>\n<p>\t\u00deetta skrifa\u00f0i eg y\u00f0ur, \u00fe\u00e9r sem tr\u00fai\u00f0 \u00e1 nafn Gu\u00f0s sonar, so a\u00f0 \u00fe\u00e9r viti\u00f0 \u00fea\u00f0 \u00fe\u00e9r hafi\u00f0 eil\u00edft l\u00edf og \u00fea\u00f0 \u00fe\u00e9r tr\u00fai\u00f0 \u00e1 nafn Gu\u00f0s sonar. \u00dev\u00ed a\u00f0 \u00fea\u00f0 er s\u00e1 traustleiki sem v\u00e9r h\u00f6fum til hans, s\u00e1: ef v\u00e9r bi\u00f0jum nokkurs eftir s\u00ednum vilja \u00fe\u00e1 heyrir hann oss. Og fyrst v\u00e9r vitum \u00fea\u00f0 hann heyrir oss hva\u00f0 v\u00e9r bi\u00f0jum \u00fe\u00e1 vitu v\u00e9r \u00fea\u00f0 v\u00e9r \u00fe\u00e6r b\u00e6nir h\u00f6fum hverjar v\u00e9r h\u00f6fum be\u00f0i\u00f0 af honum.<\/p>\n<p>\tEf nokkur s\u00e9r sinn br\u00f3\u00f0ur syndgast einhverri synd, eigi til dau\u00f0a, s\u00e1 m\u00e1 bi\u00f0ja og mun hann gefa \u00feeim l\u00edfi\u00f0 sem syndga\u00f0i ekki til dau\u00f0a. \u00dear er <span class=\"athugasemd\" title=\"a \/ (Synd til) \/ \u00dea\u00f0 er synd \u00e1 m\u00f3ti heil\u00f6gum anda, hvar af Matteus skrifar. xii. kap.\">[<\/span> synd til dau\u00f0a. Eg segi ekki a\u00f0 nokkur \u00fear fyrir bi\u00f0ji. Allt rangl\u00e6ti er synd og \u00fear er synd ekki til dau\u00f0a. <\/p>\n<p>\tV\u00e9r vitium \u00fea\u00f0 hver af Gu\u00f0i er f\u00e6ddur s\u00e1 syndgar ekki heldur s\u00e1 af Gu\u00f0i er f\u00e6ddur hann var\u00f0veitir sig og hinn vondi mun eigi snerta hann. V\u00e9r vitum \u00fea\u00f0 v\u00e9r erum af Gu\u00f0i og \u00fea\u00f0 allur heimurinn er skikka\u00f0ur \u00ed vondu. En v\u00e9r vitum \u00fea\u00f0 Gu\u00f0s sonur er kominn og hefur gefi\u00f0 oss \u00fea\u00f0 sinni a\u00f0 v\u00e9r kennum \u00feann sem sannarlegur er og erum \u00ed hinum sannarlega, hans syni Jes\u00fa Christo. \u00deessi er sannur Gu\u00f0 og eil\u00edft l\u00edf. Sonakorn, var\u00f0veiti\u00f0 y\u00f0ur fr\u00e1 sk\u00fargo\u00f0um. A M E N.<\/p>\n","protected":false},"excerpt":{"rendered":"<p>V. Hver hann tr\u00fair \u00fea\u00f0 Jes\u00fas s\u00e9 Kristur s\u00e1 er af Gu\u00f0i f\u00e6ddur. [ Og hver e\u00f0 elskar \u00feann sem hann hefur geti\u00f0 s\u00e1 elskar og einnin \u00feann sem af honum er f\u00e6ddur. \u00dear af \u00feekkjum v\u00e9r \u00fea\u00f0 v\u00e9r Gu\u00f0s b\u00f6rn elskum n\u00e6r v\u00e9r elskum Gu\u00f0 og h\u00f6ldum hans bo\u00f0or\u00f0. \u00dev\u00ed a\u00f0 \u00fea\u00f0 er k\u00e6rleiki til Gu\u00f0s \u00fea\u00f0 v\u00e9r var\u00f0veitum hans bo\u00f0or\u00f0 og hans bo\u00f0or\u00f0 eru eigi \u00feung. \u00dev\u00ed allt hva\u00f0 af Gu\u00f0i er f\u00e6tt \u00fea\u00f0 yfirvinnur heiminn. Og vor tr\u00faa er yfirvinningin hver ver\u00f6ldina hefur yfirunni\u00f0. En hver er hann sem ver\u00f6ldina yfirvinnur utan alleinasta s\u00e1 er tr\u00fair \u00fea\u00f0 <a href=\"https:\/\/biblian.is\/gudbrandsbiblia\/fyrsta-johannesarbref-5-kafli\/\"> [&#8230;]<\/a><\/p>\n","protected":false},"author":1,"featured_media":0,"parent":0,"menu_order":0,"comment_status":"open","ping_status":"open","template":"bibliukaflar.php","meta":{"footnotes":""},"class_list":["post-3997","page","type-page","status-publish","hentry"],"_links":{"self":[{"href":"https:\/\/biblian.is\/gudbrandsbiblia\/wp-json\/wp\/v2\/pages\/3997","targetHints":{"allow":["GET"]}}],"collection":[{"href":"https:\/\/biblian.is\/gudbrandsbiblia\/wp-json\/wp\/v2\/pages"}],"about":[{"href":"https:\/\/biblian.is\/gudbrandsbiblia\/wp-json\/wp\/v2\/types\/page"}],"author":[{"embeddable":true,"href":"https:\/\/biblian.is\/gudbrandsbiblia\/wp-json\/wp\/v2\/users\/1"}],"replies":[{"embeddable":true,"href":"https:\/\/biblian.is\/gudbrandsbiblia\/wp-json\/wp\/v2\/comments?post=3997"}],"version-history":[{"count":0,"href":"https:\/\/biblian.is\/gudbrandsbiblia\/wp-json\/wp\/v2\/pages\/3997\/revisions"}],"wp:attachment":[{"href":"https:\/\/biblian.is\/gudbrandsbiblia\/wp-json\/wp\/v2\/media?parent=3997"}],"curies":[{"name":"wp","href":"https:\/\/api.w.org\/{rel}","templated":true}]}}