{"id":3996,"date":"2017-12-18T18:35:19","date_gmt":"2017-12-18T18:35:19","guid":{"rendered":"http:\/\/biblian.is\/gudbrandsbiblia\/fyrsta-johannesarbref-4-kafli\/"},"modified":"2017-12-18T18:35:19","modified_gmt":"2017-12-18T18:35:19","slug":"fyrsta-johannesarbref-4-kafli","status":"publish","type":"page","link":"https:\/\/biblian.is\/gudbrandsbiblia\/fyrsta-johannesarbref-4-kafli\/","title":{"rendered":"Fyrsta J\u00f3hannesarbr\u00e9f 4. kafli"},"content":{"rendered":"<p>IIII.<\/p>\n<p>\u00de\u00e9r \u00e1stsamlegir, tr\u00fai\u00f0 eigi hverjum sem einum anda heldur reyni\u00f0 andana, hvert \u00feeir eru af Gu\u00f0i. <span class=\"athugasemd\" title=\"Hverjir andar a\u00f0 eru af Gu\u00f0i\">[<\/span> \u00dev\u00ed a\u00f0 \u00fear eru margir falssp\u00e1menn \u00ed ver\u00f6ldina \u00fatgengnir. \u00dear af skulu \u00fe\u00e9r Gu\u00f0s anda kenna: Hver andi sem vi\u00f0urkennir \u00fea\u00f0 Jes\u00fas Christus s\u00e9 \u00ed holdgan kominn, s\u00e1 er af Gu\u00f0i. Og hver andi sem eigi vi\u00f0urkennir \u00fea\u00f0 Jes\u00fas Christus s\u00e9 \u00ed holdgan kominn, s\u00e1 er ekki af Gu\u00f0i. Og \u00fea\u00f0 er s\u00e1 andi \u00feess Antakrists af hverjum \u00fe\u00e9r hafi\u00f0 heyrt \u00fea\u00f0 hann mundi koma og er n\u00fa \u00feegar \u00ed heiminum.<\/p>\n<p>\tSonakorn, \u00fe\u00e9r eru\u00f0 af Gu\u00f0i og hafi\u00f0 hina yfirunni\u00f0. <span class=\"athugasemd\" title=\"J\u00f3h. 3\">[<\/span> \u00dev\u00ed a\u00f0 s\u00e1 \u00ed y\u00f0ur er hann er hinum meiri sem \u00ed heiminum er. \u00deeir eru af heiminum, fyrir \u00fev\u00ed tala \u00feeir \u00fat af heiminum og heimurinn heyrir \u00feeim. V\u00e9r erum af Gu\u00f0i og hver hann vi\u00f0urkennir Gu\u00f0 s\u00e1 heyrir oss. Hver hann er eigi af Gu\u00f0i s\u00e1 heyrir oss ekki. \u00dear af kennum v\u00e9r andann sannleiksins og andann villud\u00f3msins.<\/p>\n<p>\t\u00de\u00e9r \u00e1stsamlegir, elskum oss innbyr\u00f0is. <span class=\"athugasemd\" title=\"J\u00f3h. 1\">[<\/span> \u00dev\u00ed a\u00f0 k\u00e6rleikurinn er af Gu\u00f0i og hver hann elskar s\u00e1 er af Gu\u00f0i f\u00e6ddur og kennir Gu\u00f0. Hver hann elskar ekki s\u00e1 kennir eigi Gu\u00f0. \u00dev\u00ed a\u00f0 Gu\u00f0 er k\u00e6rleikurinn. \u00cd \u00fev\u00ed au\u00f0birtist k\u00e6rleiki Gu\u00f0s vi\u00f0ur oss \u00fea\u00f0 Gu\u00f0 sendi sinn eingetinn son \u00ed heiminn a\u00f0 v\u00e9r skyldum fyrir hann lifa. \u00dear inni er k\u00e6rleikurinn. Eigi \u00fea\u00f0 v\u00e9r elsku\u00f0um Gu\u00f0 heldur \u00fea\u00f0 hann elska\u00f0i oss og sendi sinn son til forl\u00edkunar fyrir vorar syndir.<\/p>\n<p>\t\u00de\u00e9r \u00e1stsamlegir, fyrst \u00fea\u00f0 Gu\u00f0 hefur oss so elska\u00f0 \u00fe\u00e1 skulu v\u00e9r einnin elska oss innbyr\u00f0is. Enginn hefur Gu\u00f0 n\u00f6kkru sinni s\u00e9nan. Ef a\u00f0 v\u00e9r elskum oss innbyr\u00f0is \u00fe\u00e1 bl\u00edfur Gu\u00f0 \u00ed oss og hans k\u00e6rleiki er fullkomlegur \u00ed oss. \u00dear af \u00feekkjum v\u00e9r \u00fea\u00f0 v\u00e9r bl\u00edfum \u00ed honum og hann \u00ed oss \u00fev\u00ed a\u00f0 hann hefur gefi\u00f0 oss af s\u00ednum anda. Og v\u00e9r s\u00e1um og vitnum \u00fea\u00f0 fa\u00f0irinn hefur sent soninn til heimsins lausnara. Hver n\u00fa vi\u00f0urkennir \u00fea\u00f0 Jes\u00fas er Gu\u00f0s sonur \u00ed \u00feeim bl\u00edfur Gu\u00f0 og hann \u00ed Gu\u00f0i. Og v\u00e9r h\u00f6fum \u00feekkt og tr\u00faa\u00f0 \u00feeim k\u00e6rleika sem Gu\u00f0 hefur til vor.<\/p>\n<p>\tGu\u00f0 er k\u00e6rleiki og hver \u00ed k\u00e6rleikanum bl\u00edfur s\u00e1 bl\u00edfur \u00ed Gu\u00f0i og Gu\u00f0 \u00ed honum. \u00cd \u00fev\u00ed er k\u00e6rleikurinn fullkomlegur hj\u00e1 oss a\u00f0 v\u00e9r h\u00f6fum traustleik \u00e1 degi d\u00f3msins. \u00dev\u00ed a\u00f0 l\u00edka sem hann er so erum v\u00e9r einnin \u00ed \u00feessum heimi. Hr\u00e6\u00f0sla er eigi \u00ed k\u00e6rleikanum heldur \u00fatdr\u00edfur fullkomlegur k\u00e6rleiki hr\u00e6\u00f0sluna \u00fea\u00f0 hr\u00e6\u00f0slan hefur kv\u00f6l. En hver hann hr\u00e6\u00f0ist s\u00e1 er ekki fullkomlegur \u00ed k\u00e6rleikanum.<\/p>\n<p>\tL\u00e1tum oss hann elska \u00fev\u00ed a\u00f0 hann hefur elska\u00f0 oss fyrri. <span class=\"athugasemd\" title=\"Supra 2\">[<\/span> Ef einhver segir: Eg elska Gu\u00f0, og hatar sinn br\u00f3\u00f0ur, s\u00e1 er lj\u00fagari. <span class=\"athugasemd\" title=\"Levit. 19 \/ J\u00f3h. 13 \/ Math. 22\">[<\/span> \u00dev\u00ed hver hann elskar ekki sinn br\u00f3\u00f0ur hvern hann s\u00e9r, hvernin getur s\u00e1 Gu\u00f0 elska\u00f0 \u00feann er hann s\u00e9r eigi? Og \u00feetta bo\u00f0or\u00f0 h\u00f6fum v\u00e9r af Gu\u00f0i \u00fea\u00f0 hver hann elskar Gu\u00f0 hann elski og einnin sinn br\u00f3\u00f0ur.<\/p>\n","protected":false},"excerpt":{"rendered":"<p>IIII. \u00de\u00e9r \u00e1stsamlegir, tr\u00fai\u00f0 eigi hverjum sem einum anda heldur reyni\u00f0 andana, hvert \u00feeir eru af Gu\u00f0i. [ \u00dev\u00ed a\u00f0 \u00fear eru margir falssp\u00e1menn \u00ed ver\u00f6ldina \u00fatgengnir. \u00dear af skulu \u00fe\u00e9r Gu\u00f0s anda kenna: Hver andi sem vi\u00f0urkennir \u00fea\u00f0 Jes\u00fas Christus s\u00e9 \u00ed holdgan kominn, s\u00e1 er af Gu\u00f0i. Og hver andi sem eigi vi\u00f0urkennir \u00fea\u00f0 Jes\u00fas Christus s\u00e9 \u00ed holdgan kominn, s\u00e1 er ekki af Gu\u00f0i. Og \u00fea\u00f0 er s\u00e1 andi \u00feess Antakrists af hverjum \u00fe\u00e9r hafi\u00f0 heyrt \u00fea\u00f0 hann mundi koma og er n\u00fa \u00feegar \u00ed heiminum. Sonakorn, \u00fe\u00e9r eru\u00f0 af Gu\u00f0i og hafi\u00f0 hina yfirunni\u00f0. [ \u00dev\u00ed <a href=\"https:\/\/biblian.is\/gudbrandsbiblia\/fyrsta-johannesarbref-4-kafli\/\"> [&#8230;]<\/a><\/p>\n","protected":false},"author":1,"featured_media":0,"parent":0,"menu_order":0,"comment_status":"open","ping_status":"open","template":"bibliukaflar.php","meta":{"footnotes":""},"class_list":["post-3996","page","type-page","status-publish","hentry"],"_links":{"self":[{"href":"https:\/\/biblian.is\/gudbrandsbiblia\/wp-json\/wp\/v2\/pages\/3996","targetHints":{"allow":["GET"]}}],"collection":[{"href":"https:\/\/biblian.is\/gudbrandsbiblia\/wp-json\/wp\/v2\/pages"}],"about":[{"href":"https:\/\/biblian.is\/gudbrandsbiblia\/wp-json\/wp\/v2\/types\/page"}],"author":[{"embeddable":true,"href":"https:\/\/biblian.is\/gudbrandsbiblia\/wp-json\/wp\/v2\/users\/1"}],"replies":[{"embeddable":true,"href":"https:\/\/biblian.is\/gudbrandsbiblia\/wp-json\/wp\/v2\/comments?post=3996"}],"version-history":[{"count":0,"href":"https:\/\/biblian.is\/gudbrandsbiblia\/wp-json\/wp\/v2\/pages\/3996\/revisions"}],"wp:attachment":[{"href":"https:\/\/biblian.is\/gudbrandsbiblia\/wp-json\/wp\/v2\/media?parent=3996"}],"curies":[{"name":"wp","href":"https:\/\/api.w.org\/{rel}","templated":true}]}}