{"id":3995,"date":"2017-12-18T18:35:19","date_gmt":"2017-12-18T18:35:19","guid":{"rendered":"http:\/\/biblian.is\/gudbrandsbiblia\/fyrsta-johannesarbref-3-kafli\/"},"modified":"2017-12-18T18:35:19","modified_gmt":"2017-12-18T18:35:19","slug":"fyrsta-johannesarbref-3-kafli","status":"publish","type":"page","link":"https:\/\/biblian.is\/gudbrandsbiblia\/fyrsta-johannesarbref-3-kafli\/","title":{"rendered":"Fyrsta J\u00f3hannesarbr\u00e9f 3. kafli"},"content":{"rendered":"<p>III.<\/p>\n<p>Sj\u00e1i\u00f0 hv\u00edl\u00edkan k\u00e6rleika \u00fea\u00f0 fa\u00f0irinn hefur oss au\u00f0s\u00fdnt a\u00f0 v\u00e9r skulum Gu\u00f0s b\u00f6rn kallast. Fyrir \u00fev\u00ed \u00feekkir y\u00f0ur heimurin ekki \u00fev\u00ed a\u00f0 hann kennir hann eigi. M\u00ednir k\u00e6rustu, v\u00e9r erum n\u00fa Gu\u00f0s b\u00f6rn og \u00fea\u00f0 er enn ei opinbera\u00f0 hva\u00f0 v\u00e9r ver\u00f0a munum. En v\u00e9r vitum \u00fe\u00e1 \u00fea\u00f0 birtast mun \u00fea\u00f0 v\u00e9r munum honum l\u00edkri ver\u00f0a \u00fev\u00ed v\u00e9r munum hann sj\u00e1 so sem a\u00f0 hann er. Og hver einn er \u00fev\u00edl\u00edka von hefur til hans, s\u00e1 hreinsar sig l\u00edka sem a\u00f0 hann er hreinn. Hver synd gj\u00f6rir s\u00e1 gj\u00f6rir rangt og syndin er hi\u00f0 ranga. <span class=\"athugasemd\" title=\"Hva\u00f0 synd er\">[<\/span> Og \u00fe\u00e9r viti\u00f0 \u00fea\u00f0 hann birtist upp \u00e1 \u00fea\u00f0 hann vorar syndir burt t\u00e6ki og engin synd er \u00ed honum. <span class=\"athugasemd\" title=\"Esa. 53 \/ 1. Pet. 2\">[<\/span> Hver \u00ed honum bl\u00edfur s\u00e1 syndgar ekki. Hver hann syndgast s\u00e1 hefur hann eigi s\u00e9\u00f0 n\u00e9 \u00feekkt. <\/p>\n<p>\tSonakorn, l\u00e1ti\u00f0 \u00f6ngvan villa y\u00f0ur. <span class=\"athugasemd\" title=\"Apoc. 22\">[<\/span> Hver r\u00e9ttv\u00edsina gj\u00f6rir s\u00e1 er r\u00e9ttv\u00eds l\u00edka sem hann er r\u00e9ttv\u00eds. Hver syndina gj\u00f6rir s\u00e1 er af dj\u00f6flinum \u00fev\u00ed a\u00f0 dj\u00f6fullinn syndga\u00f0ist a\u00f0 upphafi. \u00dear fyrir birtist Gu\u00f0s son a\u00f0 hann ni\u00f0urbrj\u00f3ti dj\u00f6fulsins verk. Hver af Gu\u00f0i er f\u00e6ddur s\u00e1 gj\u00f6rir eigi synd \u00fev\u00ed a\u00f0 hans s\u00e1\u00f0 bl\u00edfur \u00ed honum og hann getur ei syndgast \u00fev\u00ed a\u00f0 hann er af Gu\u00f0i f\u00e6ddur. <span class=\"athugasemd\" title=\"J\u00f3h. 8\">[<\/span> \u00dear af eru auglj\u00f3s Gu\u00f0s b\u00f6rn og dj\u00f6fulsins b\u00f6rn. Hver hann er eigi r\u00e9ttv\u00eds s\u00e1 er ekki af Gu\u00f0i og hver eigi elskar sinn br\u00f3\u00f0ur. <\/p>\n<p>\t\u00dev\u00ed a\u00f0 \u00fea\u00f0 er s\u00e1 bo\u00f0skapur hvern \u00fe\u00e9r hafi\u00f0 heyrt fr\u00e1 upphafi \u00fea\u00f0 v\u00e9r skulum elska oss innbyr\u00f0is. <span class=\"athugasemd\" title=\"Gal. 4\">[<\/span> Ekki sem Kain s\u00e1 af hinum vonda var og \u00ed hel sl\u00f3 sinn br\u00f3\u00f0ur. Og fyrir hva\u00f0 \u00ed hel sl\u00f3 hann hann? \u00dev\u00ed hans verk voru vond og hans br\u00f3\u00f0urs r\u00e9ttileg. <\/p>\n<p>\tUndrist ekki, br\u00e6\u00f0ur m\u00ednir, \u00fe\u00f3tt heimurinn hati y\u00f0ur. <span class=\"athugasemd\" title=\"J\u00f3h. 15\">[<\/span> V\u00e9r vitum \u00fea\u00f0 v\u00e9r \u00far dau\u00f0anum erum komnir til l\u00edfsins \u00fev\u00ed a\u00f0 v\u00e9r elskum br\u00e6\u00f0urna. Hver hann elskar eigi br\u00e6\u00f0urna s\u00e1 bl\u00edfur \u00ed dau\u00f0anum. Hver sinn br\u00f3\u00f0ur hatar s\u00e1 er manndr\u00e1pari og \u00fe\u00e9r viti\u00f0 \u00fea\u00f0 manndr\u00e1pari hefur eigi eil\u00edft l\u00edf \u00ed s\u00e9r bl\u00edfanda.<\/p>\n<p>\tAf \u00fev\u00ed \u00feekkjum v\u00e9r hans k\u00e6rleika a\u00f0 hann hefur sett sitt l\u00edf \u00fat fyrir oss. Og v\u00e9r skulum einnin setja l\u00edfi\u00f0 \u00fat fyrir br\u00e6\u00f0urna. En n\u00e6r a\u00f0 einhver hefur \u00feessarar verladar au\u00f0\u00e6fi og s\u00e9r sinn br\u00f3\u00f0ur nau\u00f0 l\u00ed\u00f0a og l\u00fdkur sitt hjarta til fyrir honum, hvernin bl\u00edfur Gu\u00f0s k\u00e6rleiki hj\u00e1 honum? M\u00edn sonakorn, elskum eigi me\u00f0 or\u00f0i og tungu heldur me\u00f0 verki og sannleika. <\/p>\n<p>\t\u00dear af \u00feekkjum v\u00e9r \u00fea\u00f0 v\u00e9r erum af sannleikanum og kunnum a\u00f0 haga vorum hj\u00f6rtum fyrir hans augliti so: <span class=\"athugasemd\" title=\"Heb. 17\">[<\/span> \u00de\u00f3 a\u00f0 vort hjarta ford\u00e6mi oss a\u00f0 Gu\u00f0 er meiri voru hjarta og \u00feekkir alla hluti. \u00de\u00e9r \u00e1stsamlegir, ef vort hjarta ford\u00e6mir oss eigi \u00fe\u00e1 h\u00f6fum v\u00e9r traustleik til Gu\u00f0s. Og hva\u00f0 v\u00e9r bi\u00f0jum \u00fea\u00f0 munum v\u00e9r af honum \u00f6\u00f0last \u00fev\u00ed a\u00f0 v\u00e9r geymum hans bo\u00f0or\u00f0 og gj\u00f6rum hva\u00f0 fyrir honum \u00fe\u00e6gilegt er. <span class=\"athugasemd\" title=\"J\u00f3h. 16\">[<\/span><\/p>\n<p>\tOg \u00feetta er hans bo\u00f0or\u00f0 \u00fea\u00f0 v\u00e9r tr\u00faum \u00e1 nafn hans sonar Jes\u00fa Christi og elskum hver annan so sem \u00fea\u00f0 han gaf oss bo\u00f0or\u00f0i\u00f0. <span class=\"athugasemd\" title=\"J\u00f3h. 15\">[<\/span> Og hver hann var\u00f0veitir hans bo\u00f0or\u00f0 s\u00e1 bl\u00edfur \u00ed honum og hann \u00ed honum. Og \u00fear af vitum v\u00e9r \u00fea\u00f0 hann bl\u00edfur \u00ed oss \u00fat af \u00feeim anda hvern hann hefur gefi\u00f0 oss.<\/p>\n","protected":false},"excerpt":{"rendered":"<p>III. Sj\u00e1i\u00f0 hv\u00edl\u00edkan k\u00e6rleika \u00fea\u00f0 fa\u00f0irinn hefur oss au\u00f0s\u00fdnt a\u00f0 v\u00e9r skulum Gu\u00f0s b\u00f6rn kallast. Fyrir \u00fev\u00ed \u00feekkir y\u00f0ur heimurin ekki \u00fev\u00ed a\u00f0 hann kennir hann eigi. M\u00ednir k\u00e6rustu, v\u00e9r erum n\u00fa Gu\u00f0s b\u00f6rn og \u00fea\u00f0 er enn ei opinbera\u00f0 hva\u00f0 v\u00e9r ver\u00f0a munum. En v\u00e9r vitum \u00fe\u00e1 \u00fea\u00f0 birtast mun \u00fea\u00f0 v\u00e9r munum honum l\u00edkri ver\u00f0a \u00fev\u00ed v\u00e9r munum hann sj\u00e1 so sem a\u00f0 hann er. Og hver einn er \u00fev\u00edl\u00edka von hefur til hans, s\u00e1 hreinsar sig l\u00edka sem a\u00f0 hann er hreinn. Hver synd gj\u00f6rir s\u00e1 gj\u00f6rir rangt og syndin er hi\u00f0 ranga. [ Og \u00fe\u00e9r viti\u00f0 <a href=\"https:\/\/biblian.is\/gudbrandsbiblia\/fyrsta-johannesarbref-3-kafli\/\"> [&#8230;]<\/a><\/p>\n","protected":false},"author":1,"featured_media":0,"parent":0,"menu_order":0,"comment_status":"open","ping_status":"open","template":"bibliukaflar.php","meta":{"footnotes":""},"class_list":["post-3995","page","type-page","status-publish","hentry"],"_links":{"self":[{"href":"https:\/\/biblian.is\/gudbrandsbiblia\/wp-json\/wp\/v2\/pages\/3995","targetHints":{"allow":["GET"]}}],"collection":[{"href":"https:\/\/biblian.is\/gudbrandsbiblia\/wp-json\/wp\/v2\/pages"}],"about":[{"href":"https:\/\/biblian.is\/gudbrandsbiblia\/wp-json\/wp\/v2\/types\/page"}],"author":[{"embeddable":true,"href":"https:\/\/biblian.is\/gudbrandsbiblia\/wp-json\/wp\/v2\/users\/1"}],"replies":[{"embeddable":true,"href":"https:\/\/biblian.is\/gudbrandsbiblia\/wp-json\/wp\/v2\/comments?post=3995"}],"version-history":[{"count":0,"href":"https:\/\/biblian.is\/gudbrandsbiblia\/wp-json\/wp\/v2\/pages\/3995\/revisions"}],"wp:attachment":[{"href":"https:\/\/biblian.is\/gudbrandsbiblia\/wp-json\/wp\/v2\/media?parent=3995"}],"curies":[{"name":"wp","href":"https:\/\/api.w.org\/{rel}","templated":true}]}}