{"id":3993,"date":"2017-12-18T18:35:19","date_gmt":"2017-12-18T18:35:19","guid":{"rendered":"http:\/\/biblian.is\/gudbrandsbiblia\/fyrsta-johannesarbref-1-kafli\/"},"modified":"2017-12-18T18:35:19","modified_gmt":"2017-12-18T18:35:19","slug":"fyrsta-johannesarbref-1-kafli","status":"publish","type":"page","link":"https:\/\/biblian.is\/gudbrandsbiblia\/fyrsta-johannesarbref-1-kafli\/","title":{"rendered":"Fyrsta J\u00f3hannesarbr\u00e9f 1. kafli"},"content":{"rendered":"<p>Hinn fyrsti S. Johannis pistill<\/p>\n<p>I. <\/p>\n<p>\u00dea\u00f0 er var af upphafi, hva\u00f0 v\u00e9r heyr\u00f0um, hva\u00f0 v\u00e9r s\u00e1um vorum augum og hva\u00f0 v\u00e9r sko\u00f0u\u00f0um og vorar hendur \u00e1 t\u00f3ku af or\u00f0i l\u00edfsins (og l\u00edfi\u00f0 au\u00f0birtist og v\u00e9r s\u00e1um og vottum og bo\u00f0um y\u00f0ur l\u00edfi\u00f0 \u00fea\u00f0 \u00e6vinlegt er, hvert a\u00f0 var hj\u00e1 f\u00f6\u00f0urnum og birtist oss), hv\u00f0a v\u00e9r s\u00e1um og heyr\u00f0um, \u00fea\u00f0 bo\u00f0um v\u00e9r y\u00f0ur so a\u00f0 \u00fe\u00e9r hef\u00f0u\u00f0 samf\u00e9lag me\u00f0ur oss og vort samf\u00e9lag s\u00e9 me\u00f0ur f\u00f6\u00f0urnum og me\u00f0ur hans syni Jes\u00fa Christo. Og \u00feetta skrifum v\u00e9r y\u00f0ur upp \u00e1 \u00fea\u00f0 y\u00f0var f\u00f6gnu\u00f0ur s\u00e9 fullkomlegur. <span class=\"athugasemd\" title=\"J\u00f3h. 16\">[<\/span><\/p>\n<p>\tOg \u00feessi er bo\u00f0skapurinn hvern v\u00e9r heyr\u00f0um af honum og bo\u00f0um y\u00f0ur: <span class=\"athugasemd\" title=\"Heb. 9 \/ 1. Petri 1 \/ Apoc. 1\">[<\/span> \u00dea\u00f0 Gu\u00f0 erl j\u00f3s og engin myrkur eru \u00ed honum. Ef a\u00f0 v\u00e9r segjum \u00fea\u00f0 v\u00e9r h\u00f6fum samf\u00e9lag me\u00f0 honum og g\u00f6ngum \u00ed myrkrinu, \u00fe\u00e1 lj\u00fagum v\u00e9r og gj\u00f6rum ekki sannleik. En ef v\u00e9r g\u00f6ngum \u00ed lj\u00f3sinu l\u00edka sem hann sj\u00e1lfur \u00ed lj\u00f3sinu er \u00fe\u00e1 h\u00f6fum v\u00e9r samf\u00e9lag innbyr\u00f0is. Og bl\u00f3\u00f0i\u00f0 Jes\u00fa Christi, hans sonar, hreinsar oss af allri synd.<\/p>\n<p>\tEf a\u00f0 v\u00e9r segum: V\u00e9r h\u00f6fum \u00f6ngva synd, \u00fe\u00e1 villum v\u00e9r sj\u00e1lfa oss og sannleikurinn er ekki \u00ed oss. En ef v\u00e9r vi\u00f0urkennum vorar syndir \u00fe\u00e1 er hann tr\u00far og r\u00e9ttl\u00e1tur so a\u00f0 hann fyrirgefur oss vorar syndir og hreinsar oss af \u00f6llu rangl\u00e6ti. Ef v\u00e9r segjum a\u00f0 eigi syndgum v\u00e9r \u00fe\u00e1 gj\u00f6rum v\u00e9r hann a\u00f0 lj\u00fagara og hans or\u00f0 eru \u00fe\u00e1 ekki \u00ed oss.<\/p>\n","protected":false},"excerpt":{"rendered":"<p>Hinn fyrsti S. Johannis pistill I. \u00dea\u00f0 er var af upphafi, hva\u00f0 v\u00e9r heyr\u00f0um, hva\u00f0 v\u00e9r s\u00e1um vorum augum og hva\u00f0 v\u00e9r sko\u00f0u\u00f0um og vorar hendur \u00e1 t\u00f3ku af or\u00f0i l\u00edfsins (og l\u00edfi\u00f0 au\u00f0birtist og v\u00e9r s\u00e1um og vottum og bo\u00f0um y\u00f0ur l\u00edfi\u00f0 \u00fea\u00f0 \u00e6vinlegt er, hvert a\u00f0 var hj\u00e1 f\u00f6\u00f0urnum og birtist oss), hv\u00f0a v\u00e9r s\u00e1um og heyr\u00f0um, \u00fea\u00f0 bo\u00f0um v\u00e9r y\u00f0ur so a\u00f0 \u00fe\u00e9r hef\u00f0u\u00f0 samf\u00e9lag me\u00f0ur oss og vort samf\u00e9lag s\u00e9 me\u00f0ur f\u00f6\u00f0urnum og me\u00f0ur hans syni Jes\u00fa Christo. Og \u00feetta skrifum v\u00e9r y\u00f0ur upp \u00e1 \u00fea\u00f0 y\u00f0var f\u00f6gnu\u00f0ur s\u00e9 fullkomlegur. [ Og \u00feessi er bo\u00f0skapurinn hvern <a href=\"https:\/\/biblian.is\/gudbrandsbiblia\/fyrsta-johannesarbref-1-kafli\/\"> [&#8230;]<\/a><\/p>\n","protected":false},"author":1,"featured_media":0,"parent":0,"menu_order":0,"comment_status":"open","ping_status":"open","template":"bibliukaflar.php","meta":{"footnotes":""},"class_list":["post-3993","page","type-page","status-publish","hentry"],"_links":{"self":[{"href":"https:\/\/biblian.is\/gudbrandsbiblia\/wp-json\/wp\/v2\/pages\/3993","targetHints":{"allow":["GET"]}}],"collection":[{"href":"https:\/\/biblian.is\/gudbrandsbiblia\/wp-json\/wp\/v2\/pages"}],"about":[{"href":"https:\/\/biblian.is\/gudbrandsbiblia\/wp-json\/wp\/v2\/types\/page"}],"author":[{"embeddable":true,"href":"https:\/\/biblian.is\/gudbrandsbiblia\/wp-json\/wp\/v2\/users\/1"}],"replies":[{"embeddable":true,"href":"https:\/\/biblian.is\/gudbrandsbiblia\/wp-json\/wp\/v2\/comments?post=3993"}],"version-history":[{"count":0,"href":"https:\/\/biblian.is\/gudbrandsbiblia\/wp-json\/wp\/v2\/pages\/3993\/revisions"}],"wp:attachment":[{"href":"https:\/\/biblian.is\/gudbrandsbiblia\/wp-json\/wp\/v2\/media?parent=3993"}],"curies":[{"name":"wp","href":"https:\/\/api.w.org\/{rel}","templated":true}]}}