{"id":3992,"date":"2017-12-18T18:35:19","date_gmt":"2017-12-18T18:35:19","guid":{"rendered":"http:\/\/biblian.is\/gudbrandsbiblia\/sidara-petursbref-3-kafli\/"},"modified":"2017-12-18T18:35:19","modified_gmt":"2017-12-18T18:35:19","slug":"sidara-petursbref-3-kafli","status":"publish","type":"page","link":"https:\/\/biblian.is\/gudbrandsbiblia\/sidara-petursbref-3-kafli\/","title":{"rendered":"S\u00ed\u00f0ara P\u00e9tursbr\u00e9f 3. kafli"},"content":{"rendered":"<p>III.<\/p>\n<p>\u00deessi er s\u00e1 annar pistill sem eg skrifa y\u00f0ur, hinir k\u00e6rustu, \u00ed hverjum eg upphvet og \u00e1minni y\u00f0vart sk\u00e6rt hugskot so a\u00f0 \u00fe\u00e9r huglei\u00f0i\u00f0 \u00feau or\u00f0 sem y\u00f0ur \u00e1\u00f0ur fyrirfram eru s\u00f6g\u00f0 af heil\u00f6gum sp\u00e1m\u00f6nnum og af vorum bo\u00f0skap, v\u00e9r sem erum postular Drottins og lausnarans.<\/p>\n<p>\tOg \u00ed fyrstu \u00fe\u00e1 viti\u00f0 \u00fea\u00f0 \u00e1 s\u00ed\u00f0ustu d\u00f6gum munu koma spottarar hverjir eftir \u00feeirra eiginlegum girndum munu ganga og segja: <span class=\"athugasemd\" title=\"1. Tim. \/ 2. Tim. 3\">[<\/span> &#8222;Hvar er fyrirheit hans tilkomu? \u00dev\u00ed \u00fea\u00f0an \u00ed fr\u00e1 fe\u00f0urnir sofnu\u00f0u bl\u00edfa allir hlutir so sem af upphafi sk\u00f6punarinnar veri\u00f0 er.&#8220; \u00dev\u00ed viljandi l\u00e1tast \u00feeir eigi vita \u00fea\u00f0 a\u00f0 himnarnir einnin voru for\u00f0um t\u00ed\u00f0, \u00fear me\u00f0 a\u00f0 j\u00f6r\u00f0in af vatninu og \u00ed vatninu st\u00f3\u00f0st fyrir Gu\u00f0s or\u00f0. <span class=\"athugasemd\" title=\"Gen. 1\">[<\/span> \u00de\u00f3 var\u00f0 sem \u00e1\u00f0ur ver\u00f6ldin \u00ed \u00feann t\u00ed\u00f0 fyrir hans or\u00f0 sp\u00f6ru\u00f0 so \u00fea\u00f0 \u00feau eldinum var\u00f0veitt ver\u00f0i \u00e1 dag d\u00f3msins og fyrird\u00e6mingar \u00f3gu\u00f0legra manna. <span class=\"athugasemd\" title=\"Gen. 7\">[<\/span><\/p>\n<p>\tEn eitt s\u00e9 \u00f3huli\u00f0 fyrir y\u00f0ur, hinir k\u00e6rustu, \u00fea\u00f0 einn dagur fyrir Drottni er sem \u00fe\u00fasund \u00e1ra og \u00fe\u00fasund \u00e1r so sem einn dagur. <span class=\"athugasemd\" title=\"1. Tim. 2\">[<\/span> Drottinn seinkar eigi \u00fev\u00ed hann fyrirh\u00e9t so sem \u00fea\u00f0 sumir halda heldur hefur hann \u00feolinm\u00e6\u00f0i vi\u00f0 oss og vill eigi \u00fea\u00f0 nokkur fortapist heldur \u00fea\u00f0 hver ma\u00f0ur sn\u00fai s\u00e9r til yfirb\u00f3tar. En dagur Drottins mun koma sem \u00fej\u00f3fur um n\u00f3tt, \u00e1 hverjum himnarnir munu forganga me\u00f0ur st\u00f3rbrestum en h\u00f6fu\u00f0skepnunar af hita br\u00e1\u00f0na og j\u00f6r\u00f0in og \u00feau verk sem \u00fear eru inni munu upp brenna. <span class=\"athugasemd\" title=\"1. Tess. 5 \/ Apoc. 3\">[<\/span><\/p>\n<p>\tMe\u00f0 \u00fev\u00ed a\u00f0 allt \u00feetta skal n\u00fa forganga hv\u00edl\u00edkum byrjar y\u00f0ur \u00fe\u00e1 a\u00f0 vera, me\u00f0 heil\u00f6gu ath\u00e6fi og mildiverkum? So a\u00f0 \u00fe\u00e9r eftir b\u00ed\u00f0i\u00f0 og skundi\u00f0 a\u00f0 \u00feeirri tilkomu \u00feess Drottins dagsins \u00e1 hverjum himinninn af eldi forgengur og h\u00f6fu\u00f0skepnunar af hita br\u00e1\u00f0na. En v\u00e9r v\u00e6ntum n\u00fdts himins og n\u00fdrrar jar\u00f0ar eftir hans fyrirheiti, \u00ed hverjum a\u00f0 r\u00e9ttl\u00e6ti\u00f0 byggir. <span class=\"athugasemd\" title=\"Apoc. 21 \/ Esa. 65\">[<\/span> <\/p>\n<p>\tFyrir \u00fev\u00ed, m\u00ednir k\u00e6rustu, me\u00f0 \u00fev\u00ed \u00fe\u00e9r skulu\u00f0 \u00feessa v\u00e6nta \u00fe\u00e1 kostg\u00e6fi\u00f0 \u00fea\u00f0 \u00fe\u00e9r fyrir honum \u00f3flekka\u00f0ir og \u00f3straffanlegir \u00ed fri\u00f0inum fundnir ver\u00f0i\u00f0. Og \u00feolinm\u00e6\u00f0i vors Drottins haldi\u00f0 fyrir y\u00f0ra s\u00e1luhj\u00e1lp sem y\u00f0ur einnin vor elskulegur br\u00f3\u00f0ir P\u00e1ll, eftir \u00feeirri speki e\u00f0 honum er gefin, skrifa\u00f0 hefur, so sem a\u00f0 hann \u00ed \u00f6llum br\u00e9fum \u00fear um r\u00e6\u00f0ir, \u00ed hverjum a\u00f0 eru sumir hlutir \u00feungir a\u00f0 skilja, hverju hinir \u00f3fr\u00f3\u00f0u og ska\u00f0lausu rangsn\u00faa so sem einnin \u00f6\u00f0rum Ritningum til \u00feeirra eiginlegrar fyrird\u00e6mingar.<\/p>\n<p>\tEn \u00fe\u00e9r, m\u00ednir elskulegir, \u00e1 me\u00f0an \u00fe\u00e9r fyrirfram viti\u00f0 \u00fe\u00e1 vakti\u00f0 y\u00f0ur \u00fea\u00f0 \u00fe\u00e9r ekki fyrir villu \u00f3gu\u00f0legra manna fr\u00e1leiddir ver\u00f0i\u00f0 og af falli\u00f0 \u00ed fr\u00e1 y\u00f0rum eiginlegum sta\u00f0leik. En vaxi\u00f0 \u00ed n\u00e1\u00f0inni og vi\u00f0urkenningu vors Drottins og lausnarans Jes\u00fa Christi. \u00deeim sama s\u00e9 d\u00fdr\u00f0, n\u00fa og a\u00f0 eil\u00edfu. A m e n.<\/p>\n","protected":false},"excerpt":{"rendered":"<p>III. \u00deessi er s\u00e1 annar pistill sem eg skrifa y\u00f0ur, hinir k\u00e6rustu, \u00ed hverjum eg upphvet og \u00e1minni y\u00f0vart sk\u00e6rt hugskot so a\u00f0 \u00fe\u00e9r huglei\u00f0i\u00f0 \u00feau or\u00f0 sem y\u00f0ur \u00e1\u00f0ur fyrirfram eru s\u00f6g\u00f0 af heil\u00f6gum sp\u00e1m\u00f6nnum og af vorum bo\u00f0skap, v\u00e9r sem erum postular Drottins og lausnarans. Og \u00ed fyrstu \u00fe\u00e1 viti\u00f0 \u00fea\u00f0 \u00e1 s\u00ed\u00f0ustu d\u00f6gum munu koma spottarar hverjir eftir \u00feeirra eiginlegum girndum munu ganga og segja: [ &#8222;Hvar er fyrirheit hans tilkomu? \u00dev\u00ed \u00fea\u00f0an \u00ed fr\u00e1 fe\u00f0urnir sofnu\u00f0u bl\u00edfa allir hlutir so sem af upphafi sk\u00f6punarinnar veri\u00f0 er.&#8220; \u00dev\u00ed viljandi l\u00e1tast \u00feeir eigi vita \u00fea\u00f0 a\u00f0 himnarnir einnin <a href=\"https:\/\/biblian.is\/gudbrandsbiblia\/sidara-petursbref-3-kafli\/\"> [&#8230;]<\/a><\/p>\n","protected":false},"author":1,"featured_media":0,"parent":0,"menu_order":0,"comment_status":"open","ping_status":"open","template":"bibliukaflar.php","meta":{"footnotes":""},"class_list":["post-3992","page","type-page","status-publish","hentry"],"_links":{"self":[{"href":"https:\/\/biblian.is\/gudbrandsbiblia\/wp-json\/wp\/v2\/pages\/3992","targetHints":{"allow":["GET"]}}],"collection":[{"href":"https:\/\/biblian.is\/gudbrandsbiblia\/wp-json\/wp\/v2\/pages"}],"about":[{"href":"https:\/\/biblian.is\/gudbrandsbiblia\/wp-json\/wp\/v2\/types\/page"}],"author":[{"embeddable":true,"href":"https:\/\/biblian.is\/gudbrandsbiblia\/wp-json\/wp\/v2\/users\/1"}],"replies":[{"embeddable":true,"href":"https:\/\/biblian.is\/gudbrandsbiblia\/wp-json\/wp\/v2\/comments?post=3992"}],"version-history":[{"count":0,"href":"https:\/\/biblian.is\/gudbrandsbiblia\/wp-json\/wp\/v2\/pages\/3992\/revisions"}],"wp:attachment":[{"href":"https:\/\/biblian.is\/gudbrandsbiblia\/wp-json\/wp\/v2\/media?parent=3992"}],"curies":[{"name":"wp","href":"https:\/\/api.w.org\/{rel}","templated":true}]}}