{"id":3990,"date":"2017-12-18T18:35:19","date_gmt":"2017-12-18T18:35:19","guid":{"rendered":"http:\/\/biblian.is\/gudbrandsbiblia\/sidara-petursbref-1-kafli\/"},"modified":"2017-12-18T18:35:19","modified_gmt":"2017-12-18T18:35:19","slug":"sidara-petursbref-1-kafli","status":"publish","type":"page","link":"https:\/\/biblian.is\/gudbrandsbiblia\/sidara-petursbref-1-kafli\/","title":{"rendered":"S\u00ed\u00f0ara P\u00e9tursbr\u00e9f 1. kafli"},"content":{"rendered":"<p>Annar Sancti P\u00e9turs pistill<\/p>\n<p>I. <\/p>\n<p>S\u00edmon Petrus, \u00fej\u00f3n og postuli Jes\u00fa Christi,<\/p>\n<p>\t\u00deeim sem me\u00f0ur oss \u00fe\u00e1 s\u00f6mu d\u00fdrm\u00e6tu tr\u00fa hafa hloti\u00f0 \u00ed r\u00e9ttl\u00e6tinu \u00fev\u00ed sem a\u00f0 Gu\u00f0 gefur og lausnarinn Jes\u00fas Christus:<\/p>\n<p>\tN\u00e1\u00f0 og fri\u00f0ur \u00e1aukist y\u00f0ur fyrir kynning Gu\u00f0s og Jes\u00fa Christi vors Drottins.<\/p>\n<p>\tAf \u00fev\u00ed oss eru allsh\u00e1tta\u00f0ar hans gu\u00f0legir kraftar veittir (hverjir til l\u00edfernis og gu\u00f0legs ath\u00e6fis henta) fyrir vi\u00f0urkenning \u00feess sem oss hefur kalla\u00f0 fyrir s\u00edna d\u00fdr\u00f0 og dygg\u00f0, fyrir hverja hi\u00f0 d\u00fdrm\u00e6tasta og hi\u00f0 allra st\u00e6rsta fyrirheit er oss veitt so a\u00f0 \u00fe\u00e9r fyrir \u00fea\u00f0 sama hluttakarar yr\u00f0u\u00f0 gu\u00f0legrar n\u00e1tt\u00faru ef \u00fe\u00e9r fl\u00fdi\u00f0 forgengilegar girndir veraldarinnar.<\/p>\n<p>\t\u00dev\u00ed hafi\u00f0 \u00fear alla kappsmuni \u00e1 og au\u00f0s\u00fdni\u00f0 \u00ed y\u00f0ari tr\u00fa dygg\u00f0ina og \u00ed dygg\u00f0inni vitsmunina og \u00ed vitsmununum h\u00f3fsemina og \u00ed h\u00f3fseminni \u00feolinm\u00e6\u00f0ina og \u00ed \u00feolinm\u00e6\u00f0inni gu\u00f0r\u00e6knina og \u00ed gu\u00f0r\u00e6kninni br\u00f3\u00f0urlegan k\u00e6rleika og \u00ed br\u00f3\u00f0urlegum k\u00e6rleika almennilegan k\u00e6rleika. \u00dev\u00ed ef \u00feetta er gn\u00f3glegt hj\u00e1 y\u00f0ur \u00fe\u00e1 mun \u00fea\u00f0 ekki y\u00f0ur i\u00f0julausa n\u00e9 \u00f3\u00e1vaxtarsama vera l\u00e1ta \u00ed vi\u00f0urkenningu Drottins Jes\u00fa Christi. En hann sem \u00feetta hefur ekki, s\u00e1 er blindur og forgleymir hreinsun sinna fyrri synda.<\/p>\n<p>\tFyrir \u00fev\u00ed vil eg eigi afl\u00e1ta a\u00f0 \u00e1minna y\u00f0ur jafnlega um \u00feetta \u00fe\u00f3 a\u00f0 \u00fe\u00e9r viti\u00f0 \u00fea\u00f0 og eru\u00f0 styrkvir \u00ed n\u00e1l\u00e6gum k\u00e6rleika. \u00dev\u00ed a\u00f0 eg held \u00fea\u00f0 r\u00e9ttilegast so lengi sem a\u00f0 eg em \u00ed \u00feessu hreysi a\u00f0 uppvekja og \u00e1 a\u00f0 minna y\u00f0ur. \u00dev\u00ed eg veit \u00fea\u00f0 eg hl\u00fdt snarlega mitt hreysi af a\u00f0 leggja af \u00fev\u00ed e\u00f0 vor Drottinn Jes\u00fas Christus hefur m\u00e9r opinbera\u00f0. En eg vil kapps um kosta \u00fea\u00f0 \u00fe\u00e9r jafnan (eftir m\u00edna \u00fatf\u00f6r) hef\u00f0u\u00f0 sl\u00edkt til minnis a\u00f0 halda.<\/p>\n<p>\t\u00dev\u00ed a\u00f0 eigi h\u00f6fum v\u00e9r \u00feeim d\u00e6mafr\u00f3\u00f0um fr\u00e1s\u00f6gum eftirfylgt \u00fe\u00e1 v\u00e9r gj\u00f6r\u00f0um y\u00f0ur kunnan kraft og hinga\u00f0komu vors Drottins Jes\u00fa Christi heldur h\u00f6fum v\u00e9r sj\u00e1lfir s\u00e9\u00f0 hans d\u00fdr\u00f0 \u00feann t\u00ed\u00f0 hann af Gu\u00f0i f\u00f6\u00f0ur me\u00f0t\u00f3k d\u00fdr\u00f0 og hei\u00f0ran fyrir raustina sem til hans ske\u00f0i \u00ed mikilli d\u00fdr\u00f0, \u00feess h\u00e1ttar: &#8222;\u00deessi er minn elskulegi sonur \u00e1 hverjum eg hefi \u00fe\u00f3knan.&#8220; <span class=\"athugasemd\" title=\"Math. 17 \/ Marc. 9 \/ Luc. 10\">[<\/span> Og \u00feessa raust heyr\u00f0u v\u00e9r af himnum ver\u00f0a \u00fe\u00e1 er v\u00e9r vorum me\u00f0 honum upp \u00e1 fjallinu helga.<\/p>\n<p>\tV\u00e9r h\u00f6fum \u00f6flugt sp\u00e1d\u00f3msor\u00f0 og \u00fe\u00e9r gj\u00f6ri\u00f0 vel \u00fe\u00e9r hafi\u00f0 \u00fear g\u00e1t \u00e1 svo sem a\u00f0 \u00fev\u00ed lj\u00f3si \u00fear l\u00fdsir \u00ed myrkvum sta\u00f0 \u00fear til dagurinn birtir og morgunstjarnan upprennur \u00ed y\u00f0rum hj\u00f6rtum. Og \u00fea\u00f0 skulu \u00fe\u00e9r fyrst vita a\u00f0 enginn sp\u00e1d\u00f3mur \u00ed Ritningunni sker a\u00f0 eiginlegri \u00fatleggingu. <span class=\"athugasemd\" title=\"2. Tim. 3\">[<\/span> \u00dev\u00ed a\u00f0 \u00fear hefur eigi nokkurn t\u00edma neinn sp\u00e1d\u00f3mur eftir mannsins vilja framfluttur veri\u00f0 heldur af heil\u00f6gum anda tilkn\u00fa\u00f0ir hafa \u00feeir Gu\u00f0s heilagir menn tala\u00f0.<\/p>\n","protected":false},"excerpt":{"rendered":"<p>Annar Sancti P\u00e9turs pistill I. S\u00edmon Petrus, \u00fej\u00f3n og postuli Jes\u00fa Christi, \u00deeim sem me\u00f0ur oss \u00fe\u00e1 s\u00f6mu d\u00fdrm\u00e6tu tr\u00fa hafa hloti\u00f0 \u00ed r\u00e9ttl\u00e6tinu \u00fev\u00ed sem a\u00f0 Gu\u00f0 gefur og lausnarinn Jes\u00fas Christus: N\u00e1\u00f0 og fri\u00f0ur \u00e1aukist y\u00f0ur fyrir kynning Gu\u00f0s og Jes\u00fa Christi vors Drottins. Af \u00fev\u00ed oss eru allsh\u00e1tta\u00f0ar hans gu\u00f0legir kraftar veittir (hverjir til l\u00edfernis og gu\u00f0legs ath\u00e6fis henta) fyrir vi\u00f0urkenning \u00feess sem oss hefur kalla\u00f0 fyrir s\u00edna d\u00fdr\u00f0 og dygg\u00f0, fyrir hverja hi\u00f0 d\u00fdrm\u00e6tasta og hi\u00f0 allra st\u00e6rsta fyrirheit er oss veitt so a\u00f0 \u00fe\u00e9r fyrir \u00fea\u00f0 sama hluttakarar yr\u00f0u\u00f0 gu\u00f0legrar n\u00e1tt\u00faru ef \u00fe\u00e9r fl\u00fdi\u00f0 forgengilegar <a href=\"https:\/\/biblian.is\/gudbrandsbiblia\/sidara-petursbref-1-kafli\/\"> [&#8230;]<\/a><\/p>\n","protected":false},"author":1,"featured_media":0,"parent":0,"menu_order":0,"comment_status":"open","ping_status":"open","template":"bibliukaflar.php","meta":{"footnotes":""},"class_list":["post-3990","page","type-page","status-publish","hentry"],"_links":{"self":[{"href":"https:\/\/biblian.is\/gudbrandsbiblia\/wp-json\/wp\/v2\/pages\/3990","targetHints":{"allow":["GET"]}}],"collection":[{"href":"https:\/\/biblian.is\/gudbrandsbiblia\/wp-json\/wp\/v2\/pages"}],"about":[{"href":"https:\/\/biblian.is\/gudbrandsbiblia\/wp-json\/wp\/v2\/types\/page"}],"author":[{"embeddable":true,"href":"https:\/\/biblian.is\/gudbrandsbiblia\/wp-json\/wp\/v2\/users\/1"}],"replies":[{"embeddable":true,"href":"https:\/\/biblian.is\/gudbrandsbiblia\/wp-json\/wp\/v2\/comments?post=3990"}],"version-history":[{"count":0,"href":"https:\/\/biblian.is\/gudbrandsbiblia\/wp-json\/wp\/v2\/pages\/3990\/revisions"}],"wp:attachment":[{"href":"https:\/\/biblian.is\/gudbrandsbiblia\/wp-json\/wp\/v2\/media?parent=3990"}],"curies":[{"name":"wp","href":"https:\/\/api.w.org\/{rel}","templated":true}]}}