{"id":3989,"date":"2017-12-18T18:35:19","date_gmt":"2017-12-18T18:35:19","guid":{"rendered":"http:\/\/biblian.is\/gudbrandsbiblia\/fyrra-petursbref-5-kafli\/"},"modified":"2017-12-18T18:35:19","modified_gmt":"2017-12-18T18:35:19","slug":"fyrra-petursbref-5-kafli","status":"publish","type":"page","link":"https:\/\/biblian.is\/gudbrandsbiblia\/fyrra-petursbref-5-kafli\/","title":{"rendered":"Fyrra P\u00e9tursbr\u00e9f 5. kafli"},"content":{"rendered":"<p>V.<\/p>\n<p>\u00d6ldungana sem \u00e1 me\u00f0al y\u00f0ar eru \u00e1minni eg, sam\u00f6ldungur og vottur p\u00edslanna sem eru \u00ed Christo og hluttakari d\u00fdr\u00f0arinnar sem opinberu\u00f0 skal ver\u00f0a: Ali\u00f0 \u00fe\u00e1 hj\u00f6r\u00f0 Christi sem y\u00f0ur er \u00e1 hendi falin og g\u00e6ti\u00f0 hennar, eigi nau\u00f0ugir heldur sj\u00e1lviljugir, eigi fyrir sl\u00e6mslegs \u00e1vinnings sakir heldur af g\u00f3\u00f0um vilja, eigi so sem \u00feeir e\u00f0 yfir <span class=\"athugasemd\" title=\"a \/ (M\u00f6nnum) \/ Cleros kallast hlotnan e\u00f0ur deild \u00fea\u00f0 einum s\u00e9rhverjum fyrir hlotnan tildeilist. So kallar h\u00e9r Petrus kirkjus\u00f3knarmenn e\u00f0ur \u00feingunauta clerum, \u00fea\u00f0 \u00feeirra s\u00f3knarpresti \u00e1 hendur fali\u00f0 er\">[<\/span> m\u00f6nnunum drottna heldur ver\u00f0i\u00f0 fyrirmynd hjar\u00f0arinnar. So munu \u00fe\u00e9r, n\u00e6r hinn \u00e6\u00f0sti hir\u00f0ir mun birtast, \u00f3fallvalta k\u00f3r\u00f3nu d\u00fdr\u00f0arinnar me\u00f0taka.<\/p>\n<p>\tL\u00edka einnin \u00fe\u00e9r, hverjir ungir eru\u00f0, veri\u00f0 \u00f6ldungunum undirgefnir. Allir saman veri\u00f0 innbyr\u00f0is undirgefnir og hafi\u00f0 l\u00edtill\u00e6ti\u00f0 fastlega innvafi\u00f0. \u00dev\u00ed a\u00f0 Gu\u00f0 m\u00f3tstendur drambl\u00e1tum en l\u00edtill\u00e1tum gefur hann n\u00e1\u00f0. Fyrir \u00fev\u00ed l\u00edtill\u00e6ti\u00f0 y\u00f0ur undir volduga Gu\u00f0s h\u00f6nd svo a\u00f0 hann upphefji y\u00f0ur \u00e1 vitjunart\u00edma. Allri y\u00f0ar \u00e1hyggju varpi\u00f0 \u00e1 hann \u00fev\u00ed a\u00f0 hann ber umhyggju fyrir y\u00f0ur.<\/p>\n<p>\tVeri\u00f0 sparneytnir og vaki\u00f0 \u00fev\u00ed a\u00f0 y\u00f0ar m\u00f3tstandari, dj\u00f6fullinn, gengur um kring sem grenjandi le\u00f3n, eftirleitandi \u00feeim hann svelgi, hverjum \u00fe\u00e9r \u00f6rugglega \u00ed m\u00f3tstandi\u00f0 \u00ed tr\u00fanni. Og viti\u00f0 \u00fea\u00f0 y\u00f0rir br\u00e6\u00f0ur \u00feeir sem \u00ed heiminum eru hafa \u00fe\u00e1 s\u00f6mu \u00e1nau\u00f0.<\/p>\n<p>\tEn s\u00e1 Gu\u00f0 allrar n\u00e1\u00f0ar sem oss hefur kalla\u00f0 til sinnar eil\u00edfrar d\u00fdr\u00f0ar \u00ed Christo Jes\u00fa, hann sami mun y\u00f0ur, \u00fe\u00e9r sem um litla stund l\u00ed\u00f0i\u00f0, fullgj\u00f6ra, tilrei\u00f0a, styrkja, efla og sta\u00f0festa. \u00deeim hinum sama s\u00e9 d\u00fdr\u00f0 og veldi um aldur og a\u00f0 eil\u00edfu. Amen.<\/p>\n<p>\tFyrir Silvanum, y\u00f0ar tr\u00faan k\u00e6ran br\u00f3\u00f0ur (a\u00f0 \u00fev\u00ed eg meina), hefi eg f\u00e1tteina skrifa\u00f0 y\u00f0ur til til \u00e1minningar og til vottunar a\u00f0 \u00feetta er hin sanna Gu\u00f0s n\u00e1\u00f0 \u00fear \u00fe\u00e9r inni standi\u00f0. Y\u00f0ur heilsa \u00feeir sem samt y\u00f0ur \u00fatvaldir eru \u00ed Babilonia og minn sonur Mark\u00fas. Heilsi\u00f0 y\u00f0ur innbyr\u00f0is me\u00f0 heil\u00f6gum k\u00e6rleikskossi. Fri\u00f0ur s\u00e9 me\u00f0 \u00f6llum y\u00f0ur sem a\u00f0 eru \u00ed Christo Jes\u00fa. Amen.<\/p>\n","protected":false},"excerpt":{"rendered":"<p>V. \u00d6ldungana sem \u00e1 me\u00f0al y\u00f0ar eru \u00e1minni eg, sam\u00f6ldungur og vottur p\u00edslanna sem eru \u00ed Christo og hluttakari d\u00fdr\u00f0arinnar sem opinberu\u00f0 skal ver\u00f0a: Ali\u00f0 \u00fe\u00e1 hj\u00f6r\u00f0 Christi sem y\u00f0ur er \u00e1 hendi falin og g\u00e6ti\u00f0 hennar, eigi nau\u00f0ugir heldur sj\u00e1lviljugir, eigi fyrir sl\u00e6mslegs \u00e1vinnings sakir heldur af g\u00f3\u00f0um vilja, eigi so sem \u00feeir e\u00f0 yfir [ m\u00f6nnunum drottna heldur ver\u00f0i\u00f0 fyrirmynd hjar\u00f0arinnar. So munu \u00fe\u00e9r, n\u00e6r hinn \u00e6\u00f0sti hir\u00f0ir mun birtast, \u00f3fallvalta k\u00f3r\u00f3nu d\u00fdr\u00f0arinnar me\u00f0taka. L\u00edka einnin \u00fe\u00e9r, hverjir ungir eru\u00f0, veri\u00f0 \u00f6ldungunum undirgefnir. Allir saman veri\u00f0 innbyr\u00f0is undirgefnir og hafi\u00f0 l\u00edtill\u00e6ti\u00f0 fastlega innvafi\u00f0. \u00dev\u00ed a\u00f0 Gu\u00f0 m\u00f3tstendur drambl\u00e1tum <a href=\"https:\/\/biblian.is\/gudbrandsbiblia\/fyrra-petursbref-5-kafli\/\"> [&#8230;]<\/a><\/p>\n","protected":false},"author":1,"featured_media":0,"parent":0,"menu_order":0,"comment_status":"open","ping_status":"open","template":"bibliukaflar.php","meta":{"footnotes":""},"class_list":["post-3989","page","type-page","status-publish","hentry"],"_links":{"self":[{"href":"https:\/\/biblian.is\/gudbrandsbiblia\/wp-json\/wp\/v2\/pages\/3989","targetHints":{"allow":["GET"]}}],"collection":[{"href":"https:\/\/biblian.is\/gudbrandsbiblia\/wp-json\/wp\/v2\/pages"}],"about":[{"href":"https:\/\/biblian.is\/gudbrandsbiblia\/wp-json\/wp\/v2\/types\/page"}],"author":[{"embeddable":true,"href":"https:\/\/biblian.is\/gudbrandsbiblia\/wp-json\/wp\/v2\/users\/1"}],"replies":[{"embeddable":true,"href":"https:\/\/biblian.is\/gudbrandsbiblia\/wp-json\/wp\/v2\/comments?post=3989"}],"version-history":[{"count":0,"href":"https:\/\/biblian.is\/gudbrandsbiblia\/wp-json\/wp\/v2\/pages\/3989\/revisions"}],"wp:attachment":[{"href":"https:\/\/biblian.is\/gudbrandsbiblia\/wp-json\/wp\/v2\/media?parent=3989"}],"curies":[{"name":"wp","href":"https:\/\/api.w.org\/{rel}","templated":true}]}}