{"id":3988,"date":"2017-12-18T18:35:19","date_gmt":"2017-12-18T18:35:19","guid":{"rendered":"http:\/\/biblian.is\/gudbrandsbiblia\/fyrra-petursbref-4-kafli\/"},"modified":"2017-12-18T18:35:19","modified_gmt":"2017-12-18T18:35:19","slug":"fyrra-petursbref-4-kafli","status":"publish","type":"page","link":"https:\/\/biblian.is\/gudbrandsbiblia\/fyrra-petursbref-4-kafli\/","title":{"rendered":"Fyrra P\u00e9tursbr\u00e9f 4. kafli"},"content":{"rendered":"<p>IIII.<\/p>\n<p>Me\u00f0 \u00fev\u00ed \u00fea\u00f0 Christus hefur n\u00fa fyrir oss li\u00f0i\u00f0 \u00ed holdinu \u00fe\u00e1 brynji\u00f0 y\u00f0ur einnin me\u00f0 \u00fev\u00ed sama hugarfari. \u00dev\u00ed hver \u00e1 holdinu l\u00ed\u00f0ur s\u00e1 firrist fr\u00e1 syndinni so a\u00f0 hann \u00fea\u00f0an \u00ed fr\u00e1, hva\u00f0 eftirfaranda \u00e6vi er \u00ed holdinu, lifi eigi girndum mannsins heldur vilja Gu\u00f0s. <span class=\"athugasemd\" title=\"Jacob 1\">[<\/span> \u00dev\u00ed a\u00f0 \u00fea\u00f0 n\u00e6gir a\u00f0 v\u00e9r h\u00f6fum \u00feeim umli\u00f0na t\u00edma l\u00edfdaganna uppsvarbla\u00f0 eftir hei\u00f0inglegum vilja \u00fe\u00e1 v\u00e9r gengum \u00ed lausung, lostasemdum, drykkjuskap, of\u00e1ti og ofdrykkjum og \u00ed herfilegum sk\u00fargo\u00f0ad\u00fdrkunum.<\/p>\n<p>\tHva\u00f0 e\u00f0 \u00fe\u00e1 undrar \u00fea\u00f0 \u00fe\u00e9r eigi me\u00f0ur \u00feeim hlaupi\u00f0 \u00ed \u00feeirri samri saurlifna\u00f0arhneisu og gu\u00f0lasti\u00f0, hverjir reikninskap skulu gjalda honum sem rei\u00f0ub\u00fainn er a\u00f0 d\u00e6ma lifendur og dau\u00f0a. <span class=\"athugasemd\" title=\"Act. 10\">[<\/span> \u00dev\u00ed a\u00f0 fyrir \u00fea\u00f0 er einnin hinum dau\u00f0um evangelium kunngj\u00f6rt upp \u00e1 \u00fea\u00f0 \u00feeir d\u00e6mdir ver\u00f0i eftir m\u00f6nnunum \u00e1 holdinu en \u00ed andanum lifi Gu\u00f0i. \u00dev\u00ed a\u00f0 endir allra hluta tekur a\u00f0 n\u00e1lgast.<\/p>\n<p>\tFyrir \u00fev\u00ed veri\u00f0 sparneytnir og \u00e1rvakrir til b\u00e6nanna. En umfram alla hluti hafi\u00f0 innbyr\u00f0is gl\u00f3andi k\u00e6rleik \u00fev\u00ed a\u00f0 k\u00e6rleikurinn hylur fj\u00f6lda syndanna. Veri\u00f0 gestrisnir innbyr\u00f0is \u00e1n m\u00f6glunar. Og \u00fej\u00f3ni hver \u00f6\u00f0rum, hver einn me\u00f0 \u00feeirri gj\u00f6f sem hann hefur \u00f6\u00f0last, so sem g\u00f3\u00f0ir forstj\u00f3rnarmenn margv\u00edslegrar Gu\u00f0s n\u00e1\u00f0ar. Ef nokkur talar, tali hann \u00fea\u00f0 so sem Gu\u00f0s or\u00f0. Og ef \u00fej\u00f3nar nokkur, hann \u00fej\u00f3ni eftir \u00feeirri orku sem Gu\u00f0 gefur. So a\u00f0 \u00ed \u00f6llum hlutum ver\u00f0i Gu\u00f0 d\u00fdrka\u00f0ur fyrir Jes\u00fam Christum, hverjum s\u00e9 d\u00fdr\u00f0 og vald um aldir og a\u00f0 eil\u00edfu.<\/p>\n<p>\tHinir k\u00e6rustu, eigi skulu \u00fe\u00e9r l\u00e1ta \u00feann <span class=\"athugasemd\" title=\"a \/ (Bruna) \/ \u00dea\u00f0 er ofs\u00f3kn s\u00fa oss reynir sem gull \u00ed eldi\">[<\/span> bruna undra y\u00f0ur hver y\u00f0ur hendir n\u00e6r \u00fe\u00e9r freista\u00f0ir ver\u00f0i\u00f0 so sem a\u00f0 henti y\u00f0ur nokku\u00f0 f\u00e1heyrt heldur gle\u00f0ji\u00f0 y\u00f0ur \u00fea\u00f0 \u00fe\u00e9r me\u00f0 Christo l\u00ed\u00f0i\u00f0, upp \u00e1 \u00fea\u00f0 \u00fe\u00e9r einnin \u00e1 opinberunart\u00edma hans d\u00fdr\u00f0ar m\u00e6ttu\u00f0 gle\u00f0jast og fagna. <span class=\"athugasemd\" title=\"Rom. 8\">[<\/span> S\u00e6lir eru \u00fe\u00e9r ef \u00fe\u00e9r vanvirtir ver\u00f0i\u00f0 yfir nafni Christi \u00fev\u00ed a\u00f0 andinn s\u00e1 sem a\u00f0 er andi Gu\u00f0s og d\u00fdr\u00f0arinnar hv\u00edlist yfir y\u00f0ur. Hj\u00e1 hinum ver\u00f0ur hann lasta\u00f0ur en \u00ed hj\u00e1 y\u00f0ur vegsama\u00f0ur.<\/p>\n<p>\tEn enginn y\u00f0ar l\u00ed\u00f0i svo sem manndr\u00e1pari, \u00fej\u00f3fur e\u00f0a illvirki e\u00f0a \u00feann sem \u00ed annarlegt emb\u00e6tti fellur. En ef hann l\u00ed\u00f0ur so sem annar kristinn \u00fe\u00e1 skammist hann s\u00edn eigi en d\u00fdrki Gu\u00f0 \u00ed sl\u00edku tilfelli. Af \u00fev\u00ed a\u00f0 t\u00edmi er \u00fea\u00f0 d\u00f3murinn tiltaki \u00e1 Gu\u00f0s h\u00fasi. <span class=\"athugasemd\" title=\"Jere. 25 \/ Esechi. 11 \/ Pro. 11\">[<\/span> En ef fyrst \u00e1 oss, hver mun \u00fe\u00e1 endir ver\u00f0a \u00feeirra sem Gu\u00f0s evangelio ekki tr\u00faa? &#8222;Og ef hinn r\u00e9ttl\u00e1ti frelsast varla hvar mun \u00fe\u00e1 hin \u00f3mildi og syndugi birtast?&#8220; <span class=\"athugasemd\" title=\"Pro. 11\">[<\/span> \u00dear fyrir skulu \u00feeir sem l\u00ed\u00f0a (eftir Gu\u00f0s vilja) honum s\u00ednar s\u00e1lir \u00e1 hendur fela, svo sem tr\u00falyndum skapara, \u00ed g\u00f3\u00f0um verkum.<\/p>\n","protected":false},"excerpt":{"rendered":"<p>IIII. Me\u00f0 \u00fev\u00ed \u00fea\u00f0 Christus hefur n\u00fa fyrir oss li\u00f0i\u00f0 \u00ed holdinu \u00fe\u00e1 brynji\u00f0 y\u00f0ur einnin me\u00f0 \u00fev\u00ed sama hugarfari. \u00dev\u00ed hver \u00e1 holdinu l\u00ed\u00f0ur s\u00e1 firrist fr\u00e1 syndinni so a\u00f0 hann \u00fea\u00f0an \u00ed fr\u00e1, hva\u00f0 eftirfaranda \u00e6vi er \u00ed holdinu, lifi eigi girndum mannsins heldur vilja Gu\u00f0s. [ \u00dev\u00ed a\u00f0 \u00fea\u00f0 n\u00e6gir a\u00f0 v\u00e9r h\u00f6fum \u00feeim umli\u00f0na t\u00edma l\u00edfdaganna uppsvarbla\u00f0 eftir hei\u00f0inglegum vilja \u00fe\u00e1 v\u00e9r gengum \u00ed lausung, lostasemdum, drykkjuskap, of\u00e1ti og ofdrykkjum og \u00ed herfilegum sk\u00fargo\u00f0ad\u00fdrkunum. Hva\u00f0 e\u00f0 \u00fe\u00e1 undrar \u00fea\u00f0 \u00fe\u00e9r eigi me\u00f0ur \u00feeim hlaupi\u00f0 \u00ed \u00feeirri samri saurlifna\u00f0arhneisu og gu\u00f0lasti\u00f0, hverjir reikninskap skulu gjalda honum sem <a href=\"https:\/\/biblian.is\/gudbrandsbiblia\/fyrra-petursbref-4-kafli\/\"> [&#8230;]<\/a><\/p>\n","protected":false},"author":1,"featured_media":0,"parent":0,"menu_order":0,"comment_status":"open","ping_status":"open","template":"bibliukaflar.php","meta":{"footnotes":""},"class_list":["post-3988","page","type-page","status-publish","hentry"],"_links":{"self":[{"href":"https:\/\/biblian.is\/gudbrandsbiblia\/wp-json\/wp\/v2\/pages\/3988","targetHints":{"allow":["GET"]}}],"collection":[{"href":"https:\/\/biblian.is\/gudbrandsbiblia\/wp-json\/wp\/v2\/pages"}],"about":[{"href":"https:\/\/biblian.is\/gudbrandsbiblia\/wp-json\/wp\/v2\/types\/page"}],"author":[{"embeddable":true,"href":"https:\/\/biblian.is\/gudbrandsbiblia\/wp-json\/wp\/v2\/users\/1"}],"replies":[{"embeddable":true,"href":"https:\/\/biblian.is\/gudbrandsbiblia\/wp-json\/wp\/v2\/comments?post=3988"}],"version-history":[{"count":0,"href":"https:\/\/biblian.is\/gudbrandsbiblia\/wp-json\/wp\/v2\/pages\/3988\/revisions"}],"wp:attachment":[{"href":"https:\/\/biblian.is\/gudbrandsbiblia\/wp-json\/wp\/v2\/media?parent=3988"}],"curies":[{"name":"wp","href":"https:\/\/api.w.org\/{rel}","templated":true}]}}