{"id":3984,"date":"2017-12-18T18:35:19","date_gmt":"2017-12-18T18:35:19","guid":{"rendered":"http:\/\/biblian.is\/gudbrandsbiblia\/filemonsbrefid-1-kafli\/"},"modified":"2017-12-18T18:59:05","modified_gmt":"2017-12-18T18:59:05","slug":"filemonsbrefid-1-kafli","status":"publish","type":"page","link":"https:\/\/biblian.is\/gudbrandsbiblia\/filemonsbrefid-1-kafli\/","title":{"rendered":"F\u00edlemonsbr\u00e9fi\u00f0 1. kafli"},"content":{"rendered":"<p>Sancti Pauli<\/p>\n<p>pistill til Philemonem<\/p>\n<p>I.<\/p>\n<p>P\u00e1ll, bandingi Jes\u00fa Christi, og T\u00edm\u00f3teus br\u00f3\u00f0ir <span class=\"athugasemd\" title=\"T\u00edm\u00f3teus\">[<\/span><\/p>\n<p>\tPhilemoni \u00e1stsamlegum og vorum me\u00f0hj\u00e1lpara, og \u00e1st\u00fa\u00f0legri Appea og Archippo, vorum samherjara, og s\u00f6fnu\u00f0inum \u00ed \u00fe\u00ednu h\u00fasi: <span class=\"athugasemd\" title=\"Arkippus\">[<\/span><\/p>\n<p>\tN\u00e1\u00f0 s\u00e9 me\u00f0 y\u00f0ur og fri\u00f0ur af Gu\u00f0i vorum f\u00f6\u00f0ur og Drottni Jes\u00fa Christo.<\/p>\n<p>\tEg \u00feakka m\u00ednum Gu\u00f0i og huglei\u00f0i \u00feig jafnlega \u00ed m\u00ednum b\u00e6num af \u00fev\u00ed eg heyri \u00fat af \u00feeim k\u00e6rleika og tr\u00fa sem \u00fe\u00fa hefur vi\u00f0 Drottin Jes\u00fam og vi\u00f0 alla heilaga \u00fea\u00f0 a\u00f0 \u00fe\u00edn tr\u00faa, hverja v\u00e9r sameiginlega h\u00f6fum, ver\u00f0i kr\u00f6ftug \u00ed \u00fe\u00e9r fyrir vi\u00f0urkenning alls hins g\u00f3\u00f0a sem \u00fe\u00e9r hafi\u00f0 \u00ed Christo Jes\u00fa. <span class=\"athugasemd\" title=\"2. Cor. 1 \/ Galt. 1 \/ 1. Petri 1\">[<\/span> En eg hefi f\u00f6gnu\u00f0 mikinn og huggun \u00ed \u00fe\u00ednum k\u00e6rleika. \u00dev\u00ed a\u00f0 hj\u00f6rtu \u00feeirra heil\u00f6gu eru n\u00e6rsta endurn\u00e6r\u00f0 fyrir \u00feig, k\u00e6ri br\u00f3\u00f0ir.<\/p>\n<p>\tFyrir \u00fev\u00ed, \u00fe\u00f3tt eg hafi st\u00f3rt vald til \u00fe\u00e9r a\u00f0 bj\u00f3\u00f0a \u00ed Christo hva\u00f0 \u00fe\u00e9r s\u00f3mir, \u00fe\u00e1 vil eg \u00fe\u00f3 fyrir k\u00e6rleiksins sakir einasta \u00e1minna \u00feig, eg sem \u00feesslegur er, einkanlega hinn gamli P\u00e1ll, en n\u00fa einnin bandingi Jes\u00fa Christi. \u00de\u00e1 bei\u00f0i eg fyrir son minn, Onesimum, \u00feann eg ali\u00f0 hefi \u00ed m\u00ednum b\u00f6ndum, hver \u00fe\u00e9r var for\u00f0um \u00f3\u00fearfur en n\u00fa \u00fe\u00e9r og m\u00e9r n\u00e6rsta \u00fearfanlegur. Hvern eg sendi \u00fe\u00e9r n\u00fa aftur en \u00fe\u00fa vildir hann me\u00f0taka sem mitt hjarta. \u00dev\u00ed a\u00f0 eg vildi hafa haldi\u00f0 honum hj\u00e1 m\u00e9r a\u00f0 hann \u00fej\u00f3na\u00f0i m\u00e9r \u00ed sta\u00f0inn \u00fe\u00edn \u00ed b\u00f6ndum gu\u00f0sspjallsins. En utan \u00feinn vilja vilda eg ekkert gj\u00f6ra so a\u00f0 \u00feinn g\u00f3\u00f0i v\u00e6ri ekki neyddur heldur sj\u00e1lfr\u00e1\u00f0ur.<\/p>\n<p>\t\u00dev\u00ed vera m\u00e1 \u00fea\u00f0 hann s\u00e9 \u00fear fyrir um stundarsakir fr\u00e1 \u00fe\u00e9r farinn \u00fea\u00f0 \u00fe\u00fa hann aftur fengir eil\u00edflega, n\u00fa eigi lengur sem \u00fej\u00f3n heldur framar en \u00fej\u00f3n, einn k\u00e6ran br\u00f3\u00f0ur, einkanlega minn, en hversu miklu meir \u00fe\u00e1 \u00feinn, b\u00e6\u00f0i eftir holdinu og eftir Drottni? Ef \u00fe\u00fa heldur mig n\u00fa fyrir \u00feinn lagsmann \u00fe\u00e1 muntu vilja me\u00f0taka hann sem sj\u00e1lfan mig. En hafi hann gj\u00f6rt \u00fe\u00e9r nokkurt tj\u00f3n e\u00f0a s\u00e9 \u00fe\u00e9r nokku\u00f0 skyldugur, \u00fea\u00f0 reikna m\u00e9r til. Eg, P\u00e1ll, skrifa\u00f0i \u00feetta me\u00f0 minni hendi: Eg vil bitala. Eg segi ekki \u00fea\u00f0 \u00fe\u00fa s\u00e9rt m\u00e9r sj\u00e1lfan \u00feig skyldugur. Minn k\u00e6ri br\u00f3\u00f0ir, unn m\u00e9r \u00feess \u00fea\u00f0 eg endurn\u00e6ri mig \u00e1 \u00fe\u00e9r \u00ed Drottni. Endurn\u00e6r \u00fe\u00fa mitt hjarta \u00ed Drottni.<\/p>\n<p>\tEg hefi \u00fe\u00e9r \u00fat af trausti \u00feinnar hl\u00fd\u00f0ni til skrifa\u00f0 \u00fev\u00ed a\u00f0 eg veit \u00fea\u00f0 \u00fe\u00fa munir framar gj\u00f6ra en eg segi. En jafnframt \u00feessu rei\u00f0ub\u00fa \u00fe\u00fa m\u00e9r herbergi. \u00dev\u00ed a\u00f0 eg vona \u00fea\u00f0 eg ver\u00f0i y\u00f0ur fyrir y\u00f0ra b\u00f3n veittur. \u00de\u00e9r heilsar Epafras, minn sambandingi \u00ed Christo Jes\u00fa, Mark\u00fas, Aristarkus, Demas, L\u00fakas, m\u00ednir hj\u00e1lpendur. <span class=\"athugasemd\" title=\"Epafras \/ Demas \/ L\u00fakas\">[<\/span> N\u00e1\u00f0 vors Drottins Jes\u00fa Christi s\u00e9 me\u00f0 y\u00f0rum anda. A M E N.<\/p>\n<p>Skrifa\u00f0ur fr\u00e1 R\u00f3m<\/p>\n<p>me\u00f0 Onesimo<\/p>\n","protected":false},"excerpt":{"rendered":"<p>Sancti Pauli pistill til Philemonem I. P\u00e1ll, bandingi Jes\u00fa Christi, og T\u00edm\u00f3teus br\u00f3\u00f0ir [ Philemoni \u00e1stsamlegum og vorum me\u00f0hj\u00e1lpara, og \u00e1st\u00fa\u00f0legri Appea og Archippo, vorum samherjara, og s\u00f6fnu\u00f0inum \u00ed \u00fe\u00ednu h\u00fasi: [ N\u00e1\u00f0 s\u00e9 me\u00f0 y\u00f0ur og fri\u00f0ur af Gu\u00f0i vorum f\u00f6\u00f0ur og Drottni Jes\u00fa Christo. Eg \u00feakka m\u00ednum Gu\u00f0i og huglei\u00f0i \u00feig jafnlega \u00ed m\u00ednum b\u00e6num af \u00fev\u00ed eg heyri \u00fat af \u00feeim k\u00e6rleika og tr\u00fa sem \u00fe\u00fa hefur vi\u00f0 Drottin Jes\u00fam og vi\u00f0 alla heilaga \u00fea\u00f0 a\u00f0 \u00fe\u00edn tr\u00faa, hverja v\u00e9r sameiginlega h\u00f6fum, ver\u00f0i kr\u00f6ftug \u00ed \u00fe\u00e9r fyrir vi\u00f0urkenning alls hins g\u00f3\u00f0a sem \u00fe\u00e9r hafi\u00f0 \u00ed Christo Jes\u00fa. <a href=\"https:\/\/biblian.is\/gudbrandsbiblia\/filemonsbrefid-1-kafli\/\"> [&#8230;]<\/a><\/p>\n","protected":false},"author":1,"featured_media":0,"parent":0,"menu_order":0,"comment_status":"open","ping_status":"open","template":"bibliukaflar.php","meta":{"footnotes":""},"class_list":["post-3984","page","type-page","status-publish","hentry"],"_links":{"self":[{"href":"https:\/\/biblian.is\/gudbrandsbiblia\/wp-json\/wp\/v2\/pages\/3984","targetHints":{"allow":["GET"]}}],"collection":[{"href":"https:\/\/biblian.is\/gudbrandsbiblia\/wp-json\/wp\/v2\/pages"}],"about":[{"href":"https:\/\/biblian.is\/gudbrandsbiblia\/wp-json\/wp\/v2\/types\/page"}],"author":[{"embeddable":true,"href":"https:\/\/biblian.is\/gudbrandsbiblia\/wp-json\/wp\/v2\/users\/1"}],"replies":[{"embeddable":true,"href":"https:\/\/biblian.is\/gudbrandsbiblia\/wp-json\/wp\/v2\/comments?post=3984"}],"version-history":[{"count":0,"href":"https:\/\/biblian.is\/gudbrandsbiblia\/wp-json\/wp\/v2\/pages\/3984\/revisions"}],"wp:attachment":[{"href":"https:\/\/biblian.is\/gudbrandsbiblia\/wp-json\/wp\/v2\/media?parent=3984"}],"curies":[{"name":"wp","href":"https:\/\/api.w.org\/{rel}","templated":true}]}}