{"id":3982,"date":"2017-12-18T18:35:19","date_gmt":"2017-12-18T18:35:19","guid":{"rendered":"http:\/\/biblian.is\/gudbrandsbiblia\/titusarbref-2-kafli\/"},"modified":"2017-12-18T18:35:19","modified_gmt":"2017-12-18T18:35:19","slug":"titusarbrefid-2-kafli","status":"publish","type":"page","link":"https:\/\/biblian.is\/gudbrandsbiblia\/titusarbrefid-2-kafli\/","title":{"rendered":"T\u00edtusarbr\u00e9fi\u00f0 2. kafli"},"content":{"rendered":"<p>II.<\/p>\n<p>En \u00fe\u00fa tala so sem \u00fea\u00f0 h\u00e6fir heilsusamlegum l\u00e6rd\u00f3mi: \u00d6ldru\u00f0um \u00fea\u00f0 \u00feeir s\u00e9 sk\u00edrl\u00edfir, hei\u00f0arlegir, h\u00e6fil\u00e1tir, heilbrig\u00f0ir \u00ed tr\u00fanni, \u00ed k\u00e6rleikanum, \u00ed \u00feolinm\u00e6\u00f0inni. <span class=\"athugasemd\" title=\"\u00deeir g\u00f6mlu menn og kvinnur\">[<\/span> L\u00edka einnin rosknum konum, a\u00f0 \u00fe\u00e6r heg\u00f0i s\u00e9r sem gu\u00f0r\u00e6knum h\u00e6fir, ekki lastanarsamar, ekki v\u00ednsvelgjur, g\u00f3\u00f0ar l\u00e6rim\u00e6\u00f0ur a\u00f0 \u00fe\u00e6r l\u00e6ri ungar konur h\u00e6fil\u00e1tar a\u00f0 vera og \u00fea\u00f0 a\u00f0 \u00fe\u00e6r hafi k\u00e6ra s\u00edna b\u00e6ndur og elski s\u00edn b\u00f6rn, s\u00e9 sk\u00edrl\u00edfar, hreinfer\u00f0ugar, umsj\u00f3narsamar, g\u00f3\u00f0lyndar, s\u00ednum b\u00e6ndum undirgefnar, upp \u00e1 \u00fea\u00f0 Gu\u00f0s or\u00f0 ver\u00f0i ekki lasta\u00f0. <span class=\"athugasemd\" title=\"1. Tim. 6\">[<\/span> Sl\u00edkt l\u00edka \u00e1minn ungmennin \u00fea\u00f0 \u00feau s\u00e9 si\u00f0s\u00f6m.<\/p>\n<p>\tEn \u00ed \u00f6llum hlutum set \u00feig sj\u00e1lfan fyrirmyndan g\u00f3\u00f0ra verka me\u00f0 \u00f3mengu\u00f0um l\u00e6rd\u00f3mi, me\u00f0 st\u00f6\u00f0uglyndi, me\u00f0 heilsusamlegu og \u00f3straffanlegu or\u00f0i, upp \u00e1 \u00fea\u00f0 m\u00f3tstandarinn \u00f3vir\u00f0ist og ekkert hafi \u00fea\u00f0 hann kunni vont fr\u00e1 oss a\u00f0 segja. \u00dej\u00f3nustum\u00f6nnunum \u00fea\u00f0 \u00feeir s\u00e9 s\u00ednum drottnum undirgefnir og \u00ed \u00f6llu ge\u00f0felldir, veri eigi sv\u00f6rugir, eigi \u00f3tr\u00fair, heldur s\u00fdni allan g\u00f3\u00f0an tr\u00faskap svo a\u00f0 \u00feeir pr\u00fd\u00f0i l\u00e6rd\u00f3m Gu\u00f0s vors lausnara \u00ed \u00f6llum greinum. <span class=\"athugasemd\" title=\"\u00dej\u00f3nustuf\u00f3lk \/ Ephe. 6\">[<\/span><\/p>\n<p>\t\u00dev\u00ed a\u00f0 heilsusamleg n\u00e1\u00f0 Gu\u00f0s er augl\u00fdst \u00f6llum m\u00f6nnum og l\u00e6rir oss \u00fea\u00f0 v\u00e9r skulum afneita \u00f3gu\u00f0legu ath\u00e6fi og veraldlegum girndum og lifa sparlega, r\u00e9ttfer\u00f0uglega og gu\u00f0lega \u00ed \u00feessum heimi og vakta upp \u00e1 \u00fe\u00e1 s\u00e6lu von og d\u00fdr\u00f0arinnar augl\u00fdsins hins mikla Gu\u00f0s og vors lausnara Jes\u00fa Christi sem sj\u00e1lfan sig hefur gefi\u00f0 \u00fat fyrir oss upp \u00e1 \u00fea\u00f0 hann endurleysti oss \u00ed fr\u00e1 \u00f6llu \u00f3r\u00e9ttl\u00e6ti og hreinsa\u00f0i s\u00e9r sj\u00e1lfum f\u00f3lk til eignar \u00fea\u00f0 kostg\u00e6fi\u00f0 v\u00e6ri til g\u00f3\u00f0ra verka. \u00deetta tala \u00fe\u00fa og \u00e1minn og straffa me\u00f0 allri alv\u00f6ru. L\u00e1t \u00f6ngvan forsm\u00e1 \u00feig.<\/p>\n","protected":false},"excerpt":{"rendered":"<p>II. En \u00fe\u00fa tala so sem \u00fea\u00f0 h\u00e6fir heilsusamlegum l\u00e6rd\u00f3mi: \u00d6ldru\u00f0um \u00fea\u00f0 \u00feeir s\u00e9 sk\u00edrl\u00edfir, hei\u00f0arlegir, h\u00e6fil\u00e1tir, heilbrig\u00f0ir \u00ed tr\u00fanni, \u00ed k\u00e6rleikanum, \u00ed \u00feolinm\u00e6\u00f0inni. [ L\u00edka einnin rosknum konum, a\u00f0 \u00fe\u00e6r heg\u00f0i s\u00e9r sem gu\u00f0r\u00e6knum h\u00e6fir, ekki lastanarsamar, ekki v\u00ednsvelgjur, g\u00f3\u00f0ar l\u00e6rim\u00e6\u00f0ur a\u00f0 \u00fe\u00e6r l\u00e6ri ungar konur h\u00e6fil\u00e1tar a\u00f0 vera og \u00fea\u00f0 a\u00f0 \u00fe\u00e6r hafi k\u00e6ra s\u00edna b\u00e6ndur og elski s\u00edn b\u00f6rn, s\u00e9 sk\u00edrl\u00edfar, hreinfer\u00f0ugar, umsj\u00f3narsamar, g\u00f3\u00f0lyndar, s\u00ednum b\u00e6ndum undirgefnar, upp \u00e1 \u00fea\u00f0 Gu\u00f0s or\u00f0 ver\u00f0i ekki lasta\u00f0. [ Sl\u00edkt l\u00edka \u00e1minn ungmennin \u00fea\u00f0 \u00feau s\u00e9 si\u00f0s\u00f6m. En \u00ed \u00f6llum hlutum set \u00feig sj\u00e1lfan fyrirmyndan g\u00f3\u00f0ra verka me\u00f0 \u00f3mengu\u00f0um l\u00e6rd\u00f3mi, <a href=\"https:\/\/biblian.is\/gudbrandsbiblia\/titusarbrefid-2-kafli\/\"> [&#8230;]<\/a><\/p>\n","protected":false},"author":1,"featured_media":0,"parent":0,"menu_order":0,"comment_status":"open","ping_status":"open","template":"bibliukaflar.php","meta":{"footnotes":""},"class_list":["post-3982","page","type-page","status-publish","hentry"],"_links":{"self":[{"href":"https:\/\/biblian.is\/gudbrandsbiblia\/wp-json\/wp\/v2\/pages\/3982","targetHints":{"allow":["GET"]}}],"collection":[{"href":"https:\/\/biblian.is\/gudbrandsbiblia\/wp-json\/wp\/v2\/pages"}],"about":[{"href":"https:\/\/biblian.is\/gudbrandsbiblia\/wp-json\/wp\/v2\/types\/page"}],"author":[{"embeddable":true,"href":"https:\/\/biblian.is\/gudbrandsbiblia\/wp-json\/wp\/v2\/users\/1"}],"replies":[{"embeddable":true,"href":"https:\/\/biblian.is\/gudbrandsbiblia\/wp-json\/wp\/v2\/comments?post=3982"}],"version-history":[{"count":0,"href":"https:\/\/biblian.is\/gudbrandsbiblia\/wp-json\/wp\/v2\/pages\/3982\/revisions"}],"wp:attachment":[{"href":"https:\/\/biblian.is\/gudbrandsbiblia\/wp-json\/wp\/v2\/media?parent=3982"}],"curies":[{"name":"wp","href":"https:\/\/api.w.org\/{rel}","templated":true}]}}