{"id":3978,"date":"2017-12-18T18:35:15","date_gmt":"2017-12-18T18:35:15","guid":{"rendered":"http:\/\/biblian.is\/gudbrandsbiblia\/sidara-timoteusarbref-2-kafli\/"},"modified":"2017-12-18T18:35:15","modified_gmt":"2017-12-18T18:35:15","slug":"sidara-timoteusarbref-2-kafli","status":"publish","type":"page","link":"https:\/\/biblian.is\/gudbrandsbiblia\/sidara-timoteusarbref-2-kafli\/","title":{"rendered":"S\u00ed\u00f0ara T\u00edm\u00f3teusarbr\u00e9f 2. kafli"},"content":{"rendered":"<p>II.<\/p>\n<p>So styrk \u00feig n\u00fa, son minn, \u00ed n\u00e1\u00f0inni sem er fyrir Christum Jes\u00fam. Og \u00ed \u00fev\u00ed sem \u00fe\u00fa hefur af m\u00e9r heyrt fyrir marga vitnisbur\u00f0i b\u00edfala \u00fea\u00f0 tr\u00faum m\u00f6nnum, \u00feeim sem tilh\u00e6filegir eru a\u00f0 l\u00e6ra a\u00f0ra. En \u00fe\u00fa vert herkinn sem g\u00f3\u00f0ur kappi Jes\u00fa Christi. Enginn str\u00ed\u00f0smanna vefur sig \u00ed neinnri veraldlegri s\u00fdslan upp \u00e1 \u00fea\u00f0 hann \u00fe\u00f3knist \u00feeim hinum sama sem me\u00f0t\u00f3k hann. Og \u00fe\u00f3tt nokkur berjist ver\u00f0ur hann ekki jafnsnart k\u00f3r\u00f3na\u00f0ur nema hann berjist r\u00e9ttilega. <span class=\"athugasemd\" title=\"1. Cor. 9\">[<\/span> En s\u00e1 akurkarlinn sem akurinn erjar skal fyrstur neyta af \u00e1vextinum. Merk hva\u00f0 eg segi. En Drottinn mun gefa \u00fe\u00e9r skilning \u00ed \u00f6llum hlutum.<\/p>\n<p>\tHaf \u00ed minni Jes\u00fam Christum hver upp aftur er risinn \u00ed fr\u00e1 dau\u00f0um \u00fat fr\u00e1 s\u00e6\u00f0i Dav\u00ed\u00f0s eftir m\u00ednu evangelio, yfir hverju eg l\u00ed\u00f0 allt til bandanna svo sem illvirki. En Gu\u00f0s or\u00f0 eru ekki bundin. Fyrir \u00fev\u00ed \u00feoli eg allt sakir \u00fatvaldra upp \u00e1 \u00fea\u00f0 \u00feeir au\u00f0list einnin hj\u00e1lpr\u00e6\u00f0i\u00f0i \u00ed Christo Jes\u00fa me\u00f0 eil\u00edfri d\u00fdr\u00f0.<\/p>\n<p>\t\u00deetta er sannarlega satt: Ef v\u00e9r deyjum me\u00f0 \u00fe\u00e1 munum v\u00e9r me\u00f0 lifa, \u00feolu v\u00e9r so munu v\u00e9r me\u00f0 r\u00edkja, ef v\u00e9r afneitum \u00fe\u00e1 mun hann einnin afneita oss, tr\u00faum v\u00e9r ekki \u00fe\u00e1 bl\u00edfur hann \u00fe\u00f3 tr\u00fafastur \u00fev\u00ed han kann ekki s\u00e9r sj\u00e1lfum a\u00f0 afneita. \u00deetta \u00e1minn \u00fe\u00fa og vitna fyrir Drottni \u00fea\u00f0 \u00feeir hafi ekkert or\u00f0gj\u00e1lfur hvert \u00f6ngu n\u00fdtt er nema til fr\u00e1hverfingar \u00feeim sem tilheyra.<\/p>\n<p>\tKostg\u00e6f a\u00f0 au\u00f0s\u00fdna \u00feig Gu\u00f0i r\u00e9ttilegan og \u00f3straffanlegan verkmann s\u00e1 er r\u00e9tt \u00ed sundurklj\u00fafi or\u00f0i\u00f0 sannleiksins. <span class=\"athugasemd\" title=\"1. Timo. 6\">[<\/span> F\u00e1fengilegt h\u00e9g\u00f3mahjal fl\u00fd \u00fe\u00fa \u00fev\u00ed a\u00f0 \u00fea\u00f0 styrkir miki\u00f0 til \u00f3gu\u00f0legs ath\u00e6fis og \u00feeirra or\u00f0 \u00fe\u00e1 eta um sig sem annar krabbi, me\u00f0al hverra er H\u00fdmeneus og F\u00edletus, hverjir sannleiknum hafa fr\u00e1villst, segjandi upprisuna ske\u00f0na vera og hafa svo sumra tr\u00fa umsn\u00fai\u00f0. <span class=\"athugasemd\" title=\"Tit. 1 \/ H\u00fdmeneus \/ F\u00edletus\">[<\/span><\/p>\n<p>\tEn styrk grundvallan Gu\u00f0s stendur st\u00f6\u00f0ug, hafandi \u00feetta merki: &#8222;Drottinn kenni \u00fe\u00e1 sem e\u00f0 hans eru&#8220; og: &#8222;Hver s\u00e1 fr\u00e1skiljist rangl\u00e6tinu sem \u00e1kallar nafn Christi.&#8220; \u00cd st\u00f3ru h\u00fasi eru ekki alleinasta kerin af gulli og silfri heldur einnin af tr\u00e9 og leiri, sum til hei\u00f0urs, sum til van\u00e6ru. Og ef a\u00f0 nokkur hreinsar sig \u00ed fr\u00e1 \u00fev\u00edl\u00edkum m\u00f6nnum s\u00e1 mun vera heilagt ker h\u00fasherranum til hei\u00f0urs handt\u00e9randa og til alls g\u00f3\u00f0s verks rei\u00f0ub\u00fai\u00f0.<\/p>\n<p>\tFl\u00fd \u00fe\u00fa girndir \u00e6skunnar en eftirfylg r\u00e9ttl\u00e6tinu, tr\u00fanni, k\u00e6rleiknum, fri\u00f0num, me\u00f0 \u00feeim \u00f6llum sem \u00e1kalla Drottin af hreinu hjarta. En f\u00e1v\u00edslegar og vanvir\u00f0ilegar spurningar fl\u00fd \u00fe\u00fa \u00fev\u00ed a\u00f0 \u00fe\u00fa veist a\u00f0 \u00fe\u00e6r ala \u00fer\u00e1ttanir. En \u00fej\u00f3nustumanni Drottins tilheyrir ekki a\u00f0 \u00fer\u00e6ta heldur vingjarnlegum a\u00f0 vera vi\u00f0 alla og kenningas\u00f6mum, s\u00e1 er vonda umli\u00f0i\u00f0 getur me\u00f0 h\u00f3gv\u00e6ri og straffa \u00fe\u00e1 sem \u00fer\u00e1l\u00e1tir eru, ef a\u00f0 Gu\u00f0 g\u00e6fi \u00feeim eitthva\u00f0 sinn yfirb\u00f3t sannleikinn a\u00f0 vi\u00f0urkenna og endurvitka\u00f0ir ver\u00f0a \u00far dj\u00f6fulsins sn\u00f6ru, af \u00feeirri \u00feeir herleiddir eru til hans vilja.<\/p>\n","protected":false},"excerpt":{"rendered":"<p>II. So styrk \u00feig n\u00fa, son minn, \u00ed n\u00e1\u00f0inni sem er fyrir Christum Jes\u00fam. Og \u00ed \u00fev\u00ed sem \u00fe\u00fa hefur af m\u00e9r heyrt fyrir marga vitnisbur\u00f0i b\u00edfala \u00fea\u00f0 tr\u00faum m\u00f6nnum, \u00feeim sem tilh\u00e6filegir eru a\u00f0 l\u00e6ra a\u00f0ra. En \u00fe\u00fa vert herkinn sem g\u00f3\u00f0ur kappi Jes\u00fa Christi. Enginn str\u00ed\u00f0smanna vefur sig \u00ed neinnri veraldlegri s\u00fdslan upp \u00e1 \u00fea\u00f0 hann \u00fe\u00f3knist \u00feeim hinum sama sem me\u00f0t\u00f3k hann. Og \u00fe\u00f3tt nokkur berjist ver\u00f0ur hann ekki jafnsnart k\u00f3r\u00f3na\u00f0ur nema hann berjist r\u00e9ttilega. [ En s\u00e1 akurkarlinn sem akurinn erjar skal fyrstur neyta af \u00e1vextinum. Merk hva\u00f0 eg segi. En Drottinn mun gefa \u00fe\u00e9r skilning <a href=\"https:\/\/biblian.is\/gudbrandsbiblia\/sidara-timoteusarbref-2-kafli\/\"> [&#8230;]<\/a><\/p>\n","protected":false},"author":1,"featured_media":0,"parent":0,"menu_order":0,"comment_status":"open","ping_status":"open","template":"bibliukaflar.php","meta":{"footnotes":""},"class_list":["post-3978","page","type-page","status-publish","hentry"],"_links":{"self":[{"href":"https:\/\/biblian.is\/gudbrandsbiblia\/wp-json\/wp\/v2\/pages\/3978","targetHints":{"allow":["GET"]}}],"collection":[{"href":"https:\/\/biblian.is\/gudbrandsbiblia\/wp-json\/wp\/v2\/pages"}],"about":[{"href":"https:\/\/biblian.is\/gudbrandsbiblia\/wp-json\/wp\/v2\/types\/page"}],"author":[{"embeddable":true,"href":"https:\/\/biblian.is\/gudbrandsbiblia\/wp-json\/wp\/v2\/users\/1"}],"replies":[{"embeddable":true,"href":"https:\/\/biblian.is\/gudbrandsbiblia\/wp-json\/wp\/v2\/comments?post=3978"}],"version-history":[{"count":0,"href":"https:\/\/biblian.is\/gudbrandsbiblia\/wp-json\/wp\/v2\/pages\/3978\/revisions"}],"wp:attachment":[{"href":"https:\/\/biblian.is\/gudbrandsbiblia\/wp-json\/wp\/v2\/media?parent=3978"}],"curies":[{"name":"wp","href":"https:\/\/api.w.org\/{rel}","templated":true}]}}