{"id":3977,"date":"2017-12-18T18:35:15","date_gmt":"2017-12-18T18:35:15","guid":{"rendered":"http:\/\/biblian.is\/gudbrandsbiblia\/sidara-timoteusarbref-1-kafli\/"},"modified":"2017-12-18T18:35:15","modified_gmt":"2017-12-18T18:35:15","slug":"sidara-timoteusarbref-1-kafli","status":"publish","type":"page","link":"https:\/\/biblian.is\/gudbrandsbiblia\/sidara-timoteusarbref-1-kafli\/","title":{"rendered":"S\u00ed\u00f0ara T\u00edm\u00f3teusarbr\u00e9f 1. kafli"},"content":{"rendered":"<p>Annar S. P\u00e1ls <\/p>\n<p>pistill til Timotheum<\/p>\n<p>P\u00e1ll, postuli Jes\u00fa Christi, fyrir Gu\u00f0s vilja, eftir fyrirheitinu l\u00edfsins \u00ed Christo Jes\u00fa<\/p>\n<p>\tm\u00ednum elskulega syni Timotheo:<\/p>\n<p>\tN\u00e1\u00f0, miskunn, fri\u00f0ur, af Gu\u00f0i f\u00f6\u00f0ur og Christo Jes\u00fa vorum Drottni.<\/p>\n<p>\tEg \u00feakka Gu\u00f0i \u00feeim er eg \u00fej\u00f3na \u00ed fr\u00e1 langfe\u00f0gum m\u00ednum \u00ed hreinnri samvisku \u00fea\u00f0 eg \u00f3afl\u00e1tanlega minnunst \u00fe\u00edn \u00ed m\u00ednum b\u00e6num dag og n\u00f3tt og \u00fea\u00f0 mig forlengir eftir \u00feig a\u00f0 sj\u00e1 (n\u00e6r eg huglei\u00f0i \u00fe\u00edn t\u00e1rf\u00f6ll) upp \u00e1 \u00fea\u00f0 eg uppfylldist f\u00f6gnu\u00f0i, \u00edhugandi \u00fe\u00e1 flekklausa tr\u00fa sem \u00ed \u00fe\u00e9r er og \u00e1\u00f0ur fyrri bygg\u00f0i me\u00f0 \u00feinni \u00f6mmu Laide og me\u00f0 \u00feinni m\u00f3\u00f0ur Eunike. Eg em \u00feess fullviss \u00fea\u00f0 einnin me\u00f0 \u00fe\u00e9r. <span class=\"athugasemd\" title=\"Rom. 8\">[<\/span><\/p>\n<p>\tHvar fyrir eg \u00e1minni \u00feig \u00fea\u00f0 \u00fe\u00fa uppvekir \u00fe\u00e1 Gu\u00f0s gj\u00f6f sem \u00ed \u00fe\u00e9r er fyrir upplegging minna handa. \u00dev\u00ed a\u00f0 Gu\u00f0 hefur ekki gefi\u00f0 oss hr\u00e6\u00f0slunnar anda heldur sannleiksins og k\u00e6rleiksins og bindindis. Fyrir \u00fev\u00ed skammast \u00fe\u00edn ekki vors Drottins vitnisbur\u00f0ar n\u00e9 m\u00edns, hans bandingja, heldur me\u00f0 \u00feolugur vert evangelio so sem a\u00f0 eg, eftir Gu\u00f0s krafti, \u00feeim oss hefur hj\u00e1lplega gj\u00f6rt og kalla\u00f0 me\u00f0 heilagri kallan, ekki eftir vorum verkum heldur eftir sinni fyrirhyggju og n\u00e1\u00f0, hver oss er gefin \u00ed Christo Jes\u00fa fyrir veraldarinnar upphaf en n\u00fa opinberu\u00f0 er fyrir augl\u00fdsing vors lausnara Jes\u00fa Christi s\u00e1 sem dau\u00f0ann hefur svipt magtinni en l\u00edfi\u00f0 og \u00f3dau\u00f0legleikinn \u00ed lj\u00f3s leitt fyrir evangelium, \u00ed hvert eg em settur pr\u00e9dikari, postuli og l\u00e6rari hei\u00f0inna \u00fej\u00f3\u00f0a, hvers vegna eg l\u00ed\u00f0 \u00feetta. <span class=\"athugasemd\" title=\"Tit. 3 \/ 1. Tim. 2 \/ 1. Tim. 4\">[<\/span> En eg sk\u00f6mmunst m\u00edn \u00feess ekki \u00fev\u00ed a\u00f0 eg veit \u00e1 hvern eg tr\u00fai og em fullv\u00eds \u00fea\u00f0 han kann \u00fea\u00f0 a\u00f0 var\u00f0veita hva\u00f0 m\u00e9r er tiltr\u00faa\u00f0 allt til hins sama dags.<\/p>\n<p>\tHeg\u00f0a \u00fe\u00e9r eftir fyrirmynd \u00feeirra heilsusamlegra or\u00f0a sem \u00fe\u00fa hefur heyrt af m\u00e9r \u00fat af tr\u00fanni og k\u00e6rleiknum Christo Jes\u00fa. \u00dea\u00f0 hi\u00f0 g\u00f3\u00f0a sem \u00fe\u00e9r er tiltr\u00faa\u00f0 \u00fea\u00f0 var\u00f0veit fyrir heilagan anda sem \u00ed oss byggir. \u00dev\u00ed a\u00f0 \u00fe\u00fa veist \u00fea\u00f0 \u00feeir hafa allir fr\u00e1sn\u00faist m\u00e9r sem \u00ed Asia eru, me\u00f0al hverra er Phygellus og Hermogenes. <span class=\"athugasemd\" title=\"Phygellus \/ Hermogenes\">[<\/span> Drottinn gefi miskunn heimkynni Onesiphori \u00fev\u00ed a\u00f0 hann hefur oftsinnis mig endurn\u00e6rt og af minni j\u00e1rnvi\u00f0ju hefur hann s\u00e9r ekki feila\u00f0 heldur \u00fe\u00e1 hann var \u00ed R\u00f3m leita\u00f0i hann m\u00edn sem innilegast og fann mig. <span class=\"athugasemd\" title=\"Onesiphorus\">[<\/span> Herrann gefi honum \u00fea\u00f0 hann finni miskunn hj\u00e1 Drottni \u00e1 \u00feeim degi. Og \u00ed hversu m\u00f6rgu hann hefur m\u00e9r \u00fej\u00f3nustu veitt til Epheso \u00fea\u00f0 veistu allra best.<\/p>\n","protected":false},"excerpt":{"rendered":"<p>Annar S. P\u00e1ls pistill til Timotheum P\u00e1ll, postuli Jes\u00fa Christi, fyrir Gu\u00f0s vilja, eftir fyrirheitinu l\u00edfsins \u00ed Christo Jes\u00fa m\u00ednum elskulega syni Timotheo: N\u00e1\u00f0, miskunn, fri\u00f0ur, af Gu\u00f0i f\u00f6\u00f0ur og Christo Jes\u00fa vorum Drottni. Eg \u00feakka Gu\u00f0i \u00feeim er eg \u00fej\u00f3na \u00ed fr\u00e1 langfe\u00f0gum m\u00ednum \u00ed hreinnri samvisku \u00fea\u00f0 eg \u00f3afl\u00e1tanlega minnunst \u00fe\u00edn \u00ed m\u00ednum b\u00e6num dag og n\u00f3tt og \u00fea\u00f0 mig forlengir eftir \u00feig a\u00f0 sj\u00e1 (n\u00e6r eg huglei\u00f0i \u00fe\u00edn t\u00e1rf\u00f6ll) upp \u00e1 \u00fea\u00f0 eg uppfylldist f\u00f6gnu\u00f0i, \u00edhugandi \u00fe\u00e1 flekklausa tr\u00fa sem \u00ed \u00fe\u00e9r er og \u00e1\u00f0ur fyrri bygg\u00f0i me\u00f0 \u00feinni \u00f6mmu Laide og me\u00f0 \u00feinni m\u00f3\u00f0ur Eunike. Eg <a href=\"https:\/\/biblian.is\/gudbrandsbiblia\/sidara-timoteusarbref-1-kafli\/\"> [&#8230;]<\/a><\/p>\n","protected":false},"author":1,"featured_media":0,"parent":0,"menu_order":0,"comment_status":"open","ping_status":"open","template":"bibliukaflar.php","meta":{"footnotes":""},"class_list":["post-3977","page","type-page","status-publish","hentry"],"_links":{"self":[{"href":"https:\/\/biblian.is\/gudbrandsbiblia\/wp-json\/wp\/v2\/pages\/3977","targetHints":{"allow":["GET"]}}],"collection":[{"href":"https:\/\/biblian.is\/gudbrandsbiblia\/wp-json\/wp\/v2\/pages"}],"about":[{"href":"https:\/\/biblian.is\/gudbrandsbiblia\/wp-json\/wp\/v2\/types\/page"}],"author":[{"embeddable":true,"href":"https:\/\/biblian.is\/gudbrandsbiblia\/wp-json\/wp\/v2\/users\/1"}],"replies":[{"embeddable":true,"href":"https:\/\/biblian.is\/gudbrandsbiblia\/wp-json\/wp\/v2\/comments?post=3977"}],"version-history":[{"count":0,"href":"https:\/\/biblian.is\/gudbrandsbiblia\/wp-json\/wp\/v2\/pages\/3977\/revisions"}],"wp:attachment":[{"href":"https:\/\/biblian.is\/gudbrandsbiblia\/wp-json\/wp\/v2\/media?parent=3977"}],"curies":[{"name":"wp","href":"https:\/\/api.w.org\/{rel}","templated":true}]}}