{"id":3976,"date":"2017-12-18T18:35:15","date_gmt":"2017-12-18T18:35:15","guid":{"rendered":"http:\/\/biblian.is\/gudbrandsbiblia\/fyrra-timoteusarbref-6-kafli\/"},"modified":"2017-12-18T18:35:15","modified_gmt":"2017-12-18T18:35:15","slug":"fyrra-timoteusarbref-6-kafli","status":"publish","type":"page","link":"https:\/\/biblian.is\/gudbrandsbiblia\/fyrra-timoteusarbref-6-kafli\/","title":{"rendered":"Fyrra T\u00edm\u00f3teusarbr\u00e9f 6. kafli"},"content":{"rendered":"<p>VI.<\/p>\n<p>\u00deeir \u00fej\u00f3nustumenn sem undir okinu eru skulu halda s\u00edna drottna \u00ed \u00f6llum hei\u00f0ri upp \u00e1 \u00fea\u00f0 a\u00f0 Gu\u00f0s nafn og l\u00e6rd\u00f3murinn ver\u00f0i ekki lasta\u00f0ur. <span class=\"athugasemd\" title=\"\u00de\u00e9nararnir\">[<\/span> En \u00feeir sem tr\u00faa\u00f0a drottna hafa skulu ekki forsm\u00e1 \u00fe\u00e1 hinu s\u00f6mu fyrir \u00fea\u00f0 \u00feeir eru br\u00e6\u00f0ur heldur skulu \u00feeir \u00fev\u00ed \u00fe\u00e9nugri vera me\u00f0 \u00fev\u00ed \u00feeir hinir eru tr\u00faa\u00f0ir og elskanlegir og velgj\u00f6rningsins hluttakarar. \u00deetta kenn og \u00e1minn.<\/p>\n<p>\tEf a\u00f0 nokkur kennir \u00f6\u00f0ruv\u00eds og bl\u00edfur ekki vi\u00f0 heilsusamleg or\u00f0 vors Drottins Jes\u00fa Christi og vi\u00f0 \u00feann gu\u00f0r\u00e6kilega l\u00e6rd\u00f3m, s\u00e1 er uppbelgdur og veit ekert heldur er s\u00f3ttlera \u00ed spurningum og or\u00f0adeilum, af hverjum uppsprettur \u00f6fund, \u00fer\u00e6tur, gu\u00f0lastanir, illar \u00f3venjur, misgreiningar \u00feeirra manna sem fordj\u00f6rfu\u00f0 hugskot hafa, \u00feeir e\u00f0 sannleiknum sviptir eru, hverjir \u00fea\u00f0 meina a\u00f0 gu\u00f0r\u00e6kni muni fj\u00e1rafli vera. <span class=\"athugasemd\" title=\"(S\u00f3ttlera) \/ Lygar eru jafnan sj\u00fakar og \u00feurfa mikilla l\u00e6kninga vi\u00f0\">[<\/span> For\u00f0a \u00feig \u00feeim sem \u00feess konar eru. En \u00fea\u00f0 er mikill \u00e1vinningur hver hann er gu\u00f0hr\u00e6ddur og l\u00e6tur s\u00e9r s\u00edna lukku n\u00e6gja. \u00dev\u00ed a\u00f0 v\u00e9r h\u00f6fum ekkert innflutt \u00ed \u00feennan heim, af \u00fev\u00ed er \u00fea\u00f0 opinbert a\u00f0 v\u00e9r munum ekkert \u00ed burt hafa.<\/p>\n<p>\tEn n\u00e6r v\u00e9r h\u00f6fum f\u00e6\u00f0i og kl\u00e6\u00f0na\u00f0 so l\u00e1tum oss n\u00e6gja. \u00dev\u00ed a\u00f0 \u00feeir sem r\u00edkir vilja ver\u00f0a falla \u00ed freistni og sn\u00f6rur og \u00ed margar f\u00e1v\u00edslegar og ska\u00f0samlegar girndir, \u00fe\u00e6r e\u00f0 manninum drekkja \u00ed fordjarfan og ford\u00e6ming. \u00dev\u00ed a\u00f0 \u00e1girnd er r\u00f3t alls ills, \u00feeirrar sumir girntust og eru tr\u00fanni fr\u00e1villtir og gj\u00f6ra s\u00e9r so sj\u00e1lfum margar meinsemdir. En \u00fe\u00fa, Gu\u00f0s ma\u00f0ur, fl\u00fd \u00feetta og eftirfylg r\u00e9ttl\u00e6tinu, gu\u00f0hr\u00e6\u00f0slu, tr\u00fanni, k\u00e6rleikanum, \u00feolinm\u00e6\u00f0inni, h\u00f3gv\u00e6r\u00f0inni. Berst g\u00f3\u00f0ri bar\u00e1ttu tr\u00faarinnar, h\u00f6ndla so eil\u00edft l\u00edf \u00fear \u00fe\u00fa einnin ert til kalla\u00f0ur og j\u00e1ta\u00f0 hefur g\u00f3\u00f0a j\u00e1tning fyrir m\u00f6rgum vottum.<\/p>\n<p>\tEg b\u00fd\u00f0 \u00fe\u00e9r fyrir Gu\u00f0i sem alla hluti l\u00edfgar og fyrir Christo Jes\u00fa s\u00e1 undir pontverskum Pilato votta\u00f0 hefur g\u00f3\u00f0a j\u00e1tning \u00fea\u00f0 \u00fe\u00fa var\u00f0veitir \u00feetta bo\u00f0or\u00f0 \u00e1n flekkunar, \u00f3straffanlegur, allt til augl\u00fdsingar vors Drottins Jes\u00fa Christi, hverja s\u00e1 hinn s\u00e6li og alleinasta voldugur mun augl\u00fdsa \u00e1 s\u00ednum t\u00edmum, konungur konunganna, Drottinn drottnanna, hann sem einnsaman \u00f3dau\u00f0leikinn hefur, s\u00e1 sem byggir \u00ed lj\u00f3sinu \u00fear enginn kann til a\u00f0 komast, hvern enginn ma\u00f0ur hefur s\u00e9\u00f0 n\u00e9 sj\u00e1 kann, honum s\u00e9 hei\u00f0ur og \u00e6vinlegt veldi. Amen.<\/p>\n<p>\tR\u00edkum \u00feessarar veraldar bj\u00f3\u00f0 \u00fe\u00fa \u00fea\u00f0 \u00feeir s\u00e9 ekki mikill\u00e1tir og leggi \u00f6ngva von upp \u00e1 \u00feennan fallvalta r\u00edkd\u00f3m heldur upp \u00e1 lifanda Gu\u00f0 sem oss gn\u00f3glega gefur allsh\u00e1tta\u00f0 til notnunar og \u00fea\u00f0 \u00feeir gj\u00f6ri n\u00f6kku\u00f0 gott \u00fea\u00f0 \u00feeir au\u00f0gist \u00ed g\u00f3\u00f0um verkum, s\u00e9 gjafmildir, g\u00f3\u00f0vilja\u00f0ir, safnandi s\u00e9r sj\u00e1lfum \u00ed sj\u00f3\u00f0 g\u00f3\u00f0ri grundvallan upp \u00e1 hi\u00f0 tilkomanda svo a\u00f0 \u00feeir h\u00f6ndli eil\u00edft l\u00edf. <span class=\"athugasemd\" title=\"Af r\u00edkum\">[<\/span><\/p>\n<p>\t\u00d3 Timothee, var\u00f0veit \u00fea\u00f0 \u00fe\u00e9r er tiltr\u00faa\u00f0 og varast f\u00e1fengilegt h\u00e9g\u00f3mahjal og kappdeilur falsfr\u00e6grar listar hveri a\u00f0 nokkrir fram halda og eru tr\u00fanni fr\u00e1villtir. N\u00e1\u00f0in s\u00e9 me\u00f0 \u00fe\u00e9r. Amen.<\/p>\n","protected":false},"excerpt":{"rendered":"<p>VI. \u00deeir \u00fej\u00f3nustumenn sem undir okinu eru skulu halda s\u00edna drottna \u00ed \u00f6llum hei\u00f0ri upp \u00e1 \u00fea\u00f0 a\u00f0 Gu\u00f0s nafn og l\u00e6rd\u00f3murinn ver\u00f0i ekki lasta\u00f0ur. [ En \u00feeir sem tr\u00faa\u00f0a drottna hafa skulu ekki forsm\u00e1 \u00fe\u00e1 hinu s\u00f6mu fyrir \u00fea\u00f0 \u00feeir eru br\u00e6\u00f0ur heldur skulu \u00feeir \u00fev\u00ed \u00fe\u00e9nugri vera me\u00f0 \u00fev\u00ed \u00feeir hinir eru tr\u00faa\u00f0ir og elskanlegir og velgj\u00f6rningsins hluttakarar. \u00deetta kenn og \u00e1minn. Ef a\u00f0 nokkur kennir \u00f6\u00f0ruv\u00eds og bl\u00edfur ekki vi\u00f0 heilsusamleg or\u00f0 vors Drottins Jes\u00fa Christi og vi\u00f0 \u00feann gu\u00f0r\u00e6kilega l\u00e6rd\u00f3m, s\u00e1 er uppbelgdur og veit ekert heldur er s\u00f3ttlera \u00ed spurningum og or\u00f0adeilum, af hverjum uppsprettur <a href=\"https:\/\/biblian.is\/gudbrandsbiblia\/fyrra-timoteusarbref-6-kafli\/\"> [&#8230;]<\/a><\/p>\n","protected":false},"author":1,"featured_media":0,"parent":0,"menu_order":0,"comment_status":"open","ping_status":"open","template":"bibliukaflar.php","meta":{"footnotes":""},"class_list":["post-3976","page","type-page","status-publish","hentry"],"_links":{"self":[{"href":"https:\/\/biblian.is\/gudbrandsbiblia\/wp-json\/wp\/v2\/pages\/3976","targetHints":{"allow":["GET"]}}],"collection":[{"href":"https:\/\/biblian.is\/gudbrandsbiblia\/wp-json\/wp\/v2\/pages"}],"about":[{"href":"https:\/\/biblian.is\/gudbrandsbiblia\/wp-json\/wp\/v2\/types\/page"}],"author":[{"embeddable":true,"href":"https:\/\/biblian.is\/gudbrandsbiblia\/wp-json\/wp\/v2\/users\/1"}],"replies":[{"embeddable":true,"href":"https:\/\/biblian.is\/gudbrandsbiblia\/wp-json\/wp\/v2\/comments?post=3976"}],"version-history":[{"count":0,"href":"https:\/\/biblian.is\/gudbrandsbiblia\/wp-json\/wp\/v2\/pages\/3976\/revisions"}],"wp:attachment":[{"href":"https:\/\/biblian.is\/gudbrandsbiblia\/wp-json\/wp\/v2\/media?parent=3976"}],"curies":[{"name":"wp","href":"https:\/\/api.w.org\/{rel}","templated":true}]}}