{"id":3973,"date":"2017-12-18T18:35:15","date_gmt":"2017-12-18T18:35:15","guid":{"rendered":"http:\/\/biblian.is\/gudbrandsbiblia\/fyrra-timoteusarbref-3-kafli\/"},"modified":"2017-12-18T18:35:15","modified_gmt":"2017-12-18T18:35:15","slug":"fyrra-timoteusarbref-3-kafli","status":"publish","type":"page","link":"https:\/\/biblian.is\/gudbrandsbiblia\/fyrra-timoteusarbref-3-kafli\/","title":{"rendered":"Fyrra T\u00edm\u00f3teusarbr\u00e9f 3. kafli"},"content":{"rendered":"<p>III.<\/p>\n<p>\u00dea\u00f0 er vissileg sannindi ef a\u00f0 nokkur girnist biskupsemb\u00e6tti, s\u00e1 girnist \u00e1g\u00e6tt verk. <span class=\"athugasemd\" title=\"Hvernin biskupar vera skulu\">[<\/span> En biskupi byrjar a\u00f0 vera \u00f3straffanlegum, einnrar kvinnu eiginmanni, sparneytnum, h\u00f3gv\u00e6rum, si\u00f0s\u00f6mum, gestrisnum, kenningas\u00f6mum, enginn v\u00ednsvelgjari, eigi bar\u00e1ttus\u00f6mum, einkis lj\u00f3tlegs \u00e1vinnings g\u00edrugur, heldur vingjarnlegur, eigi \u00fer\u00e1ttunars\u00f6mum, eigi \u00e1gj\u00f6rnum, s\u00e1 g\u00f3\u00f0a fyrirsj\u00f3n veitir s\u00ednu h\u00fasi, hver hl\u00fd\u00f0ug b\u00f6rn hefur me\u00f0 allri vir\u00f0ing (so a\u00f0 ef nokkur kann ei s\u00ednu h\u00fasi forst\u00f6\u00f0u a\u00f0 veita, hvernin m\u00e1 hann \u00fe\u00e1 Gu\u00f0s s\u00f6fnu\u00f0i umsj\u00f3n veita?), eigi n\u00fdn\u00e6mum so a\u00f0 hann upphrokist ekki og hrapi so \u00ed forsm\u00e1narans \u00farskur\u00f0. Hann hl\u00fdtur og einnin a\u00f0 hafa g\u00f3\u00f0an vitnisbur\u00f0 af \u00feeim sem \u00fear fyrir utan eru upp \u00e1 \u00fea\u00f0 hann hrapi ekki \u00ed sv\u00edvir\u00f0ing og sn\u00f6ru sp\u00e9arans.<\/p>\n<p>\tL\u00edka einnin skulu \u00fej\u00f3narnir vera hei\u00f0arsamlegir, eigi tv\u00edtunga\u00f0ir, \u00f6ngvir v\u00ednsvelgir, einkis skemmilegs \u00e1vinnings g\u00edrugir, \u00feeir e\u00f0 hafa leyndard\u00f3m tr\u00faarinnar \u00ed hreinni samvisku. <span class=\"athugasemd\" title=\"\u00de\u00e9nararnir\">[<\/span> \u00de\u00e1 hina s\u00f6mu l\u00e1t \u00e1\u00f0ur reyna. Eftir \u00fea\u00f0 l\u00e1t \u00fe\u00e1 \u00fej\u00f3na n\u00e6r \u00feeir eru \u00f3straffanlegir.<\/p>\n<p>\tSo og l\u00edka skulu \u00feeirra eiginkvinnur vera h\u00f3gl\u00e1tar, eigi sp\u00e9samar, hreinfer\u00f0ugar og tr\u00falyndar \u00ed \u00f6llum hlutum. \u00de\u00e9narana hvern sem einn l\u00e1t vera einnrar kvinnu eiginmann, s\u00e1 vel forstendur s\u00edn b\u00f6rn og s\u00edn eigin h\u00fas. En \u00feeir e\u00f0 vel \u00fej\u00f3na ver\u00f0skulda s\u00e9r sj\u00e1lfum g\u00f3\u00f0a st\u00e9tt og miki\u00f0 traust \u00ed tr\u00fanni \u00ed Christo Jes\u00fa.<\/p>\n<p>\t\u00deetta skrifa eg \u00fe\u00e9r og vona sem fyrst til \u00fe\u00edn a\u00f0 koma. En ef m\u00e9r seinkar a\u00f0 \u00fe\u00fa vitir hvernin \u00fe\u00fa skalt ganga \u00ed Gu\u00f0s h\u00fasi, hvert a\u00f0 er s\u00f6fnu\u00f0ur Gu\u00f0s lifanda, st\u00f3lpi og grundvallan sannleiksins. \u00d3m\u00f3tm\u00e6lanlega mikill er leyndur d\u00f3mur gu\u00f0hr\u00e6\u00f0slunnar. Gu\u00f0 er opinbera\u00f0ur \u00ed holdinu, r\u00e9ttl\u00e6ttur \u00ed andanum, augl\u00fdstur englunum, pr\u00e9dika\u00f0ur hei\u00f0ingjum, tr\u00fa\u00f0ur af heiminum, me\u00f0tekinn \u00ed vegsemd.<\/p>\n","protected":false},"excerpt":{"rendered":"<p>III. \u00dea\u00f0 er vissileg sannindi ef a\u00f0 nokkur girnist biskupsemb\u00e6tti, s\u00e1 girnist \u00e1g\u00e6tt verk. [ En biskupi byrjar a\u00f0 vera \u00f3straffanlegum, einnrar kvinnu eiginmanni, sparneytnum, h\u00f3gv\u00e6rum, si\u00f0s\u00f6mum, gestrisnum, kenningas\u00f6mum, enginn v\u00ednsvelgjari, eigi bar\u00e1ttus\u00f6mum, einkis lj\u00f3tlegs \u00e1vinnings g\u00edrugur, heldur vingjarnlegur, eigi \u00fer\u00e1ttunars\u00f6mum, eigi \u00e1gj\u00f6rnum, s\u00e1 g\u00f3\u00f0a fyrirsj\u00f3n veitir s\u00ednu h\u00fasi, hver hl\u00fd\u00f0ug b\u00f6rn hefur me\u00f0 allri vir\u00f0ing (so a\u00f0 ef nokkur kann ei s\u00ednu h\u00fasi forst\u00f6\u00f0u a\u00f0 veita, hvernin m\u00e1 hann \u00fe\u00e1 Gu\u00f0s s\u00f6fnu\u00f0i umsj\u00f3n veita?), eigi n\u00fdn\u00e6mum so a\u00f0 hann upphrokist ekki og hrapi so \u00ed forsm\u00e1narans \u00farskur\u00f0. Hann hl\u00fdtur og einnin a\u00f0 hafa g\u00f3\u00f0an vitnisbur\u00f0 af \u00feeim sem \u00fear <a href=\"https:\/\/biblian.is\/gudbrandsbiblia\/fyrra-timoteusarbref-3-kafli\/\"> [&#8230;]<\/a><\/p>\n","protected":false},"author":1,"featured_media":0,"parent":0,"menu_order":0,"comment_status":"open","ping_status":"open","template":"bibliukaflar.php","meta":{"footnotes":""},"class_list":["post-3973","page","type-page","status-publish","hentry"],"_links":{"self":[{"href":"https:\/\/biblian.is\/gudbrandsbiblia\/wp-json\/wp\/v2\/pages\/3973","targetHints":{"allow":["GET"]}}],"collection":[{"href":"https:\/\/biblian.is\/gudbrandsbiblia\/wp-json\/wp\/v2\/pages"}],"about":[{"href":"https:\/\/biblian.is\/gudbrandsbiblia\/wp-json\/wp\/v2\/types\/page"}],"author":[{"embeddable":true,"href":"https:\/\/biblian.is\/gudbrandsbiblia\/wp-json\/wp\/v2\/users\/1"}],"replies":[{"embeddable":true,"href":"https:\/\/biblian.is\/gudbrandsbiblia\/wp-json\/wp\/v2\/comments?post=3973"}],"version-history":[{"count":0,"href":"https:\/\/biblian.is\/gudbrandsbiblia\/wp-json\/wp\/v2\/pages\/3973\/revisions"}],"wp:attachment":[{"href":"https:\/\/biblian.is\/gudbrandsbiblia\/wp-json\/wp\/v2\/media?parent=3973"}],"curies":[{"name":"wp","href":"https:\/\/api.w.org\/{rel}","templated":true}]}}