{"id":3972,"date":"2017-12-18T18:35:15","date_gmt":"2017-12-18T18:35:15","guid":{"rendered":"http:\/\/biblian.is\/gudbrandsbiblia\/fyrra-timoteusarbref-2-kafli\/"},"modified":"2017-12-18T18:35:15","modified_gmt":"2017-12-18T18:35:15","slug":"fyrra-timoteusarbref-2-kafli","status":"publish","type":"page","link":"https:\/\/biblian.is\/gudbrandsbiblia\/fyrra-timoteusarbref-2-kafli\/","title":{"rendered":"Fyrra T\u00edm\u00f3teusarbr\u00e9f 2. kafli"},"content":{"rendered":"<p>II.<\/p>\n<p>So \u00e1minni eg n\u00fa \u00fea\u00f0 v\u00e9r umfram alla hluti gj\u00f6rum \u00ed fyrstu b\u00f3nir, b\u00e6nir, fyrirbei\u00f0slur, \u00feakkargj\u00f6r\u00f0ir fyrir \u00f6llum m\u00f6nnum, fyrir konungum og fyrir \u00f6llum yfirbo\u00f0urum, upp \u00e1 \u00fea\u00f0 v\u00e9r m\u00e6ttum hafa spakt og r\u00f3samt l\u00edferni \u00ed allri gu\u00f0r\u00e6kni og si\u00f0semd. <span class=\"athugasemd\" title=\"\u00c1minning til b\u00e6nahalds\">[<\/span> \u00dev\u00ed sl\u00edkt er gott, \u00fear til einnin \u00feakkn\u00e6mt, fyrir Gu\u00f0i vorum hj\u00e1lpara, s\u00e1 sem vill \u00fea\u00f0 allir menn hj\u00e1lpist og til vi\u00f0urkenningar sannleiksins komist. \u00dev\u00ed a\u00f0 \u00fear er einn Gu\u00f0 og einn me\u00f0algangari milli Gu\u00f0s og mannanna sem er s\u00e1 ma\u00f0ur Christus Jes\u00fas, hver sj\u00e1lfan sig hefur \u00fatgefi\u00f0 fyrir alla til endurlausnar \u00fea\u00f0 \u00feetta yr\u00f0i pr\u00e9dika\u00f0 \u00ed hans t\u00ed\u00f0. \u00dear til eg em pr\u00e9dikari og postuli settur (eg segi sannleik \u00ed Christo Jes\u00fa og l\u00fdg ekki), l\u00e6rari hei\u00f0inna \u00ed tr\u00fanni og \u00ed sannleiknum.<\/p>\n<p>\tSo vil eg n\u00fa \u00fea\u00f0 a\u00f0 mennirnir bi\u00f0ji \u00ed \u00f6llum st\u00f6\u00f0um og upphefi heilagar hendur \u00e1n rei\u00f0i og <span class=\"athugasemd\" title=\"a \/ (Aurvilnan) \/ A\u00f0 \u00feeir ei m\u00f6gli vi\u00f0 Gu\u00f0 n\u00e9 efi hans n\u00e1\u00f0 \u00ed sinni samvisku\">[<\/span> \u00f6rvilnunar. Sl\u00edkt hi\u00f0 sama konunar a\u00f0 \u00fe\u00e6r pr\u00fd\u00f0i sig \u00ed s\u00f3masamlegum b\u00fana\u00f0i me\u00f0 blyg\u00f0 og hreinfer\u00f0i, eigi me\u00f0ur h\u00e1rfl\u00e9ttan e\u00f0ur gulli e\u00f0ur perlum e\u00f0a d\u00fdrm\u00e6tum kl\u00e6\u00f0na\u00f0i heldur so sem \u00fea\u00f0 konunum h\u00e6fir, au\u00f0s\u00fdnandi gu\u00f0hr\u00e6\u00f0slu fyrir g\u00f3\u00f0verk. Kvinnurnar l\u00e6ri \u00ed \u00fe\u00f6gn me\u00f0 allri undirgefni. En \u00fea\u00f0 tilste\u00f0ju v\u00e9r ekki kvinnunni \u00fea\u00f0 h\u00fan kenni, ekki heldur \u00fea\u00f0 h\u00fan s\u00e9 mannsins herra heldur \u00fea\u00f0 h\u00fan s\u00e9 \u00fe\u00f6gul. \u00dev\u00ed a\u00f0 Adam er fyrri skapa\u00f0ur, eftir \u00e1 Eva. Og Adam var\u00f0 eigi svikinn en konan var\u00f0 svikin og hefur yfirtro\u00f0sluna innleitt. <span class=\"athugasemd\" title=\"Gen. 3 \/ 2. Cor. 11\">[<\/span> En h\u00fan mun hj\u00e1lpast fyrir barnsbur\u00f0 ef h\u00fan bl\u00edfur \u00ed tr\u00fanni og \u00ed k\u00e6rleikanum og \u00ed helguninni me\u00f0 hreinfer\u00f0i.<\/p>\n","protected":false},"excerpt":{"rendered":"<p>II. So \u00e1minni eg n\u00fa \u00fea\u00f0 v\u00e9r umfram alla hluti gj\u00f6rum \u00ed fyrstu b\u00f3nir, b\u00e6nir, fyrirbei\u00f0slur, \u00feakkargj\u00f6r\u00f0ir fyrir \u00f6llum m\u00f6nnum, fyrir konungum og fyrir \u00f6llum yfirbo\u00f0urum, upp \u00e1 \u00fea\u00f0 v\u00e9r m\u00e6ttum hafa spakt og r\u00f3samt l\u00edferni \u00ed allri gu\u00f0r\u00e6kni og si\u00f0semd. [ \u00dev\u00ed sl\u00edkt er gott, \u00fear til einnin \u00feakkn\u00e6mt, fyrir Gu\u00f0i vorum hj\u00e1lpara, s\u00e1 sem vill \u00fea\u00f0 allir menn hj\u00e1lpist og til vi\u00f0urkenningar sannleiksins komist. \u00dev\u00ed a\u00f0 \u00fear er einn Gu\u00f0 og einn me\u00f0algangari milli Gu\u00f0s og mannanna sem er s\u00e1 ma\u00f0ur Christus Jes\u00fas, hver sj\u00e1lfan sig hefur \u00fatgefi\u00f0 fyrir alla til endurlausnar \u00fea\u00f0 \u00feetta yr\u00f0i pr\u00e9dika\u00f0 \u00ed hans <a href=\"https:\/\/biblian.is\/gudbrandsbiblia\/fyrra-timoteusarbref-2-kafli\/\"> [&#8230;]<\/a><\/p>\n","protected":false},"author":1,"featured_media":0,"parent":0,"menu_order":0,"comment_status":"open","ping_status":"open","template":"bibliukaflar.php","meta":{"footnotes":""},"class_list":["post-3972","page","type-page","status-publish","hentry"],"_links":{"self":[{"href":"https:\/\/biblian.is\/gudbrandsbiblia\/wp-json\/wp\/v2\/pages\/3972","targetHints":{"allow":["GET"]}}],"collection":[{"href":"https:\/\/biblian.is\/gudbrandsbiblia\/wp-json\/wp\/v2\/pages"}],"about":[{"href":"https:\/\/biblian.is\/gudbrandsbiblia\/wp-json\/wp\/v2\/types\/page"}],"author":[{"embeddable":true,"href":"https:\/\/biblian.is\/gudbrandsbiblia\/wp-json\/wp\/v2\/users\/1"}],"replies":[{"embeddable":true,"href":"https:\/\/biblian.is\/gudbrandsbiblia\/wp-json\/wp\/v2\/comments?post=3972"}],"version-history":[{"count":0,"href":"https:\/\/biblian.is\/gudbrandsbiblia\/wp-json\/wp\/v2\/pages\/3972\/revisions"}],"wp:attachment":[{"href":"https:\/\/biblian.is\/gudbrandsbiblia\/wp-json\/wp\/v2\/media?parent=3972"}],"curies":[{"name":"wp","href":"https:\/\/api.w.org\/{rel}","templated":true}]}}