{"id":3967,"date":"2017-12-18T18:35:15","date_gmt":"2017-12-18T18:35:15","guid":{"rendered":"http:\/\/biblian.is\/gudbrandsbiblia\/fyrra-thessalonikubref-5-kafli\/"},"modified":"2017-12-18T18:35:15","modified_gmt":"2017-12-18T18:35:15","slug":"fyrra-thessalonikubref-5-kafli","status":"publish","type":"page","link":"https:\/\/biblian.is\/gudbrandsbiblia\/fyrra-thessalonikubref-5-kafli\/","title":{"rendered":"Fyrra \u00deessalon\u00edkubr\u00e9f 5. kafli"},"content":{"rendered":"<p>V.<\/p>\n<p>En af t\u00edmanum og stundunni, k\u00e6rir br\u00e6\u00f0ur, er ekki \u00fe\u00f6rf y\u00f0ur a\u00f0 skrifa. <span class=\"athugasemd\" title=\"Um d\u00f3msdag \/ 1. P\u00e9t. 3\">[<\/span> \u00dev\u00ed a\u00f0 \u00fe\u00e9r viti\u00f0 sj\u00e1lfir gl\u00f6gglega \u00fea\u00f0 dagur Drottins mun koma sem \u00fej\u00f3fur um n\u00f3tt. Af \u00fev\u00ed n\u00e6r \u00feeir munu segja: &#8222;\u00dear er fri\u00f0ur og allt utan h\u00e6ttu&#8220; \u00fe\u00e1 mun fordj\u00f6rfunin sn\u00f6gg yfir \u00fe\u00e1 koma l\u00edka svo sem kveinan j\u00f3\u00f0sj\u00fakrar konu og eigi skulu \u00feeir umfl\u00fai\u00f0 geta.<\/p>\n<p>\tEn \u00fe\u00e9r, k\u00e6rir br\u00e6\u00f0ur, veri\u00f0 ekki \u00ed myrkrinu so a\u00f0 s\u00e1 dagur gr\u00edpi y\u00f0ur ekki sem \u00fej\u00f3fur. <span class=\"athugasemd\" title=\"Rom. 3\">[<\/span> \u00de\u00e9r eru\u00f0 allir saman lj\u00f3ssins b\u00f6rn og dagsins b\u00f6rn. V\u00e9r erum eigi af n\u00f3ttinni n\u00e9 af myrkrunum. Fyrir \u00fev\u00ed l\u00e1tum oss eigi sofa so sem hina a\u00f0ra heldur v\u00f6kum og verum sparl\u00edfir. \u00dev\u00ed a\u00f0 \u00feeir sem sofa \u00feeir sofa \u00e1 n\u00f3ttinni og \u00feeir sem drukknir eru \u00feeir drekka \u00e1 n\u00f3ttinni. En v\u00e9r sem erum dagsins skulum sparl\u00edfir vera, \u00edkl\u00e6ddir brynju tr\u00faarinnar og k\u00e6rleiksins og me\u00f0 hj\u00e1lmi vonarinnar til hj\u00e1lpr\u00e6\u00f0isins. <span class=\"athugasemd\" title=\"Ephe. 6\">[<\/span><\/p>\n<p>\t\u00dev\u00ed a\u00f0 Gu\u00f0 hefur eigi sett oss til rei\u00f0i heldur \u00fea\u00f0 v\u00e9r skyldum hj\u00e1lpr\u00e6\u00f0i\u00f0 \u00f6\u00f0last fyrir vorn Drottin Jes\u00fam Christum s\u00e1 fyrir oss hefur d\u00e1i\u00f0 svo hvort a\u00f0 v\u00e9r v\u00f6kum e\u00f0a sofum skulum til samans me\u00f0 honum lifa. Fyrir \u00fev\u00ed \u00e1minni hver y\u00f0ar annan innbyr\u00f0is og lei\u00f0r\u00e9tti\u00f0 hver annan innbyr\u00f0is so sem a\u00f0 \u00fe\u00e9r gj\u00f6ri\u00f0.<\/p>\n<p>\tEn v\u00e9r bi\u00f0jum y\u00f0ur, k\u00e6rir br\u00e6\u00f0ur, \u00fea\u00f0 \u00fe\u00e9r \u00feekki\u00f0 \u00fe\u00e1 sem erfi\u00f0a me\u00f0al y\u00f0ar og forst\u00f6\u00f0u veita \u00ed Drottni og \u00e1minna y\u00f0ur a\u00f0 hafi\u00f0 \u00fe\u00e1 \u00feess k\u00e6rari fyrir \u00feeirra verks sakir og veri\u00f0 fri\u00f0samir vi\u00f0 \u00fe\u00e1.<\/p>\n<p>\tEn v\u00e9r bi\u00f0jum y\u00f0ur, k\u00e6rir br\u00e6\u00f0ur, a\u00f0 \u00fe\u00e9r \u00e1minni\u00f0 \u00f3r\u00e1\u00f0vanda, huggi\u00f0 vesala, uml\u00ed\u00f0i\u00f0 breyskva, veri\u00f0 \u00feolinm\u00f3\u00f0ir vi\u00f0 alla. Sj\u00e1i\u00f0 til a\u00f0 \u00fear enginn gjaldi illt fyrir illt heldur eftirfylgi\u00f0 hinu g\u00f3\u00f0a, b\u00e6\u00f0i innbyr\u00f0is og vi\u00f0 alla. Veri\u00f0 jafnan gla\u00f0ir. Bi\u00f0ji\u00f0 \u00f3afl\u00e1tanlega. Veri\u00f0 \u00feakkl\u00e1tir \u00ed \u00f6llum hlutum \u00fev\u00ed a\u00f0 \u00fea\u00f0 er Gu\u00f0s vilji \u00ed Christo Jes\u00fa til y\u00f0ar.<\/p>\n<p>\tAndann \u00fe\u00e1 kefji\u00f0 ekki. Sp\u00e1d\u00f3mana forsm\u00e1i\u00f0 ekki. Reyni\u00f0 alla hluti og b\u00edhaldi\u00f0 \u00fev\u00ed hva\u00f0 gott er. For\u00f0ist alla vonda pr\u00fd\u00f0i. En sj\u00e1lfur Gu\u00f0 fri\u00f0arins helgi y\u00f0ur allt \u00ed gegnum og y\u00f0ar andi samt s\u00e1lunni og l\u00edkamanum megi algj\u00f6rlega var\u00f0veittur vera, \u00f3straffanlegur \u00ed tilkomu vors Drottins Jes\u00fa Christi. Tr\u00far er hann sem y\u00f0ur kalla\u00f0i, hann mun \u00fea\u00f0 og einnin gj\u00f6ra. K\u00e6rir br\u00e6\u00f0ur, bi\u00f0ji\u00f0 fyrir oss. Heilsi\u00f0 \u00f6llum br\u00e6\u00f0rum me\u00f0 heil\u00f6gum kossi. Eg s\u00e6ri y\u00f0ur vi\u00f0 Drottin a\u00f0 \u00fe\u00e9r l\u00e1ti\u00f0 lesa \u00feennan pistil fyrir \u00f6llum heil\u00f6gum br\u00e6\u00f0rum. N\u00e1\u00f0 vors Drottins Jes\u00fa Christi s\u00e9 me\u00f0 y\u00f0ur. AMEN.<\/p>\n<p>Til \u00feeirra Tessalonicenses hinn fyrsti<\/p>\n<p>skrifa\u00f0ur fr\u00e1 Athene<\/p>\n","protected":false},"excerpt":{"rendered":"<p>V. En af t\u00edmanum og stundunni, k\u00e6rir br\u00e6\u00f0ur, er ekki \u00fe\u00f6rf y\u00f0ur a\u00f0 skrifa. [ \u00dev\u00ed a\u00f0 \u00fe\u00e9r viti\u00f0 sj\u00e1lfir gl\u00f6gglega \u00fea\u00f0 dagur Drottins mun koma sem \u00fej\u00f3fur um n\u00f3tt. Af \u00fev\u00ed n\u00e6r \u00feeir munu segja: &#8222;\u00dear er fri\u00f0ur og allt utan h\u00e6ttu&#8220; \u00fe\u00e1 mun fordj\u00f6rfunin sn\u00f6gg yfir \u00fe\u00e1 koma l\u00edka svo sem kveinan j\u00f3\u00f0sj\u00fakrar konu og eigi skulu \u00feeir umfl\u00fai\u00f0 geta. En \u00fe\u00e9r, k\u00e6rir br\u00e6\u00f0ur, veri\u00f0 ekki \u00ed myrkrinu so a\u00f0 s\u00e1 dagur gr\u00edpi y\u00f0ur ekki sem \u00fej\u00f3fur. [ \u00de\u00e9r eru\u00f0 allir saman lj\u00f3ssins b\u00f6rn og dagsins b\u00f6rn. V\u00e9r erum eigi af n\u00f3ttinni n\u00e9 af myrkrunum. Fyrir \u00fev\u00ed l\u00e1tum <a href=\"https:\/\/biblian.is\/gudbrandsbiblia\/fyrra-thessalonikubref-5-kafli\/\"> [&#8230;]<\/a><\/p>\n","protected":false},"author":1,"featured_media":0,"parent":0,"menu_order":0,"comment_status":"open","ping_status":"open","template":"bibliukaflar.php","meta":{"footnotes":""},"class_list":["post-3967","page","type-page","status-publish","hentry"],"_links":{"self":[{"href":"https:\/\/biblian.is\/gudbrandsbiblia\/wp-json\/wp\/v2\/pages\/3967","targetHints":{"allow":["GET"]}}],"collection":[{"href":"https:\/\/biblian.is\/gudbrandsbiblia\/wp-json\/wp\/v2\/pages"}],"about":[{"href":"https:\/\/biblian.is\/gudbrandsbiblia\/wp-json\/wp\/v2\/types\/page"}],"author":[{"embeddable":true,"href":"https:\/\/biblian.is\/gudbrandsbiblia\/wp-json\/wp\/v2\/users\/1"}],"replies":[{"embeddable":true,"href":"https:\/\/biblian.is\/gudbrandsbiblia\/wp-json\/wp\/v2\/comments?post=3967"}],"version-history":[{"count":0,"href":"https:\/\/biblian.is\/gudbrandsbiblia\/wp-json\/wp\/v2\/pages\/3967\/revisions"}],"wp:attachment":[{"href":"https:\/\/biblian.is\/gudbrandsbiblia\/wp-json\/wp\/v2\/media?parent=3967"}],"curies":[{"name":"wp","href":"https:\/\/api.w.org\/{rel}","templated":true}]}}