{"id":3966,"date":"2017-12-18T18:35:15","date_gmt":"2017-12-18T18:35:15","guid":{"rendered":"http:\/\/biblian.is\/gudbrandsbiblia\/fyrra-thessalonikubref-4-kafli\/"},"modified":"2017-12-18T18:35:15","modified_gmt":"2017-12-18T18:35:15","slug":"fyrra-thessalonikubref-4-kafli","status":"publish","type":"page","link":"https:\/\/biblian.is\/gudbrandsbiblia\/fyrra-thessalonikubref-4-kafli\/","title":{"rendered":"Fyrra \u00deessalon\u00edkubr\u00e9f 4. kafli"},"content":{"rendered":"<p>IIII.<\/p>\n<p>Framar, k\u00e6rir br\u00e6\u00f0ur, bi\u00f0jum v\u00e9r y\u00f0ur og \u00e1minnum \u00ed Drottni Jes\u00fa a\u00f0 so sem \u00fe\u00e9r hafi\u00f0 af oss me\u00f0teki\u00f0 hvernin \u00fe\u00e9r skulu\u00f0 ganga og Gu\u00f0i \u00fe\u00f3knast svo a\u00f0 \u00fe\u00e9r \u00e6 meir og meir fullkomnari ver\u00f0i\u00f0. <span class=\"athugasemd\" title=\"\u00c1minning til g\u00f3\u00f0ra verka. Annar partur pistilsins\">[<\/span> \u00dev\u00ed a\u00f0 \u00fe\u00e9r viti\u00f0 hva\u00f0 fyrir bo\u00f0or\u00f0 v\u00e9r h\u00f6fum gefi\u00f0 y\u00f0ur fyrir drottin Jes\u00fam. \u00dev\u00ed a\u00f0 \u00fea\u00f0 er vilji Gu\u00f0s: Y\u00f0ar helgun, a\u00f0 \u00fe\u00e9r haldi\u00f0 y\u00f0ur \u00ed fr\u00e1 frillul\u00edfi og hver y\u00f0ar einn kunni a\u00f0 eignast sitt ker \u00ed helgan og hei\u00f0ri og ekki \u00ed girndarbruna sem hei\u00f0ingjar \u00feeir af Gu\u00f0i ekkert vita, og \u00fea\u00f0 enginn ni\u00f0ur\u00ferykki n\u00e9 sv\u00edki sinn br\u00f3\u00f0ur \u00ed nokkri h\u00f6ndlun \u00fev\u00ed a\u00f0 Drottinn er hann sem hefnir alls \u00feessa, sem a\u00f0 v\u00e9r h\u00f6fum \u00e1\u00f0ur fyrri sagt og y\u00f0ur votta\u00f0. \u00dev\u00ed a\u00f0 Gu\u00f0 hefur ekki kalla\u00f0 oss til \u00f3hreinleiks heldur til helgunar. \u00dev\u00ed hver hann n\u00fa forsm\u00e1r hann forsm\u00e1r \u00f6ngvan mann heldur Gu\u00f0, s\u00e1 sinn heilaga anda hefur \u00ed y\u00f0ur gefi\u00f0.<\/p>\n<p>\tEn af br\u00f3\u00f0urlegum k\u00e6rleika er ekki \u00fe\u00f6rf y\u00f0ur a\u00f0 skrifa \u00fev\u00ed a\u00f0 \u00fe\u00e9r eru\u00f0 sj\u00e1lfir \u00ed Gu\u00f0i l\u00e6r\u00f0ir y\u00f0ur innbyr\u00f0is a\u00f0 elska og \u00fea\u00f0 gj\u00f6ri \u00fe\u00e9r einnin vi\u00f0ur alla br\u00e6\u00f0ur sem \u00ed \u00f6llu Macedonia eru. En v\u00e9r bei\u00f0um y\u00f0ur, k\u00e6rir br\u00e6\u00f0ur, \u00fea\u00f0 \u00fe\u00e9r ver\u00f0i\u00f0 enn algj\u00f6r\u00f0ari. Og kostg\u00e6fi\u00f0 spakfer\u00f0ugir a\u00f0 vera og y\u00f0vart eigi\u00f0 a\u00f0 stunda og erfi\u00f0i\u00f0 me\u00f0 y\u00f0ar eigin h\u00f6ndum so sem a\u00f0 v\u00e9r h\u00f6fum bo\u00f0i\u00f0 y\u00f0ur upp \u00e1 \u00fea\u00f0 \u00fe\u00e9r m\u00e6ttu\u00f0 \u00e6rlega ganga hj\u00e1 \u00feeim sem \u00fear fyrir utan eru og einskis \u00feeirra vi\u00f0 \u00feurfa.<\/p>\n<p>\tEn v\u00e9r viljum, k\u00e6rir br\u00e6\u00f0ur, eigi dylja fyrir y\u00f0ur af \u00feeim sem sofa upp \u00e1 \u00fea\u00f0 \u00fe\u00e9r s\u00e9u\u00f0 eigi hryggvir sem \u00feeir a\u00f0rir er \u00f6ngva von hafa. <span class=\"athugasemd\" title=\"Um upprisu dau\u00f0ra\">[<\/span> \u00dev\u00ed fyrst v\u00e9r vitum \u00fea\u00f0 Jes\u00fas er d\u00e1inn og upp aftur risinn so mun Gu\u00f0 og einnin \u00fe\u00e1 sem sofna\u00f0ir eru fyrir Jes\u00fam me\u00f0 honum framlei\u00f0a. \u00dev\u00ed segjum v\u00e9r y\u00f0ur so sem or\u00f0 Drottins \u00fea\u00f0 v\u00e9r hverjir lifum og yfirbl\u00edfum \u00ed tilkomu Drottins, v\u00e9r munum ei fyrir \u00feeim koma sem sofa. \u00dev\u00ed a\u00f0 Drottinn sj\u00e1lfur mun me\u00f0 her\u00f3pi og h\u00f6fu\u00f0engilsins raust og Gu\u00f0s l\u00fa\u00f0ri ofan koma af himnum og hinir dau\u00f0u \u00ed Christo munu fyrst upp aftur r\u00edsa. Eftir \u00e1 v\u00e9r, v\u00e9r sem lifum og yfirbl\u00edfum, ver\u00f0um til l\u00edka uppnumnir me\u00f0 \u00feeim s\u00f6mu \u00ed sk\u00fdin til m\u00f3ts vi\u00f0 Drottin \u00ed lofti\u00f0 og munum so hj\u00e1 Drottni vera alla t\u00edma. So huggi\u00f0 n\u00fa hver annan innbyr\u00f0is me\u00f0 \u00feessum or\u00f0um.<\/p>\n","protected":false},"excerpt":{"rendered":"<p>IIII. Framar, k\u00e6rir br\u00e6\u00f0ur, bi\u00f0jum v\u00e9r y\u00f0ur og \u00e1minnum \u00ed Drottni Jes\u00fa a\u00f0 so sem \u00fe\u00e9r hafi\u00f0 af oss me\u00f0teki\u00f0 hvernin \u00fe\u00e9r skulu\u00f0 ganga og Gu\u00f0i \u00fe\u00f3knast svo a\u00f0 \u00fe\u00e9r \u00e6 meir og meir fullkomnari ver\u00f0i\u00f0. [ \u00dev\u00ed a\u00f0 \u00fe\u00e9r viti\u00f0 hva\u00f0 fyrir bo\u00f0or\u00f0 v\u00e9r h\u00f6fum gefi\u00f0 y\u00f0ur fyrir drottin Jes\u00fam. \u00dev\u00ed a\u00f0 \u00fea\u00f0 er vilji Gu\u00f0s: Y\u00f0ar helgun, a\u00f0 \u00fe\u00e9r haldi\u00f0 y\u00f0ur \u00ed fr\u00e1 frillul\u00edfi og hver y\u00f0ar einn kunni a\u00f0 eignast sitt ker \u00ed helgan og hei\u00f0ri og ekki \u00ed girndarbruna sem hei\u00f0ingjar \u00feeir af Gu\u00f0i ekkert vita, og \u00fea\u00f0 enginn ni\u00f0ur\u00ferykki n\u00e9 sv\u00edki sinn br\u00f3\u00f0ur \u00ed nokkri <a href=\"https:\/\/biblian.is\/gudbrandsbiblia\/fyrra-thessalonikubref-4-kafli\/\"> [&#8230;]<\/a><\/p>\n","protected":false},"author":1,"featured_media":0,"parent":0,"menu_order":0,"comment_status":"open","ping_status":"open","template":"bibliukaflar.php","meta":{"footnotes":""},"class_list":["post-3966","page","type-page","status-publish","hentry"],"_links":{"self":[{"href":"https:\/\/biblian.is\/gudbrandsbiblia\/wp-json\/wp\/v2\/pages\/3966","targetHints":{"allow":["GET"]}}],"collection":[{"href":"https:\/\/biblian.is\/gudbrandsbiblia\/wp-json\/wp\/v2\/pages"}],"about":[{"href":"https:\/\/biblian.is\/gudbrandsbiblia\/wp-json\/wp\/v2\/types\/page"}],"author":[{"embeddable":true,"href":"https:\/\/biblian.is\/gudbrandsbiblia\/wp-json\/wp\/v2\/users\/1"}],"replies":[{"embeddable":true,"href":"https:\/\/biblian.is\/gudbrandsbiblia\/wp-json\/wp\/v2\/comments?post=3966"}],"version-history":[{"count":0,"href":"https:\/\/biblian.is\/gudbrandsbiblia\/wp-json\/wp\/v2\/pages\/3966\/revisions"}],"wp:attachment":[{"href":"https:\/\/biblian.is\/gudbrandsbiblia\/wp-json\/wp\/v2\/media?parent=3966"}],"curies":[{"name":"wp","href":"https:\/\/api.w.org\/{rel}","templated":true}]}}