{"id":3965,"date":"2017-12-18T18:35:15","date_gmt":"2017-12-18T18:35:15","guid":{"rendered":"http:\/\/biblian.is\/gudbrandsbiblia\/fyrra-thessalonikubref-3-kafli\/"},"modified":"2017-12-18T18:35:15","modified_gmt":"2017-12-18T18:35:15","slug":"fyrra-thessalonikubref-3-kafli","status":"publish","type":"page","link":"https:\/\/biblian.is\/gudbrandsbiblia\/fyrra-thessalonikubref-3-kafli\/","title":{"rendered":"Fyrra \u00deessalon\u00edkubr\u00e9f 3. kafli"},"content":{"rendered":"<p>III.<\/p>\n<p>Fyrir \u00fev\u00ed h\u00f6fum v\u00e9r ekki lengur \u00fea\u00f0 vilja\u00f0 uml\u00ed\u00f0a og l\u00e9tum oss \u00fe\u00f3knast \u00fea\u00f0 v\u00e9r v\u00e6rum einir samir l\u00e1tnir til Athenas og h\u00f6fum \u00fatsend Timotheum, vorn br\u00f3\u00f0ur og Gu\u00f0s \u00fe\u00e9nara og vorn hj\u00e1lparmann \u00ed evangelio Christi, til a\u00f0 styrkja og \u00e1 a\u00f0 minna y\u00f0ur \u00ed y\u00f0vari tr\u00fa so a\u00f0 enginn y\u00f0ar skelfist \u00ed \u00feessum h\u00f6rmungum. <span class=\"athugasemd\" title=\"T\u00edm\u00f3teus \/ Act. 17\">[<\/span> \u00dev\u00ed a\u00f0 \u00fe\u00e9r viti\u00f0 a\u00f0 v\u00e9r erum \u00fear til settir og \u00fe\u00e1 er v\u00e9r vorum hj\u00e1 y\u00f0ur s\u00f6g\u00f0u v\u00e9r y\u00f0ur \u00fea\u00f0 fyrir \u00fea\u00f0 v\u00e9r hlytum m\u00f3tgang a\u00f0 hafa so sem er ske\u00f0 og \u00fe\u00e9r viti\u00f0. \u00dear fyrir a\u00f0 eg gat \u00fea\u00f0 eigi lengur li\u00f0i\u00f0 \u00fe\u00e1 \u00fatsenda eg so a\u00f0 eg m\u00e6tti reyna y\u00f0ra tr\u00fa upp \u00e1 \u00fea\u00f0 a\u00f0 eigi m\u00e6tti ske a\u00f0 freistarinn freista\u00f0i y\u00f0ar og yr\u00f0i vort erfi\u00f0i so til \u00f3n\u00fdtis.<\/p>\n<p>\tEn n\u00fa \u00fea\u00f0 T\u00edm\u00f3teus er \u00ed fr\u00e1 y\u00f0ur til vor kominn og hefur kunngj\u00f6rt oss y\u00f0ra tr\u00fa og k\u00e6rleika og \u00fea\u00f0 \u00fe\u00e9r hugsi\u00f0 til vor allt\u00ed\u00f0 til hins besta og \u00fea\u00f0 y\u00f0ur forlengir eftir a\u00f0 sj\u00e1 oss so sem oss einnin l\u00edka eftir y\u00f0ur, \u00fe\u00e1 ur\u00f0u v\u00e9r, k\u00e6rir bra\u00f0ur, hugga\u00f0ir a y\u00f0ur \u00ed allri vorri h\u00f6rmung og nau\u00f0 fyrir y\u00f0ra tr\u00fa. <span class=\"athugasemd\" title=\"T\u00edm\u00f3teus\">[<\/span> \u00dev\u00ed a\u00f0 n\u00fa erum v\u00e9r lifandi me\u00f0an \u00fe\u00e9r standi\u00f0 \u00ed Drottni. \u00dev\u00ed hverja \u00feakkargj\u00f6r\u00f0 getum v\u00e9r Gu\u00f0i endurgoldi\u00f0 fyrir y\u00f0ur fyrir allan \u00feann f\u00f6gnu\u00f0 sem v\u00e9r h\u00f6fum y\u00f0ar vegna fyrir Gu\u00f0i? V\u00e9r bi\u00f0jum dag og n\u00f3tt mikillega \u00fea\u00f0 v\u00e9r m\u00e6ttum sj\u00e1 y\u00f0art auglit og uppfylla so \u00fea\u00f0 hva\u00f0 \u00e1brestur y\u00f0ra tr\u00fa.<\/p>\n<p>\tEn Gu\u00f0 vor fa\u00f0ir og Drottinn vor Jes\u00fas Christus grei\u00f0i vorn veg til y\u00f0ar. En y\u00f0ur margfaldi Drottinn og l\u00e1ti k\u00e6rleikinn yfirgn\u00e6fa innbyr\u00f0is hj\u00e1 y\u00f0ur og vi\u00f0 hvern mann (so sem a\u00f0 v\u00e9r erum einnin vi\u00f0 y\u00f0ur) so a\u00f0 y\u00f0ar hj\u00f6rtu s\u00e9 styrk og \u00f3straffanleg \u00ed heilagleik fyrir Gu\u00f0i og vorum f\u00f6\u00f0ur \u00ed tilkomu vors Drottins Jes\u00fa Christi me\u00f0 \u00f6llum hans heil\u00f6gum.<\/p>\n","protected":false},"excerpt":{"rendered":"<p>III. Fyrir \u00fev\u00ed h\u00f6fum v\u00e9r ekki lengur \u00fea\u00f0 vilja\u00f0 uml\u00ed\u00f0a og l\u00e9tum oss \u00fe\u00f3knast \u00fea\u00f0 v\u00e9r v\u00e6rum einir samir l\u00e1tnir til Athenas og h\u00f6fum \u00fatsend Timotheum, vorn br\u00f3\u00f0ur og Gu\u00f0s \u00fe\u00e9nara og vorn hj\u00e1lparmann \u00ed evangelio Christi, til a\u00f0 styrkja og \u00e1 a\u00f0 minna y\u00f0ur \u00ed y\u00f0vari tr\u00fa so a\u00f0 enginn y\u00f0ar skelfist \u00ed \u00feessum h\u00f6rmungum. [ \u00dev\u00ed a\u00f0 \u00fe\u00e9r viti\u00f0 a\u00f0 v\u00e9r erum \u00fear til settir og \u00fe\u00e1 er v\u00e9r vorum hj\u00e1 y\u00f0ur s\u00f6g\u00f0u v\u00e9r y\u00f0ur \u00fea\u00f0 fyrir \u00fea\u00f0 v\u00e9r hlytum m\u00f3tgang a\u00f0 hafa so sem er ske\u00f0 og \u00fe\u00e9r viti\u00f0. \u00dear fyrir a\u00f0 eg gat \u00fea\u00f0 eigi lengur <a href=\"https:\/\/biblian.is\/gudbrandsbiblia\/fyrra-thessalonikubref-3-kafli\/\"> [&#8230;]<\/a><\/p>\n","protected":false},"author":1,"featured_media":0,"parent":0,"menu_order":0,"comment_status":"open","ping_status":"open","template":"bibliukaflar.php","meta":{"footnotes":""},"class_list":["post-3965","page","type-page","status-publish","hentry"],"_links":{"self":[{"href":"https:\/\/biblian.is\/gudbrandsbiblia\/wp-json\/wp\/v2\/pages\/3965","targetHints":{"allow":["GET"]}}],"collection":[{"href":"https:\/\/biblian.is\/gudbrandsbiblia\/wp-json\/wp\/v2\/pages"}],"about":[{"href":"https:\/\/biblian.is\/gudbrandsbiblia\/wp-json\/wp\/v2\/types\/page"}],"author":[{"embeddable":true,"href":"https:\/\/biblian.is\/gudbrandsbiblia\/wp-json\/wp\/v2\/users\/1"}],"replies":[{"embeddable":true,"href":"https:\/\/biblian.is\/gudbrandsbiblia\/wp-json\/wp\/v2\/comments?post=3965"}],"version-history":[{"count":0,"href":"https:\/\/biblian.is\/gudbrandsbiblia\/wp-json\/wp\/v2\/pages\/3965\/revisions"}],"wp:attachment":[{"href":"https:\/\/biblian.is\/gudbrandsbiblia\/wp-json\/wp\/v2\/media?parent=3965"}],"curies":[{"name":"wp","href":"https:\/\/api.w.org\/{rel}","templated":true}]}}