{"id":3963,"date":"2017-12-18T18:35:15","date_gmt":"2017-12-18T18:35:15","guid":{"rendered":"http:\/\/biblian.is\/gudbrandsbiblia\/fyrra-thessalonikubref-1-kafli\/"},"modified":"2017-12-18T18:35:15","modified_gmt":"2017-12-18T18:35:15","slug":"fyrra-thessalonikubref-1-kafli","status":"publish","type":"page","link":"https:\/\/biblian.is\/gudbrandsbiblia\/fyrra-thessalonikubref-1-kafli\/","title":{"rendered":"Fyrra \u00deessalon\u00edkubr\u00e9f 1. kafli"},"content":{"rendered":"<p>S. P\u00e1ls pistill <\/p>\n<p>til Tessalonia <\/p>\n<p>I. <\/p>\n<p>P\u00e1ll og Silvanus og T\u00edm\u00f3teus<\/p>\n<p>\t\u00feeim safna\u00f0i til Tessalonia \u00ed Gu\u00f0i f\u00f6\u00f0ur og Drottni Jes\u00fa Christo: <span class=\"athugasemd\" title=\"Silvanus \/ T\u00edm\u00f3teus\">[<\/span><\/p>\n<p>\tN\u00e1\u00f0 s\u00e9 me\u00f0 y\u00f0ur og fri\u00f0ur af Gu\u00f0i vorum f\u00f6\u00f0ur og Drottni Jes\u00fa Christo. <\/p>\n<p>\tV\u00e9r \u00fe\u00f6kkum Gu\u00f0i alla t\u00edma fyrir y\u00f0ur alla og \u00feenkjum y\u00f0ur \u00f3afl\u00e1tanlega \u00ed vorum b\u00e6num, huglei\u00f0andi y\u00f0ar verk \u00ed tr\u00fanni og y\u00f0vart erfi\u00f0i \u00ed k\u00e6rleikanum og y\u00f0ra \u00feolinm\u00e6\u00f0i \u00ed voninni, hver a\u00f0 er vor Drottinn Jes\u00fas Christus, fyrir Gu\u00f0i vorum f\u00f6\u00f0ur. \u00dev\u00ed, k\u00e6rir br\u00e6\u00f0ur, af Gu\u00f0i elska\u00f0ir, v\u00e9r vitum \u00fea\u00f0 \u00fe\u00e9r eru\u00f0 \u00fatvaldir. \u00dev\u00ed a\u00f0 vort evangelium var hj\u00e1 y\u00f0ur eigi alleinasta \u00ed or\u00f0inu heldur hvorttveggja \u00ed krafti og helgum anda og \u00ed n\u00e6rsta mikilli fullvissu svo sem a\u00f0 \u00fe\u00e9r viti\u00f0 hv\u00edl\u00edkir v\u00e9r vorum me\u00f0al y\u00f0ar fyrir y\u00f0ar skuld.<\/p>\n<p>\tOg \u00fe\u00e9r eru\u00f0 vorir eftirfylgjendur vor\u00f0nir og Drottins og hafi\u00f0 or\u00f0i\u00f0 me\u00f0teki\u00f0 \u00ed miklum m\u00f3tgangi me\u00f0ur f\u00f6gnu\u00f0i \u00ed helgum anda so a\u00f0 \u00fe\u00e9r eru\u00f0 fyrirmynd vor\u00f0nir allra tr\u00faa\u00f0ra \u00ed Macedonia og Achaia. \u00dev\u00ed a\u00f0 af y\u00f0ur er or\u00f0 Drottins v\u00ed\u00f0fr\u00e6gt vor\u00f0i\u00f0, eigi alleinasta \u00ed Macedonia og Achaia heldur \u00ed allar \u00e1lfur er y\u00f0ar tr\u00fa til Gu\u00f0s \u00fatdreift so a\u00f0 eigi er \u00fe\u00f6rf y\u00f0ur nokku\u00f0 a\u00f0 segja \u00fev\u00ed a\u00f0 \u00feeir sj\u00e1lfir kunngj\u00f6ra af y\u00f0ur hva\u00f0 v\u00e9r h\u00f6fum fyrir inngang haft til y\u00f0ar og hvernin \u00fe\u00e9r eru\u00f0 umsn\u00fanir til Gu\u00f0s \u00ed fr\u00e1 sk\u00fargo\u00f0um til a\u00f0 \u00fej\u00f3na lifanda og sannarlegum Gu\u00f0i og a\u00f0 b\u00ed\u00f0a eftir hans syni af himnum hvern hann uppvakti af dau\u00f0a, Jes\u00fa, s\u00e1 oss hefur frelsa\u00f0 af tilkomandi rei\u00f0i.<\/p>\n","protected":false},"excerpt":{"rendered":"<p>S. P\u00e1ls pistill til Tessalonia I. P\u00e1ll og Silvanus og T\u00edm\u00f3teus \u00feeim safna\u00f0i til Tessalonia \u00ed Gu\u00f0i f\u00f6\u00f0ur og Drottni Jes\u00fa Christo: [ N\u00e1\u00f0 s\u00e9 me\u00f0 y\u00f0ur og fri\u00f0ur af Gu\u00f0i vorum f\u00f6\u00f0ur og Drottni Jes\u00fa Christo. V\u00e9r \u00fe\u00f6kkum Gu\u00f0i alla t\u00edma fyrir y\u00f0ur alla og \u00feenkjum y\u00f0ur \u00f3afl\u00e1tanlega \u00ed vorum b\u00e6num, huglei\u00f0andi y\u00f0ar verk \u00ed tr\u00fanni og y\u00f0vart erfi\u00f0i \u00ed k\u00e6rleikanum og y\u00f0ra \u00feolinm\u00e6\u00f0i \u00ed voninni, hver a\u00f0 er vor Drottinn Jes\u00fas Christus, fyrir Gu\u00f0i vorum f\u00f6\u00f0ur. \u00dev\u00ed, k\u00e6rir br\u00e6\u00f0ur, af Gu\u00f0i elska\u00f0ir, v\u00e9r vitum \u00fea\u00f0 \u00fe\u00e9r eru\u00f0 \u00fatvaldir. \u00dev\u00ed a\u00f0 vort evangelium var hj\u00e1 y\u00f0ur eigi alleinasta \u00ed <a href=\"https:\/\/biblian.is\/gudbrandsbiblia\/fyrra-thessalonikubref-1-kafli\/\"> [&#8230;]<\/a><\/p>\n","protected":false},"author":1,"featured_media":0,"parent":0,"menu_order":0,"comment_status":"open","ping_status":"open","template":"bibliukaflar.php","meta":{"footnotes":""},"class_list":["post-3963","page","type-page","status-publish","hentry"],"_links":{"self":[{"href":"https:\/\/biblian.is\/gudbrandsbiblia\/wp-json\/wp\/v2\/pages\/3963","targetHints":{"allow":["GET"]}}],"collection":[{"href":"https:\/\/biblian.is\/gudbrandsbiblia\/wp-json\/wp\/v2\/pages"}],"about":[{"href":"https:\/\/biblian.is\/gudbrandsbiblia\/wp-json\/wp\/v2\/types\/page"}],"author":[{"embeddable":true,"href":"https:\/\/biblian.is\/gudbrandsbiblia\/wp-json\/wp\/v2\/users\/1"}],"replies":[{"embeddable":true,"href":"https:\/\/biblian.is\/gudbrandsbiblia\/wp-json\/wp\/v2\/comments?post=3963"}],"version-history":[{"count":0,"href":"https:\/\/biblian.is\/gudbrandsbiblia\/wp-json\/wp\/v2\/pages\/3963\/revisions"}],"wp:attachment":[{"href":"https:\/\/biblian.is\/gudbrandsbiblia\/wp-json\/wp\/v2\/media?parent=3963"}],"curies":[{"name":"wp","href":"https:\/\/api.w.org\/{rel}","templated":true}]}}