{"id":3961,"date":"2017-12-18T18:35:15","date_gmt":"2017-12-18T18:35:15","guid":{"rendered":"http:\/\/biblian.is\/gudbrandsbiblia\/kolussubrefid-3-kafli\/"},"modified":"2017-12-18T18:35:15","modified_gmt":"2017-12-18T18:35:15","slug":"kolossubrefid-3-kafli","status":"publish","type":"page","link":"https:\/\/biblian.is\/gudbrandsbiblia\/kolossubrefid-3-kafli\/","title":{"rendered":"K\u00f3lossubr\u00e9fi\u00f0 3. kafli"},"content":{"rendered":"<p>III.<\/p>\n<p><span class=\"athugasemd\" title=\"\u00dat af \u00c1v\u00f6xtum Tr\u00faarinnar og g\u00f3\u00f0um verkum\">[<\/span> Eru \u00fe\u00e9r n\u00fa uppaftur rifnir me\u00f0 Christo, \u00de\u00e1 leiti\u00f0 \u00feess hva\u00f0 \u00fear uppi er, \u00fear e\u00f0 Christur situr til Gu\u00f0s h\u00e6gri handar. Kostg\u00e6fi\u00f0 eftir \u00fev\u00ed sem \u00fear uppi er, og eigi eftir \u00fev\u00ed sem \u00e1 J\u00f6r\u00f0u er, \u00fev\u00ed a\u00f0 \u00fe\u00e9r eru\u00f0 dau\u00f0ir, og y\u00f0art L\u00edf er f\u00f3lgi\u00f0 me\u00f0 Christo \u00ed Gu\u00f0i En n\u00e6r Christus y\u00f0vart l\u00edf mun sig opinbera, \u00fe\u00e1 munu \u00fe\u00e9r einnen me\u00f0 honum opinbera\u00f0ir ver\u00f0a \u00ed D\u00fdr\u00f0inni. So dey\u00f0i\u00f0 n\u00fa y\u00f0ra Limu sem \u00e1 J\u00f6r\u00f0u eru\u00f0, H\u00f3rd\u00f3ma, f\u00falan lifna\u00f0, Lostasemi, vondar girndir, Saurl\u00edfi og \u00c1girni, (sem er skurgo\u00f0a d\u00fdrkan) fyrir hva\u00f0 a\u00f0 kemur Gu\u00f0s Rei\u00f0i yfir B\u00f6rn Vantr\u00faarinnar, \u00cd hverju \u00fe\u00e9r hafi\u00f0 og for\u00f0um daga gengi\u00f0 \u00fe\u00e1 \u00fe\u00e9r lif\u00f0u\u00f0 \u00ed \u00feeim.<\/p>\n<p>\tEn afleggi\u00f0 n\u00fa allt \u00ed fr\u00e1 y\u00f0ur, Rei\u00f0i, Grimmd, Illsku, H\u00e1\u00f0ung, skemmileg or\u00f0 af y\u00f0rum munni. Lj\u00fagi\u00f0 ekki innbyr\u00f0is. Afkl\u00e6\u00f0ist hinum gamla Manni, me\u00f0 s\u00ednum verkum, og \u00edkl\u00e6\u00f0ist hinum n\u00fdja, s\u00e1 sem endurn\u00fdjast til vi\u00f0urkenningar, eftir \u00feess \u00edmynd sem hann hefur skapa\u00f0, \u00dear <span class=\"athugasemd\" title=\"sem\">[<\/span> er enginn, Gr\u00edskur, Gy\u00f0ingur, Umskorinn, Yfirh\u00fa\u00f0, \u00datlendur, Scytha, \u00der\u00e6ll, Frelsingi heldur allir hlutir og \u00ed \u00f6llum Christur.<\/p>\n<p>\tSo \u00edkl\u00e6\u00f0ist n\u00fa, so sem Gu\u00f0s \u00fatvaldir, Heilagir og elskanlegir, hjartf\u00f3lginni Miskunnsemi, G\u00f3\u00f0vilja, H\u00f3gv\u00e6ri, \u00deolinm\u00e6\u00f0i, og uml\u00ed\u00f0i\u00f0 hver annan. Og ef a\u00f0 nokkur hefur kl\u00f6gum\u00e1l m\u00f3t \u00f6\u00f0rum, \u00fe\u00e1 fyrirgefi\u00f0 \u00fea\u00f0 hver \u00f6\u00f0rum innbyr\u00f0is, l\u00edka svo sem Christur hefur fyrirgefi\u00f0 y\u00f0ur, svo skulu \u00fe\u00e9r einnen. En fram yfir allt \u00feetta, \u00fe\u00e1 \u00edkl\u00e6\u00f0ist k\u00e6rleikanum, hver a\u00f0 er band algj\u00f6rvileiksins. Og Fri\u00f0ur Gu\u00f0s regeri \u00ed y\u00f0rum hj\u00f6rtum, til hvers a\u00f0 \u00fe\u00e9r eru\u00f0 einnin kalla\u00f0ir, \u00ed einum l\u00edkama. Veri\u00f0 og \u00feakkl\u00e1tir.<\/p>\n<p>\tL\u00e1ti\u00f0 Christi or\u00f0 gn\u00f3glega byggja me\u00f0al y\u00f0ar \u00ed allri Visku. L\u00e6ri\u00f0 og \u00e1minni\u00f0 y\u00f0ur me\u00f0 Psalmum og Lofs\u00f6ngum, og andlegum lj\u00faflegum Kv\u00e6\u00f0um, Og syngi\u00f0 DROTTNI \u00ed y\u00f0rum hj\u00f6rtum. Og allt hva\u00f0 \u00fe\u00e9r gj\u00f6ri\u00f0 me\u00f0 or\u00f0 og verk, \u00fea\u00f0 gj\u00f6ri\u00f0 allt \u00ed nafni DROTTINS Jes\u00fa, og \u00feakki\u00f0 Gu\u00f0i F\u00f6\u00f0ur fyrir hann.<\/p>\n<p>\t\u00de\u00e9r kvinnur, veri\u00f0 y\u00f0ar b\u00e6ndum undir gefnar \u00ed DROTTNI, svo sem a\u00f0 byrjar. \u00de\u00e9r menn elski\u00f0 y\u00f0ar Eiginkonur, og veri\u00f0 ekki har\u00f0\u00fa\u00f0ugir vi\u00f0 \u00fe\u00e6r. \u00de\u00e9r b\u00f6rn veri\u00f0 hl\u00fd\u00f0ug Foreldrunum \u00ed \u00f6llum hlutum, \u00dev\u00ed a\u00f0 \u00fea\u00f0 er DROTTNI \u00feakkn\u00e6milegt. \u00de\u00e9r Fe\u00f0ur, reiti\u00f0 ekki y\u00f0var B\u00f6rn, svo a\u00f0 \u00feau ver\u00f0i ei of k\u00f6rg. \u00de\u00e9r \u00de\u00e9narar veri\u00f0 hl\u00fd\u00f0ugir \u00ed \u00f6llum hlutum y\u00f0rum l\u00edkamlegum Herrum, eigi me\u00f0ur \u00fej\u00f3nustu fyrir augum, svo sem m\u00f6nnum til \u00fe\u00f3knunar, heldur me\u00f0 einfaldleik hjartans, og me\u00f0ur Gu\u00f0s \u00f3tta. Allt hva\u00f0 \u00fe\u00e9r gj\u00f6ri\u00f0, \u00fea\u00f0 gj\u00f6ri\u00f0 af hjarta, so sem DROTTNI og eigi m\u00f6nnum. Og viti\u00f0 \u00fea\u00f0 \u00fe\u00e9r munu\u00f0 \u00f6\u00f0last af DROTTNI ver\u00f0laun arft\u00f6kunnar, \u00dev\u00ed a\u00f0 \u00fe\u00e9r \u00fej\u00f3ni\u00f0 DROTTNI Christo. En hver \u00f3r\u00e9tt gj\u00f6rir, s\u00e1 mun \u00fea\u00f0 me\u00f0taka hva\u00f0 hann hefur \u00f3r\u00e9tt gj\u00f6rt, og ekkert Manngreinar \u00e1lit er hj\u00e1 Gu\u00f0i. \u00de\u00e9r Drottnar, hva\u00f0 r\u00e9tt og heyrilegt er \u00fea\u00f0 au\u00f0s\u00fdni\u00f0 \u00de\u00e9nurunum, Og viti\u00f0, \u00fea\u00f0 \u00fe\u00e9r hafi\u00f0 einnen DROTTIN \u00e1 Himni.<\/p>\n","protected":false},"excerpt":{"rendered":"<p>III. [ Eru \u00fe\u00e9r n\u00fa uppaftur rifnir me\u00f0 Christo, \u00de\u00e1 leiti\u00f0 \u00feess hva\u00f0 \u00fear uppi er, \u00fear e\u00f0 Christur situr til Gu\u00f0s h\u00e6gri handar. Kostg\u00e6fi\u00f0 eftir \u00fev\u00ed sem \u00fear uppi er, og eigi eftir \u00fev\u00ed sem \u00e1 J\u00f6r\u00f0u er, \u00fev\u00ed a\u00f0 \u00fe\u00e9r eru\u00f0 dau\u00f0ir, og y\u00f0art L\u00edf er f\u00f3lgi\u00f0 me\u00f0 Christo \u00ed Gu\u00f0i En n\u00e6r Christus y\u00f0vart l\u00edf mun sig opinbera, \u00fe\u00e1 munu \u00fe\u00e9r einnen me\u00f0 honum opinbera\u00f0ir ver\u00f0a \u00ed D\u00fdr\u00f0inni. So dey\u00f0i\u00f0 n\u00fa y\u00f0ra Limu sem \u00e1 J\u00f6r\u00f0u eru\u00f0, H\u00f3rd\u00f3ma, f\u00falan lifna\u00f0, Lostasemi, vondar girndir, Saurl\u00edfi og \u00c1girni, (sem er skurgo\u00f0a d\u00fdrkan) fyrir hva\u00f0 a\u00f0 kemur Gu\u00f0s Rei\u00f0i yfir <a href=\"https:\/\/biblian.is\/gudbrandsbiblia\/kolossubrefid-3-kafli\/\"> [&#8230;]<\/a><\/p>\n","protected":false},"author":1,"featured_media":0,"parent":0,"menu_order":0,"comment_status":"open","ping_status":"open","template":"bibliukaflar.php","meta":{"footnotes":""},"class_list":["post-3961","page","type-page","status-publish","hentry"],"_links":{"self":[{"href":"https:\/\/biblian.is\/gudbrandsbiblia\/wp-json\/wp\/v2\/pages\/3961","targetHints":{"allow":["GET"]}}],"collection":[{"href":"https:\/\/biblian.is\/gudbrandsbiblia\/wp-json\/wp\/v2\/pages"}],"about":[{"href":"https:\/\/biblian.is\/gudbrandsbiblia\/wp-json\/wp\/v2\/types\/page"}],"author":[{"embeddable":true,"href":"https:\/\/biblian.is\/gudbrandsbiblia\/wp-json\/wp\/v2\/users\/1"}],"replies":[{"embeddable":true,"href":"https:\/\/biblian.is\/gudbrandsbiblia\/wp-json\/wp\/v2\/comments?post=3961"}],"version-history":[{"count":0,"href":"https:\/\/biblian.is\/gudbrandsbiblia\/wp-json\/wp\/v2\/pages\/3961\/revisions"}],"wp:attachment":[{"href":"https:\/\/biblian.is\/gudbrandsbiblia\/wp-json\/wp\/v2\/media?parent=3961"}],"curies":[{"name":"wp","href":"https:\/\/api.w.org\/{rel}","templated":true}]}}